{"id":31858,"date":"2025-01-20T19:28:44","date_gmt":"2025-01-20T19:28:44","guid":{"rendered":"https:\/\/purama.lt\/produktas\/l-cell-trans-resveratrolis-300mg-kapsules-60-vnt\/"},"modified":"2026-04-07T12:49:27","modified_gmt":"2026-04-07T10:49:27","slug":"l-sunu-trans-resveratrol-300mg-kapsulas-60-gab","status":"publish","type":"product","link":"https:\/\/purama.lt\/lv\/produktas\/l-cell-trans-resveratrolis-300mg-kapsules-60-vnt\/","title":{"rendered":"L Cell Trans Resveratrol (300 mg kapsulas, 60 gab.)"},"content":{"rendered":"<p><strong>Pat\u0113ri\u0146\u0161:<\/strong><br>Lietojiet 2 kapsulas no r\u012bta, uzdzerot gl\u0101zi \u016bdens \u0113\u0161anas laik\u0101. Optim\u0101lai iedarb\u012bbai ieteicams lietot katru dienu bez p\u0101rtraukuma.<\/p>\n\n\n\n<hr class=\"wp-block-separator has-alpha-channel-opacity\"\/>\n\n\n\n<p><strong>Sast\u0101vda\u013cas:<\/strong> Jap\u0101nas degunradzis (satur vismaz 98 % trans-resveratrolu), kapsulas apvalks (hipromelozes), cinka glikon\u0101ts, tiam\u012bna hidrohlor\u012bds, holekalciferols.<\/p>\n\n\n\n<hr class=\"wp-block-separator has-alpha-channel-opacity\"\/>\n\n\n\n<p><strong>Uzturv\u0113rt\u012bba<\/strong> (2 kapsulas):<\/p>\n\n\n\n<figure class=\"wp-block-table\"><table class=\"has-fixed-layout\"><thead><tr><th><strong>Uzturviela<\/strong><\/th><th><strong>Daudzums<\/strong><\/th><th><strong>% RMV*<\/strong><\/th><\/tr><\/thead><tbody><tr><td>Jap\u0101nas Reinutrijas ekstrakts (98% trans-resveratrols)<\/td><td>600 mg<\/td><td><strong>-<\/strong><\/td><\/tr><tr><td>Cinks<\/td><td>1,5 mg<\/td><td>15%<\/td><\/tr><tr><td>Tiam\u012bns (B1 vitam\u012bns)<\/td><td>0,165 mg<\/td><td>15%<\/td><\/tr><tr><td>D3 vitam\u012bns<\/td><td>0,75 \u00b5g<\/td><td>15%<\/td><\/tr><\/tbody><\/table><\/figure>\n\n\n\n<p>*RMV - atsauces uzturv\u0113rt\u012bba<br>**RMV nav nor\u0101d\u012bts<\/p>\n\n\n\n<p><strong>Rokasgr\u0101mata ies\u0101c\u0113jiem:<\/strong> Racion\u0101lu s\u0101kumu un sarakstu ar 5 lab\u0101kajiem ilgm\u016b\u017e\u012bbas bag\u0101tin\u0101t\u0101jiem 2026. gadam lasiet \u0161eit: <a href=\"https:\/\/purama.lt\/lv\/ilgmuzibas-bagatinataji-iesacejiem-2026\/\">Top 5 ilgm\u016b\u017e\u012bbas bag\u0101tin\u0101t\u0101ji ies\u0101c\u0113jiem 2026. gad\u0101: ar ko s\u0101kt?<\/a><\/p>\n\n\n\n<p><a href=\"https:\/\/drive.google.com\/file\/d\/1jVWwSHJelxX165DdWy2uaN9lRuosche8\/view\" target=\"_blank\" rel=\"noreferrer noopener\">COA sertifik\u0101ts<\/a><\/p>\n\n\n\n<p>Vai mekl\u0113jat vair\u0101k? Apskatiet visu <a href=\"\/lv\/produktu-etiketes\/l-cell\/\">L Cell sortimentu<\/a>.<\/p>","protected":false},"excerpt":{"rendered":"<p data-start=\"212\" data-end=\"288\"><strong data-start=\"216\" data-end=\"288\">L Cell Trans Resveratrol - koncentr\u0113ta \u0161\u016bnu aizsardz\u012bba kapsul\u0101s\u00a0<\/strong><strong data-start=\"290\" data-end=\"313\">L Cell Resveratrol\u00ae<\/strong> - ir augstas koncentr\u0101cijas trans-resveratrola uztura bag\u0101tin\u0101t\u0101js \u0113rt\u0101 kapsulu form\u0101. Viena dienas deva satur 600 mg akt\u012bv\u0101s vielas, kas pal\u012bdz uztur\u0113t vesel\u012bgu sirds darb\u012bbu, mazina iekaisumu un veicina vesel\u012bgu noveco\u0161anu.<\/p>\n<p data-start=\"571\" data-end=\"599\"><strong data-start=\"575\" data-end=\"599\">K\u0101p\u0113c izv\u0113l\u0113ties:<br \/><\/strong>\u2714\ufe0f <strong data-start=\"604\" data-end=\"654\">Sp\u0113c\u012bga un koncentr\u0113ta deva - 600 mg dien\u0101<\/strong><br data-start=\"654\" data-end=\"657\" \/>\u2714\ufe0f <strong data-start=\"660\" data-end=\"696\">Sirds un asinsvadu darb\u012bba<\/strong> - pal\u012bdz uztur\u0113t norm\u0101lu sirds darb\u012bbu<br data-start=\"737\" data-end=\"740\" \/>\u2714\ufe0f <strong data-start=\"743\" data-end=\"780\">loc\u012btavu komfortam un kaulu vesel\u012bbai<\/strong> - pretiekaisuma un kaulu vesel\u012bbu veicino\u0161s l\u012bdzeklis.<br data-start=\"833\" data-end=\"836\" \/>\u2714\ufe0f <strong data-start=\"839\" data-end=\"866\">\u0160\u016bnu ilgm\u016b\u017e\u012bbai<\/strong> - darbojas k\u0101 senomorfisks un antioksidants.<br data-start=\"911\" data-end=\"914\" \/>\u2714\ufe0f <strong data-start=\"917\" data-end=\"967\">&gt;98% t\u012br\u012bbas pak\u0101pe no Jap\u0101nas Reinutrijas ekstrakta<\/strong><br data-start=\"967\" data-end=\"970\" \/>\u2714\ufe0f <strong data-start=\"973\" data-end=\"1028\">Kapsulu forma - \u0113rta lieto\u0161anai jebkur\u0101 viet\u0101 un jebkur\u0101 laik\u0101<\/strong><br data-start=\"1028\" data-end=\"1031\" \/>\u2714\ufe0f <strong data-start=\"1034\" data-end=\"1079\">Bez \u0122MO, kr\u0101sviel\u0101m, konservantiem un alerg\u0113niem<\/strong><br data-start=\"1079\" data-end=\"1082\" \/>\u2714\ufe0f <strong data-start=\"1085\" data-end=\"1106\">Veg\u0101nu formula<\/strong> - Augu izcelsmes HPMC kapsulas<br data-start=\"1139\" data-end=\"1142\" data-is-only-node=\"\" \/>\u2714\ufe0f <strong data-start=\"1145\" data-end=\"1181\">Kvalit\u0101tes p\u0101rbaude laboratorij\u0101<\/strong> - regul\u0101ras t\u012br\u012bbas un dro\u0161\u012bbas p\u0101rbaudes.<\/p>\n<p><strong>Pieg\u0101de uz Latviju:<\/strong> 2-3 darba dienas.<\/p>","protected":false},"featured_media":31880,"comment_status":"open","ping_status":"closed","template":"","meta":{"_acf_changed":false},"product_brand":[433],"product_cat":[122,253,252,279,280,248,255,123],"product_tag":[],"class_list":{"0":"post-31858","1":"product","2":"type-product","3":"status-publish","4":"has-post-thumbnail","6":"product_brand-l-cell","7":"product_cat-lasteliu-jaunystei","8":"product_cat-imuniteto-palaikymas","9":"product_cat-imunitetui","10":"product_cat-kaulams-ir-sanariams","11":"product_cat-kaulu-stiprinimas","12":"product_cat-nad-ir-mitochondrijos","13":"product_cat-oksidacinio-streso-mazinimas","14":"product_cat-papildai-ilgaamziskumui","16":"first","17":"instock","18":"shipping-taxable","19":"purchasable","20":"product-type-simple"},"acf":[],"tiered_pricing_type":"fixed","tiered_pricing_fixed_rules":[],"tiered_pricing_product_settings":{"layout":"default","base_unit_name":{"singular":null,"plural":null},"default_variation":null},"tiered_pricing_minimum_quantity":null,"tiered_pricing_roles_data":[],"tiered_pricing_percentage_rules":[],"_links":{"self":[{"href":"https:\/\/purama.lt\/lv\/wp-json\/wp\/v2\/product\/31858","targetHints":{"allow":["GET"]}}],"collection":[{"href":"https:\/\/purama.lt\/lv\/wp-json\/wp\/v2\/product"}],"about":[{"href":"https:\/\/purama.lt\/lv\/wp-json\/wp\/v2\/types\/product"}],"replies":[{"embeddable":true,"href":"https:\/\/purama.lt\/lv\/wp-json\/wp\/v2\/comments?post=31858"}],"wp:featuredmedia":[{"embeddable":true,"href":"https:\/\/purama.lt\/lv\/wp-json\/wp\/v2\/media\/31880"}],"wp:attachment":[{"href":"https:\/\/purama.lt\/lv\/wp-json\/wp\/v2\/media?parent=31858"}],"wp:term":[{"taxonomy":"product_brand","embeddable":true,"href":"https:\/\/purama.lt\/lv\/wp-json\/wp\/v2\/product_brand?post=31858"},{"taxonomy":"product_cat","embeddable":true,"href":"https:\/\/purama.lt\/lv\/wp-json\/wp\/v2\/product_cat?post=31858"},{"taxonomy":"product_tag","embeddable":true,"href":"https:\/\/purama.lt\/lv\/wp-json\/wp\/v2\/product_tag?post=31858"}],"curies":[{"name":"wp","href":"https:\/\/api.w.org\/{rel}","templated":true}]}}