{"id":31857,"date":"2025-01-20T19:28:44","date_gmt":"2025-01-20T19:28:44","guid":{"rendered":"https:\/\/purama.lt\/produktas\/l-cell-tmg-betainas-milteliai-90g\/"},"modified":"2026-04-29T14:21:29","modified_gmt":"2026-04-29T12:21:29","slug":"l-sunu-tmg-betaina-pulveris-90g","status":"publish","type":"product","link":"https:\/\/purama.lt\/lv\/produktas\/l-cell-tmg-betainas-milteliai-90g\/","title":{"rendered":"L Cell TMG beta\u012bns (pulveris, 90g)"},"content":{"rendered":"<p><strong>Pat\u0113ri\u0146\u0161:<\/strong><br>1 kausi\u0146\u0161 (apm\u0113ram 500 mg) brokast\u012bs un 1 kausi\u0146\u0161 pusdien\u0101s. Lietojiet kop\u0101 ar \u016bdeni vai citu \u0161\u0137idrumu \u0113\u0161anas laik\u0101.<\/p>\n\n\n\n<hr class=\"wp-block-separator has-alpha-channel-opacity\" \/>\n\n\n\n<p><strong>Sast\u0101vda\u013cas:<\/strong> Trimetilglic\u012bns (TMG beta\u012bns), cinka glikon\u0101ts, tiam\u012bna hidrohlor\u012bds.<\/p>\n\n\n\n<p><a href=\"https:\/\/drive.google.com\/file\/d\/1Q_GBz_RPeh4BW_GBQuGKBtCmybVQViy1\/view\" target=\"_blank\" rel=\"noreferrer noopener\">COA sertifik\u0101ts<\/a><\/p>\n\n\n\n<p>Vai mekl\u0113jat vair\u0101k? Apskatiet visu <a href=\"\/lv\/produktu-etiketes\/l-cell\/\">L Cell sortimentu<\/a>.<\/p>","protected":false},"excerpt":{"rendered":"<p data-start=\"239\" data-end=\"298\"><strong data-start=\"243\" data-end=\"298\">L Cell TMG beta\u012bns - sirdij, pr\u0101tam un ener\u0123ijai\u00a0<\/strong><strong data-start=\"300\" data-end=\"323\">L Cell TMG Betaine\u00ae<\/strong> - ir t\u012bra trimetilglic\u012bna (TMG) pulvera formula, kas paredz\u0113ta sirds, asinsrites un nervu sist\u0113mas atbalstam. Katr\u0101 porcij\u0101 ir 1000 mg akt\u012bv\u0101s vielas, kas darbojas k\u0101 metilgrupu donors, pastiprinot NAD+ prekursoru (piem\u0113ram, NMN vai NR) iedarb\u012bbu un veicinot \u0161\u016bnu ilgm\u016b\u017e\u012bbu. TMG pal\u012bdz regul\u0113t homociste\u012bna l\u012bmeni asin\u012bs, veicina norm\u0101lu sirds darb\u012bbu, psiholo\u0123isko labsaj\u016btu un var uzlabot sk\u0101bek\u013ca izmanto\u0161anu sporta nodarb\u012bb\u0101s. <\/p>\n<p><strong data-start=\"800\" data-end=\"824\"> K\u0101p\u0113c izv\u0113l\u0113ties:<br \/><\/strong>\u2714\ufe0f 1000 mg TMG beta\u012bna dien\u0101 ir optim\u0101l\u0101 deva.<br data-start=\"874\" data-end=\"877\" \/>\u2714\ufe0f Atbalsta sirds, asinsrites un nervu sist\u0113mas darb\u012bbu.<br data-start=\"935\" data-end=\"938\" \/>\u2714\ufe0f Darbojas k\u0101 metilgrupas donors - \u0161\u016bnu ilgm\u016b\u017e\u012bbai un NAD+ sint\u0113zei.<br data-start=\"1017\" data-end=\"1020\" \/>\u2714\ufe0f &gt;98 % T\u012br\u012bba, bez \u0122MO, aromatiz\u0113t\u0101jiem un kr\u0101sviel\u0101m.<br data-start=\"1068\" data-end=\"1071\" \/>\u2714\ufe0f Piem\u0113rots veg\u0101niem<br data-start=\"1088\" data-end=\"1091\" \/>\u2714\ufe0f Laboratorij\u0101 p\u0101rbaud\u012bta kvalit\u0101te - nav smago met\u0101lu un mikotoks\u012bnu.<br data-start=\"1160\" data-end=\"1163\" \/>\u2714\ufe0f 90+ dienu iepakojums<\/p>\n<p data-start=\"239\" data-end=\"298\"><strong>Pieg\u0101de uz Latviju:<\/strong> 2-3 darba dienas.<\/p>","protected":false},"featured_media":31893,"comment_status":"open","ping_status":"closed","template":"","meta":{"_acf_changed":false},"product_brand":[433],"product_cat":[122,260,263,262,248,123],"product_tag":[],"class_list":{"0":"post-31857","1":"product","2":"type-product","3":"status-publish","4":"has-post-thumbnail","6":"product_brand-l-cell","7":"product_cat-lasteliu-jaunystei","8":"product_cat-energijai-ir-apykaitai","9":"product_cat-fizine-istverme","10":"product_cat-medziagu-apykaita","11":"product_cat-nad-ir-mitochondrijos","12":"product_cat-papildai-ilgaamziskumui","14":"first","15":"outofstock","16":"shipping-taxable","17":"purchasable","18":"product-type-simple"},"acf":[],"tiered_pricing_type":"fixed","tiered_pricing_fixed_rules":[],"tiered_pricing_product_settings":{"layout":"default","base_unit_name":{"singular":null,"plural":null},"default_variation":null},"tiered_pricing_minimum_quantity":null,"tiered_pricing_roles_data":[],"tiered_pricing_percentage_rules":[],"_links":{"self":[{"href":"https:\/\/purama.lt\/lv\/wp-json\/wp\/v2\/product\/31857","targetHints":{"allow":["GET"]}}],"collection":[{"href":"https:\/\/purama.lt\/lv\/wp-json\/wp\/v2\/product"}],"about":[{"href":"https:\/\/purama.lt\/lv\/wp-json\/wp\/v2\/types\/product"}],"replies":[{"embeddable":true,"href":"https:\/\/purama.lt\/lv\/wp-json\/wp\/v2\/comments?post=31857"}],"wp:featuredmedia":[{"embeddable":true,"href":"https:\/\/purama.lt\/lv\/wp-json\/wp\/v2\/media\/31893"}],"wp:attachment":[{"href":"https:\/\/purama.lt\/lv\/wp-json\/wp\/v2\/media?parent=31857"}],"wp:term":[{"taxonomy":"product_brand","embeddable":true,"href":"https:\/\/purama.lt\/lv\/wp-json\/wp\/v2\/product_brand?post=31857"},{"taxonomy":"product_cat","embeddable":true,"href":"https:\/\/purama.lt\/lv\/wp-json\/wp\/v2\/product_cat?post=31857"},{"taxonomy":"product_tag","embeddable":true,"href":"https:\/\/purama.lt\/lv\/wp-json\/wp\/v2\/product_tag?post=31857"}],"curies":[{"name":"wp","href":"https:\/\/api.w.org\/{rel}","templated":true}]}}