{"id":31856,"date":"2025-01-20T19:28:44","date_gmt":"2025-01-20T19:28:44","guid":{"rendered":"https:\/\/purama.lt\/produktas\/l-cell-tmg-betainas-500mg-kapsules-60-vnt\/"},"modified":"2026-04-03T14:38:11","modified_gmt":"2026-04-03T12:38:11","slug":"l-sunu-tmg-betains-500mg-kapsulas-60-gab","status":"publish","type":"product","link":"https:\/\/purama.lt\/lv\/produktas\/l-cell-tmg-betainas-500mg-kapsules-60-vnt\/","title":{"rendered":"L Cell TMG beta\u012bns (500 mg kapsulas, 60 gab.)"},"content":{"rendered":"<p><strong>Pat\u0113ri\u0146\u0161:<\/strong><\/p>\n\n\n\n<p>Lietojiet 1 kapsulu no r\u012bta un 1 kapsulu pusdienu laik\u0101, uzdzerot gl\u0101zi \u016bdens.<\/p>\n\n\n\n<p><strong>Inform\u0101cija par produktu:<\/strong><\/p>\n\n\n\n<ul class=\"wp-block-list\">\n<li>60 kapsulas iepakojum\u0101<\/li>\n\n\n\n<li>500 mg TMG beta\u012bna katr\u0101 kapsul\u0101<\/li>\n\n\n\n<li>1000 mg dien\u0101 (2 kapsulas)<\/li>\n\n\n\n<li>30+ lieto\u0161anas dienas<\/li>\n\n\n\n<li>Farmaceitisk\u0101s kvalit\u0101tes ra\u017eo\u0161ana<\/li>\n\n\n\n<li>Regul\u0101ri p\u0101rbaud\u012bta t\u012br\u012bba, smago met\u0101lu un mikotoks\u012bnu kl\u0101tb\u016btne.<\/li>\n<\/ul>\n\n\n\n<p><strong>Sast\u0101vda\u013cas:<\/strong> Trimetilglic\u012bns, kapsulas apvalks (hipromeluloze - HPMC), tiam\u012bna hidrohlor\u012bds<\/p>\n\n\n\n<p>Ide\u0101li piem\u0113rots tiem, kas mekl\u0113 gudru risin\u0101jumu sirds, emocion\u0101l\u0101s vesel\u012bbas un ilgm\u016b\u017e\u012bbas atbalstam.<\/p>\n\n\n\n<p><a href=\"https:\/\/drive.google.com\/file\/d\/1Q_GBz_RPeh4BW_GBQuGKBtCmybVQViy1\/view\" target=\"_blank\" rel=\"noreferrer noopener\">COA sertifik\u0101ts<\/a><\/p>\n\n\n\n<p>Vai mekl\u0113jat vair\u0101k? Apskatiet visu <a href=\"\/lv\/produktu-etiketes\/l-cell\/\">L Cell sortimentu<\/a>.<\/p>","protected":false},"excerpt":{"rendered":"<p><strong data-start=\"250\" data-end=\"273\">L Cell TMG Betaine\u00ae<\/strong> - ir augstas t\u012br\u012bbas pak\u0101pes formula, kas paredz\u0113ta sirdsdarb\u012bbas, emocion\u0101l\u0101 l\u012bdzsvara un ilgtermi\u0146a vitalit\u0101tes veicin\u0101\u0161anai. Trimetilglic\u012bns (TMG) darbojas k\u0101 metilgrupu donors, kas veicina lab\u0101ku NAD+ prekursoru (NMN vai NR) uz\u0146em\u0161anu, kas ir tie\u0161i saist\u012bts ar ener\u0123iju un \u0161\u016bnu atjauno\u0161anos. Papildin\u0101ts ar B1 vitam\u012bnu, produkts labv\u0113l\u012bgi ietekm\u0113 nervu sist\u0113mu un psiholo\u0123isko st\u0101vokli.<\/p>\n<p data-start=\"679\" data-end=\"697\"><strong data-start=\"683\" data-end=\"695\">Funkcijas:<br \/><\/strong>\u2714 veicina norm\u0101lu sirds darb\u012bbu<br data-start=\"740\" data-end=\"743\" \/>\u2714 Atbalsta psiholo\u0123isko un nervu sist\u0113mas darb\u012bbu<br data-start=\"792\" data-end=\"795\" \/>\u2714 Uzlabo NAD+ prekursoru (NMN, NR) efektivit\u0101ti<br data-start=\"838\" data-end=\"841\" \/>\u2714 \u012apa\u0161i t\u012bra formula - vair\u0101k nek\u0101 99% akt\u012bv\u0101s sast\u0101vda\u013cas<br data-start=\"901\" data-end=\"904\" \/>\u2714 Piem\u0113rots veg\u0101niem - nav \u017eelat\u012bna, tikai HPMC kapsulas<br data-start=\"954\" data-end=\"957\" \/>\u2714 Bez \u0122MO, kr\u0101sviel\u0101m, aromatiz\u0113t\u0101jiem un konservantiem.<\/p>\n<p data-start=\"679\" data-end=\"697\"><strong>Pieg\u0101de uz Latviju:<\/strong> 2-3 darba dienas.<\/p>","protected":false},"featured_media":31879,"comment_status":"open","ping_status":"closed","template":"","meta":{"_acf_changed":false},"product_brand":[433],"product_cat":[122,272,253,252,123,269],"product_tag":[],"class_list":{"0":"post-31856","1":"product","2":"type-product","3":"status-publish","4":"has-post-thumbnail","6":"product_brand-l-cell","7":"product_cat-lasteliu-jaunystei","8":"product_cat-emocine-pusiausvyra","9":"product_cat-imuniteto-palaikymas","10":"product_cat-imunitetui","11":"product_cat-papildai-ilgaamziskumui","12":"product_cat-stresui-ir-miegui","14":"first","15":"instock","16":"shipping-taxable","17":"purchasable","18":"product-type-simple"},"acf":[],"tiered_pricing_type":"fixed","tiered_pricing_fixed_rules":[],"tiered_pricing_product_settings":{"layout":"default","base_unit_name":{"singular":null,"plural":null},"default_variation":null},"tiered_pricing_minimum_quantity":null,"tiered_pricing_roles_data":[],"tiered_pricing_percentage_rules":[],"_links":{"self":[{"href":"https:\/\/purama.lt\/lv\/wp-json\/wp\/v2\/product\/31856","targetHints":{"allow":["GET"]}}],"collection":[{"href":"https:\/\/purama.lt\/lv\/wp-json\/wp\/v2\/product"}],"about":[{"href":"https:\/\/purama.lt\/lv\/wp-json\/wp\/v2\/types\/product"}],"replies":[{"embeddable":true,"href":"https:\/\/purama.lt\/lv\/wp-json\/wp\/v2\/comments?post=31856"}],"wp:featuredmedia":[{"embeddable":true,"href":"https:\/\/purama.lt\/lv\/wp-json\/wp\/v2\/media\/31879"}],"wp:attachment":[{"href":"https:\/\/purama.lt\/lv\/wp-json\/wp\/v2\/media?parent=31856"}],"wp:term":[{"taxonomy":"product_brand","embeddable":true,"href":"https:\/\/purama.lt\/lv\/wp-json\/wp\/v2\/product_brand?post=31856"},{"taxonomy":"product_cat","embeddable":true,"href":"https:\/\/purama.lt\/lv\/wp-json\/wp\/v2\/product_cat?post=31856"},{"taxonomy":"product_tag","embeddable":true,"href":"https:\/\/purama.lt\/lv\/wp-json\/wp\/v2\/product_tag?post=31856"}],"curies":[{"name":"wp","href":"https:\/\/api.w.org\/{rel}","templated":true}]}}