{"id":31854,"date":"2025-01-20T19:28:43","date_gmt":"2025-01-20T19:28:43","guid":{"rendered":"https:\/\/purama.lt\/produktas\/l-cell-spermidinas-3mg-kapsules-60-vnt\/"},"modified":"2026-04-29T14:20:43","modified_gmt":"2026-04-29T12:20:43","slug":"l-sunu-spermidins-3mg-kapsulas-60-gab","status":"publish","type":"product","link":"https:\/\/purama.lt\/lv\/produktas\/l-cell-spermidinas-3mg-kapsules-60-vnt\/","title":{"rendered":"L Cell spermid\u012bns (3 mg kapsulas, 60 gab.)"},"content":{"rendered":"<p><strong>Pat\u0113ri\u0146\u0161:<\/strong> Lietojiet pa 1 kapsulai no r\u012bta un vakar\u0101, uzdzerot gl\u0101zi \u016bdens, v\u0113lams \u0113\u0161anas laik\u0101.<\/p>\n\n\n\n<hr class=\"wp-block-separator has-alpha-channel-opacity\" \/>\n\n\n\n<p><strong>Sast\u0101vda\u013cas:<\/strong> Kvie\u0161u d\u012bgstu ekstrakts (satur 0,24 % spermid\u012bna), kapsulas apvalks (hipromelozi), cinka glikon\u0101ts, tiam\u012bna hidrohlor\u012bds.<\/p>\n\n\n\n<hr class=\"wp-block-separator has-alpha-channel-opacity\" \/>\n\n\n\n<p><strong>Uzturv\u0113rt\u012bba<\/strong> (2 kapsulas):<\/p>\n\n\n\n<figure class=\"wp-block-table\"><table class=\"has-fixed-layout\"><thead><tr><th><strong>Uzturviela<\/strong><\/th><th><strong>Daudzums<\/strong><\/th><th><strong>% RMV*<\/strong><\/th><\/tr><\/thead><tbody><tr><td>Kvie\u0161u d\u012bgstu ekstrakts<\/td><td>2500 mg<\/td><td>-<\/td><\/tr><tr><td>...no kuras spermid\u012bns<\/td><td>6 mg<\/td><td>-<\/td><\/tr><tr><td>Cinks<\/td><td>1,5 mg<\/td><td>15 %<\/td><\/tr><tr><td>Tiam\u012bns (B1 vitam\u012bns)<\/td><td>0,165 mg<\/td><td>15 %<\/td><\/tr><\/tbody><\/table><\/figure>\n\n\n\n<p>*RMV - atsauces uzturv\u0113rt\u012bba<br>**RMV nav nor\u0101d\u012bts<\/p>\n\n\n\n<p><strong>Rokasgr\u0101mata ies\u0101c\u0113jiem:<\/strong> Racion\u0101lu s\u0101kumu un sarakstu ar 5 lab\u0101kajiem ilgm\u016b\u017e\u012bbas bag\u0101tin\u0101t\u0101jiem 2026. gadam lasiet \u0161eit: <a href=\"https:\/\/purama.lt\/lv\/ilgmuzibas-bagatinataji-iesacejiem-2026\/\">Top 5 ilgm\u016b\u017e\u012bbas bag\u0101tin\u0101t\u0101ji ies\u0101c\u0113jiem 2026. gad\u0101: ar ko s\u0101kt?<\/a><\/p>\n\n\n\n<p>Vai mekl\u0113jat vair\u0101k? Apskatiet visu <a href=\"\/lv\/produktu-etiketes\/l-cell\/\">L Cell sortimentu<\/a>.<\/p>","protected":false},"excerpt":{"rendered":"<p data-start=\"217\" data-end=\"290\"><strong data-start=\"221\" data-end=\"290\">L Cell Spermidine - atraisiet savu \u0161\u016bnu atjauno\u0161an\u0101s potenci\u0101lu.\u00a0<\/strong><strong data-start=\"292\" data-end=\"314\">L Cell Spermidine\u00ae<\/strong> - ir moderns dabiskas izcelsmes papildin\u0101jums, <strong>tiem, kas v\u0113las ilgm\u016b\u017e\u012bbu, lab\u0101ku vielmai\u0146u un skaidr\u0101ku pr\u0101tu.<\/strong>. Katra kapsula satur 3 mg spermid\u012bna no augstas kvalit\u0101tes kvie\u0161u d\u012bgstu ekstrakta, kas darbojas k\u0101 autof\u0101\u0123ijas modulators - veicina dabisku boj\u0101to \u0161\u016bnu \"att\u012br\u012b\u0161anos\" un re\u0123ener\u0101ciju. \u0160is savienojums arvien bie\u017e\u0101k tiek saist\u012bts ar vesel\u012bgu noveco\u0161anu, sirds un nervu sist\u0113mas darb\u012bbu, un t\u0101 regul\u0101ra lieto\u0161ana biotehnolo\u0123iju laikmet\u0101 k\u013c\u016bst par ikdienas labsaj\u016btas sast\u0101vda\u013cu.<\/p>\n<p data-start=\"843\" data-end=\"871\"><strong data-start=\"847\" data-end=\"871\">K\u0101p\u0113c izv\u0113l\u0113ties:<br \/><\/strong>\u2714\ufe0f 6 mg spermid\u012bna vien\u0101 porcij\u0101 - liela un efekt\u012bva deva.<br data-start=\"927\" data-end=\"930\" \/>\u2714\ufe0f Stimul\u0113 autofagiju - \u0161\u016bnu re\u0123ener\u0101cijas procesu.<br data-start=\"984\" data-end=\"987\" \/>\u2714\ufe0f Atbalsta sirds, smadze\u0146u un vielmai\u0146as funkcijas.<br data-start=\"1046\" data-end=\"1049\" \/>\u2714\ufe0f &gt;98 Kvie\u0161u d\u012bgstu ekstrakts ar t\u012br\u012bbu %<br data-start=\"1091\" data-end=\"1094\" \/>\u2714\ufe0f Nav \u0122MO, konservantu un m\u0101ksl\u012bgo piedevu.<br data-start=\"1136\" data-end=\"1139\" \/>\u2714\ufe0f Piem\u0113rots veg\u0101niem - kapsulas izgatavotas no HPMC, kas nav dz\u012bvnieku izcelsmes.<br data-start=\"1196\" data-end=\"1199\" \/>\u2714\ufe0f Laboratorij\u0101 p\u0101rbaud\u012bta formula - garant\u0113ta dro\u0161\u012bba un efektivit\u0101te<\/p>\n<p><strong>Pieg\u0101de uz Latviju:<\/strong> 2-3 darba dienas.<\/p>","protected":false},"featured_media":31891,"comment_status":"open","ping_status":"closed","template":"","meta":{"_acf_changed":false},"product_brand":[433],"product_cat":[122,123,249],"product_tag":[],"class_list":{"0":"post-31854","1":"product","2":"type-product","3":"status-publish","4":"has-post-thumbnail","6":"product_brand-l-cell","7":"product_cat-lasteliu-jaunystei","8":"product_cat-papildai-ilgaamziskumui","9":"product_cat-senolitikai","11":"first","12":"outofstock","13":"shipping-taxable","14":"purchasable","15":"product-type-simple"},"acf":[],"tiered_pricing_type":"fixed","tiered_pricing_fixed_rules":[],"tiered_pricing_product_settings":{"layout":"default","base_unit_name":{"singular":null,"plural":null},"default_variation":null},"tiered_pricing_minimum_quantity":null,"tiered_pricing_roles_data":[],"tiered_pricing_percentage_rules":[],"_links":{"self":[{"href":"https:\/\/purama.lt\/lv\/wp-json\/wp\/v2\/product\/31854","targetHints":{"allow":["GET"]}}],"collection":[{"href":"https:\/\/purama.lt\/lv\/wp-json\/wp\/v2\/product"}],"about":[{"href":"https:\/\/purama.lt\/lv\/wp-json\/wp\/v2\/types\/product"}],"replies":[{"embeddable":true,"href":"https:\/\/purama.lt\/lv\/wp-json\/wp\/v2\/comments?post=31854"}],"wp:featuredmedia":[{"embeddable":true,"href":"https:\/\/purama.lt\/lv\/wp-json\/wp\/v2\/media\/31891"}],"wp:attachment":[{"href":"https:\/\/purama.lt\/lv\/wp-json\/wp\/v2\/media?parent=31854"}],"wp:term":[{"taxonomy":"product_brand","embeddable":true,"href":"https:\/\/purama.lt\/lv\/wp-json\/wp\/v2\/product_brand?post=31854"},{"taxonomy":"product_cat","embeddable":true,"href":"https:\/\/purama.lt\/lv\/wp-json\/wp\/v2\/product_cat?post=31854"},{"taxonomy":"product_tag","embeddable":true,"href":"https:\/\/purama.lt\/lv\/wp-json\/wp\/v2\/product_tag?post=31854"}],"curies":[{"name":"wp","href":"https:\/\/api.w.org\/{rel}","templated":true}]}}