{"id":31853,"date":"2025-01-20T19:28:43","date_gmt":"2025-01-20T19:28:43","guid":{"rendered":"https:\/\/purama.lt\/produktas\/l-cell-kvercetinas-milteliai-30g\/"},"modified":"2026-04-14T14:52:52","modified_gmt":"2026-04-14T12:52:52","slug":"l-sunu-kvercetins-pulveris-30g","status":"publish","type":"product","link":"https:\/\/purama.lt\/lv\/produktas\/l-cell-kvercetinas-milteliai-30g\/","title":{"rendered":"L Cell kvercet\u012bns (pulveris, 30g)"},"content":{"rendered":"<p><strong>Pat\u0113ri\u0146\u0161:<\/strong> 2 m\u0113rci\u0146as pulvera (500 mg kvercet\u012bna) no r\u012bta, v\u0113lams kop\u0101 ar treknu \u0113dienu (piem\u0113ram, ol\u012bve\u013c\u013cu vai jogurtu), lai uzlabotu uzs\u016bk\u0161anos.<\/p>\n\n\n\n<hr class=\"wp-block-separator has-alpha-channel-opacity\"\/>\n\n\n\n<p><strong>Sast\u0101vda\u013cas:<\/strong> Jap\u0101nas soforas ekstrakts (\u226595 % kvercet\u012bns), cinka glikon\u0101ts, holekalciferols.<\/p>\n\n\n\n<hr class=\"wp-block-separator has-alpha-channel-opacity\"\/>\n\n\n\n<p><strong>Uzturv\u0113rt\u012bba<\/strong> (2 kausi\u0146i):<\/p>\n\n\n\n<figure class=\"wp-block-table\"><table class=\"has-fixed-layout\"><thead><tr><th><strong>Uzturviela<\/strong><\/th><th><strong>Daudzums<\/strong><\/th><th><strong>% RMV*<\/strong><\/th><\/tr><\/thead><tbody><tr><td>Jap\u0101nas soforas ekstrakts<\/td><td>525 mg<\/td><td>-<\/td><\/tr><tr><td>...no kuras ieg\u016bts kvercet\u012bns<\/td><td>500 mg<\/td><td>-<\/td><\/tr><tr><td>Cinks<\/td><td>1,5 mg<\/td><td>15 %<\/td><\/tr><tr><td>Tiam\u012bns (B1 vitam\u012bns)<\/td><td>0,165 mg<\/td><td>15 %<\/td><\/tr><tr><td>D3 vitam\u012bns<\/td><td>0,75 \u00b5g<\/td><td>15 %<\/td><\/tr><\/tbody><\/table><\/figure>\n\n\n\n<p>*RMV - atsauces uzturv\u0113rt\u012bba<br>**RMV nav nor\u0101d\u012bts<\/p>\n\n\n\n<p><a href=\"https:\/\/drive.google.com\/file\/d\/1Ys8q6AJZ6qw3pdkfN8wdG113V7P18m1n\/view\" target=\"_blank\" rel=\"noreferrer noopener\">COA sertifik\u0101ts<\/a><\/p>\n\n\n\n<p>Vai mekl\u0113jat vair\u0101k? Apskatiet visu <a href=\"\/lv\/produktu-etiketes\/l-suna\/\">L Cell sortimentu<\/a>.<\/p>","protected":false},"excerpt":{"rendered":"<p data-start=\"207\" data-end=\"305\"><strong data-start=\"211\" data-end=\"305\">L Cell kvercet\u012bns - uzlabota aizsardz\u012bba pret iekaisumiem, \u0161\u016bnu noveco\u0161anos un sirdsdarb\u012bbas trauc\u0113jumiem.\u00a0<\/strong><strong data-start=\"307\" data-end=\"328\">L \u0161\u016bnu kvercet\u012bns\u00ae<\/strong> - ir sp\u0113c\u012bgs dabisks flavono\u012bds no jap\u0101\u0146u soforas ekstrakta,<strong> tiem, kas v\u0113las uzlabot asinsriti, mazin\u0101t iekaisumus un nodro\u0161in\u0101t ilgtermi\u0146a \u0161\u016bnu rezistenci.<\/strong>. Katr\u0101 porcij\u0101 ir 500 mg akt\u012bv\u0101s vielas, kuras ieguvumi ir balst\u012bti uz jaun\u0101kajiem ilgtermi\u0146a vesel\u012bbas p\u0113t\u012bjumiem. Kvercet\u012bnam piem\u012bt sp\u0113c\u012bgas pretiekaisuma \u012bpa\u0161\u012bbas, <strong>pal\u012bdz regul\u0113t im\u016bnsist\u0113mu, aizsarg\u0101 pret oksidat\u012bvo stresu un veicina nervu sist\u0113mas darb\u012bbu.<\/strong>. Kop\u0101 ar cinku un D3 vitam\u012bnu tas rada siner\u0123isku efektu, kas labv\u0113l\u012bgi ietekm\u0113 gan ikdienas ener\u0123ijas l\u012bdzsvaru, gan pal\u0113nina noveco\u0161anos.<\/p>\n<p data-start=\"940\" data-end=\"968\"><strong data-start=\"944\" data-end=\"968\">K\u0101p\u0113c izv\u0113l\u0113ties:<br \/><\/strong>\u2714\ufe0f 500 mg kvercet\u012bna vien\u0101 porcij\u0101 - optim\u0101l\u0101 deva ikdienas uztur\u0113\u0161anai.<br data-start=\"1038\" data-end=\"1041\" \/>\u2714\ufe0f Atbalsta sirds, asinsrites un im\u016bnsist\u0113mu.<br data-start=\"1100\" data-end=\"1103\" \/>\u2714\ufe0f Nov\u0113r\u0161 iekaisumu - dabisks pretiekaisuma l\u012bdzeklis.<br data-start=\"1160\" data-end=\"1163\" \/>\u2714\ufe0f Veicina nervu sist\u0113mas l\u012bdzsvaru un kognit\u012bvo skaidr\u012bbu.<br data-start=\"1216\" data-end=\"1219\" \/>\u2714\ufe0f &gt;95 % t\u012br\u012bbas pak\u0101pe no jap\u0101\u0146u soforas ekstrakta<br data-start=\"1266\" data-end=\"1269\" \/>\u2714\ufe0f Nav \u0122MO, alerg\u0113nu, konservantu un aromatiz\u0113t\u0101ju.<br data-start=\"1314\" data-end=\"1317\" \/>\u2714\ufe0f Piem\u0113rots veg\u0101niem - tikai augu izcelsmes sast\u0101vda\u013cas<br data-start=\"1376\" data-end=\"1379\" \/>\u2714\ufe0f Ra\u017eo\u0161ana un kvalit\u0101tes test\u0113\u0161ana atbilsto\u0161i farmaceitisk\u0101s kvalit\u0101tes standartiem.<\/p>\n<p><strong>Pieg\u0101de uz Latviju:<\/strong> 2-3 darba dienas.<\/p>","protected":false},"featured_media":31874,"comment_status":"open","ping_status":"closed","template":"","meta":{"_acf_changed":false},"product_brand":[433],"product_cat":[122,500,123,249],"product_tag":[],"class_list":{"0":"post-31853","1":"product","2":"type-product","3":"status-publish","4":"has-post-thumbnail","6":"product_brand-l-cell","7":"product_cat-lasteliu-jaunystei","8":"product_cat-outlet","9":"product_cat-papildai-ilgaamziskumui","10":"product_cat-senolitikai","12":"first","13":"instock","14":"sale","15":"shipping-taxable","16":"purchasable","17":"product-type-simple"},"acf":[],"tiered_pricing_type":"fixed","tiered_pricing_fixed_rules":[],"tiered_pricing_product_settings":{"layout":"default","base_unit_name":{"singular":null,"plural":null},"default_variation":null},"tiered_pricing_minimum_quantity":null,"tiered_pricing_roles_data":[],"tiered_pricing_percentage_rules":[],"_links":{"self":[{"href":"https:\/\/purama.lt\/lv\/wp-json\/wp\/v2\/product\/31853","targetHints":{"allow":["GET"]}}],"collection":[{"href":"https:\/\/purama.lt\/lv\/wp-json\/wp\/v2\/product"}],"about":[{"href":"https:\/\/purama.lt\/lv\/wp-json\/wp\/v2\/types\/product"}],"replies":[{"embeddable":true,"href":"https:\/\/purama.lt\/lv\/wp-json\/wp\/v2\/comments?post=31853"}],"wp:featuredmedia":[{"embeddable":true,"href":"https:\/\/purama.lt\/lv\/wp-json\/wp\/v2\/media\/31874"}],"wp:attachment":[{"href":"https:\/\/purama.lt\/lv\/wp-json\/wp\/v2\/media?parent=31853"}],"wp:term":[{"taxonomy":"product_brand","embeddable":true,"href":"https:\/\/purama.lt\/lv\/wp-json\/wp\/v2\/product_brand?post=31853"},{"taxonomy":"product_cat","embeddable":true,"href":"https:\/\/purama.lt\/lv\/wp-json\/wp\/v2\/product_cat?post=31853"},{"taxonomy":"product_tag","embeddable":true,"href":"https:\/\/purama.lt\/lv\/wp-json\/wp\/v2\/product_tag?post=31853"}],"curies":[{"name":"wp","href":"https:\/\/api.w.org\/{rel}","templated":true}]}}