{"id":31852,"date":"2025-01-20T19:28:43","date_gmt":"2025-01-20T19:28:43","guid":{"rendered":"https:\/\/purama.lt\/produktas\/l-cell-kvercetinas-250mg-kapsules-60-vnt\/"},"modified":"2026-04-14T14:53:07","modified_gmt":"2026-04-14T12:53:07","slug":"l-sunu-kvercetins-250-mg-kapsulas-60-gab","status":"publish","type":"product","link":"https:\/\/purama.lt\/lv\/produktas\/l-cell-kvercetinas-250mg-kapsules-60-vnt\/","title":{"rendered":"L Cell kvercet\u012bns (250 mg kapsulas, 60 gab.)"},"content":{"rendered":"<p><strong>Pat\u0113ri\u0146\u0161:<\/strong> Lietojiet 2 kapsulas no r\u012bta, uzdzerot gl\u0101zi \u016bdens. Ieteicams lietot kop\u0101 ar trekniem \u0113dieniem (piem\u0113ram, ol\u012bve\u013c\u013cu vai jogurtu), lai uzlabotu uzs\u016bk\u0161anos.<\/p>\n\n\n\n<hr class=\"wp-block-separator has-alpha-channel-opacity\"\/>\n\n\n\n<p><strong>Sast\u0101vda\u013cas:<\/strong> Jap\u0101nas soforas ekstrakts (\u226595 % kvercet\u012bns), kapsulas apvalks (hipromeluloze), cinka glikon\u0101ts, holekalciferols.<\/p>\n\n\n\n<hr class=\"wp-block-separator has-alpha-channel-opacity\"\/>\n\n\n\n<p><strong>Uzturv\u0113rt\u012bba<\/strong> (2 kapsulas):<\/p>\n\n\n\n<figure class=\"wp-block-table\"><table class=\"has-fixed-layout\"><thead><tr><th><strong>Uzturviela<\/strong><\/th><th><strong>Daudzums<\/strong><\/th><th><strong>% RMV*<\/strong><\/th><\/tr><\/thead><tbody><tr><td>Jap\u0101nas soforas ekstrakts<\/td><td>525 mg<\/td><td>-<\/td><\/tr><tr><td>...no kuras ieg\u016bts kvercet\u012bns<\/td><td>500 mg<\/td><td>-<\/td><\/tr><tr><td>Cinks<\/td><td>1,5 mg<\/td><td>15 %<\/td><\/tr><tr><td>Tiam\u012bns (B1 vitam\u012bns)<\/td><td>0,165 mg<\/td><td>15 %<\/td><\/tr><tr><td>D3 vitam\u012bns<\/td><td>0,75 \u00b5g<\/td><td>15 %<\/td><\/tr><\/tbody><\/table><\/figure>\n\n\n\n<p>*RMV - atsauces uzturv\u0113rt\u012bba<br>**RMV nav nor\u0101d\u012bts<\/p>\n\n\n\n<p><a href=\"https:\/\/drive.google.com\/file\/d\/1Ys8q6AJZ6qw3pdkfN8wdG113V7P18m1n\/view\" target=\"_blank\" rel=\"noreferrer noopener\">COA sertifik\u0101ts<\/a><\/p>\n\n\n\n<p>Vai mekl\u0113jat vair\u0101k? Apskatiet visu <a href=\"\/lv\/produktu-etiketes\/l-cell\/\">L Cell sortimentu<\/a>.<\/p>","protected":false},"excerpt":{"rendered":"<p data-start=\"137\" data-end=\"217\"><strong data-start=\"141\" data-end=\"217\">L \u0161\u016bnu kvercet\u012bns - ikdienas aizsardz\u012bba pret iekaisumu un oksidat\u012bvo stresu\u00a0<\/strong><strong data-start=\"219\" data-end=\"240\">L \u0161\u016bnu kvercet\u012bns\u00ae<\/strong> - ir \u0113rti veidots, \u013coti koncentr\u0113ts kvercet\u012bna papildin\u0101jums no jap\u0101\u0146u soforas ekstrakta. Katra dienas deva satur 500 mg t\u012bra flavono\u012bda, kas <strong>pal\u012bdz atbalst\u012bt sirds, im\u016bnsist\u0113mas un nervu sist\u0113mas darb\u012bbu.<\/strong>. Kvercet\u012bns darbojas ar\u012b k\u0101 sp\u0113c\u012bgs antioksidants, pal\u012bdzot organismam c\u012bn\u012bties pret \u0161\u016bnu boj\u0101jumiem un iekaisuma reakcij\u0101m. \u0160is papildin\u0101jums ir \u012bpa\u0161i piem\u0113rots tiem, kuri r\u016bp\u0113jas par ilgtermi\u0146a vesel\u012bbu, vitalit\u0101ti un v\u0113las ikdienas atbalstu \u0161\u016bnu l\u012bmen\u012b. <\/p>\n<p><strong data-start=\"738\" data-end=\"762\">K\u0101p\u0113c izv\u0113l\u0113ties:<br \/><\/strong>\u2714\ufe0f 500 mg kvercet\u012bna dien\u0101 ir zin\u0101tniski pamatota deva.<br data-start=\"821\" data-end=\"824\" \/>\u2714\ufe0f Sirds un asinsvadu, im\u016bnsist\u0113mas un nervu sist\u0113mas atbalsts.<br data-start=\"893\" data-end=\"896\" \/>\u2714\ufe0f Pal\u012bdz c\u012bn\u012bties pret oksidat\u012bvo stresu un iekaisumu.<br data-start=\"946\" data-end=\"949\" \/>\u2714\ufe0f &gt;95 % t\u012br\u012bbas pak\u0101pes jap\u0101\u0146u soforas ekstrakts<br data-start=\"994\" data-end=\"997\" \/>\u2714\ufe0f Kapsulu forma - \u0113rta lieto\u0161anai ikdien\u0101 un ce\u013c\u0101.<br data-start=\"1053\" data-end=\"1056\" \/>\u2714\ufe0f Nesatur \u0122MO, kr\u0101svielas, aromatiz\u0113t\u0101jus un konservantus.<br data-start=\"1109\" data-end=\"1112\" \/>\u2714\ufe0f Piem\u0113rots veg\u0101niem - HPMC kapsulas<br data-start=\"1145\" data-end=\"1148\" \/>\u2714\ufe0f Kvalit\u0101ti nodro\u0161ina ar laboratorijas testiem<\/p>","protected":false},"featured_media":31888,"comment_status":"open","ping_status":"closed","template":"","meta":{"_acf_changed":false},"product_brand":[433],"product_cat":[122,57,123,249],"product_tag":[],"class_list":{"0":"post-31852","1":"product","2":"type-product","3":"status-publish","4":"has-post-thumbnail","6":"product_brand-l-cell","7":"product_cat-lasteliu-jaunystei","8":"product_cat-akcijos","9":"product_cat-papildai-ilgaamziskumui","10":"product_cat-senolitikai","12":"first","13":"instock","14":"sale","15":"shipping-taxable","16":"purchasable","17":"product-type-simple"},"acf":[],"tiered_pricing_type":"fixed","tiered_pricing_fixed_rules":[],"tiered_pricing_product_settings":{"layout":"default","base_unit_name":{"singular":null,"plural":null},"default_variation":null},"tiered_pricing_minimum_quantity":null,"tiered_pricing_roles_data":[],"tiered_pricing_percentage_rules":[],"_links":{"self":[{"href":"https:\/\/purama.lt\/lv\/wp-json\/wp\/v2\/product\/31852","targetHints":{"allow":["GET"]}}],"collection":[{"href":"https:\/\/purama.lt\/lv\/wp-json\/wp\/v2\/product"}],"about":[{"href":"https:\/\/purama.lt\/lv\/wp-json\/wp\/v2\/types\/product"}],"replies":[{"embeddable":true,"href":"https:\/\/purama.lt\/lv\/wp-json\/wp\/v2\/comments?post=31852"}],"wp:featuredmedia":[{"embeddable":true,"href":"https:\/\/purama.lt\/lv\/wp-json\/wp\/v2\/media\/31888"}],"wp:attachment":[{"href":"https:\/\/purama.lt\/lv\/wp-json\/wp\/v2\/media?parent=31852"}],"wp:term":[{"taxonomy":"product_brand","embeddable":true,"href":"https:\/\/purama.lt\/lv\/wp-json\/wp\/v2\/product_brand?post=31852"},{"taxonomy":"product_cat","embeddable":true,"href":"https:\/\/purama.lt\/lv\/wp-json\/wp\/v2\/product_cat?post=31852"},{"taxonomy":"product_tag","embeddable":true,"href":"https:\/\/purama.lt\/lv\/wp-json\/wp\/v2\/product_tag?post=31852"}],"curies":[{"name":"wp","href":"https:\/\/api.w.org\/{rel}","templated":true}]}}