{"id":31851,"date":"2025-01-20T19:28:43","date_gmt":"2025-01-20T19:28:43","guid":{"rendered":"https:\/\/purama.lt\/produktas\/l-cell-nr-milteliai-24g\/"},"modified":"2026-04-03T14:49:29","modified_gmt":"2026-04-03T12:49:29","slug":"l-sunu-nr-pulveris-24g","status":"publish","type":"product","link":"https:\/\/purama.lt\/lv\/produktas\/l-cell-nr-milteliai-24g\/","title":{"rendered":"L Cell NR (pulveris, 24g)"},"content":{"rendered":"<p><strong>Pat\u0113ri\u0146\u0161:<\/strong> 1-2 kausi\u0146i pulvera (300-600 mg NR) no r\u012bta. Ieteicams lietot sublingv\u0101li un uzglab\u0101t l\u012bdz iz\u0161\u0137\u012bdin\u0101\u0161anai. Jut\u012bg\u0101kiem lietot\u0101jiem - var lietot p\u0113c \u0113\u0161anas.<\/p>\n\n\n\n<hr class=\"wp-block-separator has-alpha-channel-opacity\"\/>\n\n\n\n<p><strong>Sast\u0101vda\u013cas:<\/strong> Nikot\u012bnam\u012bda ribos\u012bds, celuloze, cinka glikon\u0101ts, tiam\u012bna hidrohlor\u012bds.<\/p>\n\n\n\n<hr class=\"wp-block-separator has-alpha-channel-opacity\"\/>\n\n\n\n<p><strong>Uzturv\u0113rt\u012bba<\/strong> (1 m\u0113rkarote):<\/p>\n\n\n\n<figure class=\"wp-block-table\"><table class=\"has-fixed-layout\"><thead><tr><th><strong>Uzturviela<\/strong><\/th><th><strong>Daudzums<\/strong><\/th><th><strong>% RMV*<\/strong><\/th><\/tr><\/thead><tbody><tr><td>Nikot\u012bnam\u012bda riboz\u012bds<\/td><td>300 mg<\/td><td>-<\/td><\/tr><tr><td>Cinks<\/td><td>1,5 mg<\/td><td>15 %<\/td><\/tr><tr><td>Tiam\u012bns (B1 vitam\u012bns)<\/td><td>0,165 mg<\/td><td>15 %<\/td><\/tr><\/tbody><\/table><\/figure>\n\n\n\n<p>*RMV - atsauces uzturv\u0113rt\u012bba<br>**RMV nav nor\u0101d\u012bts<br><br><strong>Vair\u0101k skaidrojumu par NAD+ prekursoriem:<\/strong> <a href=\"https:\/\/purama.lt\/lv\/nmn-vs-nr\/\">NMN un NR sal\u012bdzin\u0101jums<\/a><\/p>\n\n\n\n<p>Vai mekl\u0113jat vair\u0101k? Apskatiet visu <a href=\"\/lv\/produktu-etiketes\/l-cell\/\">L Cell sortimentu<\/a>.<\/p>","protected":false},"excerpt":{"rendered":"<p data-start=\"235\" data-end=\"329\"><strong data-start=\"239\" data-end=\"329\">L Cell NR - uzlabots NAD+ l\u012bme\u0146a atbalsts ener\u0123ijai, ilgm\u016b\u017e\u012bbai un pr\u0101ta skaidr\u012bbai.\u00a0<\/strong><strong data-start=\"331\" data-end=\"345\">L Cell NR\u00ae<\/strong> - ir t\u012brs nikot\u012bnam\u012bda ribos\u012bda (NR) pulvera papildin\u0101jums \u0161\u016bnu ener\u0123ijas metabolisma, nervu sist\u0113mas un noveco\u0161an\u0101s kontrolei. NR - <strong>Viens no efekt\u012bv\u0101kajiem NAD+ prekursoriem, kas pal\u012bdz atjaunot \u0161\u016bnu dabisko ener\u0123ijas l\u012bdzsvaru un uzlabo DNS atjauno\u0161anas procesus.<\/strong>. Augst\u0101ks NAD+ l\u012bmenis ir saist\u012bts ar lab\u0101ku stresa toleranci, ener\u0123iju un vesel\u012bgu noveco\u0161anu. \u0160is uztura bag\u0101tin\u0101t\u0101js ir \u012bpa\u0161i efekt\u012bvs tiem, kam tr\u016bkst ener\u0123ijas, kas cie\u0161 no gar\u012bg\u0101 noguruma vai kas v\u0113las stiprin\u0101t organisma iztur\u012bbu pret \u0161\u016bnu noveco\u0161anos.<\/p>\n<p data-start=\"891\" data-end=\"919\"><strong data-start=\"895\" data-end=\"919\">K\u0101p\u0113c izv\u0113l\u0113ties:<br \/><\/strong>\u2714\ufe0f L\u012bdz 800 mg NR dien\u0101 - maksim\u0101l\u0101 efekt\u012bv\u0101 deva<br data-start=\"973\" data-end=\"976\" \/>\u2714\ufe0f Uztur NAD+ l\u012bmeni - svar\u012bgs ener\u0123ijai, DNS atjauno\u0161anai un ilgm\u016b\u017e\u012bbai.<br data-start=\"1047\" data-end=\"1050\" \/>\u2714\ufe0f Veicina norm\u0101lu nervu sist\u0113mas un psiholo\u0123isko darb\u012bbu.<br data-start=\"1117\" data-end=\"1120\" \/>\u2714\ufe0f Vair\u0101k nek\u0101 98 % t\u012br\u012bbas pak\u0101pe - bez piemais\u012bjumiem un nevajadz\u012bgiem savienojumiem<br data-start=\"1187\" data-end=\"1190\" \/>\u2714\ufe0f Sublingv\u0101l\u0101 forma - \u0101tr\u0101ka un efekt\u012bv\u0101ka uzs\u016bk\u0161an\u0101s.<br data-start=\"1253\" data-end=\"1256\" \/>\u2714\ufe0f Piem\u0113rots veg\u0101niem - bez \u017eelat\u012bna un dz\u012bvnieku izcelsmes sast\u0101vda\u013c\u0101m.<br data-start=\"1320\" data-end=\"1323\" \/>\u2714\ufe0f Ra\u017eots farm\u0101cijas kvalit\u0101tes laboratorij\u0101 Eirop\u0101.<br data-start=\"1378\" data-end=\"1381\" \/>\u2714\ufe0f Nav \u0122MO, alerg\u0113nu, konservantu un aromatiz\u0113t\u0101ju.<br data-start=\"1434\" data-end=\"1437\" \/>\u2714\ufe0f Kombin\u0101cij\u0101 ar TMG beta\u012bnu, metildonoru NR efektivit\u0101tei.<\/p>\n<p><strong>Pieg\u0101de uz Latviju:<\/strong> 2-3 darba dienas.<\/p>","protected":false},"featured_media":31878,"comment_status":"open","ping_status":"closed","template":"","meta":{"_acf_changed":false},"product_brand":[433],"product_cat":[122,251,261,260,263,253,252,262,248,255,123,249,256,250,254],"product_tag":[],"class_list":{"0":"post-31851","1":"product","2":"type-product","3":"status-publish","4":"has-post-thumbnail","6":"product_brand-l-cell","7":"product_cat-lasteliu-jaunystei","8":"product_cat-antioksidantai","9":"product_cat-cukraus-balansas","10":"product_cat-energijai-ir-apykaitai","11":"product_cat-fizine-istverme","12":"product_cat-imuniteto-palaikymas","13":"product_cat-imunitetui","14":"product_cat-medziagu-apykaita","15":"product_cat-nad-ir-mitochondrijos","16":"product_cat-oksidacinio-streso-mazinimas","17":"product_cat-papildai-ilgaamziskumui","18":"product_cat-senolitikai","19":"product_cat-smegenims-ir-atminciai","20":"product_cat-telomeru-ir-dnr-apsauga","21":"product_cat-uzdegimo-mazinimas","23":"first","24":"instock","25":"shipping-taxable","26":"purchasable","27":"product-type-simple"},"acf":[],"tiered_pricing_type":"fixed","tiered_pricing_fixed_rules":[],"tiered_pricing_product_settings":{"layout":"default","base_unit_name":{"singular":null,"plural":null},"default_variation":null},"tiered_pricing_minimum_quantity":null,"tiered_pricing_roles_data":[],"tiered_pricing_percentage_rules":[],"_links":{"self":[{"href":"https:\/\/purama.lt\/lv\/wp-json\/wp\/v2\/product\/31851","targetHints":{"allow":["GET"]}}],"collection":[{"href":"https:\/\/purama.lt\/lv\/wp-json\/wp\/v2\/product"}],"about":[{"href":"https:\/\/purama.lt\/lv\/wp-json\/wp\/v2\/types\/product"}],"replies":[{"embeddable":true,"href":"https:\/\/purama.lt\/lv\/wp-json\/wp\/v2\/comments?post=31851"}],"wp:featuredmedia":[{"embeddable":true,"href":"https:\/\/purama.lt\/lv\/wp-json\/wp\/v2\/media\/31878"}],"wp:attachment":[{"href":"https:\/\/purama.lt\/lv\/wp-json\/wp\/v2\/media?parent=31851"}],"wp:term":[{"taxonomy":"product_brand","embeddable":true,"href":"https:\/\/purama.lt\/lv\/wp-json\/wp\/v2\/product_brand?post=31851"},{"taxonomy":"product_cat","embeddable":true,"href":"https:\/\/purama.lt\/lv\/wp-json\/wp\/v2\/product_cat?post=31851"},{"taxonomy":"product_tag","embeddable":true,"href":"https:\/\/purama.lt\/lv\/wp-json\/wp\/v2\/product_tag?post=31851"}],"curies":[{"name":"wp","href":"https:\/\/api.w.org\/{rel}","templated":true}]}}