{"id":31850,"date":"2025-01-20T19:28:43","date_gmt":"2025-01-20T19:28:43","guid":{"rendered":"https:\/\/purama.lt\/produktas\/l-cell-magnio-l-treonatas-milteliai-60g\/"},"modified":"2026-04-14T14:58:58","modified_gmt":"2026-04-14T12:58:58","slug":"l-sunu-magnija-l-treonata-pulveris-60g","status":"publish","type":"product","link":"https:\/\/purama.lt\/lv\/produktas\/l-cell-magnio-l-treonatas-milteliai-60g\/","title":{"rendered":"L Cell magnija L-treon\u0101ts (pulveris, 60g)"},"content":{"rendered":"<p><strong>Pat\u0113ri\u0146\u0161:<\/strong> Lietojiet pa 2 kausi\u0146iem no r\u012bta un vakar\u0101. Vislab\u0101k pirms \u0113\u0161anas, bet jut\u012bg\u0101kiem ku\u0146\u0123iem var lietot ar\u012b p\u0113c \u0113\u0161anas. Sajauc ar \u016bdeni vai citu \u0161\u0137idrumu.<\/p>\n\n\n\n<hr class=\"wp-block-separator has-alpha-channel-opacity\"\/>\n\n\n\n<p><strong>Sast\u0101vda\u013cas:<\/strong> Magnija L-treon\u0101ts, cinka glikon\u0101ts, holekalciferols.<\/p>\n\n\n\n<hr class=\"wp-block-separator has-alpha-channel-opacity\"\/>\n\n\n\n<p><strong>Uzturv\u0113rt\u012bba<\/strong> (4 kausi\u0146i):<\/p>\n\n\n\n<figure class=\"wp-block-table\"><table class=\"has-fixed-layout\"><thead><tr><th><strong>Uzturviela<\/strong><\/th><th><strong>Daudzums<\/strong><\/th><th><strong>% RMV*<\/strong><\/th><\/tr><\/thead><tbody><tr><td>Magnija L-treon\u0101ts<\/td><td>2000 mg<\/td><td>-<\/td><\/tr><tr><td>...no kuras magnijs<\/td><td>160 mg<\/td><td>43 %<\/td><\/tr><tr><td>Cinks<\/td><td>1,5 mg<\/td><td>15 %<\/td><\/tr><tr><td>D3 vitam\u012bns<\/td><td>0,75 \u00b5g<\/td><td>15 %<\/td><\/tr><\/tbody><\/table><\/figure>\n\n\n\n<p>*RMV - atsauces uzturv\u0113rt\u012bba<br>**RMV nav nor\u0101d\u012bts<\/p>\n\n\n\n<h3 class=\"wp-block-heading\">Bie\u017e\u0101k uzdotie jaut\u0101jumi par L Cell magnija L-treon\u0101ta pulveri<\/h3>\n\n\n\n<p><strong>K\u0101 lietot L Cell magnija L-treon\u0101ta pulveri?<\/strong><br>Veikt p\u0113c <strong>2 karot\u012btes no r\u012bta un vakar\u0101<\/strong>, sajaukts ar \u016bdeni vai citu \u0161\u0137idrumu.<\/p>\n\n\n\n<p><strong>K\u0101ds ir porcijas lielums un uzturv\u0113rt\u012bba?<\/strong><br>Porcija - <strong>4 kausi\u0146i<\/strong>. Taj\u0101 ir: <strong>2000 mg magnija L-treon\u0101ta<\/strong>, <strong>160 mg magnija (43% RMV)<\/strong>, <strong>Cinks 1,5 mg (15%)<\/strong>, <strong>vit. D3 0,75 \u00b5g (15%)<\/strong>.<\/p>\n\n\n\n<p><strong>Vai lab\u0101k to lietot pirms vai p\u0113c \u0113\u0161anas?<\/strong><br>Lab\u0101kais - <strong>pirms \u0113\u0161anas<\/strong>, bet, ja ku\u0146\u0123is ir jut\u012bg\u0101ks, to var lietot. <strong>p\u0113c \u0113\u0161anas<\/strong>.<\/p>\n\n\n\n<p><strong>Ko tas satur?<\/strong><br>Sast\u0101vda\u013cas: <strong>magnija L-treon\u0101ts, cinka glikon\u0101ts, holekalciferols.<\/strong>.<\/p>\n\n\n\n<p><strong>K\u0101da ir at\u0161\u0137ir\u012bba starp pulveri un kapsul\u0101m?<\/strong><br>Pulveris parasti tiek izv\u0113l\u0113ts, ja v\u0113laties <strong>elast\u012bg\u0101ka doz\u0113\u0161ana<\/strong>, un kapsulas, kad tas ir vissvar\u012bg\u0101kais. <strong>\u0113rt\u012bbas ikdienas darbu veik\u0161anai<\/strong>.<\/p>\n\n\n\n<h3 class=\"wp-block-heading\">Sal\u012bdzin\u0101t ar citiem magnija l-treon\u0101ta variantiem<\/h3>\n\n\n\n<ul class=\"wp-block-list\">\n<li><a href=\"https:\/\/purama.lt\/lv\/products\/l-sunu-magnija-l-treonats-450mg-kapsulas-120-gab\/\">L-Cell kapsulas (120 gab.)<\/a> - lai nodro\u0161in\u0101tu vis\u0113rt\u0101ko darba re\u017e\u012bmu.<\/li>\n\n\n\n<li><a href=\"https:\/\/purama.lt\/lv\/products\/l-sunu-magnija-l-treonata-pulveris-60g\/\">L-Cell pulveris (60 g)<\/a> - elast\u012bg\u0101kai doz\u0113\u0161anai.<\/li>\n\n\n\n<li><a href=\"https:\/\/purama.lt\/lv\/products\/slavic-labs-brainmag-magnija-l-treonats-stresa-vadibas-papildinajums-50g\/\">Slavic Labs BrainMag (50 g)<\/a> - porciju kontrolei (1-3 porcijas dien\u0101).<\/li>\n<\/ul>\n\n\n\n<p><strong>Saist\u012bt\u0101 rokasgr\u0101mata:<\/strong><a href=\"https:\/\/purama.lt\/lv\/magnija-l-treonats\/\"> Magnija L-treon\u0101ts: kam, k\u0101 lietot un sal\u012bdzin\u0101jums ar bisglicin\u0101tu<\/a><\/p>\n\n\n\n<p>Rakst\u0101 sniegts kl\u012bnisko p\u0113t\u012bjumu kopsavilkums, doz\u0113\u0161anas lo\u0123ika (element\u0101rais magnijs) un skaidra izv\u0113le starp da\u017e\u0101d\u0101m magnija L-treon\u0101ta form\u0101m.<\/p>\n\n\n\n<p>Vai mekl\u0113jat vair\u0101k? Apskatiet visu <a href=\"\/lv\/produktu-etiketes\/l-cell\/\">L Cell sortimentu<\/a>.<\/p>","protected":false},"excerpt":{"rendered":"<p data-start=\"215\" data-end=\"304\"><strong data-start=\"219\" data-end=\"304\">L \u0161\u016bnu magnija L-treon\u0101ts - sp\u0113c\u012bgs l\u012bdzeklis pr\u0101ta, musku\u013cu un ilgm\u016b\u017e\u012bbas stiprin\u0101\u0161anai\u00a0<\/strong>Atkl\u0101jiet at\u0161\u0137ir\u012bgu magniju - <strong data-start=\"328\" data-end=\"348\">L-Treonato forma<\/strong> sp\u0113j sasniegt j\u016bsu smadze\u0146u \u0161\u016bnas un pal\u012bdz\u0113t j\u016bsu pr\u0101tam str\u0101d\u0101t skaidri un izl\u0113m\u012bgi. <strong data-start=\"447\" data-end=\"480\">L \u0161\u016bnu magnija L-treon\u0101ts\u00ae<\/strong> - ir m\u016bsdien\u012bga ikdienas formula, kas paredz\u0113ta ne tikai nervu sist\u0113mas, bet ar\u012b musku\u013cu, kaulu un ener\u0123ijas l\u012bdzsvara uztur\u0113\u0161anai vis\u0101 organism\u0101. Maiga arom\u0101ta pulveris viegli iz\u0161\u0137\u012bst \u016bden\u012b un k\u013c\u016bst par neat\u0146emamu r\u012bta un vakara re\u017e\u012bma sast\u0101vda\u013cu. \u0160o uztura bag\u0101tin\u0101t\u0101ju \u012bpa\u0161i nov\u0113rt\u0113s tie, kuri v\u0113las ieg\u016bt skaidru dom\u0101\u0161anu, lab\u0101ku miegu, maz\u0101ku nogurumu un \u0161\u016bnu aizsardz\u012bbu pret oksidat\u012bvo stresu. Unik\u0101ls sast\u0101vs - <strong data-start=\"883\" data-end=\"910\">vien\u012bgais magnija veids<\/strong>kas var efekt\u012bvi darboties smadze\u0146u zon\u0101s, kas saist\u012btas ar atmi\u0146u, uzman\u012bbu un kognit\u012bvo asumu. <\/p>\n<p><strong data-start=\"1024\" data-end=\"1048\">K\u0101p\u0113c izv\u0113l\u0113ties:<br \/><\/strong>\u2714\ufe0f 2000 mg magnija L-treon\u0101ta porcij\u0101 - augstas koncentr\u0101cijas efekts (4 m\u0113rc\u012btes)<br data-start=\"1122\" data-end=\"1125\" \/>\u2714\ufe0f Magnija forma, ko bie\u017ei apsprie\u017e saist\u012bb\u0101 ar kognit\u012bvo funkciju un miegu.<br data-start=\"1196\" data-end=\"1199\" \/>\u2714\ufe0f Pal\u012bdz mazin\u0101t nogurumu un uztur\u0113t ener\u0123ijas l\u012bdzsvaru.<br data-start=\"1256\" data-end=\"1259\" \/>\u2714\ufe0f Atbalsta musku\u013cu, kaulu un nervu sist\u0113mas darb\u012bbu.<br data-start=\"1309\" data-end=\"1312\" \/>\u2714\ufe0f &gt;98 % t\u012br\u012bbas pak\u0101pe, laboratorijas dro\u0161\u012bbas p\u0101rbaude<br data-start=\"1363\" data-end=\"1366\" \/>\u2714\ufe0f Bez \u0122MO, alerg\u0113niem, kr\u0101sviel\u0101m un nevajadz\u012bg\u0101m piedev\u0101m.<br data-start=\"1418\" data-end=\"1421\" \/>\u2714\ufe0f Pulveris ar maigu gar\u0161u - viegli iek\u013caujams ikdienas rut\u012bn\u0101.<br data-start=\"1482\" data-end=\"1485\" \/>\u2714\ufe0f Piem\u0113rots veg\u0101niem<\/p>","protected":false},"featured_media":31876,"comment_status":"open","ping_status":"closed","template":"","meta":{"_acf_changed":false},"product_brand":[433],"product_cat":[57,257,259,123,256,258],"product_tag":[],"class_list":{"0":"post-31850","1":"product","2":"type-product","3":"status-publish","4":"has-post-thumbnail","6":"product_brand-l-cell","7":"product_cat-akcijos","8":"product_cat-atmintis-ir-demesys","9":"product_cat-nuotaika-ir-stresas","10":"product_cat-papildai-ilgaamziskumui","11":"product_cat-smegenims-ir-atminciai","12":"product_cat-smegenu-apsauga","14":"first","15":"instock","16":"sale","17":"shipping-taxable","18":"purchasable","19":"product-type-simple"},"acf":[],"tiered_pricing_type":"fixed","tiered_pricing_fixed_rules":[],"tiered_pricing_product_settings":{"layout":"default","base_unit_name":{"singular":null,"plural":null},"default_variation":null},"tiered_pricing_minimum_quantity":null,"tiered_pricing_roles_data":[],"tiered_pricing_percentage_rules":[],"_links":{"self":[{"href":"https:\/\/purama.lt\/lv\/wp-json\/wp\/v2\/product\/31850","targetHints":{"allow":["GET"]}}],"collection":[{"href":"https:\/\/purama.lt\/lv\/wp-json\/wp\/v2\/product"}],"about":[{"href":"https:\/\/purama.lt\/lv\/wp-json\/wp\/v2\/types\/product"}],"replies":[{"embeddable":true,"href":"https:\/\/purama.lt\/lv\/wp-json\/wp\/v2\/comments?post=31850"}],"wp:featuredmedia":[{"embeddable":true,"href":"https:\/\/purama.lt\/lv\/wp-json\/wp\/v2\/media\/31876"}],"wp:attachment":[{"href":"https:\/\/purama.lt\/lv\/wp-json\/wp\/v2\/media?parent=31850"}],"wp:term":[{"taxonomy":"product_brand","embeddable":true,"href":"https:\/\/purama.lt\/lv\/wp-json\/wp\/v2\/product_brand?post=31850"},{"taxonomy":"product_cat","embeddable":true,"href":"https:\/\/purama.lt\/lv\/wp-json\/wp\/v2\/product_cat?post=31850"},{"taxonomy":"product_tag","embeddable":true,"href":"https:\/\/purama.lt\/lv\/wp-json\/wp\/v2\/product_tag?post=31850"}],"curies":[{"name":"wp","href":"https:\/\/api.w.org\/{rel}","templated":true}]}}