{"id":31849,"date":"2025-01-20T19:28:43","date_gmt":"2025-01-20T19:28:43","guid":{"rendered":"https:\/\/purama.lt\/produktas\/l-cell-magnio-l-treonatas-450mg-kapsules-120-vnt\/"},"modified":"2026-04-14T14:55:36","modified_gmt":"2026-04-14T12:55:36","slug":"l-sunu-magnija-l-treonats-450mg-kapsulas-120-gab","status":"publish","type":"product","link":"https:\/\/purama.lt\/lv\/produktas\/l-cell-magnio-l-treonatas-450mg-kapsules-120-vnt\/","title":{"rendered":"L Cell Magnija L-treon\u0101ts (500 mg kapsulas, 120 gab.)"},"content":{"rendered":"<p><strong>Pat\u0113ri\u0146\u0161:<\/strong> 2 kapsulas no r\u012bta un 2 kapsulas vakar\u0101, uzdzerot gl\u0101zi \u016bdens. Ieteicams lietot regul\u0101ri. Pietiek vienam iepakojumam: <strong>120 kapsulas = 30 dienas<\/strong>, ja 4\/d. <\/p>\n\n\n\n<hr class=\"wp-block-separator has-alpha-channel-opacity\"\/>\n\n\n\n<p><strong>Sast\u0101vda\u013cas:<\/strong> Magnija L-treon\u0101ts, kapsulas apvalks (hipromeluloze), cinka glikon\u0101ts, holekalciferols.<\/p>\n\n\n\n<hr class=\"wp-block-separator has-alpha-channel-opacity\"\/>\n\n\n\n<p><strong>Uzturv\u0113rt\u012bba<\/strong> (4 kapsulas):<\/p>\n\n\n\n<figure class=\"wp-block-table\"><table class=\"has-fixed-layout\"><thead><tr><th><strong>Uzturviela<\/strong><\/th><th><strong>Daudzums<\/strong><\/th><th><strong>% RMV*<\/strong><\/th><\/tr><\/thead><tbody><tr><td>Magnija L-treon\u0101ts<\/td><td>2000 mg (4 kapsulas)<\/td><td>-<\/td><\/tr><tr><td>...no kuras magnijs<\/td><td>144 mg<\/td><td>39 %<\/td><\/tr><tr><td>Cinks<\/td><td>1,5 mg<\/td><td>15 %<\/td><\/tr><tr><td>D3 vitam\u012bns<\/td><td>0,75 \u00b5g<\/td><td>15 %<\/td><\/tr><\/tbody><\/table><\/figure>\n\n\n\n<p>*RMV - atsauces uzturv\u0113rt\u012bba<br>**RMV nav nor\u0101d\u012bts<\/p>\n\n\n\n<h3 class=\"wp-block-heading\">Bie\u017e\u0101k uzdotie jaut\u0101jumi par L Cell magnija L-treon\u0101tu<\/h3>\n\n\n\n<p><strong>Cik daudz magnija L-treon\u0101ts ir vien\u0101 kapsul\u0101?<\/strong><br>Viena kapsula satur <strong>500 mg magnija L-treon\u0101ta<\/strong>.<\/p>\n\n\n\n<p><strong>K\u0101da ir ieteicam\u0101 dienas deva?<\/strong><br>Ieteicam\u0101 dienas deva - <strong>4 kapsulas dien\u0101<\/strong>.<\/p>\n\n\n\n<p><strong>Cik daudz magnija L-treon\u0101ta tiek ieg\u016bts vien\u0101 dienas dev\u0101?<\/strong><br>Dienas deva (4 kapsulas) nodro\u0161ina <strong>2000 mg magnija L-treon\u0101ta<\/strong>.<\/p>\n\n\n\n<p><strong>K\u0101ds ir lab\u0101kais veids, k\u0101 to lietot dienas laik\u0101?<\/strong><br>\u0112rta lieto\u0161ana <strong>2 kapsulas no r\u012bta un 2 vakar\u0101<\/strong>, ar \u016bdeni.<\/p>\n\n\n\n<p><strong>Cik daudz iepakojuma ir pietiekami?<\/strong><br>Iepakojum\u0101 <strong>120 kapsulas<\/strong>. 4 reizes dien\u0101 pietiek ar aptuveni <strong>30 dienas<\/strong>.<\/p>\n\n\n\n<p><strong>Vai to var lietot kop\u0101 ar p\u0101rtiku?<\/strong><br>J\u0101, to var izmantot <strong>\u0113\u0161anas laik\u0101 vai p\u0113c \u0113\u0161anas<\/strong>, atkar\u012bb\u0101 no individu\u0101laj\u0101m \u0113rt\u012bb\u0101m.<\/p>\n\n\n\n<h3 class=\"wp-block-heading\">Sal\u012bdzin\u0101t ar citiem magnija l-treon\u0101ta variantiem<\/h3>\n\n\n\n<ul class=\"wp-block-list\">\n<li><a href=\"https:\/\/purama.lt\/lv\/products\/l-sunu-magnija-l-treonats-450mg-kapsulas-120-gab\/\">L-Cell kapsulas (120 gab.)<\/a> - lai nodro\u0161in\u0101tu vis\u0113rt\u0101ko darba re\u017e\u012bmu.<\/li>\n\n\n\n<li><a href=\"https:\/\/purama.lt\/lv\/products\/l-sunu-magnija-l-treonata-pulveris-60g\/\">L-Cell pulveris (60 g)<\/a> - elast\u012bg\u0101kai doz\u0113\u0161anai.<\/li>\n\n\n\n<li><a href=\"https:\/\/purama.lt\/lv\/products\/slavic-labs-brainmag-magnija-l-treonats-stresa-vadibas-papildinajums-50g\/\">Slavic Labs BrainMag (50 g)<\/a> - porciju kontrolei (1-3 porcijas dien\u0101).<\/li>\n<\/ul>\n\n\n\n<p><strong>Saist\u012bt\u0101 rokasgr\u0101mata:<\/strong><a href=\"https:\/\/purama.lt\/lv\/magnija-l-treonats\/\"> Magnija L-treon\u0101ts: kam, k\u0101 lietot un sal\u012bdzin\u0101jums ar bisglicin\u0101tu<\/a><\/p>\n\n\n\n<p>Rakst\u0101 sniegts kl\u012bnisko p\u0113t\u012bjumu kopsavilkums, doz\u0113\u0161anas lo\u0123ika (element\u0101rais magnijs) un skaidra izv\u0113le starp da\u017e\u0101d\u0101m magnija L-treon\u0101ta form\u0101m.<\/p>\n\n\n\n<p>Vai mekl\u0113jat vair\u0101k? Apskatiet visu <a href=\"\/lv\/produktu-etiketes\/l-cell\/\">L Cell sortimentu<\/a>.<\/p>","protected":false},"excerpt":{"rendered":"<p data-start=\"209\" data-end=\"301\"><strong data-start=\"213\" data-end=\"301\">L Cell Magnija L-treon\u0101ts - gudra izv\u0113le pr\u0101tam, ener\u0123ijai un ilgm\u016b\u017e\u012bbai\u00a0<\/strong><strong data-start=\"303\" data-end=\"336\">L \u0161\u016bnu magnija L-treon\u0101ts\u00ae<\/strong> Kapsulas ir uzlabota magnija forma, kas ne tikai uztur organisma visp\u0101r\u0113jo l\u012bdzsvaru, bet ar\u012b sasniedz t\u0101s vietas, kur tas ir visvair\u0101k nepiecie\u0161ams. <strong data-start=\"469\" data-end=\"481\">Smadzenes<\/strong>. Magnijs pal\u012bdz uztur\u0113t <strong data-start=\"2554\" data-end=\"2588\">norm\u0101la nervu sist\u0113mas darb\u012bba<\/strong>, <strong data-start=\"2590\" data-end=\"2615\">psiholo\u0123isk\u0101 funkcija<\/strong>, <strong data-start=\"2617\" data-end=\"2639\">ener\u0123ijas vielmai\u0146a<\/strong> un <strong data-start=\"2643\" data-end=\"2663\">samazin\u0101t nogurumu.<\/strong>. \u0160\u012b formula ar\u012b pal\u012bdz mazin\u0101t nogurumu, uztur\u0113t musku\u013cu funkciju, kaulu un nervu sist\u0113mas l\u012bdzsvaru. Tiem, kas mekl\u0113 augstas kvalit\u0101tes, efekt\u012bvu un zin\u0101tniski apstiprin\u0101tu magnija avotu, \u0161is ir ide\u0101ls risin\u0101jums ikdienas atbalstam. <\/p>\n<p><strong data-start=\"926\" data-end=\"950\"> K\u0101p\u0113c izv\u0113l\u0113ties:<br \/><\/strong>\u2714\ufe0f 500 mg vien\u0101 kapsul\u0101 (2000 mg dien\u0101 - 4 kapsulas)<br data-start=\"997\" data-end=\"1000\" \/>\u2714\ufe0f Magnija forma, ko bie\u017e\u0101k apsprie\u017e saist\u012bb\u0101 ar kognit\u012bvaj\u0101m funkcij\u0101m un miegu.<br data-start=\"1054\" data-end=\"1057\" \/>\u2714\ufe0f Atbalsta kognit\u012bv\u0101s sp\u0113jas, uzman\u012bbu un gar\u012bgo labsaj\u016btu.<br data-start=\"1120\" data-end=\"1123\" \/>\u2714\ufe0f Pal\u012bdz mazin\u0101t nogurumu, uztur musku\u013cus, kaulus un ener\u0123ijas vielmai\u0146u.<br data-start=\"1197\" data-end=\"1200\" \/>\u2714\ufe0f &gt;99 % t\u012br\u012bbas pak\u0101pe, bez \u0122MO un nevajadz\u012bg\u0101m piedev\u0101m.<br data-start=\"1248\" data-end=\"1251\" \/>\u2714\ufe0f Kapsulu forma - \u0113rti lietot jebkur\u0101 viet\u0101 un jebkur\u0101 laik\u0101.<br data-start=\"1305\" data-end=\"1308\" \/>\u2714\ufe0f Veg\u0101nu formula - HPMC kapsulas bez \u017eelat\u012bna<br data-start=\"1357\" data-end=\"1360\" \/>\u2714\ufe0f Ra\u017eo\u0161ana un kvalit\u0101tes kontrole atbilst farmaceitisk\u0101s kvalit\u0101tes standartiem.<\/p>","protected":false},"featured_media":43588,"comment_status":"closed","ping_status":"closed","template":"","meta":{"_acf_changed":false},"product_brand":[433],"product_cat":[57,257,259,123,256,258],"product_tag":[],"class_list":{"0":"post-31849","1":"product","2":"type-product","3":"status-publish","4":"has-post-thumbnail","6":"product_brand-l-cell","7":"product_cat-akcijos","8":"product_cat-atmintis-ir-demesys","9":"product_cat-nuotaika-ir-stresas","10":"product_cat-papildai-ilgaamziskumui","11":"product_cat-smegenims-ir-atminciai","12":"product_cat-smegenu-apsauga","14":"first","15":"instock","16":"sale","17":"shipping-taxable","18":"purchasable","19":"product-type-simple"},"acf":[],"tiered_pricing_type":"fixed","tiered_pricing_fixed_rules":[],"tiered_pricing_product_settings":{"layout":"default","base_unit_name":{"singular":null,"plural":null},"default_variation":null},"tiered_pricing_minimum_quantity":null,"tiered_pricing_roles_data":[],"tiered_pricing_percentage_rules":[],"_links":{"self":[{"href":"https:\/\/purama.lt\/lv\/wp-json\/wp\/v2\/product\/31849","targetHints":{"allow":["GET"]}}],"collection":[{"href":"https:\/\/purama.lt\/lv\/wp-json\/wp\/v2\/product"}],"about":[{"href":"https:\/\/purama.lt\/lv\/wp-json\/wp\/v2\/types\/product"}],"replies":[{"embeddable":true,"href":"https:\/\/purama.lt\/lv\/wp-json\/wp\/v2\/comments?post=31849"}],"wp:featuredmedia":[{"embeddable":true,"href":"https:\/\/purama.lt\/lv\/wp-json\/wp\/v2\/media\/43588"}],"wp:attachment":[{"href":"https:\/\/purama.lt\/lv\/wp-json\/wp\/v2\/media?parent=31849"}],"wp:term":[{"taxonomy":"product_brand","embeddable":true,"href":"https:\/\/purama.lt\/lv\/wp-json\/wp\/v2\/product_brand?post=31849"},{"taxonomy":"product_cat","embeddable":true,"href":"https:\/\/purama.lt\/lv\/wp-json\/wp\/v2\/product_cat?post=31849"},{"taxonomy":"product_tag","embeddable":true,"href":"https:\/\/purama.lt\/lv\/wp-json\/wp\/v2\/product_tag?post=31849"}],"curies":[{"name":"wp","href":"https:\/\/api.w.org\/{rel}","templated":true}]}}