{"id":31848,"date":"2025-01-20T19:28:43","date_gmt":"2025-01-20T19:28:43","guid":{"rendered":"https:\/\/purama.lt\/produktas\/l-cell-l-teaninas-milteliai-23g\/"},"modified":"2026-04-03T14:54:46","modified_gmt":"2026-04-03T12:54:46","slug":"l-sunu-l-teanina-pulveris-23g","status":"publish","type":"product","link":"https:\/\/purama.lt\/lv\/produktas\/l-cell-l-teaninas-milteliai-23g\/","title":{"rendered":"L Cell L-tean\u012bns (pulveris, 23g)"},"content":{"rendered":"<p><strong>Pat\u0113ri\u0146\u0161:<\/strong> 1 karote (200 mg) pulvera pirms gul\u0113tie\u0161anas. Sajauc ar \u016bdeni vai citu \u0161\u0137idrumu un izdzer. Piem\u0113rots lieto\u0161anai ar\u012b dienas laik\u0101 spriedzes vai trauksmes gad\u012bjum\u0101.<\/p>\n\n\n\n<hr class=\"wp-block-separator has-alpha-channel-opacity\"\/>\n\n\n\n<p><strong>Sast\u0101vda\u013cas:<\/strong> Za\u013c\u0101s t\u0113jas ekstrakts (\u226580 % L-tean\u012bns), cinka glikon\u0101ts, tiam\u012bna hidrohlor\u012bds.<\/p>\n\n\n\n<hr class=\"wp-block-separator has-alpha-channel-opacity\"\/>\n\n\n\n<p><strong>Uzturv\u0113rt\u012bba<\/strong> (1 m\u0113rkarote):<\/p>\n\n\n\n<figure class=\"wp-block-table\"><table class=\"has-fixed-layout\"><thead><tr><th><strong>Uzturviela<\/strong><\/th><th><strong>Daudzums<\/strong><\/th><th><strong>% RMV*<\/strong><\/th><\/tr><\/thead><tbody><tr><td>Za\u013c\u0101s t\u0113jas ekstrakts<\/td><td>250 mg<\/td><td>-<\/td><\/tr><tr><td>...no kuras L-Teanino<\/td><td>200 mg<\/td><td>-<\/td><\/tr><tr><td>Cinks<\/td><td>1,5 mg<\/td><td>15 %<\/td><\/tr><tr><td>Tiam\u012bns (B1 vitam\u012bns)<\/td><td>0,165 mg<\/td><td>15 %<\/td><\/tr><\/tbody><\/table><\/figure>\n\n\n\n<p>*RMV - atsauces uzturv\u0113rt\u012bba<br>**RMV nav nor\u0101d\u012bts<\/p>\n\n\n\n<p>Vai mekl\u0113jat vair\u0101k? Apskatiet visu <a href=\"\/lv\/produktu-etiketes\/l-cell\/\">L Cell sortimentu<\/a>.<\/p>","protected":false},"excerpt":{"rendered":"<p data-start=\"169\" data-end=\"259\"><strong data-start=\"173\" data-end=\"259\">L \u0161\u016bnu L-tean\u012bns - iek\u0161\u0113jam mieram, skaidr\u0101m dom\u0101m un dzi\u013cai relaks\u0101cijai\u00a0<\/strong><strong data-start=\"261\" data-end=\"283\">L \u0161\u016bnu L-tean\u012bns\u00ae<\/strong> - ir dabiska formula, kas pagatavota no za\u013c\u0101s t\u0113jas ekstrakta, lai uztur\u0113tu emocion\u0101lo l\u012bdzsvaru, mazin\u0101tu spriedzi un veicin\u0101tu kvalitat\u012bvu atp\u016btu. Vien\u0101 porcij\u0101 ir 200 mg L-tean\u012bna, kas paz\u012bstams ar savu sp\u0113ju nomierin\u0101t pr\u0101tu bez miegain\u012bbas saj\u016btas. Ide\u0101li piem\u0113rots vakara ritu\u0101lam vai stresa p\u0101rvar\u0113\u0161anai dienas laik\u0101. Papildus emocion\u0101laj\u0101m priek\u0161roc\u012bb\u0101m L-tean\u012bns veicina ar\u012b vielmai\u0146as un \u0161\u016bnu aizsardz\u012bbas procesus - tas ir antioksidants un autof\u0101\u0123ijas modulators, kas pal\u012bdz atbalst\u012bt organisma iek\u0161\u0113jo atjauno\u0161anos. <\/p>\n<p><strong data-start=\"805\" data-end=\"829\"> K\u0101p\u0113c izv\u0113l\u0113ties:<br \/><\/strong>\u2714\ufe0f 200 mg L-tean\u012bna - zin\u0101tniski pamatota dienas deva<br data-start=\"884\" data-end=\"887\" \/>\u2714\ufe0f Nomierina bez miegain\u012bbas - labv\u0113l\u012bgi pr\u0101tam, stresam un kvalitat\u012bvam miegam.<br data-start=\"959\" data-end=\"962\" \/>\u2714\ufe0f Veicina norm\u0101lu nervu sist\u0113mas darb\u012bbu.<br data-start=\"1012\" data-end=\"1015\" \/>\u2714\ufe0f Izgatavots no za\u013c\u0101s t\u0113jas - dab\u012bgs avots.<br data-start=\"1070\" data-end=\"1073\" \/>\u2714\ufe0f Veicina \u0161\u016bnu aizsardz\u012bbu un ilgm\u016b\u017e\u012bbu.<br data-start=\"1117\" data-end=\"1120\" \/>\u2714\ufe0f Nav \u0122MO, alerg\u0113nu, aromatiz\u0113t\u0101ju un m\u0101ksl\u012bgo piedevu.<br data-start=\"1178\" data-end=\"1181\" \/>\u2714\ufe0f Piem\u0113rots veg\u0101niem - t\u012bras augu izcelsmes sast\u0101vda\u013cas<br data-start=\"1223\" data-end=\"1226\" \/>\u2714\ufe0f T\u012br\u012bbas un nekait\u012bguma p\u0101rbaude laboratorij\u0101<\/p>\n<p><strong>Pieg\u0101de uz Latviju:<\/strong> 2-3 darba dienas.<\/p>","protected":false},"featured_media":31875,"comment_status":"open","ping_status":"closed","template":"","meta":{"_acf_changed":false},"product_brand":[433],"product_cat":[122,259,123,256],"product_tag":[],"class_list":{"0":"post-31848","1":"product","2":"type-product","3":"status-publish","4":"has-post-thumbnail","6":"product_brand-l-cell","7":"product_cat-lasteliu-jaunystei","8":"product_cat-nuotaika-ir-stresas","9":"product_cat-papildai-ilgaamziskumui","10":"product_cat-smegenims-ir-atminciai","12":"first","13":"instock","14":"shipping-taxable","15":"purchasable","16":"product-type-simple"},"acf":[],"tiered_pricing_type":"fixed","tiered_pricing_fixed_rules":[],"tiered_pricing_product_settings":{"layout":"default","base_unit_name":{"singular":null,"plural":null},"default_variation":null},"tiered_pricing_minimum_quantity":null,"tiered_pricing_roles_data":[],"tiered_pricing_percentage_rules":[],"_links":{"self":[{"href":"https:\/\/purama.lt\/lv\/wp-json\/wp\/v2\/product\/31848","targetHints":{"allow":["GET"]}}],"collection":[{"href":"https:\/\/purama.lt\/lv\/wp-json\/wp\/v2\/product"}],"about":[{"href":"https:\/\/purama.lt\/lv\/wp-json\/wp\/v2\/types\/product"}],"replies":[{"embeddable":true,"href":"https:\/\/purama.lt\/lv\/wp-json\/wp\/v2\/comments?post=31848"}],"wp:featuredmedia":[{"embeddable":true,"href":"https:\/\/purama.lt\/lv\/wp-json\/wp\/v2\/media\/31875"}],"wp:attachment":[{"href":"https:\/\/purama.lt\/lv\/wp-json\/wp\/v2\/media?parent=31848"}],"wp:term":[{"taxonomy":"product_brand","embeddable":true,"href":"https:\/\/purama.lt\/lv\/wp-json\/wp\/v2\/product_brand?post=31848"},{"taxonomy":"product_cat","embeddable":true,"href":"https:\/\/purama.lt\/lv\/wp-json\/wp\/v2\/product_cat?post=31848"},{"taxonomy":"product_tag","embeddable":true,"href":"https:\/\/purama.lt\/lv\/wp-json\/wp\/v2\/product_tag?post=31848"}],"curies":[{"name":"wp","href":"https:\/\/api.w.org\/{rel}","templated":true}]}}