{"id":31847,"date":"2025-01-20T19:28:42","date_gmt":"2025-01-20T19:28:42","guid":{"rendered":"https:\/\/purama.lt\/produktas\/l-cell-l-teaninas-200mg-kapsules-30-vnt\/"},"modified":"2026-04-07T12:49:52","modified_gmt":"2026-04-07T10:49:52","slug":"l-sunu-l-teanins-200-mg-kapsulas-30-gab","status":"publish","type":"product","link":"https:\/\/purama.lt\/lv\/produktas\/l-cell-l-teaninas-200mg-kapsules-30-vnt\/","title":{"rendered":"L Cell L-tean\u012bns (200 mg kapsulas, 30 gab.)"},"content":{"rendered":"<p><strong>Pat\u0113ri\u0146\u0161:<\/strong> 1 kapsula pirms gul\u0113tie\u0161anas, uzdzerot gl\u0101zi \u016bdens. Piem\u0113rots lieto\u0161anai dienas laik\u0101 stresa vai emocion\u0101la l\u012bdzsvara trauc\u0113jumu gad\u012bjum\u0101.<\/p>\n\n\n\n<hr class=\"wp-block-separator has-alpha-channel-opacity\"\/>\n\n\n\n<p><strong>Sast\u0101vda\u013cas:<\/strong> Za\u013c\u0101s t\u0113jas ekstrakts (\u226580 % L-tean\u012bns), kapsulas apvalks (hipromelozes), cinka glikon\u0101ts, tiam\u012bna hidrohlor\u012bds.<\/p>\n\n\n\n<hr class=\"wp-block-separator has-alpha-channel-opacity\"\/>\n\n\n\n<p><strong>Uzturv\u0113rt\u012bba<\/strong> (1 kapsula):<\/p>\n\n\n\n<figure class=\"wp-block-table\"><table class=\"has-fixed-layout\"><thead><tr><th><strong>Uzturviela<\/strong><\/th><th><strong>Daudzums<\/strong><\/th><th><strong>% RMV*<\/strong><\/th><\/tr><\/thead><tbody><tr><td>Za\u013c\u0101s t\u0113jas ekstrakts<\/td><td>250 mg<\/td><td>-<\/td><\/tr><tr><td>...no kuras L-Teanino<\/td><td>200 mg<\/td><td>-<\/td><\/tr><tr><td>Cinks<\/td><td>1,5 mg<\/td><td>15 %<\/td><\/tr><tr><td>Tiam\u012bns (B1 vitam\u012bns)<\/td><td>0,165 mg<\/td><td>15 %<\/td><\/tr><\/tbody><\/table><\/figure>\n\n\n\n<p>*RMV - atsauces uzturv\u0113rt\u012bba<br>**RMV nav nor\u0101d\u012bts<\/p>\n\n\n\n<p>Vai mekl\u0113jat vair\u0101k? Apskatiet visu <a href=\"\/lv\/produktu-etiketes\/l-cell\/\">L Cell sortimentu<\/a>.<\/p>","protected":false},"excerpt":{"rendered":"<p data-start=\"174\" data-end=\"235\"><strong data-start=\"178\" data-end=\"235\">L \u0161\u016bnu L-tean\u012bns - miers, ko j\u016bsu pr\u0101ts ir gaid\u012bjis\u00a0<\/strong><strong data-start=\"237\" data-end=\"259\">L \u0161\u016bnu L-tean\u012bns\u00ae<\/strong> - Tas ir dabisks, maigs uztura bag\u0101tin\u0101t\u0101js, kas pal\u012bdz pr\u0101tam pal\u0113nin\u0101ties un dom\u0101m apvienoties. No za\u013c\u0101s t\u0113jas ekstrakta ieg\u016btais L-tean\u012bns ir paz\u012bstams ar savu sp\u0113ju mazin\u0101t spriedzi, uzlabot emocion\u0101lo st\u0101vokli un veicin\u0101t iek\u0161\u0113jo l\u012bdzsvaru, nemazinot modr\u012bbu. Viena kapsula satur 200 mg \u0161\u012bs vielas, kas paredz\u0113ta, lai vakari b\u016btu mier\u012bg\u0101ki un r\u012btdiena gai\u0161\u0101ka. Papildus ietekmei uz emocion\u0101lo vesel\u012bbu L-tean\u012bns veicina ar\u012b vielmai\u0146as procesus, \u0161\u016bnu aizsardz\u012bbu un visp\u0101r\u0113jo nervu sist\u0113mas l\u012bdzsvaru.<\/p>\n<p data-start=\"801\" data-end=\"829\"><strong data-start=\"805\" data-end=\"829\">K\u0101p\u0113c izv\u0113l\u0113ties:<br \/><\/strong>\u2714\ufe0f 200 mg L-tean\u012bna vien\u0101 kapsul\u0101 - efekt\u012bva dienas deva.<br data-start=\"893\" data-end=\"896\" \/>\u2714\ufe0f Nomierina bez miegain\u012bbas - piem\u0113rots pirms gul\u0113tie\u0161anas vai stresa gad\u012bjum\u0101.<br data-start=\"959\" data-end=\"962\" \/>\u2714\ufe0f Atbalsta psiholo\u0123isko un nervu sist\u0113mas darb\u012bbu<br data-start=\"1010\" data-end=\"1013\" \/>\u2714\ufe0f Izgatavots no za\u013c\u0101s t\u0113jas ekstrakta - dab\u012bgs avots<br data-start=\"1077\" data-end=\"1080\" \/>\u2714\ufe0f Veicina vielmai\u0146u un \u0161\u016bnu aizsardz\u012bbu.<br data-start=\"1137\" data-end=\"1140\" \/>\u2714\ufe0f Piem\u0113rots veg\u0101niem - kapsulas bez \u017eelat\u012bna<br data-start=\"1181\" data-end=\"1184\" \/>\u2714\ufe0f Nav \u0122MO, aromatiz\u0113t\u0101ju, konservantu un alerg\u0113nu.<br data-start=\"1237\" data-end=\"1240\" \/>\u2714\ufe0f Farmaceitisk\u0101s kvalit\u0101tes un t\u012br\u012bbas kontrole<\/p>","protected":false},"featured_media":31889,"comment_status":"open","ping_status":"closed","template":"","meta":{"_acf_changed":false},"product_brand":[433],"product_cat":[122,57,259,123,256],"product_tag":[],"class_list":{"0":"post-31847","1":"product","2":"type-product","3":"status-publish","4":"has-post-thumbnail","6":"product_brand-l-cell","7":"product_cat-lasteliu-jaunystei","8":"product_cat-akcijos","9":"product_cat-nuotaika-ir-stresas","10":"product_cat-papildai-ilgaamziskumui","11":"product_cat-smegenims-ir-atminciai","13":"first","14":"instock","15":"sale","16":"shipping-taxable","17":"purchasable","18":"product-type-simple"},"acf":[],"tiered_pricing_type":"fixed","tiered_pricing_fixed_rules":[],"tiered_pricing_product_settings":{"layout":"default","base_unit_name":{"singular":null,"plural":null},"default_variation":null},"tiered_pricing_minimum_quantity":null,"tiered_pricing_roles_data":[],"tiered_pricing_percentage_rules":[],"_links":{"self":[{"href":"https:\/\/purama.lt\/lv\/wp-json\/wp\/v2\/product\/31847","targetHints":{"allow":["GET"]}}],"collection":[{"href":"https:\/\/purama.lt\/lv\/wp-json\/wp\/v2\/product"}],"about":[{"href":"https:\/\/purama.lt\/lv\/wp-json\/wp\/v2\/types\/product"}],"replies":[{"embeddable":true,"href":"https:\/\/purama.lt\/lv\/wp-json\/wp\/v2\/comments?post=31847"}],"wp:featuredmedia":[{"embeddable":true,"href":"https:\/\/purama.lt\/lv\/wp-json\/wp\/v2\/media\/31889"}],"wp:attachment":[{"href":"https:\/\/purama.lt\/lv\/wp-json\/wp\/v2\/media?parent=31847"}],"wp:term":[{"taxonomy":"product_brand","embeddable":true,"href":"https:\/\/purama.lt\/lv\/wp-json\/wp\/v2\/product_brand?post=31847"},{"taxonomy":"product_cat","embeddable":true,"href":"https:\/\/purama.lt\/lv\/wp-json\/wp\/v2\/product_cat?post=31847"},{"taxonomy":"product_tag","embeddable":true,"href":"https:\/\/purama.lt\/lv\/wp-json\/wp\/v2\/product_tag?post=31847"}],"curies":[{"name":"wp","href":"https:\/\/api.w.org\/{rel}","templated":true}]}}