{"id":31845,"date":"2025-01-20T19:28:42","date_gmt":"2025-01-20T19:28:42","guid":{"rendered":"https:\/\/purama.lt\/produktas\/l-cell-glynac-500mg-kapsules-60vnt\/"},"modified":"2026-04-29T14:17:46","modified_gmt":"2026-04-29T12:17:46","slug":"l-sunu-glikac-500mg-kapsulas-60gab","status":"publish","type":"product","link":"https:\/\/purama.lt\/lv\/produktas\/l-cell-glynac-500mg-kapsules-60vnt\/","title":{"rendered":"L Cell GlyNAC (500 mg kapsulas, 60 gab.)"},"content":{"rendered":"<p><strong>Pat\u0113ri\u0146\u0161:<\/strong> 1 kapsula dien\u0101 pirms gul\u0113tie\u0161anas, uzdzerot gl\u0101zi \u016bdens.<\/p>\n\n\n\n<hr class=\"wp-block-separator has-alpha-channel-opacity\" \/>\n\n\n\n<p><strong>Sast\u0101vda\u013cas:<\/strong> Glic\u012bns, N-acetilciste\u012bns, kapsulas apvalks (hipromelozi), cinka glikon\u0101ts, tiam\u012bna hidrohlor\u012bds, holekalciferols.<\/p>\n\n\n\n<hr class=\"wp-block-separator has-alpha-channel-opacity\" \/>\n\n\n\n<p><strong>Uzturv\u0113rt\u012bba<\/strong> (1 kapsula):<\/p>\n\n\n\n<figure class=\"wp-block-table\"><table class=\"has-fixed-layout\"><thead><tr><th><strong>Uzturviela<\/strong><\/th><th><strong>Daudzums<\/strong><\/th><th><strong>% RMV*<\/strong><\/th><\/tr><\/thead><tbody><tr><td>Glic\u012bns<\/td><td>310 mg<\/td><td>-<\/td><\/tr><tr><td>N-acetilciste\u012bns<\/td><td>190 mg<\/td><td>-<\/td><\/tr><tr><td>Cinks<\/td><td>1,5 mg<\/td><td>15 %<\/td><\/tr><tr><td>Tiam\u012bns (B1 vitam\u012bns)<\/td><td>0,165 mg<\/td><td>15 %<\/td><\/tr><tr><td>D3 vitam\u012bns<\/td><td>0,75 \u00b5g<\/td><td>15 %<\/td><\/tr><\/tbody><\/table><\/figure>\n\n\n\n<p>*RMV - atsauces uzturv\u0113rt\u012bba<br>**RMV nav nor\u0101d\u012bts<\/p>\n\n\n\n<p><a href=\"https:\/\/drive.google.com\/file\/d\/1OCJjLg6Bl6FbE2B-Tt8HSfgWe30hk91l\/view\" target=\"_blank\" rel=\"noreferrer noopener\">COA sertifik\u0101ts<\/a><\/p>\n\n\n\n<p>Vai mekl\u0113jat vair\u0101k? Apskatiet visu <a href=\"\/lv\/produktu-etiketes\/l-cell\/\">L Cell sortimentu<\/a>.<\/p>","protected":false},"excerpt":{"rendered":"<p data-start=\"211\" data-end=\"297\"><strong data-start=\"215\" data-end=\"297\">L Cell GlyNAC - \u0161\u016bnu atjauno\u0161ana ener\u0123ijai, pr\u0101ta skaidr\u012bbai un ilgm\u016b\u017e\u012bbai. <\/strong><strong data-start=\"299\" data-end=\"317\">L Cell GlyNAC\u00ae<\/strong> - ir divu neaizvietojamu aminosk\u0101bju - glic\u012bna un N-acetilciste\u012bna - kombin\u0101cija, kas veicina dabisko glutationa l\u012bmeni organism\u0101. Glutations ir viens no svar\u012bg\u0101kajiem iek\u0161\u0113jiem antioksidantiem, kas aizsarg\u0101 \u0161\u016bnas pret oksidat\u012bvo stresu, noveco\u0161anos un iekaisuma izrais\u012btiem boj\u0101jumiem. GlyNAC var pal\u012bdz\u0113t uztur\u0113t ener\u0123iju, skaidr\u0101ku dom\u0101\u0161anu, lab\u0101ku fizisko sagatavot\u012bbu un \u0101tr\u0101ku atvese\u013co\u0161anos p\u0113c fiziska vai emocion\u0101la stresa. \u0160o formulu arvien vair\u0101k nov\u0113rt\u0113 ne tikai sportisti, bet ar\u012b tie, kas mekl\u0113 ilgtermi\u0146a atbalstu vesel\u012bbai. <\/p>\n<p><strong data-start=\"851\" data-end=\"875\"> K\u0101p\u0113c izv\u0113l\u0113ties:<br \/><\/strong>\u2714\ufe0f 500 mg GlyNAC vien\u0101 kapsul\u0101 ir optim\u0101lais dienas daudzums.<br data-start=\"937\" data-end=\"940\" \/>\u2714\ufe0f Veicina \u0161\u016bnu aizsardz\u012bbu pret oksidat\u012bvo stresu.<br data-start=\"990\" data-end=\"993\" \/>\u2714\ufe0f Veicina ener\u0123ijas ra\u017eo\u0161anu, nervu un musku\u013cu darb\u012bbu.<br data-start=\"1054\" data-end=\"1057\" \/>\u2714\ufe0f Stimul\u0113 glutationa sint\u0113zi - stiprina imunit\u0101ti un ilgm\u016b\u017e\u012bbu.<br data-start=\"1128\" data-end=\"1131\" \/>\u2714\ufe0f &gt;99 % t\u012br\u012bbas pak\u0101pe - bez liek\u0101m piedev\u0101m.<br data-start=\"1173\" data-end=\"1176\" \/>\u2714\ufe0f Veg\u0101nu sast\u0101vs - augu HPMC kapsulas<br data-start=\"1222\" data-end=\"1225\" \/>\u2714\ufe0f Laboratoriski p\u0101rbaud\u012bta dro\u0161\u012bba un efektivit\u0101te.<br data-start=\"1278\" data-end=\"1281\" \/>\u2714\ufe0f Nesatur \u0122MO, konservantus, aromatiz\u0113t\u0101jus un alerg\u0113nus.<\/p>\n<p><strong>Pieg\u0101de uz Latviju:<\/strong> 2-3 darba dienas.<\/p>","protected":false},"featured_media":31873,"comment_status":"open","ping_status":"closed","template":"","meta":{"_acf_changed":false},"product_brand":[433],"product_cat":[122,251,257,248,123,249,256],"product_tag":[],"class_list":{"0":"post-31845","1":"product","2":"type-product","3":"status-publish","4":"has-post-thumbnail","6":"product_brand-l-cell","7":"product_cat-lasteliu-jaunystei","8":"product_cat-antioksidantai","9":"product_cat-atmintis-ir-demesys","10":"product_cat-nad-ir-mitochondrijos","11":"product_cat-papildai-ilgaamziskumui","12":"product_cat-senolitikai","13":"product_cat-smegenims-ir-atminciai","15":"first","16":"outofstock","17":"shipping-taxable","18":"purchasable","19":"product-type-simple"},"acf":[],"tiered_pricing_type":"fixed","tiered_pricing_fixed_rules":[],"tiered_pricing_product_settings":{"layout":"default","base_unit_name":{"singular":null,"plural":null},"default_variation":null},"tiered_pricing_minimum_quantity":null,"tiered_pricing_roles_data":[],"tiered_pricing_percentage_rules":[],"_links":{"self":[{"href":"https:\/\/purama.lt\/lv\/wp-json\/wp\/v2\/product\/31845","targetHints":{"allow":["GET"]}}],"collection":[{"href":"https:\/\/purama.lt\/lv\/wp-json\/wp\/v2\/product"}],"about":[{"href":"https:\/\/purama.lt\/lv\/wp-json\/wp\/v2\/types\/product"}],"replies":[{"embeddable":true,"href":"https:\/\/purama.lt\/lv\/wp-json\/wp\/v2\/comments?post=31845"}],"wp:featuredmedia":[{"embeddable":true,"href":"https:\/\/purama.lt\/lv\/wp-json\/wp\/v2\/media\/31873"}],"wp:attachment":[{"href":"https:\/\/purama.lt\/lv\/wp-json\/wp\/v2\/media?parent=31845"}],"wp:term":[{"taxonomy":"product_brand","embeddable":true,"href":"https:\/\/purama.lt\/lv\/wp-json\/wp\/v2\/product_brand?post=31845"},{"taxonomy":"product_cat","embeddable":true,"href":"https:\/\/purama.lt\/lv\/wp-json\/wp\/v2\/product_cat?post=31845"},{"taxonomy":"product_tag","embeddable":true,"href":"https:\/\/purama.lt\/lv\/wp-json\/wp\/v2\/product_tag?post=31845"}],"curies":[{"name":"wp","href":"https:\/\/api.w.org\/{rel}","templated":true}]}}