{"id":31844,"date":"2025-01-20T19:28:42","date_gmt":"2025-01-20T19:28:42","guid":{"rendered":"https:\/\/purama.lt\/produktas\/l-cell-fisetinas-milteliai-15g\/"},"modified":"2026-04-14T14:30:33","modified_gmt":"2026-04-14T12:30:33","slug":"l-sunu-fisetins-pulveris-15g","status":"publish","type":"product","link":"https:\/\/purama.lt\/lv\/produktas\/l-cell-fisetinas-milteliai-15g\/","title":{"rendered":"L Cell Fisetin (pulveris, 15g)"},"content":{"rendered":"<p><strong>Pat\u0113ri\u0146\u0161:<\/strong> No r\u012bta 1-2 kausi\u0146i pulvera (250-500 mg fiset\u012bna). Maksim\u0101lai uzs\u016bk\u0161anai lietojiet kop\u0101 ar trekniem \u0113dieniem, piem\u0113ram, jogurtu, avokado, ol\u012bve\u013c\u013cu u. c.<\/p>\n\n\n\n<hr class=\"wp-block-separator has-alpha-channel-opacity\"\/>\n\n\n\n<p><strong>Sast\u0101vda\u013cas:<\/strong> Eiropas P\u016bkaino bumbu\u013cu ekstrakts (\u226598 % fiset\u012bns), cinka glikon\u0101ts, holekalciferols.<\/p>\n\n\n\n<hr class=\"wp-block-separator has-alpha-channel-opacity\"\/>\n\n\n\n<p><strong>Uzturv\u0113rt\u012bba<\/strong> (2 kausi\u0146i):<\/p>\n\n\n\n<figure class=\"wp-block-table\"><table class=\"has-fixed-layout\"><thead><tr><th><strong>Uzturviela<\/strong><\/th><th><strong>Daudzums<\/strong><\/th><th><strong>% RMV*<\/strong><\/th><\/tr><\/thead><tbody><tr><td>Eiropas P\u016bkaino bumbu\u013cu ekstrakts (98 % fiset\u012bns)<\/td><td>500 mg<\/td><td>-<\/td><\/tr><tr><td>Cinks<\/td><td>1,5 mg<\/td><td>15 %<\/td><\/tr><tr><td>D3 vitam\u012bns<\/td><td>0,75 \u00b5g<\/td><td>15 %<\/td><\/tr><\/tbody><\/table><\/figure>\n\n\n\n<p>*RMV - atsauces uzturv\u0113rt\u012bba<br>**RMV nav nor\u0101d\u012bts<\/p>\n\n\n\n<p><a href=\"https:\/\/drive.google.com\/file\/d\/1hIvdXIORI4rPRIZRa5ITcU3mcDucjLj3\/view\" target=\"_blank\" rel=\"noreferrer noopener\">COA sertifik\u0101ts<\/a><\/p>\n\n\n\n<p>Vai mekl\u0113jat vair\u0101k? Apskatiet visu <a href=\"\/lv\/produktu-etiketes\/l-cell\/\">L Cell sortimentu<\/a>.<\/p>","protected":false},"excerpt":{"rendered":"<p data-start=\"174\" data-end=\"255\"><strong data-start=\"178\" data-end=\"255\">L Cell Fisetin - uzlabots risin\u0101jums \u0161\u016bnu aizsardz\u012bbai un ilgm\u016b\u017e\u012bbai.\u00a0<\/strong><strong data-start=\"257\" data-end=\"276\">L Cell Fisetin\u00ae<\/strong> - ir dab\u012bgs uztura bag\u0101tin\u0101t\u0101js, kura pamat\u0101 ir t\u012brs Eiropas P\u016bkaino bumbu\u013cu ekstrakts, kas paredz\u0113ts c\u012b\u0146ai pret \u0161\u016bnu noveco\u0161an\u0101s un iekaisuma sek\u0101m no organisma iek\u0161ienes. Fiset\u012bns ir viens no sp\u0113c\u012bg\u0101kajiem zin\u0101majiem <strong data-start=\"468\" data-end=\"482\">Senolytics<\/strong>veicina organisma dabisko sp\u0113ju atbr\u012bvoties no boj\u0101t\u0101m \u0161\u016bn\u0101m, t\u0101d\u0113j\u0101di sekm\u0113jot vesel\u012bg\u0101ku un ilg\u0101ku m\u016b\u017eu. Turkl\u0101t fiset\u012bns pal\u012bdz normaliz\u0113t iekaisuma reakciju, uztur \u0101du, matus un nagus lab\u0101 st\u0101vokl\u012b un veicina vielmai\u0146as procesus - tas ir \u012bpa\u0161i svar\u012bgi tiem, kam r\u016bp gan \u0101r\u0113jais skaistums, gan dzi\u013ca \u0161\u016bnu vesel\u012bba. <\/p>\n<p><strong data-start=\"851\" data-end=\"875\"> K\u0101p\u0113c izv\u0113l\u0113ties:<br \/><\/strong>\u2714\ufe0f 98 % t\u012br\u012bbas fiset\u012bns - no augst\u0101k\u0101s kvalit\u0101tes Eiropas p\u016bk\u0101m<br data-start=\"946\" data-end=\"949\" \/>\u2714\ufe0f Atbalsta l\u012bdzsvaru starp iekaisuma un im\u016bnsist\u0113mu.<br data-start=\"1000\" data-end=\"1003\" \/>\u2714\ufe0f Darbojas k\u0101 senol\u012btisks l\u012bdzeklis - veicina \u0161\u016bnu atjauno\u0161anos un aizsardz\u012bbu.<br data-start=\"1073\" data-end=\"1076\" \/>\u2714\ufe0f Veicina norm\u0101lu matu, \u0101das, nagu un kaulu st\u0101vokli.<br data-start=\"1139\" data-end=\"1142\" \/>\u2714\ufe0f Pal\u012bdz uztur\u0113t og\u013chidr\u0101tu un tauku vielmai\u0146u.<br data-start=\"1196\" data-end=\"1199\" \/>\u2714\ufe0f Nav \u0122MO, kr\u0101svielu, aromatiz\u0113t\u0101ju un alerg\u0113nu.<br data-start=\"1249\" data-end=\"1252\" \/>\u2714\ufe0f Piem\u0113rots veg\u0101niem - 100 % uz augu b\u0101zes<br data-start=\"1294\" data-end=\"1297\" \/>\u2714\ufe0f Laboratoriski p\u0101rbaud\u012bts sast\u0101vs un dro\u0161\u012bba<\/p>\n<p><strong>Pieg\u0101de uz Latviju:<\/strong> 2-3 darba dienas.<\/p>","protected":false},"featured_media":31885,"comment_status":"open","ping_status":"closed","template":"","meta":{"_acf_changed":false},"product_brand":[433],"product_cat":[122,123,249],"product_tag":[],"class_list":{"0":"post-31844","1":"product","2":"type-product","3":"status-publish","4":"has-post-thumbnail","6":"product_brand-l-cell","7":"product_cat-lasteliu-jaunystei","8":"product_cat-papildai-ilgaamziskumui","9":"product_cat-senolitikai","11":"first","12":"instock","13":"shipping-taxable","14":"purchasable","15":"product-type-simple"},"acf":[],"tiered_pricing_type":"fixed","tiered_pricing_fixed_rules":[],"tiered_pricing_product_settings":{"layout":"default","base_unit_name":{"singular":null,"plural":null},"default_variation":null},"tiered_pricing_minimum_quantity":null,"tiered_pricing_roles_data":[],"tiered_pricing_percentage_rules":[],"_links":{"self":[{"href":"https:\/\/purama.lt\/lv\/wp-json\/wp\/v2\/product\/31844","targetHints":{"allow":["GET"]}}],"collection":[{"href":"https:\/\/purama.lt\/lv\/wp-json\/wp\/v2\/product"}],"about":[{"href":"https:\/\/purama.lt\/lv\/wp-json\/wp\/v2\/types\/product"}],"replies":[{"embeddable":true,"href":"https:\/\/purama.lt\/lv\/wp-json\/wp\/v2\/comments?post=31844"}],"wp:featuredmedia":[{"embeddable":true,"href":"https:\/\/purama.lt\/lv\/wp-json\/wp\/v2\/media\/31885"}],"wp:attachment":[{"href":"https:\/\/purama.lt\/lv\/wp-json\/wp\/v2\/media?parent=31844"}],"wp:term":[{"taxonomy":"product_brand","embeddable":true,"href":"https:\/\/purama.lt\/lv\/wp-json\/wp\/v2\/product_brand?post=31844"},{"taxonomy":"product_cat","embeddable":true,"href":"https:\/\/purama.lt\/lv\/wp-json\/wp\/v2\/product_cat?post=31844"},{"taxonomy":"product_tag","embeddable":true,"href":"https:\/\/purama.lt\/lv\/wp-json\/wp\/v2\/product_tag?post=31844"}],"curies":[{"name":"wp","href":"https:\/\/api.w.org\/{rel}","templated":true}]}}