{"id":31842,"date":"2025-01-20T19:28:42","date_gmt":"2025-01-20T19:28:42","guid":{"rendered":"https:\/\/purama.lt\/produktas\/l-cell-egcg-milteliai-30g\/"},"modified":"2026-04-14T14:51:40","modified_gmt":"2026-04-14T12:51:40","slug":"l-sunu-egcg-pulveris-30g","status":"publish","type":"product","link":"https:\/\/purama.lt\/lv\/produktas\/l-cell-egcg-milteliai-30g\/","title":{"rendered":"L Cell EGCg (pulveris, 30g)"},"content":{"rendered":"<p><strong>Pat\u0113ri\u0146\u0161:<\/strong> 2 m\u0113rci\u0146as pulvera (500 mg za\u013c\u0101s t\u0113jas ekstrakta) no r\u012bta. Lietojiet pirms vai p\u0113c \u0113\u0161anas, ja Jums ir jut\u012bgs ku\u0146\u0123is. Sajauciet ar \u016bdeni vai citu \u0161\u0137idrumu.<\/p>\n\n\n\n<hr class=\"wp-block-separator has-alpha-channel-opacity\"\/>\n\n\n\n<p><strong>Sast\u0101vda\u013cas:<\/strong> Za\u013c\u0101s t\u0113jas ekstrakts (\u226590 % EGCg), cinka glikon\u0101ts, tiam\u012bna hidrohlor\u012bds, holekalciferols.<\/p>\n\n\n\n<hr class=\"wp-block-separator has-alpha-channel-opacity\"\/>\n\n\n\n<p><strong>Uzturv\u0113rt\u012bba<\/strong> (2 kausi\u0146i):<\/p>\n\n\n\n<figure class=\"wp-block-table\"><table class=\"has-fixed-layout\"><thead><tr><th><strong>Uzturviela<\/strong><\/th><th><strong>Daudzums<\/strong><\/th><th><strong>% RMV*<\/strong><\/th><\/tr><\/thead><tbody><tr><td>Za\u013c\u0101s t\u0113jas ekstrakts<\/td><td>500 mg<\/td><td>-<\/td><\/tr><tr><td>...no kuras EGCg<\/td><td>450 mg<\/td><td>-<\/td><\/tr><tr><td>Cinks<\/td><td>1,5 mg<\/td><td>15 %<\/td><\/tr><tr><td>Tiam\u012bns (B1 vitam\u012bns)<\/td><td>0,165 mg<\/td><td>15 %<\/td><\/tr><tr><td>D3 vitam\u012bns<\/td><td>0,75 \u00b5g<\/td><td>15 %<\/td><\/tr><\/tbody><\/table><\/figure>\n\n\n\n<p>*RMV - atsauces uzturv\u0113rt\u012bba<br>**RMV nav nor\u0101d\u012bts<\/p>\n\n\n\n<p><a href=\"https:\/\/drive.google.com\/file\/d\/1bzjBLXmjG3HkWPht77CFcVXNNFDqzh2o\/view\" target=\"_blank\" rel=\"noreferrer noopener\">COA sertifik\u0101ts<\/a><\/p>\n\n\n\n<p>Vai mekl\u0113jat vair\u0101k? Apskatiet visu <a href=\"\/lv\/produktu-etiketes\/l-cell\/\">L Cell sortimentu<\/a>.<\/p>","protected":false},"excerpt":{"rendered":"<p data-start=\"163\" data-end=\"243\"><strong data-start=\"167\" data-end=\"243\">L Cell EGCg - sp\u0113c\u012bga augu aizsardz\u012bba j\u016bsu \u0161\u016bn\u0101m, sirdij un pr\u0101tam.\u00a0<\/strong><strong data-start=\"245\" data-end=\"261\">L Cell EGCg\u00ae<\/strong> - ir koncentr\u0113ta za\u013c\u0101s t\u0113jas ekstrakta formula ar vair\u0101k nek\u0101 90 % epigalokateh\u012bna gal\u0101ta (EGCg), kas ir viens no sp\u0113c\u012bg\u0101kajiem dabiskajiem antioksidantiem. \u0160is savienojums pal\u012bdz aizsarg\u0101t organismu pret oksidat\u012bvo stresu, atbalsta kognit\u012bv\u0101s funkcijas, stiprina im\u016bnsist\u0113mu un kav\u0113 iekaisuma procesus \u0161\u016bnu l\u012bmen\u012b. EGCg bie\u017ei tiek saist\u012bts ar ilgm\u016b\u017e\u012bbu un lab\u0101ku visp\u0101r\u0113jo pa\u0161saj\u016btu, jo pal\u012bdz aizsarg\u0101t sirdi, stimul\u0113 ener\u0123ijas vielmai\u0146u un regul\u0113 im\u016bnsist\u0113mu. T\u0101 ir lieliska izv\u0113le tiem, kas mekl\u0113 dabisku, bet zin\u0101tniski pamatotu ikdienas atbalstu. <\/p>\n<p><strong data-start=\"851\" data-end=\"875\">K\u0101p\u0113c izv\u0113l\u0113ties:<br \/><\/strong>\u2714\ufe0f 450 mg EGCg vien\u0101 porcij\u0101 - \u0101rk\u0101rt\u012bgi augsta koncentr\u0101cija.<br data-start=\"944\" data-end=\"947\" \/>\u2714\ufe0f Sp\u0113c\u012bgs antioksidants un iekaisuma modulators.<br data-start=\"998\" data-end=\"1001\" \/>\u2714\ufe0f Atbalsta kognit\u012bv\u0101s, nervu un sirds funkcijas.<br data-start=\"1061\" data-end=\"1064\" \/>\u2714\ufe0f Darbojas k\u0101 senomorfs - veicina \u0161\u016bnu pretest\u012bbu un vesel\u012bgu noveco\u0161anu.<br data-start=\"1139\" data-end=\"1142\" \/>\u2714\ufe0f Dabiskas, \u0123en\u0113tiski nemodific\u0113tas un sint\u0113tiskas piedevas.<br data-start=\"1183\" data-end=\"1186\" \/>\u2714\ufe0f Piem\u0113rots veg\u0101niem - t\u012bras, augu izcelsmes sast\u0101vda\u013cas<br data-start=\"1229\" data-end=\"1232\" \/>\u2714\ufe0f T\u012br\u012bbas un nekait\u012bguma p\u0101rbaude laboratorij\u0101<br data-start=\"1282\" data-end=\"1285\" \/>\u2714\ufe0f 60+ dienu porcijas - rentabls un efekt\u012bvs risin\u0101jums.<\/p>\n<p><strong>Pieg\u0101de uz Latviju:<\/strong> 2-3 darba dienas.<\/p>","protected":false},"featured_media":31872,"comment_status":"open","ping_status":"closed","template":"","meta":{"_acf_changed":false},"product_brand":[433],"product_cat":[122,251,257,259,123,256,258],"product_tag":[],"class_list":{"0":"post-31842","1":"product","2":"type-product","3":"status-publish","4":"has-post-thumbnail","6":"product_brand-l-cell","7":"product_cat-lasteliu-jaunystei","8":"product_cat-antioksidantai","9":"product_cat-atmintis-ir-demesys","10":"product_cat-nuotaika-ir-stresas","11":"product_cat-papildai-ilgaamziskumui","12":"product_cat-smegenims-ir-atminciai","13":"product_cat-smegenu-apsauga","15":"first","16":"instock","17":"shipping-taxable","18":"purchasable","19":"product-type-simple"},"acf":[],"tiered_pricing_type":"fixed","tiered_pricing_fixed_rules":[],"tiered_pricing_product_settings":{"layout":"default","base_unit_name":{"singular":null,"plural":null},"default_variation":null},"tiered_pricing_minimum_quantity":null,"tiered_pricing_roles_data":[],"tiered_pricing_percentage_rules":[],"_links":{"self":[{"href":"https:\/\/purama.lt\/lv\/wp-json\/wp\/v2\/product\/31842","targetHints":{"allow":["GET"]}}],"collection":[{"href":"https:\/\/purama.lt\/lv\/wp-json\/wp\/v2\/product"}],"about":[{"href":"https:\/\/purama.lt\/lv\/wp-json\/wp\/v2\/types\/product"}],"replies":[{"embeddable":true,"href":"https:\/\/purama.lt\/lv\/wp-json\/wp\/v2\/comments?post=31842"}],"wp:featuredmedia":[{"embeddable":true,"href":"https:\/\/purama.lt\/lv\/wp-json\/wp\/v2\/media\/31872"}],"wp:attachment":[{"href":"https:\/\/purama.lt\/lv\/wp-json\/wp\/v2\/media?parent=31842"}],"wp:term":[{"taxonomy":"product_brand","embeddable":true,"href":"https:\/\/purama.lt\/lv\/wp-json\/wp\/v2\/product_brand?post=31842"},{"taxonomy":"product_cat","embeddable":true,"href":"https:\/\/purama.lt\/lv\/wp-json\/wp\/v2\/product_cat?post=31842"},{"taxonomy":"product_tag","embeddable":true,"href":"https:\/\/purama.lt\/lv\/wp-json\/wp\/v2\/product_tag?post=31842"}],"curies":[{"name":"wp","href":"https:\/\/api.w.org\/{rel}","templated":true}]}}