{"id":31841,"date":"2025-01-20T19:28:42","date_gmt":"2025-01-20T19:28:42","guid":{"rendered":"https:\/\/purama.lt\/produktas\/l-cell-egcg-450mg-kapsules-60-vnt\/"},"modified":"2026-04-03T15:07:51","modified_gmt":"2026-04-03T13:07:51","slug":"l-sunu-egcg-450mg-kapsulas-60-gab","status":"publish","type":"product","link":"https:\/\/purama.lt\/lv\/produktas\/l-cell-egcg-450mg-kapsules-60-vnt\/","title":{"rendered":"L Cell EGCg (450 mg kapsulas, 60 gab.)"},"content":{"rendered":"<p><strong>Pat\u0113ri\u0146\u0161:<\/strong> 1 kapsula dien\u0101 jebkur\u0101 diennakts laik\u0101, uzdzerot gl\u0101zi \u016bdens.<\/p>\n\n\n\n<hr class=\"wp-block-separator has-alpha-channel-opacity\"\/>\n\n\n\n<p><strong>Sast\u0101vda\u013cas:<\/strong> Za\u013c\u0101s t\u0113jas ekstrakts (\u226590 % EGCg), kapsulas apvalks (hipromelozi), cinka glikon\u0101ts, tiam\u012bna hidrohlor\u012bds, holekalciferols.<\/p>\n\n\n\n<hr class=\"wp-block-separator has-alpha-channel-opacity\"\/>\n\n\n\n<p><strong>Uzturv\u0113rt\u012bba<\/strong> (1 kapsula):<\/p>\n\n\n\n<figure class=\"wp-block-table\"><table class=\"has-fixed-layout\"><thead><tr><th><strong>Uzturviela<\/strong><\/th><th><strong>Daudzums<\/strong><\/th><th><strong>% RMV*<\/strong><\/th><\/tr><\/thead><tbody><tr><td>Za\u013c\u0101s t\u0113jas ekstrakts<\/td><td>500 mg<\/td><td>-<\/td><\/tr><tr><td>...no kuras EGCg<\/td><td>450 mg<\/td><td>-<\/td><\/tr><tr><td>Cinks<\/td><td>1,5 mg<\/td><td>15 %<\/td><\/tr><tr><td>Tiam\u012bns (B1 vitam\u012bns)<\/td><td>0,165 mg<\/td><td>15 %<\/td><\/tr><tr><td>D3 vitam\u012bns<\/td><td>0,75 \u00b5g<\/td><td>15 %<\/td><\/tr><\/tbody><\/table><\/figure>\n\n\n\n<p>*RMV - atsauces uzturv\u0113rt\u012bba<br>**RMV nav nor\u0101d\u012bts<\/p>\n\n\n\n<p><a href=\"https:\/\/drive.google.com\/file\/d\/1bzjBLXmjG3HkWPht77CFcVXNNFDqzh2o\/view\" target=\"_blank\" rel=\"noreferrer noopener\">COA sertifik\u0101ts<\/a><\/p>\n\n\n\n<p>Vai mekl\u0113jat vair\u0101k? Apskatiet visu <a href=\"\/lv\/produktu-etiketes\/l-suna\/\">L Cell sortimentu<\/a>.<\/p>","protected":false},"excerpt":{"rendered":"<p data-start=\"163\" data-end=\"241\"><strong data-start=\"167\" data-end=\"241\">L Cell EGCg - uzlabots antioksidants, kas aizsarg\u0101 j\u016bsu \u0161\u016bnas un pr\u0101tu.\u00a0<\/strong><strong data-start=\"243\" data-end=\"259\">L Cell EGCg\u00ae<\/strong> - ir augstas koncentr\u0101cijas epigalokateh\u012bna gal\u0101ta (EGCg) formula, kas ieg\u016bta no za\u013c\u0101s t\u0113jas ekstrakta. Katr\u0101 kapsul\u0101 ir tik daudz <strong data-start=\"395\" data-end=\"410\">450 mg EGCg<\/strong>kas veicina organisma dabisko aizsardz\u012bbu pret oksidat\u012bvo stresu, regul\u0113 iekaisuma procesus un veicina vesel\u012bgu noveco\u0161anu. EGCg darbojas ne tikai \u0161\u016bnu l\u012bmen\u012b, bet ar\u012b pal\u012bdz uztur\u0113t norm\u0101lu kognit\u012bvo funkciju, emocion\u0101lo l\u012bdzsvaru un sirds un asinsvadu darb\u012bbu. Tas ir viens no efekt\u012bv\u0101kajiem dabiskajiem antioksidantiem. <\/p>\n<p><strong data-start=\"880\" data-end=\"904\">K\u0101p\u0113c izv\u0113l\u0113ties:<br \/><\/strong>\u2714\ufe0f 450 mg EGCg vien\u0101 kapsul\u0101 - augsta koncentr\u0101cija no dab\u012bga avota.<br data-start=\"984\" data-end=\"987\" \/>\u2714\ufe0f Darbojas k\u0101 sp\u0113c\u012bgs antioksidants un iekaisuma modulators.<br data-start=\"1050\" data-end=\"1053\" \/>\u2714\ufe0f Atbalsta gar\u012bgo veiktsp\u0113ju, emocion\u0101lo l\u012bdzsvaru un sirds darb\u012bbu.<br data-start=\"1115\" data-end=\"1118\" \/>\u2714\ufe0f Senomorfais efekts - atbalsta vesel\u012bgu noveco\u0161anu.<br data-start=\"1176\" data-end=\"1179\" \/>\u2714\ufe0f &gt;90 % t\u012br\u012bba no za\u013c\u0101s t\u0113jas ekstrakta<br data-start=\"1227\" data-end=\"1230\" \/>\u2714\ufe0f Piem\u0113rots veg\u0101niem - bez dz\u012bvnieku izcelsmes materi\u0101liem<br data-start=\"1278\" data-end=\"1281\" \/>\u2714\ufe0f T\u012br\u012bbas un nekait\u012bguma p\u0101rbaude laboratorij\u0101<br data-start=\"1329\" data-end=\"1332\" \/>\u2714\ufe0f Nav \u0122MO, konservantu, aromatiz\u0113t\u0101ju un alerg\u0113nu.<\/p>\n<p><strong>Pieg\u0101de uz Latviju:<\/strong> 2-3 darba dienas.<\/p>","protected":false},"featured_media":31884,"comment_status":"open","ping_status":"closed","template":"","meta":{"_acf_changed":false},"product_brand":[433],"product_cat":[122,253,252,255,123,254],"product_tag":[],"class_list":{"0":"post-31841","1":"product","2":"type-product","3":"status-publish","4":"has-post-thumbnail","6":"product_brand-l-cell","7":"product_cat-lasteliu-jaunystei","8":"product_cat-imuniteto-palaikymas","9":"product_cat-imunitetui","10":"product_cat-oksidacinio-streso-mazinimas","11":"product_cat-papildai-ilgaamziskumui","12":"product_cat-uzdegimo-mazinimas","14":"first","15":"instock","16":"shipping-taxable","17":"purchasable","18":"product-type-simple"},"acf":[],"tiered_pricing_type":"fixed","tiered_pricing_fixed_rules":[],"tiered_pricing_product_settings":{"layout":"default","base_unit_name":{"singular":null,"plural":null},"default_variation":null},"tiered_pricing_minimum_quantity":null,"tiered_pricing_roles_data":[],"tiered_pricing_percentage_rules":[],"_links":{"self":[{"href":"https:\/\/purama.lt\/lv\/wp-json\/wp\/v2\/product\/31841","targetHints":{"allow":["GET"]}}],"collection":[{"href":"https:\/\/purama.lt\/lv\/wp-json\/wp\/v2\/product"}],"about":[{"href":"https:\/\/purama.lt\/lv\/wp-json\/wp\/v2\/types\/product"}],"replies":[{"embeddable":true,"href":"https:\/\/purama.lt\/lv\/wp-json\/wp\/v2\/comments?post=31841"}],"wp:featuredmedia":[{"embeddable":true,"href":"https:\/\/purama.lt\/lv\/wp-json\/wp\/v2\/media\/31884"}],"wp:attachment":[{"href":"https:\/\/purama.lt\/lv\/wp-json\/wp\/v2\/media?parent=31841"}],"wp:term":[{"taxonomy":"product_brand","embeddable":true,"href":"https:\/\/purama.lt\/lv\/wp-json\/wp\/v2\/product_brand?post=31841"},{"taxonomy":"product_cat","embeddable":true,"href":"https:\/\/purama.lt\/lv\/wp-json\/wp\/v2\/product_cat?post=31841"},{"taxonomy":"product_tag","embeddable":true,"href":"https:\/\/purama.lt\/lv\/wp-json\/wp\/v2\/product_tag?post=31841"}],"curies":[{"name":"wp","href":"https:\/\/api.w.org\/{rel}","templated":true}]}}