{"id":31839,"date":"2025-01-20T19:28:41","date_gmt":"2025-01-20T19:28:41","guid":{"rendered":"https:\/\/purama.lt\/produktas\/l-cell-hidrolizuoti-kolageno-peptidai-milteliai-300g\/"},"modified":"2026-04-08T09:10:43","modified_gmt":"2026-04-08T07:10:43","slug":"l-sunu-hidrolizeti-kolagena-peptidi-pulveris-300g","status":"publish","type":"product","link":"https:\/\/purama.lt\/lv\/produktas\/l-cell-hidrolizuoti-kolageno-peptidai-milteliai-300g\/","title":{"rendered":"L Cell Hidroliz\u0113ti kolag\u0113na pept\u012bdi"},"content":{"rendered":"<p><strong>Pat\u0113ri\u0146\u0161:<\/strong> Lieto\u0161ana p\u0113c <strong>4 t\u0113jkarotes (apm\u0113ram 10 g)<\/strong> no r\u012bta, p\u0113c \u0113\u0161anas. Sajauciet ar \u016bdeni, sulu vai iecien\u012bt\u0101ko dz\u0113rienu un dzeriet.<\/p>\n\n\n\n<hr class=\"wp-block-separator has-alpha-channel-opacity\"\/>\n\n\n\n<p><strong>Sast\u0101vda\u013cas:<\/strong> Hidroliz\u0113ti j\u016bras kolag\u0113na pept\u012bdi (I, II, III tips), cinka glikon\u0101ts, holekalciferols.<\/p>\n\n\n\n<hr class=\"wp-block-separator has-alpha-channel-opacity\"\/>\n\n\n\n<p><strong>Uzturv\u0113rt\u012bba<\/strong> (4 t\u0113jkarotes):<\/p>\n\n\n\n<figure class=\"wp-block-table\"><table class=\"has-fixed-layout\"><thead><tr><th><strong>Uzturviela<\/strong><\/th><th><strong>Daudzums<\/strong><\/th><th><strong>% RMV*<\/strong><\/th><\/tr><\/thead><tbody><tr><td>Hidroliz\u0113ts kolag\u0113ns<\/td><td>10 g<\/td><td>-<\/td><\/tr><tr><td>Cinks<\/td><td>1,5 mg<\/td><td>15 %<\/td><\/tr><tr><td>D3 vitam\u012bns<\/td><td>0,75 \u00b5g<\/td><td>15 %<\/td><\/tr><\/tbody><\/table><\/figure>\n\n\n\n<p>*RMV - atsauces uzturv\u0113rt\u012bba<br>**RMV nav nor\u0101d\u012bts<\/p>\n\n\n\n<p><a href=\"https:\/\/drive.google.com\/file\/d\/1FlpIlljpDMpY-UdPjOs-GXfEjpj7fa2q\/view\" target=\"_blank\" rel=\"noreferrer noopener\">COA sertifik\u0101ts<\/a><\/p>\n\n\n\n<p>Vai mekl\u0113jat vair\u0101k? Apskatiet visu <a href=\"\/lv\/produktu-etiketes\/l-suna\/\">L Cell sortimentu<\/a>.<\/p>\n\n\n\n<p>Vair\u0101k par kolag\u0113nu lasiet m\u016bsu <a href=\"\/lv\/kolagena-celvedis\/\">kolag\u0113na gids<\/a>.<\/p>","protected":false},"excerpt":{"rendered":"<p data-start=\"165\" data-end=\"249\"><strong data-start=\"169\" data-end=\"249\">L \u0161\u016bnu kolag\u0113na pept\u012bdi - iek\u0161\u0113jais sp\u0113ks j\u016bsu \u0101dai, loc\u012btav\u0101m un skaistumam.\u00a0<\/strong><strong data-start=\"251\" data-end=\"292\">L Cell hidroliz\u0113ti kolag\u0113na pept\u012bdi\u00ae<\/strong> formula ir augst\u0101k\u0101s kvalit\u0101tes <strong data-start=\"328\" data-end=\"367\">I, II un III tipa j\u016bras kolag\u0113ns<\/strong>Izstr\u0101d\u0101ts, lai pal\u012bdz\u0113tu atjaunot \u0101das elast\u012bbu, uztur\u0113tu loc\u012btavu elast\u012bbu un stiprin\u0101tu matu un nagu strukt\u016bru. \u0160o koncentr\u0113to kolag\u0113na formu raksturo lieliska uzs\u016bk\u0161an\u0101s, neitr\u0101la gar\u0161a un augsta biopieejam\u012bba. Tas ir risin\u0101jums ne tikai skaistumam, bet ar\u012b kust\u012bbu br\u012bv\u012bbas saglab\u0101\u0161anai - \u012bpa\u0161i svar\u012bgi tiem, kuri cie\u0161 no loc\u012btavu diskomforta, iekaisuma procesiem vai v\u0113las saglab\u0101t stiprus kaulus. Regul\u0101ra lieto\u0161ana veicina organisma visp\u0101r\u0113jo labsaj\u016btu - no iek\u0161puses. <\/p>\n<p><strong data-start=\"878\" data-end=\"902\"> K\u0101p\u0113c izv\u0113l\u0113ties:<br \/><\/strong>\u2714\ufe0f 10 g j\u016bras kolag\u0113na vien\u0101 porcij\u0101 - liela un efekt\u012bva deva.<br data-start=\"974\" data-end=\"977\" \/>\u2714\ufe0f Atbalsta \u0101du, nagus, matus un loc\u012btavas.<br data-start=\"1023\" data-end=\"1026\" \/>\u2714\ufe0f I, II un III tipa kolag\u0113na komplekss - visaptvero\u0161s efekts<br data-start=\"1090\" data-end=\"1093\" \/>\u2714\ufe0f Izgatavots no ziv\u012bm - biolo\u0123iski pieejam\u0101ks nek\u0101 no liellopiem.<br data-start=\"1163\" data-end=\"1166\" \/>\u2714\ufe0f Nav zivju smar\u017eas - viegli sajaucams un ar neitr\u0101lu gar\u0161u<br data-start=\"1224\" data-end=\"1227\" \/>\u2714\ufe0f Piem\u0113rots ve\u0123et\u0101rie\u0161iem* - bez \u017eelat\u012bna, piena un cit\u0101m dz\u012bvnieku izcelsmes piedev\u0101m.<br data-start=\"1294\" data-end=\"1297\" \/>\u2714\ufe0f Nav \u0122MO, kr\u0101svielu, aromatiz\u0113t\u0101ju un alerg\u0113nu.<br data-start=\"1347\" data-end=\"1350\" \/>\u2714\ufe0f T\u012br\u012bbas un nekait\u012bguma p\u0101rbaude laboratorij\u0101<\/p>","protected":false},"featured_media":47652,"comment_status":"open","ping_status":"closed","template":"","meta":{"_acf_changed":false},"product_brand":[433],"product_cat":[123,57,279,273,274,275],"product_tag":[],"class_list":{"0":"post-31839","1":"product","2":"type-product","3":"status-publish","4":"has-post-thumbnail","6":"product_brand-l-cell","7":"product_cat-papildai-ilgaamziskumui","8":"product_cat-akcijos","9":"product_cat-kaulams-ir-sanariams","10":"product_cat-odai-plaukams-nagams","11":"product_cat-odos-jaunyste","12":"product_cat-plauku-ir-nagu-prieziura","14":"first","15":"instock","16":"sale","17":"shipping-taxable","18":"purchasable","19":"product-type-simple"},"acf":[],"tiered_pricing_type":"fixed","tiered_pricing_fixed_rules":[],"tiered_pricing_product_settings":{"layout":"default","base_unit_name":{"singular":null,"plural":null},"default_variation":null},"tiered_pricing_minimum_quantity":null,"tiered_pricing_roles_data":[],"tiered_pricing_percentage_rules":[],"_links":{"self":[{"href":"https:\/\/purama.lt\/lv\/wp-json\/wp\/v2\/product\/31839","targetHints":{"allow":["GET"]}}],"collection":[{"href":"https:\/\/purama.lt\/lv\/wp-json\/wp\/v2\/product"}],"about":[{"href":"https:\/\/purama.lt\/lv\/wp-json\/wp\/v2\/types\/product"}],"replies":[{"embeddable":true,"href":"https:\/\/purama.lt\/lv\/wp-json\/wp\/v2\/comments?post=31839"}],"wp:featuredmedia":[{"embeddable":true,"href":"https:\/\/purama.lt\/lv\/wp-json\/wp\/v2\/media\/47652"}],"wp:attachment":[{"href":"https:\/\/purama.lt\/lv\/wp-json\/wp\/v2\/media?parent=31839"}],"wp:term":[{"taxonomy":"product_brand","embeddable":true,"href":"https:\/\/purama.lt\/lv\/wp-json\/wp\/v2\/product_brand?post=31839"},{"taxonomy":"product_cat","embeddable":true,"href":"https:\/\/purama.lt\/lv\/wp-json\/wp\/v2\/product_cat?post=31839"},{"taxonomy":"product_tag","embeddable":true,"href":"https:\/\/purama.lt\/lv\/wp-json\/wp\/v2\/product_tag?post=31839"}],"curies":[{"name":"wp","href":"https:\/\/api.w.org\/{rel}","templated":true}]}}