{"id":31837,"date":"2025-01-20T19:28:41","date_gmt":"2025-01-20T19:28:41","guid":{"rendered":"https:\/\/purama.lt\/produktas\/l-cell-caakg-350mg-kapsules-60-vnt\/"},"modified":"2026-04-03T15:11:37","modified_gmt":"2026-04-03T13:11:37","slug":"l-sunu-kaakg-350mg-kapsulas-60-gab","status":"publish","type":"product","link":"https:\/\/purama.lt\/lv\/produktas\/l-cell-caakg-350mg-kapsules-60-vnt\/","title":{"rendered":"L Cell CaAKG (350 mg kapsulas, 60 gab.)"},"content":{"rendered":"<p><strong>Pat\u0113ri\u0146\u0161:<\/strong> 2 kapsulas no r\u012bta, v\u0113lams pirms \u0113\u0161anas, uzdzerot gl\u0101zi \u016bdens.<\/p>\n\n\n\n<hr class=\"wp-block-separator has-alpha-channel-opacity\"\/>\n\n\n\n<p><strong>Sast\u0101vda\u013cas:<\/strong> Kalcija alfa-ketoglutar\u0101ts, kapsulas apvalks (hipromeluloze), cinka glikon\u0101ts.<\/p>\n\n\n\n<hr class=\"wp-block-separator has-alpha-channel-opacity\"\/>\n\n\n\n<p><strong>Uzturv\u0113rt\u012bba<\/strong> (2 kapsulas):<\/p>\n\n\n\n<figure class=\"wp-block-table\"><table class=\"has-fixed-layout\"><thead><tr><th><strong>Uzturviela<\/strong><\/th><th><strong>Daudzums<\/strong><\/th><th><strong>% RMV*<\/strong><\/th><\/tr><\/thead><tbody><tr><td>Kalcija alfa-ketoglutar\u0101ts<\/td><td>700 mg<\/td><td>-<\/td><\/tr><tr><td>Cinks<\/td><td>1,5 mg<\/td><td>15 %<\/td><\/tr><\/tbody><\/table><\/figure>\n\n\n\n<p>*RMV - atsauces uzturv\u0113rt\u012bba<br>**RMV nav nor\u0101d\u012bts<\/p>\n\n\n\n<p><strong>Rokasgr\u0101mata ies\u0101c\u0113jiem:<\/strong> Racion\u0101lu s\u0101kumu un sarakstu ar 5 lab\u0101kajiem ilgm\u016b\u017e\u012bbas bag\u0101tin\u0101t\u0101jiem 2026. gadam lasiet \u0161eit: <a href=\"https:\/\/purama.lt\/lv\/ilgmuzibas-bagatinataji-iesacejiem-2026\/\">Top 5 ilgm\u016b\u017e\u012bbas bag\u0101tin\u0101t\u0101ji ies\u0101c\u0113jiem 2026. gad\u0101: ar ko s\u0101kt?<\/a><\/p>\n\n\n\n<p>Vai mekl\u0113jat vair\u0101k? Apskatiet visu <a href=\"\/lv\/produktu-etiketes\/l-cell\/\">L Cell sortimentu<\/a>.<\/p>","protected":false},"excerpt":{"rendered":"<p data-start=\"171\" data-end=\"243\"><strong data-start=\"175\" data-end=\"243\">L Cell CaAKG - formula \u0161\u016bnu atjauno\u0161anai un kaulu stiprin\u0101\u0161anai. <\/strong><strong data-start=\"245\" data-end=\"262\">L Cell CaAKG\u00ae<\/strong> - tas ir uzlabots <strong data-start=\"277\" data-end=\"306\">kalcija alfa-ketoglutar\u0101ts<\/strong> kapsulu veid\u0101 ikdienas iek\u0161\u0113jam organisma atbalstam. \u0160is savienojums pal\u012bdz uztur\u0113t kaulu, loc\u012btavu un zobu vesel\u012bbu, veicina zarnu enz\u012bmu aktivit\u0101ti un sekm\u0113 \u0161\u016bnu re\u0123ener\u0101ciju ar autof\u0101\u0123ijas pal\u012bdz\u012bbu. CaAKG k\u013c\u016bst par arvien bie\u017e\u0101ku izv\u0113li to cilv\u0113ku vid\u016b, kuri mekl\u0113 ilgm\u016b\u017e\u012bbu, \u0161\u016bnu aizsardz\u012bbu un lab\u0101ku visp\u0101r\u0113jo pa\u0161saj\u016btu - dabisku risin\u0101jumu, kas atbalsta gan \u0101r\u0113jo skaistumu, gan iek\u0161\u0113jo l\u012bdzsvaru. <\/p>\n<p><strong data-start=\"747\" data-end=\"771\">K\u0101p\u0113c izv\u0113l\u0113ties:<br \/><\/strong>\u2714\ufe0f 700 mg CaAKG vien\u0101 porcij\u0101 - efekt\u012bva, zin\u0101tniski pier\u0101d\u012bta deva.<br data-start=\"835\" data-end=\"838\" \/>\u2714\ufe0f Veicina \u0161\u016bnu \u201eatt\u012br\u012b\u0161anos\u201c un vesel\u012bgu noveco\u0161anu.<br data-start=\"889\" data-end=\"892\" \/>\u2714\ufe0f Atbalsta kaulus, zobus un loc\u012btavas.<br data-start=\"932\" data-end=\"935\" \/>\u2714\ufe0f Veicina norm\u0101lu gremo\u0161anas fermentu darb\u012bbu<br data-start=\"991\" data-end=\"994\" \/>\u2714\ufe0f Pal\u012bdz uztur\u0113t \u0101das, matu un nagu vitalit\u0101ti.<br data-start=\"1046\" data-end=\"1049\" \/>\u2714\ufe0f &gt;98 % t\u012br\u012bbas pak\u0101pe - bez liek\u0101m piedev\u0101m.<br data-start=\"1091\" data-end=\"1094\" \/>\u2714\ufe0f Piem\u0113rots veg\u0101niem - HPMC kapsulas bez \u017eelat\u012bna<br data-start=\"1140\" data-end=\"1143\" \/>\u2714\ufe0f Izgatavots atbilsto\u0161i farmaceitisk\u0101s kvalit\u0101tes standartiem<br data-start=\"1194\" data-end=\"1197\" \/>\u2714\ufe0f Nav \u0122MO, alerg\u0113nu, m\u0101ksl\u012bgo konservantu un aromatiz\u0113t\u0101ju.<\/p>\n<p><strong>Pieg\u0101de uz Latviju:<\/strong> 2-3 darba dienas.<\/p>","protected":false},"featured_media":31871,"comment_status":"open","ping_status":"closed","template":"","meta":{"_acf_changed":false},"product_brand":[433],"product_cat":[122,279,273,274,123],"product_tag":[],"class_list":{"0":"post-31837","1":"product","2":"type-product","3":"status-publish","4":"has-post-thumbnail","6":"product_brand-l-cell","7":"product_cat-lasteliu-jaunystei","8":"product_cat-kaulams-ir-sanariams","9":"product_cat-odai-plaukams-nagams","10":"product_cat-odos-jaunyste","11":"product_cat-papildai-ilgaamziskumui","13":"first","14":"instock","15":"shipping-taxable","16":"purchasable","17":"product-type-simple"},"acf":[],"tiered_pricing_type":"fixed","tiered_pricing_fixed_rules":[],"tiered_pricing_product_settings":{"layout":"default","base_unit_name":{"singular":null,"plural":null},"default_variation":null},"tiered_pricing_minimum_quantity":null,"tiered_pricing_roles_data":[],"tiered_pricing_percentage_rules":[],"_links":{"self":[{"href":"https:\/\/purama.lt\/lv\/wp-json\/wp\/v2\/product\/31837","targetHints":{"allow":["GET"]}}],"collection":[{"href":"https:\/\/purama.lt\/lv\/wp-json\/wp\/v2\/product"}],"about":[{"href":"https:\/\/purama.lt\/lv\/wp-json\/wp\/v2\/types\/product"}],"replies":[{"embeddable":true,"href":"https:\/\/purama.lt\/lv\/wp-json\/wp\/v2\/comments?post=31837"}],"wp:featuredmedia":[{"embeddable":true,"href":"https:\/\/purama.lt\/lv\/wp-json\/wp\/v2\/media\/31871"}],"wp:attachment":[{"href":"https:\/\/purama.lt\/lv\/wp-json\/wp\/v2\/media?parent=31837"}],"wp:term":[{"taxonomy":"product_brand","embeddable":true,"href":"https:\/\/purama.lt\/lv\/wp-json\/wp\/v2\/product_brand?post=31837"},{"taxonomy":"product_cat","embeddable":true,"href":"https:\/\/purama.lt\/lv\/wp-json\/wp\/v2\/product_cat?post=31837"},{"taxonomy":"product_tag","embeddable":true,"href":"https:\/\/purama.lt\/lv\/wp-json\/wp\/v2\/product_tag?post=31837"}],"curies":[{"name":"wp","href":"https:\/\/api.w.org\/{rel}","templated":true}]}}