{"id":31836,"date":"2025-01-20T19:28:41","date_gmt":"2025-01-20T19:28:41","guid":{"rendered":"https:\/\/purama.lt\/produktas\/l-cell-berberinas-milteliai-42g\/"},"modified":"2026-04-14T14:50:45","modified_gmt":"2026-04-14T12:50:45","slug":"l-sunu-berberins-pulveris-42g","status":"publish","type":"product","link":"https:\/\/purama.lt\/lv\/produktas\/l-cell-berberinas-milteliai-42g\/","title":{"rendered":"L Cell berber\u012bns (pulveris, 42g)"},"content":{"rendered":"<p><strong>Pat\u0113ri\u0146\u0161:<\/strong> Lieto\u0161ana p\u0113c <strong>2-3 kausi\u0146i<\/strong> jebkur\u0101 diennakts laik\u0101. T\u0101 \u0101rk\u0101rt\u012bgi r\u016bgt\u0101s gar\u0161as d\u0113\u013c to ieteicams pievienot s\u0101\u013cam \u0113dienam vai dz\u0113rieniem (piem\u0113ram, d\u0101rze\u0146u buljonam vai d\u0101rze\u0146u kokteilim).<\/p>\n\n\n\n<hr class=\"wp-block-separator has-alpha-channel-opacity\"\/>\n\n\n\n<p><strong>Sast\u0101vda\u013cas:<\/strong> Am\u016bras kor\u0137a ekstrakts (\u226598 % berber\u012bns), cinka glikon\u0101ts, tiam\u012bna hidrohlor\u012bds.<\/p>\n\n\n\n<hr class=\"wp-block-separator has-alpha-channel-opacity\"\/>\n\n\n\n<p><strong>Uzturv\u0113rt\u012bba<\/strong> (2 kausi\u0146i):<\/p>\n\n\n\n<figure class=\"wp-block-table\"><table class=\"has-fixed-layout\"><thead><tr><th><strong>Uzturviela<\/strong><\/th><th><strong>Daudzums<\/strong><\/th><th><strong>% RMV*<\/strong><\/th><\/tr><\/thead><tbody><tr><td>Am\u016bras kor\u0137a ekstrakts (98 % berber\u012bns)<\/td><td>700 mg<\/td><td>-<\/td><\/tr><tr><td>Cinks<\/td><td>1,5 mg<\/td><td>15 %<\/td><\/tr><tr><td>Tiam\u012bns (B1 vitam\u012bns)<\/td><td>0,165 mg<\/td><td>15 %<\/td><\/tr><\/tbody><\/table><\/figure>\n\n\n\n<p>*RMV - atsauces uzturv\u0113rt\u012bba<br>**RMV nav nor\u0101d\u012bts<\/p>\n\n\n\n<p><a href=\"https:\/\/drive.google.com\/file\/d\/1SL1oCAkWBAnHTThUj769mxZyCqaB3sYh\/view\" target=\"_blank\" rel=\"noreferrer noopener\">COA sertifik\u0101ts<\/a><\/p>\n\n\n\n<p>Vai mekl\u0113jat vair\u0101k? Apskatiet visu <a href=\"\/lv\/produktu-etiketes\/l-cell\/\">L Cell sortimentu<\/a>.<\/p>","protected":false},"excerpt":{"rendered":"<p data-start=\"127\" data-end=\"217\"><strong data-start=\"131\" data-end=\"217\">L Cell Berber\u012bns - vielmai\u0146as l\u012bdzsvars un \u0161\u016bnu atjauno\u0161ana vien\u0101.\u00a0<\/strong><strong data-start=\"219\" data-end=\"240\">L Cell Berber\u012bns\u00ae<\/strong> - ir augstas koncentr\u0101cijas berber\u012bna formula, kas sast\u0101v no <strong data-start=\"302\" data-end=\"334\">Am\u016bras kor\u0137a ekstrakts<\/strong>, kas tiek augstu v\u0113rt\u0113ts, \u0146emot v\u0113r\u0101 t\u0101 ietekmi uz vielmai\u0146u, sirds darb\u012bbu un \u0161\u016bnu ilgm\u016b\u017e\u012bbu. \u0160is savienojums pal\u012bdz regul\u0113t og\u013chidr\u0101tu un tauku vielmai\u0146u, t\u0101d\u0113j\u0101di saglab\u0101jot svara kontroli un ener\u0123ijas l\u012bdzsvaru. Berber\u012bns darbojas ar\u012b k\u0101 <strong data-start=\"589\" data-end=\"618\">autof\u0101gijas modulators<\/strong> - veicina \u0161\u016bnu att\u012br\u012b\u0161anu no boj\u0101t\u0101m sast\u0101vda\u013c\u0101m un sekm\u0113 efekt\u012bv\u0101ku vielmai\u0146u. T\u0101 ir lieliska izv\u0113le tiem, kas v\u0113las uzlabot vielmai\u0146as vesel\u012bbu un dabisk\u0101 veid\u0101 atbalst\u012bt \u0161\u016bnu vitalit\u0101ti. <\/p>\n<p><strong data-start=\"857\" data-end=\"881\"> K\u0101p\u0113c izv\u0113l\u0113ties:<br \/><\/strong>\u2714\ufe0f 700 mg berber\u012bna porcij\u0101 - efekt\u012bva un zin\u0101tniski pamatota deva.<br data-start=\"951\" data-end=\"954\" \/>\u2714\ufe0f Atbalsta l\u012bdzsvaru starp og\u013chidr\u0101tu un tauku vielmai\u0146u.<br data-start=\"1008\" data-end=\"1011\" \/>\u2714\ufe0f Veicina sirdsdarb\u012bbu un ener\u0123\u0113tisko atbalstu.<br data-start=\"1067\" data-end=\"1070\" \/>\u2714\ufe0f Darbojas k\u0101 autof\u0101gijas modulators - \u0161\u016bnu atjauno\u0161anai un ilgm\u016b\u017e\u012bbai.<br data-start=\"1154\" data-end=\"1157\" \/>\u2714\ufe0f &gt;98 % t\u012br\u012bbas pak\u0101pe - bez nevajadz\u012bgiem piemais\u012bjumiem<br data-start=\"1201\" data-end=\"1204\" \/>\u2714\ufe0f \u013boti r\u016bgts pulveris - ieteicams sajaukt ar s\u0101\u013ciem \u0113dieniem.<br data-start=\"1269\" data-end=\"1272\" \/>\u2714\ufe0f Nav \u0122MO, konservantu, aromatiz\u0113t\u0101ju un alerg\u0113nu.<br data-start=\"1325\" data-end=\"1328\" \/>\u2714\ufe0f Piem\u0113rots veg\u0101niem - augu ekstrakts<br data-start=\"1375\" data-end=\"1378\" \/>\u2714\ufe0f T\u012br\u012bbas un nekait\u012bguma p\u0101rbaude laboratorij\u0101<\/p>","protected":false},"featured_media":31870,"comment_status":"open","ping_status":"closed","template":"","meta":{"_acf_changed":false},"product_brand":[433],"product_cat":[57,261,260,262,123],"product_tag":[],"class_list":{"0":"post-31836","1":"product","2":"type-product","3":"status-publish","4":"has-post-thumbnail","6":"product_brand-l-cell","7":"product_cat-akcijos","8":"product_cat-cukraus-balansas","9":"product_cat-energijai-ir-apykaitai","10":"product_cat-medziagu-apykaita","11":"product_cat-papildai-ilgaamziskumui","13":"first","14":"instock","15":"sale","16":"shipping-taxable","17":"purchasable","18":"product-type-simple"},"acf":[],"tiered_pricing_type":"fixed","tiered_pricing_fixed_rules":[],"tiered_pricing_product_settings":{"layout":"default","base_unit_name":{"singular":null,"plural":null},"default_variation":null},"tiered_pricing_minimum_quantity":null,"tiered_pricing_roles_data":[],"tiered_pricing_percentage_rules":[],"_links":{"self":[{"href":"https:\/\/purama.lt\/lv\/wp-json\/wp\/v2\/product\/31836","targetHints":{"allow":["GET"]}}],"collection":[{"href":"https:\/\/purama.lt\/lv\/wp-json\/wp\/v2\/product"}],"about":[{"href":"https:\/\/purama.lt\/lv\/wp-json\/wp\/v2\/types\/product"}],"replies":[{"embeddable":true,"href":"https:\/\/purama.lt\/lv\/wp-json\/wp\/v2\/comments?post=31836"}],"wp:featuredmedia":[{"embeddable":true,"href":"https:\/\/purama.lt\/lv\/wp-json\/wp\/v2\/media\/31870"}],"wp:attachment":[{"href":"https:\/\/purama.lt\/lv\/wp-json\/wp\/v2\/media?parent=31836"}],"wp:term":[{"taxonomy":"product_brand","embeddable":true,"href":"https:\/\/purama.lt\/lv\/wp-json\/wp\/v2\/product_brand?post=31836"},{"taxonomy":"product_cat","embeddable":true,"href":"https:\/\/purama.lt\/lv\/wp-json\/wp\/v2\/product_cat?post=31836"},{"taxonomy":"product_tag","embeddable":true,"href":"https:\/\/purama.lt\/lv\/wp-json\/wp\/v2\/product_tag?post=31836"}],"curies":[{"name":"wp","href":"https:\/\/api.w.org\/{rel}","templated":true}]}}