{"id":31673,"date":"2025-01-15T18:44:20","date_gmt":"2025-01-15T18:44:20","guid":{"rendered":"https:\/\/purama.lt\/?post_type=product&#038;p=31673"},"modified":"2025-11-11T14:33:07","modified_gmt":"2025-11-11T12:33:07","slug":"celluma-pro-rezultata-gaismas-terapijas-lampa","status":"publish","type":"product","link":"https:\/\/purama.lt\/lv\/produktas\/celluma-pro-led-sviesos-terapijos-lempa\/","title":{"rendered":"CELLUMA PRO LED gaismas terapijas lampa"},"content":{"rendered":"<h3 class=\"wp-block-heading\"><strong>Kas ir Celluma PRO?<\/strong><\/h3>\n\n\n\n<p><strong>Celluma PRO<\/strong> - ir FDA apstiprin\u0101ta LED gaismas terapijas ier\u012bce, kas paredz\u0113ta pinnes, grumbu un s\u0101pju \u0101rst\u0113\u0161anai. \u0160\u012b tr\u012bs re\u017e\u012bmu terapijas ier\u012bce nodro\u0161ina dro\u0161u un efekt\u012bvu gaismas terapiju da\u017e\u0101du \u0101das un vesel\u012bbas probl\u0113mu risin\u0101\u0161anai. Pateicoties t\u0101s elast\u012bgajai konstrukcijai, to var izmantot da\u017e\u0101d\u0101m \u0137erme\u0146a zon\u0101m, tostarp sejai, mugurai, pleciem un cit\u0101m viet\u0101m.<\/p>\n\n\n\n<hr class=\"wp-block-separator has-alpha-channel-opacity\"\/>\n\n\n\n<h3 class=\"wp-block-heading\"><strong>K\u0101 darbojas Celluma PRO?<\/strong><\/h3>\n\n\n\n<p><strong>Celluma PRO<\/strong> izmanto zemas intensit\u0101tes gaismas terapiju (LLLT), lai veicin\u0101tu \u0161\u016bnu re\u0123ener\u0101ciju. Ier\u012bce izstaro da\u017e\u0101da vi\u013c\u0146u garuma gaismu, kas iek\u013c\u016bst \u0101d\u0101 un risina t\u0101das probl\u0113mas k\u0101 pinnes, s\u012bk\u0101s grumbi\u0146as un musku\u013cu s\u0101pes.<\/p>\n\n\n\n<ul class=\"wp-block-list\">\n<li><strong>Zil\u0101 gaisma<\/strong>: Samazina bakt\u0113rijas, kas izraisa pinnes.<\/li>\n\n\n\n<li><strong>Sarkana gaisma<\/strong>: Uzlabo kolag\u0113na ra\u017eo\u0161anu un samazina grumbas.<\/li>\n\n\n\n<li><strong>Infrasarkan\u0101 gaisma<\/strong>: Dzi\u013c\u0101kai iek\u013c\u016b\u0161anai, pal\u012bdzot mazin\u0101t musku\u013cu un loc\u012btavu s\u0101pes un iekaisumu.<\/li>\n<\/ul>\n\n\n\n<p>\u0160\u012b modern\u0101 tehnolo\u0123ija uzlabo \u0161\u016bnu darb\u012bbu un veicina dabiskos dziedin\u0101\u0161anas procesus.<\/p>\n\n\n\n<hr class=\"wp-block-separator has-alpha-channel-opacity\"\/>\n\n\n\n<h3 class=\"wp-block-heading\"><strong>K\u0101das probl\u0113mas var atrisin\u0101t ar Celluma PRO?<\/strong><\/h3>\n\n\n\n<p><strong>Celluma PRO<\/strong> ir \u013coti daudzpus\u012bga ier\u012bce, ar ko var \u0101rst\u0113t pla\u0161u slim\u012bbu kl\u0101stu, tostarp:<\/p>\n\n\n\n<ul class=\"wp-block-list\">\n<li><strong>Akn\u0119<\/strong>: Samazina bakt\u0113rijas un \u0101das iekaisumu.<\/li>\n\n\n\n<li><strong>Grumbas un smalkas l\u012bnijas<\/strong>: Stimul\u0113 \u0101das atjauno\u0161anos un izl\u012bdzina grumbas.<\/li>\n\n\n\n<li><strong>Iekaisuma slim\u012bbas<\/strong>: Piem\u0113ram, artr\u012bts un citi iekaisuma izrais\u012bti st\u0101vok\u013ci.<\/li>\n\n\n\n<li><strong>Musku\u013cu un loc\u012btavu s\u0101pes<\/strong>: Samazina diskomfortu un veicina musku\u013cu relaks\u0101ciju.<\/li>\n<\/ul>\n\n\n\n<hr class=\"wp-block-separator has-alpha-channel-opacity\"\/>\n\n\n\n<h3 class=\"wp-block-heading\"><strong>Vai Celluma PRO ir dro\u0161i lietot?<\/strong><\/h3>\n\n\n\n<p>J\u0101, <strong>Celluma PRO<\/strong> ir piln\u012bgi dro\u0161a ier\u012bce, kas apstiprin\u0101ta FDA un piem\u0113rota visiem \u0101das tipiem.<\/p>\n\n\n\n<ul class=\"wp-block-list\">\n<li><strong>Neinvaz\u012bva tehnolo\u0123ija<\/strong>: Nav \u0137\u012bmisku vielu vai \u0101das boj\u0101jumu.<\/li>\n\n\n\n<li><strong>Nes\u0101p\u012bga terapija<\/strong>: Gaisma nerada diskomfortu.<\/li>\n\n\n\n<li><strong>Bez dziedin\u0101\u0161anas laika<\/strong>: J\u016bs varat ats\u0101kt ikdienas aktivit\u0101tes uzreiz p\u0113c proced\u016bras.<br>\u0160\u012b ier\u012bce ir ide\u0101li piem\u0113rota lieto\u0161anai gan m\u0101j\u0101s, gan profesion\u0101l\u0101 vid\u0113.<\/li>\n<\/ul>\n\n\n\n<hr class=\"wp-block-separator has-alpha-channel-opacity\"\/>\n\n\n\n<h3 class=\"wp-block-heading\"><strong>Kad es varu sagaid\u012bt rezult\u0101tus ar Celluma PRO?<\/strong><\/h3>\n\n\n\n<p>Rezult\u0101ti ir atkar\u012bgi no \u0101rst\u0113jam\u0101s probl\u0113mas:<\/p>\n\n\n\n<ul class=\"wp-block-list\">\n<li><strong>Pinnes un \u0101das atjauno\u0161ana<\/strong>A: Redzamas izmai\u0146as parasti ir paman\u0101mas p\u0113c da\u017e\u0101m regul\u0101ras lieto\u0161anas ned\u0113\u013c\u0101m.<\/li>\n\n\n\n<li><strong>S\u0101pju mazin\u0101\u0161ana<\/strong>: Atvieglojumu var sajust jau p\u0113c da\u017e\u0101m terapijas sesij\u0101m.<\/li>\n<\/ul>\n\n\n\n<hr class=\"wp-block-separator has-alpha-channel-opacity\"\/>\n\n\n\n<h3 class=\"wp-block-heading\"><strong>Papildu inform\u0101cija par Celluma PRO<\/strong><\/h3>\n\n\n\n<ul class=\"wp-block-list\">\n<li><strong>Elast\u012bgs dizains:<\/strong> \u013bauj piel\u0101got terapiju da\u017e\u0101d\u0101m \u0137erme\u0146a da\u013c\u0101m - no sejas l\u012bdz k\u0101j\u0101m.<\/li>\n\n\n\n<li><strong>Viegls un mobils:<\/strong> To var izmantot m\u0101j\u0101s vai ce\u013c\u0101 bez jebk\u0101diem sare\u017e\u0123\u012bjumiem.<\/li>\n\n\n\n<li><strong>Tr\u012bs re\u017e\u012bmu terapija:<\/strong> Piel\u0101gojas j\u016bsu individu\u0101laj\u0101m vajadz\u012bb\u0101m.<\/li>\n<\/ul>\n\n\n\n<p>Ar <strong>Celluma PRO<\/strong> j\u016bs varat izbaud\u012bt profesion\u0101las gaismas terapijas priek\u0161roc\u012bbas, kas pal\u012bdz\u0113s jums sasniegt lab\u0101ku pa\u0161saj\u016btu un vesel\u012bg\u0101ku, glud\u0101ku \u0101du. Tas ir m\u016bsdien\u012bgs risin\u0101jums harmoniskai dz\u012bvei bez s\u0101p\u0113m!<\/p>\n\n\n\n<p><strong>\u0160ai ier\u012bcei ir 24 m\u0113ne\u0161u ra\u017eot\u0101ja garantija, kas nodro\u0161ina kvalit\u0101ti un ilgtermi\u0146a uzticam\u012bbu.<\/strong><\/p>","protected":false},"excerpt":{"rendered":"<p><strong>Celluma PRO<\/strong> - ir inovat\u012bva, tr\u012bs re\u017e\u012bmu LED terapijas medic\u012bnas ier\u012bce, kas izstr\u0101d\u0101ta <strong>pret pinn\u0113m, grumb\u0101m un s\u0101p\u0113m<\/strong>. T\u0101 unik\u0101lais, elast\u012bgais dizains \u013cauj to viegli piel\u0101got da\u017e\u0101d\u0101m \u0137erme\u0146a da\u013c\u0101m, s\u0101kot no sejas l\u012bdz mugurai, gurniem, pleciem, p\u0113d\u0101m vai ce\u013cgaliem. Pateicoties t\u0101s mobilit\u0101tei un izmanto\u0161anas vienk\u0101r\u0161\u012bbai, Celluma PRO ir neaizst\u0101jama izv\u0113le tiem, kas v\u0113las izbaud\u012bt profesion\u0101las terapijas priek\u0161roc\u012bbas m\u0101j\u0101s. \u0160is <strong>medic\u012bnas ier\u012bce<\/strong> ir apr\u012bkots ar profesion\u0101las kvalit\u0101tes gaismas diod\u0113m, kas darbojas tr\u012bs re\u017e\u012bmos:<\/p>\n<ul>\n<li><strong>Aknes \u0101rst\u0113\u0161anai<\/strong>: Zil\u0101 gaismas diode.<\/li>\n<li><strong>Grumbu samazin\u0101\u0161anai<\/strong>: Sarkana LED gaisma.<\/li>\n<li><strong>S\u0101pju mazin\u0101\u0161ana (musku\u013cu, loc\u012btavu)<\/strong>: Infrasarkan\u0101 LED.<\/li>\n<\/ul>\n<p><strong>FDA apstiprin\u0101ts<\/strong> \u0160\u012b ier\u012bce, kas paredz\u0113ta grumbu \u0101rst\u0113\u0161anai, izce\u013cas ar unik\u0101l\u0101m iesp\u0113j\u0101m un efektivit\u0101ti, t\u0101p\u0113c t\u0101 ir ide\u0101li piem\u0113rota profesion\u0101lai un person\u012bgai lieto\u0161anai.<\/p>","protected":false},"featured_media":31674,"comment_status":"open","ping_status":"closed","template":"","meta":{"_acf_changed":false},"product_brand":[417],"product_cat":[282,288,283],"product_tag":[],"class_list":{"0":"post-31673","1":"product","2":"type-product","3":"status-publish","4":"has-post-thumbnail","6":"product_brand-celluma","7":"product_cat-longevity-prietaisai","8":"product_cat-grozio-ir-odos-prieziura","9":"product_cat-sveikatingumo-prietaisai","11":"first","12":"instock","13":"shipping-taxable","14":"purchasable","15":"product-type-simple"},"acf":[],"tiered_pricing_type":"fixed","tiered_pricing_fixed_rules":[],"tiered_pricing_product_settings":{"layout":"default","base_unit_name":{"singular":null,"plural":null},"default_variation":null},"tiered_pricing_minimum_quantity":null,"tiered_pricing_roles_data":[],"tiered_pricing_percentage_rules":[],"_links":{"self":[{"href":"https:\/\/purama.lt\/lv\/wp-json\/wp\/v2\/product\/31673","targetHints":{"allow":["GET"]}}],"collection":[{"href":"https:\/\/purama.lt\/lv\/wp-json\/wp\/v2\/product"}],"about":[{"href":"https:\/\/purama.lt\/lv\/wp-json\/wp\/v2\/types\/product"}],"replies":[{"embeddable":true,"href":"https:\/\/purama.lt\/lv\/wp-json\/wp\/v2\/comments?post=31673"}],"wp:featuredmedia":[{"embeddable":true,"href":"https:\/\/purama.lt\/lv\/wp-json\/wp\/v2\/media\/31674"}],"wp:attachment":[{"href":"https:\/\/purama.lt\/lv\/wp-json\/wp\/v2\/media?parent=31673"}],"wp:term":[{"taxonomy":"product_brand","embeddable":true,"href":"https:\/\/purama.lt\/lv\/wp-json\/wp\/v2\/product_brand?post=31673"},{"taxonomy":"product_cat","embeddable":true,"href":"https:\/\/purama.lt\/lv\/wp-json\/wp\/v2\/product_cat?post=31673"},{"taxonomy":"product_tag","embeddable":true,"href":"https:\/\/purama.lt\/lv\/wp-json\/wp\/v2\/product_tag?post=31673"}],"curies":[{"name":"wp","href":"https:\/\/api.w.org\/{rel}","templated":true}]}}