{"id":31611,"date":"2025-01-15T11:40:26","date_gmt":"2025-01-15T11:40:26","guid":{"rendered":"https:\/\/purama.lt\/produktas\/kojines-noosa-yellow-sporcks\/"},"modified":"2026-04-29T20:41:26","modified_gmt":"2026-04-29T18:41:26","slug":"kojines-noosa-yellow-sporcks","status":"publish","type":"product","link":"https:\/\/purama.lt\/lv\/produktas\/kojines-noosa-yellow-sporcks\/","title":{"rendered":"SPORCKS Noosa Yellow sporta ze\u0137es"},"content":{"rendered":"<p>Vai mekl\u0113jat vair\u0101k? Apskatiet visu <a href=\"\/lv\/produktu-etiketes\/sporcks\/\">Sporcks sortimentu<\/a>.<\/p>","protected":false},"excerpt":{"rendered":"<p><strong>SPORCKS Noosa Yellow<\/strong>\u00a0- ide\u0101la izv\u0113le skr\u0113j\u0113jiem, kas mekl\u0113 komfortu, aizsardz\u012bbu un uzticam\u012bbu vien\u0101 izstr\u0101d\u0101jum\u0101. \u0160\u012bm augstas kvalit\u0101tes skrie\u0161anas ze\u0137\u0113m ir pastiprin\u0101ts atbalsts pot\u012btes un p\u0113das da\u013c\u0101, kas nodro\u0161ina stabilit\u0101ti un samazina nogurumu intens\u012bvu treni\u0146u laik\u0101. Vid\u0113ja l\u012bme\u0146a kompresija veicina asinsriti, mazina iekaisumus un uzlabo visp\u0101r\u0113jo pa\u0161saj\u016btu, \u013caujot izbaud\u012bt gar\u0101kus skr\u0113jienus.<\/p>\n<p>Pap\u0113\u017ea un pirkstu zonas, kas izgatavotas no inteli\u0123enta materi\u0101la <strong>COOLMAX\u00ae frot\u0113 audums<\/strong>, kas efekt\u012bvi samazina triecienu ietekmi, nodro\u0161ina lielisku elpojam\u012bbu un pal\u012bdz aizsarg\u0101t \u0101du no tulzn\u0101m. Elpojo\u0161ais siets veicina optim\u0101lu \u0101das termoregul\u0101ciju, padarot pat visintens\u012bv\u0101kos treni\u0146us \u0113rtus un efekt\u012bvus.<\/p>\n<hr \/>\n<h3><strong>Galven\u0101s funkcijas:<\/strong><\/h3>\n<ul>\n<li><strong>Uzlabots atbalsts:<\/strong> Palielina pot\u012btes un zoles stabilit\u0101ti.<\/li>\n<li><strong>Vid\u0113ja kompresija:<\/strong> Stimul\u0113 asinsriti un mazina musku\u013cu sasprindzin\u0101jumu.<\/li>\n<li><strong>COOLMAX\u00ae audums:<\/strong> Samazina triecienu, nodro\u0161ina elpojam\u012bbu un komfortu.<\/li>\n<li><strong>Aizsardz\u012bba pret tulzn\u0101m:<\/strong> Izstr\u0101d\u0101ts, lai nov\u0113rstu diskomfortu un \u0101das kairin\u0101jumu.<\/li>\n<li><strong>\u0100tra mitruma no\u0146em\u0161ana:<\/strong> Nodro\u0161ina, ka ze\u0137es ir sausas un svaigas.<\/li>\n<li><strong>Ra\u017eots Sp\u0101nij\u0101:<\/strong> Augst\u0101k\u0101 kvalit\u0101te un iztur\u012bba.<\/li>\n<li><strong>Sast\u0101vs:<\/strong> Coolmax\u00ae un neilons nodro\u0161ina m\u012bkstumu un komfortu.<\/li>\n<\/ul>\n<hr \/>\n<p><strong>\u201eNoosa Yellow\u201c SPORCKS<\/strong> - T\u0101 ir ne tikai funkcion\u0101la, bet ar\u012b stil\u012bga izv\u0113le, kas \u013cauj sasniegt lab\u0101kos rezult\u0101tus un izbaud\u012bt katru soli. Saj\u016btiet at\u0161\u0137ir\u012bbu ar augst\u0101k\u0101s kvalit\u0101tes skrie\u0161anas ze\u0137\u0113m!<\/p>","protected":false},"featured_media":31628,"comment_status":"open","ping_status":"closed","template":"","meta":{"_acf_changed":false},"product_brand":[246],"product_cat":[98,57,102],"product_tag":[],"class_list":{"0":"post-31611","1":"product","2":"type-product","3":"status-publish","4":"has-post-thumbnail","6":"product_brand-sporcks","7":"product_cat-sportui","8":"product_cat-akcijos","9":"product_cat-kojines","11":"first","12":"instock","13":"sale","14":"shipping-taxable","15":"purchasable","16":"product-type-variable"},"acf":[],"tiered_pricing_type":"fixed","tiered_pricing_fixed_rules":[],"tiered_pricing_product_settings":{"layout":"default","base_unit_name":{"singular":null,"plural":null},"default_variation":null},"tiered_pricing_minimum_quantity":null,"tiered_pricing_roles_data":[],"tiered_pricing_percentage_rules":[],"_links":{"self":[{"href":"https:\/\/purama.lt\/lv\/wp-json\/wp\/v2\/product\/31611","targetHints":{"allow":["GET"]}}],"collection":[{"href":"https:\/\/purama.lt\/lv\/wp-json\/wp\/v2\/product"}],"about":[{"href":"https:\/\/purama.lt\/lv\/wp-json\/wp\/v2\/types\/product"}],"replies":[{"embeddable":true,"href":"https:\/\/purama.lt\/lv\/wp-json\/wp\/v2\/comments?post=31611"}],"wp:featuredmedia":[{"embeddable":true,"href":"https:\/\/purama.lt\/lv\/wp-json\/wp\/v2\/media\/31628"}],"wp:attachment":[{"href":"https:\/\/purama.lt\/lv\/wp-json\/wp\/v2\/media?parent=31611"}],"wp:term":[{"taxonomy":"product_brand","embeddable":true,"href":"https:\/\/purama.lt\/lv\/wp-json\/wp\/v2\/product_brand?post=31611"},{"taxonomy":"product_cat","embeddable":true,"href":"https:\/\/purama.lt\/lv\/wp-json\/wp\/v2\/product_cat?post=31611"},{"taxonomy":"product_tag","embeddable":true,"href":"https:\/\/purama.lt\/lv\/wp-json\/wp\/v2\/product_tag?post=31611"}],"curies":[{"name":"wp","href":"https:\/\/api.w.org\/{rel}","templated":true}]}}