{"id":31609,"date":"2025-01-15T11:40:26","date_gmt":"2025-01-15T11:40:26","guid":{"rendered":"https:\/\/purama.lt\/produktas\/kojines-noosa-orange-sporcks\/"},"modified":"2026-04-12T13:28:46","modified_gmt":"2026-04-12T11:28:46","slug":"kojines-noosa-orange-sporcks","status":"publish","type":"product","link":"https:\/\/purama.lt\/lv\/produktas\/kojines-noosa-orange-sporcks\/","title":{"rendered":"SPORCKS Noosa Orange sporta ze\u0137es"},"content":{"rendered":"<p>Vai mekl\u0113jat vair\u0101k? Apskatiet visu <a href=\"\/lv\/produktu-etiketes\/sporcks\/\">Sporcks sortimentu<\/a>.<\/p>","protected":false},"excerpt":{"rendered":"<p><strong>SPORCKS Noosa Orange<\/strong> - ir inovat\u012bvs risin\u0101jums akt\u012bviem skr\u0113j\u0113jiem, kas augstu v\u0113rt\u0113 komfortu, aizsardz\u012bbu un uzticam\u012bbu. \u0160\u012bs skrie\u0161anas ze\u0137es nodro\u0161ina uzlabotu atbalstu pot\u012b\u0161u un c\u012bpslu zon\u0101s, savuk\u0101rt m\u0113ren\u0101 kompresijas pak\u0101pe uzlabo asinsriti un mazina iekaisumus, \u013caujot sasniegt lab\u0101kus rezult\u0101tus pat gar\u0101ko treni\u0146u laik\u0101.<\/p>\n<p>Pap\u0113\u017ea un pirkstu zonas, kas izgatavotas no inteli\u0123enta materi\u0101la <strong>COOLMAX\u00ae frot\u0113 audums<\/strong>kas efekt\u012bvi samazina triecienu ietekmi un nodro\u0161ina lielisku elpojam\u012bbu un komfortu. Turkl\u0101t \u0161\u012bs ze\u0137es nov\u0113r\u0161 tulznas, padarot skrie\u0161anu ne tikai pat\u012bkam\u0101ku, bet ar\u012b dro\u0161\u0101ku.<\/p>\n<hr \/>\n<h3><strong>Galven\u0101s funkcijas:<\/strong><\/h3>\n<ul>\n<li><strong>Uzlabots atbalsts:<\/strong> Liel\u0101ka stabilit\u0101te pot\u012btes un p\u0113das da\u013c\u0101.<\/li>\n<li><strong>Vid\u0113ja kompresija:<\/strong> Stimul\u0113 asinsriti un mazina musku\u013cu nogurumu.<\/li>\n<li><strong>COOLMAX\u00ae audums:<\/strong> Samazina triecienu, nodro\u0161ina elpojam\u012bbu un aizsarg\u0101 pret tulzn\u0101m.<\/li>\n<li><strong>Elpojo\u0161s t\u012bkls:<\/strong> Atbalsta \u0101das termoregul\u0101ciju intens\u012bvas skrie\u0161anas laik\u0101.<\/li>\n<li><strong>Mitruma no\u0146em\u0161ana:<\/strong> Tas \u0101tri \u017e\u016bst un pal\u012bdz saglab\u0101t sausumu.<\/li>\n<li><strong>Ra\u017eots Sp\u0101nij\u0101:<\/strong> Garant\u0113ta kvalit\u0101te un iztur\u012bba.<\/li>\n<li><strong>Sast\u0101vs:<\/strong> Coolmax\u00ae un neilons nodro\u0161ina m\u012bkstumu un komfortu.<\/li>\n<\/ul>\n<hr \/>\n<p><strong>\"Noosa Orange\" SPORCKS<\/strong> - T\u0101 ir ne tikai stil\u012bga izv\u0113le, bet ar\u012b tehnolo\u0123iski progres\u012bvs risin\u0101jums, kas izstr\u0101d\u0101ts, lai uzlabotu j\u016bsu komfortu un veiktsp\u0113ju. Izv\u0113lieties komfortu un efektivit\u0101ti ik uz so\u013ca!<\/p>","protected":false},"featured_media":31620,"comment_status":"open","ping_status":"closed","template":"","meta":{"_acf_changed":false},"product_brand":[246],"product_cat":[98,57,102],"product_tag":[],"class_list":{"0":"post-31609","1":"product","2":"type-product","3":"status-publish","4":"has-post-thumbnail","6":"product_brand-sporcks","7":"product_cat-sportui","8":"product_cat-akcijos","9":"product_cat-kojines","11":"first","12":"instock","13":"sale","14":"shipping-taxable","15":"purchasable","16":"product-type-variable"},"acf":[],"tiered_pricing_type":"fixed","tiered_pricing_fixed_rules":[],"tiered_pricing_product_settings":{"layout":"default","base_unit_name":{"singular":null,"plural":null},"default_variation":null},"tiered_pricing_minimum_quantity":null,"tiered_pricing_roles_data":[],"tiered_pricing_percentage_rules":[],"_links":{"self":[{"href":"https:\/\/purama.lt\/lv\/wp-json\/wp\/v2\/product\/31609","targetHints":{"allow":["GET"]}}],"collection":[{"href":"https:\/\/purama.lt\/lv\/wp-json\/wp\/v2\/product"}],"about":[{"href":"https:\/\/purama.lt\/lv\/wp-json\/wp\/v2\/types\/product"}],"replies":[{"embeddable":true,"href":"https:\/\/purama.lt\/lv\/wp-json\/wp\/v2\/comments?post=31609"}],"wp:featuredmedia":[{"embeddable":true,"href":"https:\/\/purama.lt\/lv\/wp-json\/wp\/v2\/media\/31620"}],"wp:attachment":[{"href":"https:\/\/purama.lt\/lv\/wp-json\/wp\/v2\/media?parent=31609"}],"wp:term":[{"taxonomy":"product_brand","embeddable":true,"href":"https:\/\/purama.lt\/lv\/wp-json\/wp\/v2\/product_brand?post=31609"},{"taxonomy":"product_cat","embeddable":true,"href":"https:\/\/purama.lt\/lv\/wp-json\/wp\/v2\/product_cat?post=31609"},{"taxonomy":"product_tag","embeddable":true,"href":"https:\/\/purama.lt\/lv\/wp-json\/wp\/v2\/product_tag?post=31609"}],"curies":[{"name":"wp","href":"https:\/\/api.w.org\/{rel}","templated":true}]}}