{"id":31608,"date":"2025-01-15T11:40:26","date_gmt":"2025-01-15T11:40:26","guid":{"rendered":"https:\/\/purama.lt\/produktas\/kojines-eye-yellow-sporcks\/"},"modified":"2026-05-04T07:59:23","modified_gmt":"2026-05-04T05:59:23","slug":"kojines-acs-dzeltenas-sporcks","status":"publish","type":"product","link":"https:\/\/purama.lt\/lv\/produktas\/kojines-eye-yellow-sporcks\/","title":{"rendered":"SPORCKS Acu Dzeltens sporta ze\u0137es"},"content":{"rendered":"<p>Vai mekl\u0113jat vair\u0101k? Apskatiet visu <a href=\"\/lv\/produktu-etiketes\/sporcks\/\">Sporcks sortimentu<\/a>.<\/p>","protected":false},"excerpt":{"rendered":"<p><strong>SPORCKS Acu Dzeltens<\/strong> \u2013 t\u0101s ir augst\u0101k\u0101s kvalit\u0101tes skrie\u0161anas ze\u0137es, kas izstr\u0101d\u0101tas, lai nodro\u0161in\u0101tu maksim\u0101lu komfortu, aizsardz\u012bbu un efektivit\u0101ti. T\u0101m ir pastiprin\u0101ts atbalsts pot\u012btes un pleznas zon\u0101s, nodro\u0161inot stabilit\u0101ti un dro\u0161\u012bbu pat intens\u012bv\u0101ko treni\u0146u laik\u0101. Vid\u0113ja l\u012bme\u0146a kompresija uzlabo asins cirkul\u0101ciju, samazina musku\u013cu nogurumu un iekaisumu, \u013caujot skriet ilg\u0101k un \u0113rt\u0101k. Pap\u0113\u017ea un pirkstu zonas izgatavotas no augstas kvalit\u0101tes <strong>COOLMAX\u00ae frot\u0113 audums<\/strong>kas efekt\u012bvi samazina triecienu ietekmi, nodro\u0161ina lielisku elpojam\u012bbu un pal\u012bdz nov\u0113rst tulznas. Elpojo\u0161ais siets nodro\u0161ina optim\u0101lu \u0101das termoregul\u0101ciju un \u0101tri novada mitrumu, nodro\u0161inot nevainojamu komfortu pat gar\u0101ko skr\u0113jienu laik\u0101.<\/p>\n<hr \/>\n<h3><strong>Galven\u0101s funkcijas:<\/strong><\/h3>\n<ul>\n<li><strong>Uzlabots atbalsts:<\/strong> Pal\u012bdz stabiliz\u0113t pot\u012bti un p\u0113das zoli.<\/li>\n<li><strong>Vid\u0113ja kompresija:<\/strong> Uzlabo asinsriti un mazina iekaisumu.<\/li>\n<li><strong>COOLMAX\u00ae audums:<\/strong> Samazina triecienu, nodro\u0161ina elpojam\u012bbu un aizsarg\u0101 pret tulzn\u0101m.<\/li>\n<li><strong>Elpojo\u0161s t\u012bkls:<\/strong> Optimiz\u0113 \u0101das termoregul\u0101ciju intens\u012bvu treni\u0146u laik\u0101.<\/li>\n<li><strong>\u0100tra mitruma no\u0146em\u0161ana:<\/strong> Nodro\u0161ina sausumu pat tad, kad esat akt\u012bvs.<\/li>\n<li><strong>100% ra\u017eots Sp\u0101nij\u0101:<\/strong> Nodro\u0161in\u0101ta kvalit\u0101te un iztur\u012bba.<\/li>\n<li><strong>Sast\u0101vs:<\/strong> Coolmax\u00ae un neilons m\u012bkstumam un maigumam.<\/li>\n<\/ul>\n<hr \/>\n<p><strong>\"Acu dzeltens\" SPORCKS<\/strong> - stils, komforts un inov\u0101cijas vien\u0101 izstr\u0101d\u0101jum\u0101. \u0160\u012bs ze\u0137es ir paredz\u0113tas tiem, kas v\u0113las maksim\u0101lu veiktsp\u0113ju un perfektu komfortu ik uz so\u013ca. Saj\u016btiet at\u0161\u0137ir\u012bbu!<\/p>","protected":false},"featured_media":31624,"comment_status":"open","ping_status":"closed","template":"","meta":{"_acf_changed":false},"product_brand":[246],"product_cat":[98,57,102],"product_tag":[],"class_list":{"0":"post-31608","1":"product","2":"type-product","3":"status-publish","4":"has-post-thumbnail","6":"product_brand-sporcks","7":"product_cat-sportui","8":"product_cat-akcijos","9":"product_cat-kojines","11":"first","12":"instock","13":"sale","14":"shipping-taxable","15":"purchasable","16":"product-type-variable"},"acf":[],"tiered_pricing_type":"fixed","tiered_pricing_fixed_rules":[],"tiered_pricing_product_settings":{"layout":"default","base_unit_name":{"singular":null,"plural":null},"default_variation":null},"tiered_pricing_minimum_quantity":null,"tiered_pricing_roles_data":[],"tiered_pricing_percentage_rules":[],"_links":{"self":[{"href":"https:\/\/purama.lt\/lv\/wp-json\/wp\/v2\/product\/31608","targetHints":{"allow":["GET"]}}],"collection":[{"href":"https:\/\/purama.lt\/lv\/wp-json\/wp\/v2\/product"}],"about":[{"href":"https:\/\/purama.lt\/lv\/wp-json\/wp\/v2\/types\/product"}],"replies":[{"embeddable":true,"href":"https:\/\/purama.lt\/lv\/wp-json\/wp\/v2\/comments?post=31608"}],"wp:featuredmedia":[{"embeddable":true,"href":"https:\/\/purama.lt\/lv\/wp-json\/wp\/v2\/media\/31624"}],"wp:attachment":[{"href":"https:\/\/purama.lt\/lv\/wp-json\/wp\/v2\/media?parent=31608"}],"wp:term":[{"taxonomy":"product_brand","embeddable":true,"href":"https:\/\/purama.lt\/lv\/wp-json\/wp\/v2\/product_brand?post=31608"},{"taxonomy":"product_cat","embeddable":true,"href":"https:\/\/purama.lt\/lv\/wp-json\/wp\/v2\/product_cat?post=31608"},{"taxonomy":"product_tag","embeddable":true,"href":"https:\/\/purama.lt\/lv\/wp-json\/wp\/v2\/product_tag?post=31608"}],"curies":[{"name":"wp","href":"https:\/\/api.w.org\/{rel}","templated":true}]}}