{"id":31607,"date":"2025-01-15T11:40:26","date_gmt":"2025-01-15T11:40:26","guid":{"rendered":"https:\/\/purama.lt\/produktas\/kojines-omg-sporcks\/"},"modified":"2026-04-21T11:44:11","modified_gmt":"2026-04-21T09:44:11","slug":"zekes-omg-sporcks","status":"publish","type":"product","link":"https:\/\/purama.lt\/lv\/produktas\/kojines-omg-sporcks\/","title":{"rendered":"SPORCKS OMG sporta ze\u0137es"},"content":{"rendered":"<p>Vai mekl\u0113jat vair\u0101k? Apskatiet visu <a href=\"\/lv\/produktu-etiketes\/sporcks\/\">Sporcks sortimentu<\/a>.<\/p>","protected":false},"excerpt":{"rendered":"<p><strong>SPORCKS OMG<\/strong> \u2013 t\u0101s ir izcilas skrie\u0161anas ze\u0137es, kas apvieno modernu dizainu, progres\u012bvas tehnolo\u0123ijas un maksim\u0101lu komfortu. Izstr\u0101d\u0101tas akt\u012bviem skr\u0113j\u0113jiem, \u0161\u012bs ze\u0137es nodro\u0161ina pastiprin\u0101tu atbalstu pot\u012btes un p\u0113das kaulu zon\u0101s, nodro\u0161ina stabilit\u0101ti un mazina musku\u013cu sasprindzin\u0101jumu. Vid\u0113ja l\u012bme\u0146a kompresija uzlabo asinsriti, samazina iekaisumu un pal\u012bdz saglab\u0101t k\u0101ju ener\u0123iju pat visgar\u0101k\u0101s skrie\u0161anas reiz\u0113s. Pap\u0113\u017ea un pirkstu zonas izgatavotas no inovat\u012bva <strong>COOLMAX\u00ae frot\u0113 audums<\/strong>, kas efekt\u012bvi absorb\u0113 triecienu, nodro\u0161ina elpojam\u012bbu un nov\u0113r\u0161 p\u016bsl\u012b\u0161u veido\u0161anos. Elpojo\u0161ais siets optimiz\u0113 \u0101das termoregul\u0101ciju, t\u0101p\u0113c ze\u0137es paliek sausas un \u0113rtas pat visintens\u012bv\u0101ko kust\u012bbu laik\u0101.<\/p>\n<hr \/>\n<h3><strong>Galven\u0101s funkcijas:<\/strong><\/h3>\n<ul>\n<li><strong>Uzlabots atbalsts:<\/strong> \u012apa\u0161a stabilit\u0101te pot\u012btes un p\u0113das da\u013c\u0101.<\/li>\n<li><strong>Vid\u0113ja kompresija:<\/strong> Stimul\u0113 asinsriti un mazina musku\u013cu nogurumu.<\/li>\n<li><strong>COOLMAX\u00ae audums:<\/strong> Lieliska amortiz\u0101cija, elpojam\u012bba un aizsardz\u012bba pret tulzn\u0101m.<\/li>\n<li><strong>\u0100tra mitruma no\u0146em\u0161ana:<\/strong> Ze\u0137es \u0101tri \u017e\u016bst un pal\u012bdz saglab\u0101t sausumu.<\/li>\n<li><strong>Ra\u017eots Sp\u0101nij\u0101:<\/strong> Garant\u0113ta kvalit\u0101te un iztur\u012bba.<\/li>\n<li><strong>Sast\u0101vs:<\/strong> Coolmax\u00ae un neilons nodro\u0161ina maigumu un gludumu.<\/li>\n<\/ul>\n<hr \/>\n<p><strong>\"OMG\" SPORCKS<\/strong> - T\u0101 ir ne tikai moderna tehnolo\u0123ija, bet ar\u012b stil\u012bga izv\u0113le, kas \u013cauj izbaud\u012bt \u0113rt\u012bbas un ieg\u016bt lab\u0101kos rezult\u0101tus. Uzticieties modern\u0101m ze\u0137\u0113m, kas rad\u012btas j\u016bsu pan\u0101kumiem!<\/p>","protected":false},"featured_media":31632,"comment_status":"open","ping_status":"closed","template":"","meta":{"_acf_changed":false},"product_brand":[246],"product_cat":[98,57,102],"product_tag":[],"class_list":{"0":"post-31607","1":"product","2":"type-product","3":"status-publish","4":"has-post-thumbnail","6":"product_brand-sporcks","7":"product_cat-sportui","8":"product_cat-akcijos","9":"product_cat-kojines","11":"first","12":"instock","13":"sale","14":"shipping-taxable","15":"purchasable","16":"product-type-variable"},"acf":[],"tiered_pricing_type":"fixed","tiered_pricing_fixed_rules":[],"tiered_pricing_product_settings":{"layout":"default","base_unit_name":{"singular":null,"plural":null},"default_variation":null},"tiered_pricing_minimum_quantity":null,"tiered_pricing_roles_data":[],"tiered_pricing_percentage_rules":[],"_links":{"self":[{"href":"https:\/\/purama.lt\/lv\/wp-json\/wp\/v2\/product\/31607","targetHints":{"allow":["GET"]}}],"collection":[{"href":"https:\/\/purama.lt\/lv\/wp-json\/wp\/v2\/product"}],"about":[{"href":"https:\/\/purama.lt\/lv\/wp-json\/wp\/v2\/types\/product"}],"replies":[{"embeddable":true,"href":"https:\/\/purama.lt\/lv\/wp-json\/wp\/v2\/comments?post=31607"}],"wp:featuredmedia":[{"embeddable":true,"href":"https:\/\/purama.lt\/lv\/wp-json\/wp\/v2\/media\/31632"}],"wp:attachment":[{"href":"https:\/\/purama.lt\/lv\/wp-json\/wp\/v2\/media?parent=31607"}],"wp:term":[{"taxonomy":"product_brand","embeddable":true,"href":"https:\/\/purama.lt\/lv\/wp-json\/wp\/v2\/product_brand?post=31607"},{"taxonomy":"product_cat","embeddable":true,"href":"https:\/\/purama.lt\/lv\/wp-json\/wp\/v2\/product_cat?post=31607"},{"taxonomy":"product_tag","embeddable":true,"href":"https:\/\/purama.lt\/lv\/wp-json\/wp\/v2\/product_tag?post=31607"}],"curies":[{"name":"wp","href":"https:\/\/api.w.org\/{rel}","templated":true}]}}