{"id":31605,"date":"2025-01-15T11:40:25","date_gmt":"2025-01-15T11:40:25","guid":{"rendered":"https:\/\/purama.lt\/produktas\/kojines-race-eye-sporcks\/"},"modified":"2026-04-20T16:13:50","modified_gmt":"2026-04-20T14:13:50","slug":"kojines-saciksu-acu-sporcks","status":"publish","type":"product","link":"https:\/\/purama.lt\/lv\/produktas\/kojines-race-eye-sporcks\/","title":{"rendered":"SPORCKS Race Eye sporta ze\u0137es"},"content":{"rendered":"<p>Vai mekl\u0113jat vair\u0101k? Apskatiet visu <a href=\"\/lv\/produktu-etiketes\/sporcks\/\">Sporcks sortimentu<\/a>.<\/p>","protected":false},"excerpt":{"rendered":"<p><strong>SPORCKS Race Eye<\/strong> - ir augst\u0101k\u0101s kvalit\u0101tes skrie\u0161anas ze\u0137es, kas paredz\u0113tas komfortam, aizsardz\u012bbai un veiktsp\u0113jai gar\u0101ku skr\u0113jienu laik\u0101. \u0160\u012bs ze\u0137es nodro\u0161ina uzlabotu atbalstu pot\u012btes un aug\u0161stilba da\u013c\u0101, nodro\u0161inot stabilit\u0101ti un samazinot k\u0101ju nogurumu. Vid\u0113ja l\u012bme\u0146a kompresija veicina asinsriti, mazina iekaisumus un pal\u012bdz \u0101tr\u0101k atg\u016bties p\u0113c intens\u012bviem treni\u0146iem.<\/p>\n<p>Augstas kvalit\u0101tes pap\u0113\u017ea un pirkstu zonas <strong>COOLMAX\u00ae frot\u0113 audums<\/strong>, kas efekt\u012bvi absorb\u0113 triecienu, nodro\u0161ina lielisku elpojam\u012bbu un nov\u0113r\u0161 p\u016bsl\u012b\u0161u veido\u0161anos. Elpojo\u0161ais siets optimiz\u0113 \u0101das termoregul\u0101ciju, un mitruma novad\u012b\u0161anas tehnolo\u0123ija \u013cauj ze\u0137\u0113m \u0101tri no\u017e\u016bt, saglab\u0101jot j\u016bs sausu un komfortablu pat visintens\u012bv\u0101ko aktivit\u0101\u0161u laik\u0101.<\/p>\n<hr \/>\n<h3><strong>Galven\u0101s funkcijas:<\/strong><\/h3>\n<ul>\n<li><strong>Uzlabots atbalsts:<\/strong> Stabiliz\u0113 pot\u012bti un p\u0113du p\u0113das, nodro\u0161inot dro\u0161\u012bbu.<\/li>\n<li><strong>Vid\u0113ja kompresija:<\/strong> Uzlabo asinsriti un mazina musku\u013cu nogurumu.<\/li>\n<li><strong>COOLMAX\u00ae audums:<\/strong> Samazina triecienu, nodro\u0161ina elpojam\u012bbu un aizsarg\u0101 pret tulzn\u0101m.<\/li>\n<li><strong>Elpojo\u0161s t\u012bkls:<\/strong> Pal\u012bdz uztur\u0113t optim\u0101lu \u0101das temperat\u016bru.<\/li>\n<li><strong>Mitruma no\u0146em\u0161ana:<\/strong> \u0100tri no\u0146em mitrumu un nodro\u0161ina sausumu.<\/li>\n<li><strong>Ra\u017eots Sp\u0101nij\u0101:<\/strong> Pier\u0101d\u012bta profesion\u0101la kvalit\u0101te un iztur\u012bba.<\/li>\n<li><strong>Sast\u0101vs:<\/strong> Coolmax\u00ae un neilons nodro\u0161ina m\u012bkstumu un komfortu.<\/li>\n<\/ul>\n<hr \/>\n<p><strong>\"Race Eye\" SPORCKS<\/strong> - ne tikai tehnolo\u0123iski progres\u012bvas skrie\u0161anas ze\u0137es, bet ar\u012b uzticams partneris j\u016bsu treni\u0146iem un sacens\u012bb\u0101m. Izv\u0113lieties komfortu, aizsardz\u012bbu un nevainojamu stilu ik uz so\u013ca!<\/p>","protected":false},"featured_media":31644,"comment_status":"open","ping_status":"closed","template":"","meta":{"_acf_changed":false},"product_brand":[246],"product_cat":[98,57,102],"product_tag":[],"class_list":{"0":"post-31605","1":"product","2":"type-product","3":"status-publish","4":"has-post-thumbnail","6":"product_brand-sporcks","7":"product_cat-sportui","8":"product_cat-akcijos","9":"product_cat-kojines","11":"first","12":"instock","13":"sale","14":"shipping-taxable","15":"purchasable","16":"product-type-variable","17":"has-default-attributes"},"acf":[],"tiered_pricing_type":"fixed","tiered_pricing_fixed_rules":[],"tiered_pricing_product_settings":{"layout":"default","base_unit_name":{"singular":null,"plural":null},"default_variation":null},"tiered_pricing_minimum_quantity":null,"tiered_pricing_roles_data":[],"tiered_pricing_percentage_rules":[],"_links":{"self":[{"href":"https:\/\/purama.lt\/lv\/wp-json\/wp\/v2\/product\/31605","targetHints":{"allow":["GET"]}}],"collection":[{"href":"https:\/\/purama.lt\/lv\/wp-json\/wp\/v2\/product"}],"about":[{"href":"https:\/\/purama.lt\/lv\/wp-json\/wp\/v2\/types\/product"}],"replies":[{"embeddable":true,"href":"https:\/\/purama.lt\/lv\/wp-json\/wp\/v2\/comments?post=31605"}],"wp:featuredmedia":[{"embeddable":true,"href":"https:\/\/purama.lt\/lv\/wp-json\/wp\/v2\/media\/31644"}],"wp:attachment":[{"href":"https:\/\/purama.lt\/lv\/wp-json\/wp\/v2\/media?parent=31605"}],"wp:term":[{"taxonomy":"product_brand","embeddable":true,"href":"https:\/\/purama.lt\/lv\/wp-json\/wp\/v2\/product_brand?post=31605"},{"taxonomy":"product_cat","embeddable":true,"href":"https:\/\/purama.lt\/lv\/wp-json\/wp\/v2\/product_cat?post=31605"},{"taxonomy":"product_tag","embeddable":true,"href":"https:\/\/purama.lt\/lv\/wp-json\/wp\/v2\/product_tag?post=31605"}],"curies":[{"name":"wp","href":"https:\/\/api.w.org\/{rel}","templated":true}]}}