{"id":31604,"date":"2025-01-15T11:40:25","date_gmt":"2025-01-15T11:40:25","guid":{"rendered":"https:\/\/purama.lt\/produktas\/kojines-born-to-run-orange-sporcks\/"},"modified":"2026-05-05T09:54:57","modified_gmt":"2026-05-05T07:54:57","slug":"kojines-dzimis-lai-palaistu-oranzas-sporcks","status":"publish","type":"product","link":"https:\/\/purama.lt\/lv\/produktas\/kojines-born-to-run-orange-sporcks\/","title":{"rendered":"SPORCKS Made To Run (dzimis, lai skrietu) oran\u017e\u0101s sporta ze\u0137es"},"content":{"rendered":"<p>Vai mekl\u0113jat vair\u0101k? Apskatiet visu <a href=\"\/lv\/produktu-etiketes\/sporcks\/\">Sporcks sortimentu<\/a>.<\/p>","protected":false},"excerpt":{"rendered":"<p><strong>SPORCKS Dzimis lai skrietu Oran\u017es<\/strong> \u2013 tai auk\u0161tos kokyb\u0117s b\u0117gimo kojin\u0117s, sukurtos tiems, kurie siekia komforto, apsaugos ir geresni\u0173 rezultat\u0173 kiekviename b\u0117gimo \u017eingsnyje. Kojin\u0117s suteikia sustiprint\u0105 palaikym\u0105 kulk\u0161nies ir padikaulio srityse, u\u017etikrina stabilum\u0105 ir padeda suma\u017einti raumen\u0173 nuovarg\u012f. Vidutinio lygio kompresija gerina kraujotak\u0105 ir ma\u017eina u\u017edegimus, tod\u0117l puikiai tinka ilgoms distancijoms. Kulno ir pir\u0161t\u0173 sritys pagamintos i\u0161 inovatyvaus <strong>COOLMAX\u00ae frot\u0113 audums<\/strong>kas efekt\u012bvi absorb\u0113 triecienu, nodro\u0161ina perfektu elpo\u0161anu un pal\u012bdz nov\u0113rst tulznas. Elpojo\u0161ais siets optimiz\u0113 \u0101das termoregul\u0101ciju, savuk\u0101rt mitruma novad\u012b\u0161anas tehnolo\u0123ija nodro\u0161ina, ka p\u0113das ir sausas pat visintens\u012bv\u0101ko skr\u0113jienu laik\u0101.<\/p>\n<hr \/>\n<h3><strong>Galven\u0101s funkcijas:<\/strong><\/h3>\n<ul>\n<li><strong>Uzlabots atbalsts:<\/strong> Stabiliz\u0113 pot\u012bti un p\u0113du p\u0113das, nodro\u0161inot papildu dro\u0161\u012bbu.<\/li>\n<li><strong>Vid\u0113ja kompresija:<\/strong> Uzlabo asinsriti un mazina iekaisumu.<\/li>\n<li><strong>COOLMAX\u00ae audums:<\/strong> Samazina triecienu, nodro\u0161ina elpojam\u012bbu un komfortu.<\/li>\n<li><strong>Aizsardz\u012bba pret tulzn\u0101m:<\/strong> Izstr\u0101d\u0101ts, lai nodro\u0161in\u0101tu pat\u012bkamu skrie\u0161anas pieredzi.<\/li>\n<li><strong>Elpojo\u0161s t\u012bkls:<\/strong> Uztur optim\u0101lu \u0101das temperat\u016bru intens\u012bvu treni\u0146u laik\u0101.<\/li>\n<li><strong>\u0100tra mitruma no\u0146em\u0161ana:<\/strong> Nodro\u0161ina sausumu pat p\u0113c gar\u0101m distanc\u0113m.<\/li>\n<li><strong>Ra\u017eots Sp\u0101nij\u0101:<\/strong> Profesion\u0101lu sportistu p\u0101rbaud\u012bta kvalit\u0101te un iztur\u012bba.<\/li>\n<li><strong>Sast\u0101vs:<\/strong> Coolmax\u00ae un neilons nodro\u0161ina m\u012bkstumu un komfortu.<\/li>\n<\/ul>\n<hr \/>\n<p><strong>\"Born To Run Orange\" SPORCKS<\/strong> - ze\u0137es, kas piel\u0101gojas j\u016bsu kust\u012bbu ritmam, sniedz jums p\u0101rliec\u012bbu un \u013cauj sasniegt lab\u0101kos rezult\u0101tus ar perfektu komfortu. Izj\u016btiet at\u0161\u0137ir\u012bbu ar katru soli!<\/p>","protected":false},"featured_media":31693,"comment_status":"open","ping_status":"closed","template":"","meta":{"_acf_changed":false},"product_brand":[246],"product_cat":[98,102],"product_tag":[],"class_list":{"0":"post-31604","1":"product","2":"type-product","3":"status-publish","4":"has-post-thumbnail","6":"product_brand-sporcks","7":"product_cat-sportui","8":"product_cat-kojines","10":"first","11":"instock","12":"shipping-taxable","13":"purchasable","14":"product-type-variable"},"acf":[],"tiered_pricing_type":"fixed","tiered_pricing_fixed_rules":[],"tiered_pricing_product_settings":{"layout":"default","base_unit_name":{"singular":null,"plural":null},"default_variation":null},"tiered_pricing_minimum_quantity":null,"tiered_pricing_roles_data":[],"tiered_pricing_percentage_rules":[],"_links":{"self":[{"href":"https:\/\/purama.lt\/lv\/wp-json\/wp\/v2\/product\/31604","targetHints":{"allow":["GET"]}}],"collection":[{"href":"https:\/\/purama.lt\/lv\/wp-json\/wp\/v2\/product"}],"about":[{"href":"https:\/\/purama.lt\/lv\/wp-json\/wp\/v2\/types\/product"}],"replies":[{"embeddable":true,"href":"https:\/\/purama.lt\/lv\/wp-json\/wp\/v2\/comments?post=31604"}],"wp:featuredmedia":[{"embeddable":true,"href":"https:\/\/purama.lt\/lv\/wp-json\/wp\/v2\/media\/31693"}],"wp:attachment":[{"href":"https:\/\/purama.lt\/lv\/wp-json\/wp\/v2\/media?parent=31604"}],"wp:term":[{"taxonomy":"product_brand","embeddable":true,"href":"https:\/\/purama.lt\/lv\/wp-json\/wp\/v2\/product_brand?post=31604"},{"taxonomy":"product_cat","embeddable":true,"href":"https:\/\/purama.lt\/lv\/wp-json\/wp\/v2\/product_cat?post=31604"},{"taxonomy":"product_tag","embeddable":true,"href":"https:\/\/purama.lt\/lv\/wp-json\/wp\/v2\/product_tag?post=31604"}],"curies":[{"name":"wp","href":"https:\/\/api.w.org\/{rel}","templated":true}]}}