{"id":31602,"date":"2025-01-15T11:40:25","date_gmt":"2025-01-15T11:40:25","guid":{"rendered":"https:\/\/purama.lt\/produktas\/kojines-stay-magic-sporcks\/"},"modified":"2026-04-24T08:05:25","modified_gmt":"2026-04-24T06:05:25","slug":"kojines-palikt-burvju-sporcks","status":"publish","type":"product","link":"https:\/\/purama.lt\/lv\/produktas\/kojines-stay-magic-sporcks\/","title":{"rendered":"SPORCKS Stay Magic sporta ze\u0137es"},"content":{"rendered":"<p>Vai mekl\u0113jat vair\u0101k? Apskatiet visu <a href=\"\/lv\/produktu-etiketes\/sporcks\/\">Sporcks sortimentu<\/a>.<\/p>","protected":false},"excerpt":{"rendered":"<p><strong>SPORCKS Palieciet Ma\u0123iski<\/strong> - ir m\u016bsdien\u012bga skrie\u0161anas ze\u0137e, kas izstr\u0101d\u0101ta maksim\u0101lam komfortam, aizsardz\u012bbai un veiktsp\u0113jai garu skr\u0113jienu laik\u0101. Pastiprin\u0101ts atbalsts pie pot\u012btes un p\u0113das nodro\u0161ina stabilit\u0101ti un pal\u012bdz samazin\u0101t musku\u013cu nogurumu. Vid\u0113ja kompresija veicina asinsriti un mazina iekaisumus, lai j\u016bs var\u0113tu justies \u0113rti pat visintens\u012bv\u0101ko treni\u0146u laik\u0101.<\/p>\n<p>Pap\u0113\u017ea un pirkstu zonas, kas izgatavotas no inteli\u0123enta materi\u0101la <strong>COOLMAX\u00ae frot\u0113 audums<\/strong>kas efekt\u012bvi absorb\u0113 triecienu, nodro\u0161ina optim\u0101lu elpojam\u012bbu un aizsarg\u0101 \u0101du no p\u016bsl\u012b\u0161u veido\u0161an\u0101s. Elpojo\u0161ais siets pal\u012bdz uztur\u0113t optim\u0101lu \u0101das temperat\u016bru, bet mitruma novad\u012b\u0161anas tehnolo\u0123ija \u013cauj ze\u0137\u0113m \u0101tri no\u017e\u016bt, saglab\u0101jot sausumu un svaigumu.<\/p>\n<hr \/>\n<h3><strong>Galven\u0101s funkcijas:<\/strong><\/h3>\n<ul>\n<li><strong>Uzlabots atbalsts:<\/strong> \u012apa\u0161a stabilit\u0101te pot\u012btes un p\u0113das da\u013c\u0101.<\/li>\n<li><strong>Vid\u0113ja kompresija:<\/strong> Stimul\u0113 asinsriti un mazina musku\u013cu sasprindzin\u0101jumu.<\/li>\n<li><strong>COOLMAX\u00ae audums:<\/strong> Samazina triecienu, nodro\u0161ina elpojam\u012bbu un aizsarg\u0101 pret tulzn\u0101m.<\/li>\n<li><strong>Elpojo\u0161s t\u012bkls:<\/strong> Uztur optim\u0101lu \u0101das temperat\u016bru intens\u012bvas skrie\u0161anas laik\u0101.<\/li>\n<li><strong>Mitruma no\u0146em\u0161ana:<\/strong> Efekt\u012bvi no\u0146em mitrumu un \u0101tri \u017e\u016bst.<\/li>\n<li><strong>Ra\u017eots Sp\u0101nij\u0101:<\/strong> Profesion\u0101lu sportistu apstiprin\u0101ta augst\u0101k\u0101s kvalit\u0101tes garantija.<\/li>\n<li><strong>Sast\u0101vs:<\/strong> Coolmax\u00ae un neilons nodro\u0161ina m\u012bkstumu un iztur\u012bbu.<\/li>\n<\/ul>\n<hr \/>\n<p><strong>\"Stay Magic\" SPORCKS<\/strong> - ir stil\u012bga un praktiska izv\u0113le skr\u0113j\u0113jiem, kas nov\u0113rt\u0113 kvalit\u0101ti un komfortu ik uz so\u013ca. Atkl\u0101jiet jaunu skrie\u0161anas l\u012bmeni ar ze\u0137\u0113m, kas ir izstr\u0101d\u0101tas, lai pal\u012bdz\u0113tu jums sasniegt lab\u0101kos rezult\u0101tus!<\/p>","protected":false},"featured_media":31648,"comment_status":"open","ping_status":"closed","template":"","meta":{"_acf_changed":false},"product_brand":[246],"product_cat":[98,57,102],"product_tag":[],"class_list":{"0":"post-31602","1":"product","2":"type-product","3":"status-publish","4":"has-post-thumbnail","6":"product_brand-sporcks","7":"product_cat-sportui","8":"product_cat-akcijos","9":"product_cat-kojines","11":"first","12":"instock","13":"sale","14":"shipping-taxable","15":"purchasable","16":"product-type-variable"},"acf":[],"tiered_pricing_type":"fixed","tiered_pricing_fixed_rules":[],"tiered_pricing_product_settings":{"layout":"default","base_unit_name":{"singular":null,"plural":null},"default_variation":null},"tiered_pricing_minimum_quantity":null,"tiered_pricing_roles_data":[],"tiered_pricing_percentage_rules":[],"_links":{"self":[{"href":"https:\/\/purama.lt\/lv\/wp-json\/wp\/v2\/product\/31602","targetHints":{"allow":["GET"]}}],"collection":[{"href":"https:\/\/purama.lt\/lv\/wp-json\/wp\/v2\/product"}],"about":[{"href":"https:\/\/purama.lt\/lv\/wp-json\/wp\/v2\/types\/product"}],"replies":[{"embeddable":true,"href":"https:\/\/purama.lt\/lv\/wp-json\/wp\/v2\/comments?post=31602"}],"wp:featuredmedia":[{"embeddable":true,"href":"https:\/\/purama.lt\/lv\/wp-json\/wp\/v2\/media\/31648"}],"wp:attachment":[{"href":"https:\/\/purama.lt\/lv\/wp-json\/wp\/v2\/media?parent=31602"}],"wp:term":[{"taxonomy":"product_brand","embeddable":true,"href":"https:\/\/purama.lt\/lv\/wp-json\/wp\/v2\/product_brand?post=31602"},{"taxonomy":"product_cat","embeddable":true,"href":"https:\/\/purama.lt\/lv\/wp-json\/wp\/v2\/product_cat?post=31602"},{"taxonomy":"product_tag","embeddable":true,"href":"https:\/\/purama.lt\/lv\/wp-json\/wp\/v2\/product_tag?post=31602"}],"curies":[{"name":"wp","href":"https:\/\/api.w.org\/{rel}","templated":true}]}}