{"id":31601,"date":"2025-01-15T11:40:25","date_gmt":"2025-01-15T11:40:25","guid":{"rendered":"https:\/\/purama.lt\/produktas\/kojines-flamingo-sporcks\/"},"modified":"2026-04-29T20:41:26","modified_gmt":"2026-04-29T18:41:26","slug":"kojines-flamingo-sporcks","status":"publish","type":"product","link":"https:\/\/purama.lt\/lv\/produktas\/kojines-flamingo-sporcks\/","title":{"rendered":"SPORCKS Flamingo sporta ze\u0137es"},"content":{"rendered":"<p>Vai mekl\u0113jat vair\u0101k? Apskatiet visu <a href=\"\/lv\/produktu-etiketes\/sporcks\/\">Sporcks sortimentu<\/a>.<\/p>","protected":false},"excerpt":{"rendered":"<p><strong>SPORCKS Flamingo<\/strong> - \u0160\u012bs ir stil\u012bgas un funkcion\u0101las skrie\u0161anas ze\u0137es, kas izstr\u0101d\u0101tas, lai nodro\u0161in\u0101tu nep\u0101rsp\u0113jamu komfortu un veiktsp\u0113ju ik uz so\u013ca. Pastiprin\u0101ts pot\u012btes un p\u0113das balsts nodro\u0161ina stabilit\u0101ti, bet vid\u0113ja kompresija uzlabo asinsriti un mazina iekaisumus pat visintens\u012bv\u0101ko treni\u0146u laik\u0101.<\/p>\n<p>Augstas kvalit\u0101tes pap\u0113\u017ea un pirkstu zonas <strong>COOLMAX\u00ae frot\u0113 audums<\/strong>, kas efekt\u012bvi absorb\u0113 triecienu, nodro\u0161ina lielisku elpojam\u012bbu un pal\u012bdz nov\u0113rst tulznas. Elpojo\u0161ais t\u012bkls uztur optim\u0101lu \u0101das temperat\u016bru, un mitruma novad\u012b\u0161anas tehnolo\u0123ija nodro\u0161ina, ka k\u0101jas ir sausas pat visgar\u0101kajos skr\u0113jienos.<\/p>\n<hr \/>\n<h3><strong>Galven\u0101s funkcijas:<\/strong><\/h3>\n<ul>\n<li><strong>Uzlabots atbalsts:<\/strong> Nodro\u0161ina stabilit\u0101ti pot\u012btes un zoles da\u013c\u0101.<\/li>\n<li><strong>Vid\u0113ja kompresija:<\/strong> Uzlabo asinsriti un mazina musku\u013cu nogurumu.<\/li>\n<li><strong>COOLMAX\u00ae audums:<\/strong> Samazina triecienu, nov\u0113r\u0161 tulznas un nodro\u0161ina elpojam\u012bbu.<\/li>\n<li><strong>Elpojo\u0161s t\u012bkls:<\/strong> Atbalsta \u0101das termoregul\u0101ciju pat visintens\u012bv\u0101ko treni\u0146u laik\u0101.<\/li>\n<li><strong>\u0100tra mitruma no\u0146em\u0161ana:<\/strong> Ze\u0137es paliek sausas un svaigas.<\/li>\n<li><strong>Ra\u017eots Sp\u0101nij\u0101:<\/strong> Nodro\u0161in\u0101ta kvalit\u0101te un iztur\u012bba.<\/li>\n<li><strong>Sast\u0101vs:<\/strong> Coolmax\u00ae un neilons nodro\u0161ina maigumu un gludumu.<\/li>\n<\/ul>\n<hr \/>\n<p><strong>\u201eFlamingo\u201c SPORCKS<\/strong> - ir ide\u0101la izv\u0113le tiem, kas nov\u0113rt\u0113 kvalit\u0101ti, komfortu un stil\u012bgu dizainu. Ar \u0161\u012bm ze\u0137\u0113m varat izbaud\u012bt jautru skrie\u0161anu un sasniegt jaunus m\u0113r\u0137us!<\/p>","protected":false},"featured_media":31660,"comment_status":"open","ping_status":"closed","template":"","meta":{"_acf_changed":false},"product_brand":[246],"product_cat":[98,57,102],"product_tag":[],"class_list":{"0":"post-31601","1":"product","2":"type-product","3":"status-publish","4":"has-post-thumbnail","6":"product_brand-sporcks","7":"product_cat-sportui","8":"product_cat-akcijos","9":"product_cat-kojines","11":"first","12":"instock","13":"sale","14":"shipping-taxable","15":"purchasable","16":"product-type-variable"},"acf":[],"tiered_pricing_type":"fixed","tiered_pricing_fixed_rules":[],"tiered_pricing_product_settings":{"layout":"default","base_unit_name":{"singular":null,"plural":null},"default_variation":null},"tiered_pricing_minimum_quantity":null,"tiered_pricing_roles_data":[],"tiered_pricing_percentage_rules":[],"_links":{"self":[{"href":"https:\/\/purama.lt\/lv\/wp-json\/wp\/v2\/product\/31601","targetHints":{"allow":["GET"]}}],"collection":[{"href":"https:\/\/purama.lt\/lv\/wp-json\/wp\/v2\/product"}],"about":[{"href":"https:\/\/purama.lt\/lv\/wp-json\/wp\/v2\/types\/product"}],"replies":[{"embeddable":true,"href":"https:\/\/purama.lt\/lv\/wp-json\/wp\/v2\/comments?post=31601"}],"wp:featuredmedia":[{"embeddable":true,"href":"https:\/\/purama.lt\/lv\/wp-json\/wp\/v2\/media\/31660"}],"wp:attachment":[{"href":"https:\/\/purama.lt\/lv\/wp-json\/wp\/v2\/media?parent=31601"}],"wp:term":[{"taxonomy":"product_brand","embeddable":true,"href":"https:\/\/purama.lt\/lv\/wp-json\/wp\/v2\/product_brand?post=31601"},{"taxonomy":"product_cat","embeddable":true,"href":"https:\/\/purama.lt\/lv\/wp-json\/wp\/v2\/product_cat?post=31601"},{"taxonomy":"product_tag","embeddable":true,"href":"https:\/\/purama.lt\/lv\/wp-json\/wp\/v2\/product_tag?post=31601"}],"curies":[{"name":"wp","href":"https:\/\/api.w.org\/{rel}","templated":true}]}}