{"id":31600,"date":"2025-01-15T11:40:25","date_gmt":"2025-01-15T11:40:25","guid":{"rendered":"https:\/\/purama.lt\/produktas\/kojines-up-up-up-pink-sporcks\/"},"modified":"2026-04-03T10:31:30","modified_gmt":"2026-04-03T08:31:30","slug":"kojines-up-up-up-up-up-roza-sporcks","status":"publish","type":"product","link":"https:\/\/purama.lt\/lv\/produktas\/kojines-up-up-up-pink-sporcks\/","title":{"rendered":"SPORCKS Uz aug\u0161u Uz aug\u0161u Uz aug\u0161u Roz\u0101 sporta ze\u0137es"},"content":{"rendered":"<p>Vai mekl\u0113jat vair\u0101k? Apskatiet visu <a href=\"\/lv\/produktu-etiketes\/sporcks\/\">Sporcks sortimentu<\/a>.<\/p>","protected":false},"excerpt":{"rendered":"<p><strong>SPORCKS Uz Aug\u0161u Uz Aug\u0161u Roz\u0101<\/strong> - ir ide\u0101la izv\u0113le rite\u0146brauk\u0161anas entuziastiem, kas mekl\u0113 maksim\u0101lu kvalit\u0101ti, komfortu un funkcionalit\u0101ti. \u0160\u012bs \u012bpa\u0161i viegl\u0101s ze\u0137es, kas izgatavotas no augstas kvalit\u0101tes neilona, nodro\u0161ina efekt\u012bvu mitruma novad\u012b\u0161anu, \u0101tru \u017e\u016b\u0161anu un elpojo\u0161u materi\u0101lu komfortu. Pat visintens\u012bv\u0101kie treni\u0146i k\u013c\u016bs pat\u012bkam\u0101ki un viegl\u0101ki.<\/p>\n<p>Pastiprin\u0101t\u0101s pap\u0113\u017ea un pirkstu zonas garant\u0113 iztur\u012bbu un aizsardz\u012bbu pret nodilumu, savuk\u0101rt vid\u0113ja l\u012bme\u0146a kompresija pal\u012bdz uzlabot asinsriti un mazin\u0101t k\u0101ju nogurumu. \"Up Up Pink\" ir ne tikai funkcion\u0101las, bet ar\u012b stil\u012bgas, t\u0101p\u0113c j\u016bsu treni\u0146\u0161 b\u016bs ne tikai efekt\u012bvs, bet ar\u012b \u0101rk\u0101rt\u012bgi elegants.<\/p>\n<hr \/>\n<h3><strong>Galven\u0101s funkcijas:<\/strong><\/h3>\n<ul>\n<li><strong>Vid\u0113ja kompresija:<\/strong> Uzlabo asinsriti, samazina k\u0101ju nogurumu un palielina komfortu.<\/li>\n<li><strong>Augstas kvalit\u0101tes neilons:<\/strong> Efekt\u012bvi novada mitrumu un \u0101tri \u017e\u016bst, saglab\u0101jot k\u0101jas sausas.<\/li>\n<li><strong>Elpojo\u0161i materi\u0101li:<\/strong> Nodro\u0161ina termoregul\u0101ciju un komfortu pat visakt\u012bv\u0101ko treni\u0146u laik\u0101.<\/li>\n<li><strong>Pastiprin\u0101tas pap\u0113\u017ea un pirkstu zonas:<\/strong> Palielina iztur\u012bbu un nov\u0113r\u0161 strauju nolieto\u0161anos.<\/li>\n<li><strong>Viegla konstrukcija:<\/strong> Izstr\u0101d\u0101ts t\u0101, lai diskr\u0113ti piegu\u013c k\u0101j\u0101m un \u013cauj br\u012bvi p\u0101rvietoties.<\/li>\n<li><strong>Ra\u017eots Sp\u0101nij\u0101:<\/strong> Augst\u0101k\u0101 kvalit\u0101te, ko apstiprin\u0101ju\u0161i profesion\u0101li sportisti.<\/li>\n<li><strong>Ieteicams:<\/strong> Paredz\u0113ts m\u0113renam klimatam, bet ide\u0101li piem\u0113rots da\u017e\u0101diem laikapst\u0101k\u013ciem.<\/li>\n<\/ul>\n<hr \/>\n<p><strong>\"Up Up Up Up Pink\" SPORCKS<\/strong> - j\u016bsu ide\u0101lais partneris, lai veiktu lielus att\u0101lumus un sasniegtu vislab\u0101kos rezult\u0101tus. Izv\u0113lieties uzticam\u012bbu, stilu un komfortu katram solim vai kilometram!<\/p>","protected":false},"featured_media":31640,"comment_status":"open","ping_status":"closed","template":"","meta":{"_acf_changed":false},"product_brand":[246],"product_cat":[98,102],"product_tag":[],"class_list":{"0":"post-31600","1":"product","2":"type-product","3":"status-publish","4":"has-post-thumbnail","6":"product_brand-sporcks","7":"product_cat-sportui","8":"product_cat-kojines","10":"first","11":"outofstock","12":"shipping-taxable","13":"purchasable","14":"product-type-variable"},"acf":[],"tiered_pricing_type":"fixed","tiered_pricing_fixed_rules":[],"tiered_pricing_product_settings":{"layout":"default","base_unit_name":{"singular":null,"plural":null},"default_variation":null},"tiered_pricing_minimum_quantity":null,"tiered_pricing_roles_data":[],"tiered_pricing_percentage_rules":[],"_links":{"self":[{"href":"https:\/\/purama.lt\/lv\/wp-json\/wp\/v2\/product\/31600","targetHints":{"allow":["GET"]}}],"collection":[{"href":"https:\/\/purama.lt\/lv\/wp-json\/wp\/v2\/product"}],"about":[{"href":"https:\/\/purama.lt\/lv\/wp-json\/wp\/v2\/types\/product"}],"replies":[{"embeddable":true,"href":"https:\/\/purama.lt\/lv\/wp-json\/wp\/v2\/comments?post=31600"}],"wp:featuredmedia":[{"embeddable":true,"href":"https:\/\/purama.lt\/lv\/wp-json\/wp\/v2\/media\/31640"}],"wp:attachment":[{"href":"https:\/\/purama.lt\/lv\/wp-json\/wp\/v2\/media?parent=31600"}],"wp:term":[{"taxonomy":"product_brand","embeddable":true,"href":"https:\/\/purama.lt\/lv\/wp-json\/wp\/v2\/product_brand?post=31600"},{"taxonomy":"product_cat","embeddable":true,"href":"https:\/\/purama.lt\/lv\/wp-json\/wp\/v2\/product_cat?post=31600"},{"taxonomy":"product_tag","embeddable":true,"href":"https:\/\/purama.lt\/lv\/wp-json\/wp\/v2\/product_tag?post=31600"}],"curies":[{"name":"wp","href":"https:\/\/api.w.org\/{rel}","templated":true}]}}