{"id":31599,"date":"2025-01-15T11:40:25","date_gmt":"2025-01-15T11:40:25","guid":{"rendered":"https:\/\/purama.lt\/produktas\/kojines-up-up-up-yellow-sporcks\/"},"modified":"2026-04-06T19:14:10","modified_gmt":"2026-04-06T17:14:10","slug":"kojines-augsup-augsup-augsup-dzeltenas-sporta-bikses","status":"publish","type":"product","link":"https:\/\/purama.lt\/lv\/produktas\/kojines-up-up-up-yellow-sporcks\/","title":{"rendered":"SPORCKS Uz aug\u0161u Uz aug\u0161u Uz aug\u0161u Dzeltenas sporta ze\u0137es"},"content":{"rendered":"<p>Vai mekl\u0113jat vair\u0101k? Apskatiet visu <a href=\"\/lv\/produktu-etiketes\/sporcks\/\">Sporcks sortimentu<\/a>.<\/p>","protected":false},"excerpt":{"rendered":"<p><strong>SPORCKS Up Up Up Up Up Yellow<\/strong> - ir ekskluz\u012bvas velo ze\u0137es, kas izstr\u0101d\u0101tas t\u0101, lai nodro\u0161in\u0101tu maksim\u0101lu komfortu un funkcionalit\u0101ti pat visintens\u012bv\u0101ko treni\u0146u laik\u0101. \u0160\u012bs \u012bpa\u0161i viegl\u0101s ze\u0137es, kas izgatavotas no augstas kvalit\u0101tes neilona, efekt\u012bvi novada mitrumu, \u0101tri \u017e\u016bst un saglab\u0101 k\u0101jas sausas pat lielas fizisk\u0101s slodzes apst\u0101k\u013cos.<\/p>\n<p>Elpojo\u0161i materi\u0101li veicina \u0101das termoregul\u0101ciju, bet pastiprin\u0101ta pap\u0113\u017ea un pirkstu da\u013ca nodro\u0161ina iztur\u012bbu un aizsardz\u012bbu pret nodilumu. Vid\u0113ja l\u012bme\u0146a kompresija uzlabo asinsriti, mazina nogurumu un palielina komfortu garos att\u0101lumos.<\/p>\n<hr \/>\n<h3><strong>Galven\u0101s funkcijas:<\/strong><\/h3>\n<ul>\n<li><strong>Vid\u0113ja kompresija:<\/strong> Pal\u012bdz uzlabot asinsriti un mazina k\u0101ju nogurumu.<\/li>\n<li><strong>Augstas kvalit\u0101tes neilons:<\/strong> Efekt\u012bvi no\u0146em mitrumu un nodro\u0161ina \u0101tru \u017e\u0101v\u0113\u0161anu.<\/li>\n<li><strong>Elpojo\u0161i materi\u0101li:<\/strong> Uztur optim\u0101lu p\u0113du temperat\u016bru pat intens\u012bvu treni\u0146u laik\u0101.<\/li>\n<li><strong>Pastiprin\u0101tas pap\u0113\u017ea un pirkstu zonas:<\/strong> Nodro\u0161ina iztur\u012bbu un aizsardz\u012bbu.<\/li>\n<li><strong>Viegla konstrukcija:<\/strong> Ide\u0101li piem\u0113rots gariem velo treni\u0146iem vai sacens\u012bb\u0101m.<\/li>\n<li><strong>Ra\u017eots Sp\u0101nij\u0101:<\/strong> Augst\u0101k\u0101 kvalit\u0101te, ko apstiprin\u0101ju\u0161i profesion\u0101li sportisti.<\/li>\n<li><strong>Ieteicams:<\/strong> Paredz\u0113ts m\u0113renam klimatam, bet ide\u0101li piem\u0113rots da\u017e\u0101diem laikapst\u0101k\u013ciem.<\/li>\n<\/ul>\n<hr \/>\n<p><strong>\"Up Up Up Up Yellow\" SPORCKS<\/strong> - t\u0101 nav tikai ze\u0137e, t\u0101 ir uzticams partneris treni\u0146iem. Izv\u0113lieties kvalit\u0101ti un stilu, kas \u013caus jums sasniegt lab\u0101kos rezult\u0101tus katr\u0101 kilometr\u0101!<\/p>","protected":false},"featured_media":31636,"comment_status":"open","ping_status":"closed","template":"","meta":{"_acf_changed":false},"product_brand":[246],"product_cat":[98,57,102],"product_tag":[],"class_list":{"0":"post-31599","1":"product","2":"type-product","3":"status-publish","4":"has-post-thumbnail","6":"product_brand-sporcks","7":"product_cat-sportui","8":"product_cat-akcijos","9":"product_cat-kojines","11":"first","12":"instock","13":"sale","14":"shipping-taxable","15":"purchasable","16":"product-type-variable"},"acf":[],"tiered_pricing_type":"fixed","tiered_pricing_fixed_rules":[],"tiered_pricing_product_settings":{"layout":"default","base_unit_name":{"singular":null,"plural":null},"default_variation":null},"tiered_pricing_minimum_quantity":null,"tiered_pricing_roles_data":[],"tiered_pricing_percentage_rules":[],"_links":{"self":[{"href":"https:\/\/purama.lt\/lv\/wp-json\/wp\/v2\/product\/31599","targetHints":{"allow":["GET"]}}],"collection":[{"href":"https:\/\/purama.lt\/lv\/wp-json\/wp\/v2\/product"}],"about":[{"href":"https:\/\/purama.lt\/lv\/wp-json\/wp\/v2\/types\/product"}],"replies":[{"embeddable":true,"href":"https:\/\/purama.lt\/lv\/wp-json\/wp\/v2\/comments?post=31599"}],"wp:featuredmedia":[{"embeddable":true,"href":"https:\/\/purama.lt\/lv\/wp-json\/wp\/v2\/media\/31636"}],"wp:attachment":[{"href":"https:\/\/purama.lt\/lv\/wp-json\/wp\/v2\/media?parent=31599"}],"wp:term":[{"taxonomy":"product_brand","embeddable":true,"href":"https:\/\/purama.lt\/lv\/wp-json\/wp\/v2\/product_brand?post=31599"},{"taxonomy":"product_cat","embeddable":true,"href":"https:\/\/purama.lt\/lv\/wp-json\/wp\/v2\/product_cat?post=31599"},{"taxonomy":"product_tag","embeddable":true,"href":"https:\/\/purama.lt\/lv\/wp-json\/wp\/v2\/product_tag?post=31599"}],"curies":[{"name":"wp","href":"https:\/\/api.w.org\/{rel}","templated":true}]}}