{"id":31580,"date":"2025-01-14T19:08:30","date_gmt":"2025-01-14T19:08:30","guid":{"rendered":"https:\/\/purama.lt\/produktas\/sirt6-sirtuino-6-aktyvatorius-donotage\/"},"modified":"2026-04-07T14:29:52","modified_gmt":"2026-04-07T12:29:52","slug":"donotage-sirt6activator-kapsulas","status":"publish","type":"product","link":"https:\/\/purama.lt\/lv\/produktas\/sirt6-sirtuino-6-aktyvatorius-donotage\/","title":{"rendered":"DoNotAge SIRT6Activator kapsulas"},"content":{"rendered":"<h3 class=\"wp-block-heading\">Kas yra SIRT6 un k\u0101p\u0113c tas ir svar\u012bgs<\/h3>\n\n\n\n<p><strong>SIRT6<\/strong> (sirtu\u012bns 6) \u2013 tas ir sirtu\u012bnu saimes prote\u012bns, kas piedal\u0101s vair\u0101kos svar\u012bgos \u0161\u016bnu procesos: <strong>DNR likums<\/strong>, <strong>aizdedzes regul\u0113\u0161an\u0101<\/strong>, <strong>ener\u0123ijas aprit\u0113<\/strong> un <strong>telom\u0113ru stabilit\u0101t\u0113<\/strong>. Zin\u0101tniskaj\u0101 literat\u016br\u0101 SIRT6 visbie\u017e\u0101k tiek apskat\u012bts ilgm\u016b\u017e\u012bbas biolo\u0123ijas kontekst\u0101 \u2013 p\u0113t\u012bjumi liecina, ka \u0161\u012b prote\u012bna aktivit\u0101te samazin\u0101s l\u012bdz ar vecumu, kas var b\u016bt saist\u012bts ar strauj\u0101ku \u0161\u016bnu noveco\u0161anos.<\/p>\n\n\n\n<p><strong>DoNotAge SIRT6Aktivators<\/strong> \u2013 t\u0101 ir patent\u0113ta formula, kas izstr\u0101d\u0101ta, lai atbalst\u012btu SIRT6 aktivit\u0101ti. Produkts tiek izmantots ilgm\u016b\u017e\u012bbas p\u0113t\u012bjumos un ir viens no DoNotAge vislab\u0101k paz\u012bstamajiem uztura bag\u0101tin\u0101t\u0101jiem.<\/p>\n\n\n\n<h3 class=\"wp-block-heading\">SIRT6 Aktivators ir paredz\u0113ts lieto\u0161anai p\u0113tniec\u012bbas nol\u016bkos, lai izp\u0113t\u012btu SIRT6 g\u0113na un t\u0101 funkciju ietekmi uz \u0161\u016bnu procesiem un iesp\u0113jamaj\u0101m slim\u012bb\u0101m.<\/h3>\n\n\n\n<p>SIRT6 aktivators parasti tiek izv\u0113l\u0113ts k\u0101 da\u013ca no ilgm\u016b\u017e\u012bbas protokola \u2013 \u012bpa\u0161i kop\u0101 ar <a href=\"https:\/\/purama.lt\/lv\/products\/donotage-pure-nmn-nmn-kapsulas\/\">DoNotAge NMN<\/a>, <a href=\"https:\/\/purama.lt\/lv\/products\/donotage-pure-resveratrol-kapsulas\/\">DoNotAge Resveratrol<\/a> un <a href=\"https:\/\/purama.lt\/lv\/products\/donotage-pure-tmg-kapsulas\/\">DoNotAge TMG<\/a>. \u0160o produktu kombin\u0101cija ietver vair\u0101kus da\u017e\u0101dus \u0161\u016bnu noveco\u0161an\u0101s ce\u013cus.<\/p>\n\n\n\n<h3 class=\"wp-block-heading\">Pat\u0113ri\u0146\u0161<\/h3>\n\n\n\n<p>Ieteicamais daudzumam ir j\u0101b\u016bt atkar\u012bgam no \u0137erme\u0146a svara:<\/p>\n\n\n\n<p>&lt; 60 kg \u2013 <strong>800 mg<\/strong> dien\u0101 (2 kapsulas): 1 pirms pusdien\u0101m, 1 pirms vakari\u0146\u0101m<br>60\u2013100 kg \u2013 <strong>1600 mg<\/strong> dien\u0101 (4 kapsulas): 2 pirms pusdien\u0101m, 2 pirms vakari\u0146\u0101m<br>100 kg \u2013 <strong>2400 mg<\/strong> dien\u0101 (6 kapsulas): 3 pirms pusdien\u0101m, 3 pirms vakari\u0146\u0101m<\/p>\n\n\n\n<p>Lietot ar \u016bdeni, v\u0113lams dienas pirmaj\u0101 pus\u0113. Paredz\u0113ts regul\u0101rai, ilgsto\u0161ai lieto\u0161anai.<\/p>\n\n\n\n<h3 class=\"wp-block-heading\">Sast\u0101vda\u013cas<\/h3>\n\n\n\n<p>Patent\u0113ta SIRT6Activator formula, veg\u0101nu kapsula (celuloze). Bez \u0122MO, bez m\u0101ksl\u012bgiem pildviel\u0101m, bez kr\u0101sviel\u0101m.<\/p>\n\n\n\n<h3 class=\"wp-block-heading\">Kvalit\u0101tes apliecin\u0101juma dokumenti (COA)<\/h3>\n\n\n\n<p><strong>Kvalit\u0101tes dokument\u0101cija (COA):<\/strong> COA apstiprina akt\u012bvo vielu daudzumu un galvenos kvalit\u0101tes r\u0101d\u012bt\u0101jus.<\/p>\n\n\n\n<p><strong>P\u0101rtikas apstr\u0101des sertifik\u0101ts:<\/strong> 69MTSPA-667<\/p>\n\n\n\n<h3 class=\"wp-block-heading\">Vair\u0101k DoNotAge produktu<\/h3>\n\n\n\n<p>Skat\u012bt pilnu <a href=\"https:\/\/purama.lt\/lv\/produktu-etiketes\/donotage\/\">DoNotAge kl\u0101sts Purama<\/a> \u2013 no NAD+ prekursoriem un senol\u012btiem l\u012bdz miega un ener\u0123ijas l\u012bme\u0146a uzlabo\u0161anas formul\u0101m. Visi produkti tiek uzglab\u0101ti Lietuv\u0101, pieg\u0101de 1\u20132 darbdienu laik\u0101.<\/p>","protected":false},"excerpt":{"rendered":"<p><strong>DoNotAge SIRT6Aktivators<\/strong> \u2013 patent\u0113ta formula, kas paredz\u0113ta SIRT6 g\u0113na aktivit\u0101tes uztur\u0113\u0161anai. SIRT6 prote\u012bns ir saist\u012bts ar DNS atjauno\u0161anu, ener\u0123ijas metabolismu un telom\u0113ru stabilit\u0101ti. Ar vecumu SIRT6 aktivit\u0101te samazin\u0101s, t\u0101p\u0113c \u0161\u012b prote\u012bna uztur\u0113\u0161ana k\u013c\u016bst aktu\u0101la ilgm\u016b\u017e\u012bbas kontekst\u0101. Ar COA dokument\u0101ciju. Pieg\u0101de Latvij\u0101 1\u20132 darba dien\u0101s.<\/p>\n<p><strong>K\u0101p\u0113c izv\u0113l\u0113ties<\/strong><br \/><strong>\u2714\ufe0f<\/strong> patentuota formula SIRT6 aktiviz\u0113\u0161anai<br \/><strong>\u2714\ufe0f<\/strong> atbalsta DNS remontu un \u0161\u016bnu stabilit\u0101ti<br \/><strong>\u2714\ufe0f<\/strong> bez \u0122MO, bez m\u0101ksl\u012bgiem piedev\u0101m, veg\u0101nisks<br \/><strong>\u2714\ufe0f<\/strong> tre\u0161\u0101s puses laboratorij\u0101s p\u0101rbaud\u012bta kvalit\u0101te<\/p>","protected":false},"featured_media":31584,"comment_status":"open","ping_status":"closed","template":"","meta":{"_acf_changed":false},"product_brand":[242],"product_cat":[122,57,248,123],"product_tag":[],"class_list":{"0":"post-31580","1":"product","2":"type-product","3":"status-publish","4":"has-post-thumbnail","6":"product_brand-donotage","7":"product_cat-lasteliu-jaunystei","8":"product_cat-akcijos","9":"product_cat-nad-ir-mitochondrijos","10":"product_cat-papildai-ilgaamziskumui","12":"first","13":"instock","14":"sale","15":"shipping-taxable","16":"purchasable","17":"product-type-variable"},"acf":[],"tiered_pricing_type":"fixed","tiered_pricing_fixed_rules":[],"tiered_pricing_product_settings":{"layout":"default","base_unit_name":{"singular":null,"plural":null},"default_variation":null},"tiered_pricing_minimum_quantity":null,"tiered_pricing_roles_data":[],"tiered_pricing_percentage_rules":[],"_links":{"self":[{"href":"https:\/\/purama.lt\/lv\/wp-json\/wp\/v2\/product\/31580","targetHints":{"allow":["GET"]}}],"collection":[{"href":"https:\/\/purama.lt\/lv\/wp-json\/wp\/v2\/product"}],"about":[{"href":"https:\/\/purama.lt\/lv\/wp-json\/wp\/v2\/types\/product"}],"replies":[{"embeddable":true,"href":"https:\/\/purama.lt\/lv\/wp-json\/wp\/v2\/comments?post=31580"}],"wp:featuredmedia":[{"embeddable":true,"href":"https:\/\/purama.lt\/lv\/wp-json\/wp\/v2\/media\/31584"}],"wp:attachment":[{"href":"https:\/\/purama.lt\/lv\/wp-json\/wp\/v2\/media?parent=31580"}],"wp:term":[{"taxonomy":"product_brand","embeddable":true,"href":"https:\/\/purama.lt\/lv\/wp-json\/wp\/v2\/product_brand?post=31580"},{"taxonomy":"product_cat","embeddable":true,"href":"https:\/\/purama.lt\/lv\/wp-json\/wp\/v2\/product_cat?post=31580"},{"taxonomy":"product_tag","embeddable":true,"href":"https:\/\/purama.lt\/lv\/wp-json\/wp\/v2\/product_tag?post=31580"}],"curies":[{"name":"wp","href":"https:\/\/api.w.org\/{rel}","templated":true}]}}