{"id":31541,"date":"2025-01-13T13:22:34","date_gmt":"2025-01-13T13:22:34","guid":{"rendered":"https:\/\/purama.lt\/produktas\/guminukai-groziui-nordic-nutris-beauty\/"},"modified":"2026-04-28T09:15:23","modified_gmt":"2026-04-28T07:15:23","slug":"skaistumkopsanas-gumija-nordic-nutris-beauty","status":"publish","type":"product","link":"https:\/\/purama.lt\/lv\/produktas\/guminukai-groziui-nordic-nutris-beauty\/","title":{"rendered":"NORDIC NUTRIS Beauty Gummies"},"content":{"rendered":"<p><strong>Pat\u0113ri\u0146\u0161<\/strong><br>Lietojiet p\u0113c vajadz\u012bbas, ne vair\u0101k k\u0101 5 gumijas dien\u0101.<br>Nep\u0101rsniedziet ieteikto devu; uztura bag\u0101tin\u0101t\u0101ju nedr\u012bkst lietot k\u0101 malt\u012btes aizst\u0101j\u0113ju.<br>Uzglab\u0101t saus\u0101, b\u0113rniem nepieejam\u0101 viet\u0101.<\/p>\n\n\n\n<p><strong>Sast\u0101vda\u013cas<\/strong><br>malt\u012bta \u0161\u0137\u012bdums, \u016bdens, maltitols, ksilitols, izomaltoze, pekt\u012bns, piensk\u0101be, n\u0101trija lakt\u0101ts, citronsk\u0101be, kolag\u0113na pept\u012bds, biot\u012bns, l-askorb\u012bnsk\u0101be, ave\u0146u esence, n\u0101trija citr\u0101ts, n\u0101trija heksametafosf\u0101ts.<\/p>","protected":false},"excerpt":{"rendered":"<p data-start=\"0\" data-end=\"568\"><strong data-start=\"16\" data-end=\"50\">Nordic Nutris - Skaistumkop\u0161anas ko\u0161ummaiz\u012btes<\/strong> gumijas j\u016bsu skaistumkop\u0161anai, lai pal\u012bdz\u0113tu jums papildin\u0101t ikdienas uzturu ar sast\u0101vda\u013c\u0101m, kas ir b\u016btiskas j\u016bsu skaistumkop\u0161anai. <strong data-start=\"145\" data-end=\"173\">\u0101da, mati un nagi<\/strong>. Satur <strong data-start=\"192\" data-end=\"213\">kolag\u0113na pept\u012bdi<\/strong>, <strong data-start=\"215\" data-end=\"227\">biot\u012bns<\/strong> un <strong data-start=\"231\" data-end=\"246\">C vitam\u012bns<\/strong> izv\u0113l\u0113ts, lai uztur\u0113tu izskatu \u0113rt\u0101, gar\u0161\u012bg\u0101 veid\u0101 - bez kapsul\u0101m vai tablet\u0113m. Gumijmaiz\u012btes ir <strong data-start=\"364\" data-end=\"382\">ave\u0146u gar\u0161a<\/strong>, kas ir viegli iek\u013caujams ikdienas rut\u012bn\u0101, un C vitam\u012bns veicina to. <strong data-start=\"449\" data-end=\"479\">norm\u0101la kolag\u0113na ra\u017eo\u0161ana<\/strong>, svar\u012bgs \u0101das funkcij\u0101m, un biot\u012bns pal\u012bdz uztur\u0113t <strong data-start=\"534\" data-end=\"567\">norm\u0101li \u0101das un matu st\u0101vok\u013ci.<\/strong>.<\/p>\n<p data-start=\"570\" data-end=\"757\"><strong data-start=\"570\" data-end=\"593\">K\u0101p\u0113c izv\u0113l\u0113ties<\/strong><br data-start=\"593\" data-end=\"596\" \/><strong data-start=\"596\" data-end=\"602\">\u2714\ufe0f<\/strong> \u0112rta elast\u012bgas lentes forma ikdienas lieto\u0161anai<br data-start=\"634\" data-end=\"637\" \/><strong data-start=\"637\" data-end=\"643\">\u2714\ufe0f<\/strong> ar kolag\u0113na pept\u012bdiem, biot\u012bnu un C vitam\u012bnu.<br data-start=\"688\" data-end=\"691\" \/><strong data-start=\"691\" data-end=\"697\">\u2714\ufe0f<\/strong> \u0101das, matu un nagu kop\u0161anas proced\u016br\u0101m<br data-start=\"733\" data-end=\"736\" \/><strong data-start=\"736\" data-end=\"742\">\u2714\ufe0f<\/strong> ave\u0146u gar\u0161a<\/p>\n<p data-start=\"570\" data-end=\"757\">Galiojimo terminas 2026 05 08<\/p>","protected":false},"featured_media":31556,"comment_status":"open","ping_status":"closed","template":"","meta":{"_acf_changed":false},"product_brand":[444],"product_cat":[60,112,500],"product_tag":[],"class_list":{"0":"post-31541","1":"product","2":"type-product","3":"status-publish","4":"has-post-thumbnail","6":"product_brand-nordic-nutris","7":"product_cat-mitybai","8":"product_cat-guminukai","9":"product_cat-outlet","11":"first","12":"instock","13":"sale","14":"shipping-taxable","15":"purchasable","16":"product-type-simple"},"acf":[],"tiered_pricing_type":"fixed","tiered_pricing_fixed_rules":[],"tiered_pricing_product_settings":{"layout":"default","base_unit_name":{"singular":null,"plural":null},"default_variation":null},"tiered_pricing_minimum_quantity":null,"tiered_pricing_roles_data":[],"tiered_pricing_percentage_rules":[],"_links":{"self":[{"href":"https:\/\/purama.lt\/lv\/wp-json\/wp\/v2\/product\/31541","targetHints":{"allow":["GET"]}}],"collection":[{"href":"https:\/\/purama.lt\/lv\/wp-json\/wp\/v2\/product"}],"about":[{"href":"https:\/\/purama.lt\/lv\/wp-json\/wp\/v2\/types\/product"}],"replies":[{"embeddable":true,"href":"https:\/\/purama.lt\/lv\/wp-json\/wp\/v2\/comments?post=31541"}],"wp:featuredmedia":[{"embeddable":true,"href":"https:\/\/purama.lt\/lv\/wp-json\/wp\/v2\/media\/31556"}],"wp:attachment":[{"href":"https:\/\/purama.lt\/lv\/wp-json\/wp\/v2\/media?parent=31541"}],"wp:term":[{"taxonomy":"product_brand","embeddable":true,"href":"https:\/\/purama.lt\/lv\/wp-json\/wp\/v2\/product_brand?post=31541"},{"taxonomy":"product_cat","embeddable":true,"href":"https:\/\/purama.lt\/lv\/wp-json\/wp\/v2\/product_cat?post=31541"},{"taxonomy":"product_tag","embeddable":true,"href":"https:\/\/purama.lt\/lv\/wp-json\/wp\/v2\/product_tag?post=31541"}],"curies":[{"name":"wp","href":"https:\/\/api.w.org\/{rel}","templated":true}]}}