{"id":31540,"date":"2025-01-13T13:22:34","date_gmt":"2025-01-13T13:22:34","guid":{"rendered":"https:\/\/purama.lt\/produktas\/guminukai-svorio-metimui-nordic-nutris-weight-loss\/"},"modified":"2026-04-27T18:18:54","modified_gmt":"2026-04-27T16:18:54","slug":"svara-zudums-gumijas-nordic-nutris-svara-zudums","status":"publish","type":"product","link":"https:\/\/purama.lt\/lv\/produktas\/guminukai-svorio-metimui-nordic-nutris-weight-loss\/","title":{"rendered":"NORDIC NUTRIS Svara zaud\u0113\u0161anas ko\u0161\u013c\u0101jam\u0101s konfektes"},"content":{"rendered":"<p><strong>Pat\u0113ri\u0146\u0161<\/strong><br>Lietojiet p\u0113c vajadz\u012bbas, ne vair\u0101k k\u0101 5 gumijas dien\u0101.<br>Nep\u0101rsniedziet ieteikto devu; uztura bag\u0101tin\u0101t\u0101ju nedr\u012bkst lietot k\u0101 malt\u012btes aizst\u0101j\u0113ju.<br>Svar\u012bgs ir daudzveid\u012bgs un sabalans\u0113ts uzturs un vesel\u012bgs dz\u012bvesveids.<\/p>\n\n\n\n<p><strong>Sast\u0101vda\u013cas<\/strong><br>malt\u012bta \u0161\u0137idrums, \u016bdens, maltitols, ksilitols, ksilitols, izomaltoze, pekt\u012bns, \u0101bolu eti\u0137a pulveris (200 mg), salikts sk\u0101buma regulators (piensk\u0101be, n\u0101trija lakt\u0101ts), citronsk\u0101be, p\u0101rtikas esence, n\u0101trija citr\u0101ts, karame\u013cu kr\u0101sviela, n\u0101trija heksametafosf\u0101ts.<\/p>\n\n\n\n<p><\/p>","protected":false},"excerpt":{"rendered":"<p data-start=\"0\" data-end=\"461\"><strong data-start=\"16\" data-end=\"55\">Nordic Nutris - svara zaud\u0113\u0161anas ko\u0161\u013c\u0101jam\u0101s konfektes<\/strong> uztura bag\u0101tin\u0101t\u0101js ko\u0161\u013c\u0101jam\u0101s gumijas veid\u0101, kas paredz\u0113ts <strong data-start=\"96\" data-end=\"116\">svara kontrolei<\/strong> un <strong data-start=\"120\" data-end=\"147\">bada kontrolei<\/strong> ikdienas rut\u012bnas. \u0112rts form\u0101ts \u013cauj to \u0113rti izmantot jebkur\u0101 viet\u0101 un jebkur\u0101 laik\u0101, un sast\u0101vda\u013cas, kas sast\u0101v no <strong data-start=\"260\" data-end=\"286\">\u0100bolu sidra eti\u0137a pulveris<\/strong> papildina sabalans\u0113tu uzturu un akt\u012bvu dz\u012bvesveidu. <strong data-start=\"350\" data-end=\"368\">Piem\u0113rots veg\u0101niem<\/strong>. T\u0101 ir praktiska izv\u0113le tiem, kas v\u0113las sasniegt savus m\u0113r\u0137us bez kapsul\u0101m vai tablet\u0113m.<\/p>\n<p data-start=\"463\" data-end=\"717\"><strong data-start=\"463\" data-end=\"486\">K\u0101p\u0113c izv\u0113l\u0113ties<\/strong><br data-start=\"486\" data-end=\"489\" \/><strong data-start=\"489\" data-end=\"495\">\u2714\ufe0f<\/strong> \u0112rta ko\u0161\u013c\u0101jam\u0101s gumijas forma kapsulu vai table\u0161u viet\u0101<br data-start=\"546\" data-end=\"549\" \/><strong data-start=\"549\" data-end=\"555\">\u2714\ufe0f<\/strong> pal\u012bdz kontrol\u0113t izsalkumu un \u0113\u0161anas paradumus.<br data-start=\"608\" data-end=\"611\" \/><strong data-start=\"611\" data-end=\"617\">\u2714\ufe0f<\/strong> ar \u0101bolu eti\u0137a pulveri<br data-start=\"644\" data-end=\"647\" \/><strong data-start=\"647\" data-end=\"653\">\u2714\ufe0f<\/strong> piem\u0113rots veg\u0101niem<br data-start=\"668\" data-end=\"671\" \/><strong data-start=\"671\" data-end=\"677\">\u2714\ufe0f<\/strong> viegli lietojams ikdienas situ\u0101cij\u0101s.<\/p>","protected":false},"featured_media":31553,"comment_status":"open","ping_status":"closed","template":"","meta":{"_acf_changed":false},"product_brand":[444],"product_cat":[112,60,500],"product_tag":[],"class_list":{"0":"post-31540","1":"product","2":"type-product","3":"status-publish","4":"has-post-thumbnail","6":"product_brand-nordic-nutris","7":"product_cat-guminukai","8":"product_cat-mitybai","9":"product_cat-outlet","11":"first","12":"instock","13":"sale","14":"shipping-taxable","15":"purchasable","16":"product-type-simple"},"acf":[],"tiered_pricing_type":"fixed","tiered_pricing_fixed_rules":[],"tiered_pricing_product_settings":{"layout":"default","base_unit_name":{"singular":null,"plural":null},"default_variation":null},"tiered_pricing_minimum_quantity":null,"tiered_pricing_roles_data":[],"tiered_pricing_percentage_rules":[],"_links":{"self":[{"href":"https:\/\/purama.lt\/lv\/wp-json\/wp\/v2\/product\/31540","targetHints":{"allow":["GET"]}}],"collection":[{"href":"https:\/\/purama.lt\/lv\/wp-json\/wp\/v2\/product"}],"about":[{"href":"https:\/\/purama.lt\/lv\/wp-json\/wp\/v2\/types\/product"}],"replies":[{"embeddable":true,"href":"https:\/\/purama.lt\/lv\/wp-json\/wp\/v2\/comments?post=31540"}],"wp:featuredmedia":[{"embeddable":true,"href":"https:\/\/purama.lt\/lv\/wp-json\/wp\/v2\/media\/31553"}],"wp:attachment":[{"href":"https:\/\/purama.lt\/lv\/wp-json\/wp\/v2\/media?parent=31540"}],"wp:term":[{"taxonomy":"product_brand","embeddable":true,"href":"https:\/\/purama.lt\/lv\/wp-json\/wp\/v2\/product_brand?post=31540"},{"taxonomy":"product_cat","embeddable":true,"href":"https:\/\/purama.lt\/lv\/wp-json\/wp\/v2\/product_cat?post=31540"},{"taxonomy":"product_tag","embeddable":true,"href":"https:\/\/purama.lt\/lv\/wp-json\/wp\/v2\/product_tag?post=31540"}],"curies":[{"name":"wp","href":"https:\/\/api.w.org\/{rel}","templated":true}]}}