{"id":31538,"date":"2025-01-13T13:22:33","date_gmt":"2025-01-13T13:22:33","guid":{"rendered":"https:\/\/purama.lt\/produktas\/libido-guminukai-moterims-nordic-nutris\/"},"modified":"2026-04-30T14:46:59","modified_gmt":"2026-04-30T12:46:59","slug":"libido-gumijas-sievietem-nordic-nutris","status":"publish","type":"product","link":"https:\/\/purama.lt\/lv\/produktas\/libido-guminukai-moterims-nordic-nutris\/","title":{"rendered":"Libido gumijas sieviet\u0113m NORDIC NUTRIS"},"content":{"rendered":"<p><strong>Pat\u0113ri\u0146\u0161<\/strong><br>Lietojiet 2 ko\u0161\u013c\u0101jam\u0101s gumijas p\u0113c \u0113\u0161anas, 1 reizi dien\u0101.<br>Pozit\u012bva ietekme ir saist\u012bta ar ikdienas lieto\u0161anu un regul\u0101ras fizisk\u0101s slodzes uztur\u0113\u0161anu.<\/p>\n\n\n\n<p><strong>Sast\u0101vda\u013cas<\/strong><br>maca saknes ekstrakts, tribulus terrestris ekstrakts, \u017ee\u0146\u0161e\u0146a ekstrakts, l-argin\u012bns, cinks, b6 vitam\u012bns, dabisk\u0101s aug\u013cu gar\u0161as, pekt\u012bns.<\/p>\n\n\n\n<p><\/p>","protected":false},"excerpt":{"rendered":"<p data-start=\"0\" data-end=\"511\"><strong data-start=\"16\" data-end=\"60\">Nordic Nutris - Libido gumijas sieviet\u0113m<\/strong> izstr\u0101d\u0101tas ko\u0161\u013c\u0101jam\u0101s gumijas <strong data-start=\"89\" data-end=\"136\">sievie\u0161u libido un seksu\u0101lai labsaj\u016btai<\/strong> uztur\u0113t ikdienas rut\u012bnu. Tas apvieno augu ekstraktus (maca, tribulus terrestris, \u017ee\u0146\u0161e\u0146s), L-argin\u012bnu, cinku un B6 vitam\u012bnu - \u0113rta izv\u0113le, ja v\u0113laties vair\u0101k. <strong data-start=\"330\" data-end=\"360\">v\u0113lme, saj\u016btas un ener\u0123ija<\/strong> intimit\u0101te. B6 vitam\u012bns veicina <strong data-start=\"400\" data-end=\"441\">regul\u0113 norm\u0101lu hormon\u0101lo darb\u012bbu<\/strong>, un cinku uz <strong data-start=\"459\" data-end=\"510\">norm\u0101la augl\u012bba un reprodukt\u012bv\u0101s funkcijas.<\/strong>.<\/p>\n<p data-start=\"513\" data-end=\"761\"><strong data-start=\"513\" data-end=\"536\">K\u0101p\u0113c izv\u0113l\u0113ties<\/strong><br data-start=\"536\" data-end=\"539\" \/><strong data-start=\"539\" data-end=\"545\">\u2714\ufe0f<\/strong> formula libido un seksu\u0101lai labsaj\u016btai sieviet\u0113m.<br data-start=\"599\" data-end=\"602\" \/><strong data-start=\"602\" data-end=\"608\">\u2714\ufe0f<\/strong> ar maca, tribulus terrestris un \u017ee\u0146\u0161e\u0146a ekstraktiem<br data-start=\"661\" data-end=\"664\" \/><strong data-start=\"664\" data-end=\"670\">\u2714\ufe0f<\/strong> ar l-argin\u012bnu, cinku un b6 vitam\u012bnu<br data-start=\"706\" data-end=\"709\" \/><strong data-start=\"709\" data-end=\"715\">\u2714\ufe0f<\/strong> \u0112rta gumijas forma ikdienas lieto\u0161anai<\/p>","protected":false},"featured_media":31563,"comment_status":"open","ping_status":"closed","template":"","meta":{"_acf_changed":false},"product_brand":[444],"product_cat":[60,112,278,276],"product_tag":[],"class_list":{"0":"post-31538","1":"product","2":"type-product","3":"status-publish","4":"has-post-thumbnail","6":"product_brand-nordic-nutris","7":"product_cat-mitybai","8":"product_cat-guminukai","9":"product_cat-moterims","10":"product_cat-seksualinei-sveikatai","12":"first","13":"instock","14":"shipping-taxable","15":"purchasable","16":"product-type-simple"},"acf":[],"tiered_pricing_type":"fixed","tiered_pricing_fixed_rules":[],"tiered_pricing_product_settings":{"layout":"default","base_unit_name":{"singular":null,"plural":null},"default_variation":null},"tiered_pricing_minimum_quantity":null,"tiered_pricing_roles_data":[],"tiered_pricing_percentage_rules":[],"_links":{"self":[{"href":"https:\/\/purama.lt\/lv\/wp-json\/wp\/v2\/product\/31538","targetHints":{"allow":["GET"]}}],"collection":[{"href":"https:\/\/purama.lt\/lv\/wp-json\/wp\/v2\/product"}],"about":[{"href":"https:\/\/purama.lt\/lv\/wp-json\/wp\/v2\/types\/product"}],"replies":[{"embeddable":true,"href":"https:\/\/purama.lt\/lv\/wp-json\/wp\/v2\/comments?post=31538"}],"wp:featuredmedia":[{"embeddable":true,"href":"https:\/\/purama.lt\/lv\/wp-json\/wp\/v2\/media\/31563"}],"wp:attachment":[{"href":"https:\/\/purama.lt\/lv\/wp-json\/wp\/v2\/media?parent=31538"}],"wp:term":[{"taxonomy":"product_brand","embeddable":true,"href":"https:\/\/purama.lt\/lv\/wp-json\/wp\/v2\/product_brand?post=31538"},{"taxonomy":"product_cat","embeddable":true,"href":"https:\/\/purama.lt\/lv\/wp-json\/wp\/v2\/product_cat?post=31538"},{"taxonomy":"product_tag","embeddable":true,"href":"https:\/\/purama.lt\/lv\/wp-json\/wp\/v2\/product_tag?post=31538"}],"curies":[{"name":"wp","href":"https:\/\/api.w.org\/{rel}","templated":true}]}}