{"id":31535,"date":"2025-01-13T13:22:33","date_gmt":"2025-01-13T13:22:33","guid":{"rendered":"https:\/\/purama.lt\/produktas\/h-drop-kanapiu-aliejus-counting-sheep-5-cbd-5-cbn-melatoninas\/"},"modified":"2026-03-19T16:14:03","modified_gmt":"2026-03-19T14:14:03","slug":"h-piliens-kanepju-ella-skaitot-aitas-5-cbd-5-cbn-melatonins","status":"publish","type":"product","link":"https:\/\/purama.lt\/lv\/produktas\/h-drop-kanapiu-aliejus-counting-sheep-5-cbd-5-cbn-melatoninas\/","title":{"rendered":"H DROP ka\u0146epju e\u013c\u013ca - Counting Sheep 5% CBD + 5% CBN + melaton\u012bns"},"content":{"rendered":"<p><strong>Sast\u0101vda\u013cas:<\/strong> Ka\u0146epju s\u0113klu e\u013c\u013ca, pilna spektra kanabidiols (CBD) - 5%, kanabinols (CBN) - 5%, melaton\u012bns, dab\u012bgie terp\u0113ni, bez THC.<\/p>","protected":false},"excerpt":{"rendered":"<p><strong>H DROP ka\u0146epju e\u013c\u013ca - Counting Sheep 5% CBD + 5% CBN + melaton\u012bns<\/strong> - unik\u0101la ka\u0146epju e\u013c\u013cas kombin\u0101cija, kas paredz\u0113ta, lai nodro\u0161in\u0101tu mier\u012bgu un kvalitat\u012bvu atp\u016btu. \u0160is produkts, kas bag\u0101tin\u0101ts ar <strong>CBD, CBN<\/strong> un <strong>melaton\u012bns<\/strong>pal\u012bdz uztur\u0113t dabisko miega cikla l\u012bdzsvaru un atp\u016bsties p\u0113c saspringtas dienas. Augst\u0101k\u0101s kvalit\u0101tes sast\u0101vs nodro\u0161ina efektivit\u0101ti un dabisku iedarb\u012bbu.\u00a0<strong>Aitu skait\u012b\u0161ana<\/strong> - j\u016bsu risin\u0101jums mier\u012bg\u0101k\u0101m un relaks\u0113jo\u0161\u0101m br\u012bvdien\u0101m.<\/p>","protected":false},"featured_media":31548,"comment_status":"open","ping_status":"closed","template":"","meta":{"_acf_changed":false},"product_brand":[425],"product_cat":[77,500,61],"product_tag":[],"class_list":{"0":"post-31535","1":"product","2":"type-product","3":"status-publish","4":"has-post-thumbnail","6":"product_brand-h-drop","7":"product_cat-cbd-aliejai","8":"product_cat-outlet","9":"product_cat-ramybei","11":"first","12":"instock","13":"sale","14":"shipping-taxable","15":"purchasable","16":"product-type-simple"},"acf":[],"tiered_pricing_type":"fixed","tiered_pricing_fixed_rules":[],"tiered_pricing_product_settings":{"layout":"default","base_unit_name":{"singular":null,"plural":null},"default_variation":null},"tiered_pricing_minimum_quantity":null,"tiered_pricing_roles_data":[],"tiered_pricing_percentage_rules":[],"_links":{"self":[{"href":"https:\/\/purama.lt\/lv\/wp-json\/wp\/v2\/product\/31535","targetHints":{"allow":["GET"]}}],"collection":[{"href":"https:\/\/purama.lt\/lv\/wp-json\/wp\/v2\/product"}],"about":[{"href":"https:\/\/purama.lt\/lv\/wp-json\/wp\/v2\/types\/product"}],"replies":[{"embeddable":true,"href":"https:\/\/purama.lt\/lv\/wp-json\/wp\/v2\/comments?post=31535"}],"wp:featuredmedia":[{"embeddable":true,"href":"https:\/\/purama.lt\/lv\/wp-json\/wp\/v2\/media\/31548"}],"wp:attachment":[{"href":"https:\/\/purama.lt\/lv\/wp-json\/wp\/v2\/media?parent=31535"}],"wp:term":[{"taxonomy":"product_brand","embeddable":true,"href":"https:\/\/purama.lt\/lv\/wp-json\/wp\/v2\/product_brand?post=31535"},{"taxonomy":"product_cat","embeddable":true,"href":"https:\/\/purama.lt\/lv\/wp-json\/wp\/v2\/product_cat?post=31535"},{"taxonomy":"product_tag","embeddable":true,"href":"https:\/\/purama.lt\/lv\/wp-json\/wp\/v2\/product_tag?post=31535"}],"curies":[{"name":"wp","href":"https:\/\/api.w.org\/{rel}","templated":true}]}}