{"id":31484,"date":"2025-01-13T08:10:58","date_gmt":"2025-01-13T08:10:58","guid":{"rendered":"https:\/\/purama.lt\/produktas\/h-drop-oh-happy-day-kanapiu-proteino-batonelis-su-kokosu-ir-maka-juodajame-sokolade\/"},"modified":"2026-01-15T14:26:55","modified_gmt":"2026-01-15T12:26:55","slug":"h-piliens-oh-happy-day-kanepju-proteina-batonins-ar-kokosriekstu-un-maca-tumsaja-sokolade","status":"publish","type":"product","link":"https:\/\/purama.lt\/lv\/produktas\/h-drop-oh-happy-day-kanapiu-proteino-batonelis-su-kokosu-ir-maka-juodajame-sokolade\/","title":{"rendered":"H DROP Oh Happy Day - Ka\u0146epju prote\u012bna batoni\u0146\u0161 ar kokosriekstu un Maka, tum\u0161\u0101 \u0161okol\u0101de"},"content":{"rendered":"<p><strong>Sast\u0101vda\u013cas:<\/strong> Ka\u0146epju prote\u012bns, kokosrieksts, maca saknes pulveris, tum\u0161\u0101 \u0161okol\u0101de (kakao masa, kakao sviests, cukurs), date\u013cu pasta, augu e\u013c\u013cas.<\/p>","protected":false},"excerpt":{"rendered":"<p><strong>H DROP Oh Happy Day<\/strong> - Ka\u0146epju prote\u012bna batoni\u0146\u0161 ar kokosriekstu un Maka, tum\u0161\u0101 \u0161okol\u0101de - gar\u0161\u012bga un barojo\u0161a uzkoda, kas rad\u012bta, lai sniegtu ener\u0123iju un prieku j\u016bsu dienai. Ka\u0146epju prote\u012bns, kokosrieksts un maca sakne apvieno dabiskas uzturvielas, bet tum\u0161\u0101 \u0161okol\u0101de bag\u0101tina gar\u0161u. Ide\u0101la izv\u0113le akt\u012bvam dz\u012bvesveidam vai vesel\u012bgai uzkodai jebkur\u0101 diennakts laik\u0101.<\/p>\n<p>Baudiet vesel\u012bbu un dabisko ener\u0123iju ar <strong>Ak, laim\u012bga diena<\/strong>!<\/p>","protected":false},"featured_media":31499,"comment_status":"open","ping_status":"closed","template":"","meta":{"_acf_changed":false},"product_brand":[425],"product_cat":[60,297,109,61,98],"product_tag":[],"class_list":{"0":"post-31484","1":"product","2":"type-product","3":"status-publish","4":"has-post-thumbnail","6":"product_brand-h-drop","7":"product_cat-mitybai","8":"product_cat-baltyminiai-batoneliai","9":"product_cat-cbd-uzkandziai","10":"product_cat-ramybei","11":"product_cat-sportui","13":"first","14":"outofstock","15":"shipping-taxable","16":"purchasable","17":"product-type-simple"},"acf":[],"tiered_pricing_type":"fixed","tiered_pricing_fixed_rules":[],"tiered_pricing_product_settings":{"layout":"default","base_unit_name":{"singular":null,"plural":null},"default_variation":null},"tiered_pricing_minimum_quantity":null,"tiered_pricing_roles_data":[],"tiered_pricing_percentage_rules":[],"_links":{"self":[{"href":"https:\/\/purama.lt\/lv\/wp-json\/wp\/v2\/product\/31484","targetHints":{"allow":["GET"]}}],"collection":[{"href":"https:\/\/purama.lt\/lv\/wp-json\/wp\/v2\/product"}],"about":[{"href":"https:\/\/purama.lt\/lv\/wp-json\/wp\/v2\/types\/product"}],"replies":[{"embeddable":true,"href":"https:\/\/purama.lt\/lv\/wp-json\/wp\/v2\/comments?post=31484"}],"wp:featuredmedia":[{"embeddable":true,"href":"https:\/\/purama.lt\/lv\/wp-json\/wp\/v2\/media\/31499"}],"wp:attachment":[{"href":"https:\/\/purama.lt\/lv\/wp-json\/wp\/v2\/media?parent=31484"}],"wp:term":[{"taxonomy":"product_brand","embeddable":true,"href":"https:\/\/purama.lt\/lv\/wp-json\/wp\/v2\/product_brand?post=31484"},{"taxonomy":"product_cat","embeddable":true,"href":"https:\/\/purama.lt\/lv\/wp-json\/wp\/v2\/product_cat?post=31484"},{"taxonomy":"product_tag","embeddable":true,"href":"https:\/\/purama.lt\/lv\/wp-json\/wp\/v2\/product_tag?post=31484"}],"curies":[{"name":"wp","href":"https:\/\/api.w.org\/{rel}","templated":true}]}}