{"id":31483,"date":"2025-01-13T08:10:58","date_gmt":"2025-01-13T08:10:58","guid":{"rendered":"https:\/\/purama.lt\/produktas\/h-drop-no-more-coffee-kanapiu-proteino-batonelis-su-riesutais-ir-guarana-juodajame-sokolade\/"},"modified":"2026-01-15T14:26:33","modified_gmt":"2026-01-15T12:26:33","slug":"h-piliens-vairs-nav-kafijas-kanepju-proteina-batonins-ar-sausiniem-un-guaranu-tumsaja-sokolade","status":"publish","type":"product","link":"https:\/\/purama.lt\/lv\/produktas\/h-drop-no-more-coffee-kanapiu-proteino-batonelis-su-riesutais-ir-guarana-juodajame-sokolade\/","title":{"rendered":"H DROP No More Coffee - Ka\u0146epju prote\u012bna batoni\u0146\u0161 ar riekstiem un guaranu, tum\u0161\u0101 \u0161okol\u0101de"},"content":{"rendered":"<p><strong>Sast\u0101vda\u013cas:<\/strong> Ka\u0146epju prote\u012bns, rieksti (Indijas rieksti, mandeles), guarana, tum\u0161\u0101 \u0161okol\u0101de (kakao masa, kakao sviests, cukurs), datumu pasta, augu e\u013c\u013cas.<\/p>","protected":false},"excerpt":{"rendered":"<p><strong>H DROP No More Coffee<\/strong> - Ka\u0146epju prote\u012bna batoni\u0146\u0161 ar riekstiem un guaranu, tum\u0161\u0101 \u0161okol\u0101d\u0113 - ener\u0123isks un barojo\u0161s na\u0161\u0137is, kas paredz\u0113ts akt\u012bviem un vesel\u012bgiem cilv\u0113kiem. Batoni\u0146\u0101 eso\u0161ais ka\u0146epju prote\u012bns, rieksti un guarana nodro\u0161ina dabisku ener\u0123iju un pal\u012bdz saglab\u0101t fizisko formu visas dienas garum\u0101, savuk\u0101rt tum\u0161\u0101 \u0161okol\u0101de pie\u0161\u0137ir \u012bpa\u0161u gar\u0161u.<\/p>\n<p>Izv\u0113lieties dabisku veidu, k\u0101 papildin\u0101t savu dienu ar <strong>Nek\u0101 vair\u0101k kafijas<\/strong>!<\/p>","protected":false},"featured_media":31501,"comment_status":"open","ping_status":"closed","template":"","meta":{"_acf_changed":false},"product_brand":[425],"product_cat":[60,297,109,61,98],"product_tag":[],"class_list":{"0":"post-31483","1":"product","2":"type-product","3":"status-publish","4":"has-post-thumbnail","6":"product_brand-h-drop","7":"product_cat-mitybai","8":"product_cat-baltyminiai-batoneliai","9":"product_cat-cbd-uzkandziai","10":"product_cat-ramybei","11":"product_cat-sportui","13":"first","14":"outofstock","15":"shipping-taxable","16":"purchasable","17":"product-type-simple"},"acf":[],"tiered_pricing_type":"fixed","tiered_pricing_fixed_rules":[],"tiered_pricing_product_settings":{"layout":"default","base_unit_name":{"singular":null,"plural":null},"default_variation":null},"tiered_pricing_minimum_quantity":null,"tiered_pricing_roles_data":[],"tiered_pricing_percentage_rules":[],"_links":{"self":[{"href":"https:\/\/purama.lt\/lv\/wp-json\/wp\/v2\/product\/31483","targetHints":{"allow":["GET"]}}],"collection":[{"href":"https:\/\/purama.lt\/lv\/wp-json\/wp\/v2\/product"}],"about":[{"href":"https:\/\/purama.lt\/lv\/wp-json\/wp\/v2\/types\/product"}],"replies":[{"embeddable":true,"href":"https:\/\/purama.lt\/lv\/wp-json\/wp\/v2\/comments?post=31483"}],"wp:featuredmedia":[{"embeddable":true,"href":"https:\/\/purama.lt\/lv\/wp-json\/wp\/v2\/media\/31501"}],"wp:attachment":[{"href":"https:\/\/purama.lt\/lv\/wp-json\/wp\/v2\/media?parent=31483"}],"wp:term":[{"taxonomy":"product_brand","embeddable":true,"href":"https:\/\/purama.lt\/lv\/wp-json\/wp\/v2\/product_brand?post=31483"},{"taxonomy":"product_cat","embeddable":true,"href":"https:\/\/purama.lt\/lv\/wp-json\/wp\/v2\/product_cat?post=31483"},{"taxonomy":"product_tag","embeddable":true,"href":"https:\/\/purama.lt\/lv\/wp-json\/wp\/v2\/product_tag?post=31483"}],"curies":[{"name":"wp","href":"https:\/\/api.w.org\/{rel}","templated":true}]}}