{"id":31481,"date":"2025-01-13T08:10:58","date_gmt":"2025-01-13T08:10:58","guid":{"rendered":"https:\/\/purama.lt\/produktas\/h-drop-cannabites-liofilizuoti-funkciniai-ananasu-kubeliai-su-kanapiu-ziedais\/"},"modified":"2026-01-05T14:54:41","modified_gmt":"2026-01-05T12:54:41","slug":"h-drop-cannabites-liofilizeti-funkcionalie-ananasu-kubini-ar-kanepju-ziediem","status":"publish","type":"product","link":"https:\/\/purama.lt\/lv\/produktas\/h-drop-cannabites-liofilizuoti-funkciniai-ananasu-kubeliai-su-kanapiu-ziedais\/","title":{"rendered":"H DROP CANNABITES - liofiliz\u0113ti funkcion\u0101lie anan\u0101su kubi\u0146i ar ka\u0146epju ziediem"},"content":{"rendered":"<p><strong>Sast\u0101vda\u013cas:<\/strong> Liliofiliz\u0113ti anan\u0101si, ka\u0146epju ziedi, dabisk\u0101s gar\u0161as, citronsk\u0101be, augu e\u013c\u013ca.<\/p>","protected":false},"excerpt":{"rendered":"<p><strong>H PILIENS KANNABITES<\/strong> <strong>- Liliofiliz\u0113ti funkcion\u0101lie anan\u0101su kubi ar ka\u0146epju ziediem<\/strong> - ir vesel\u012bga, dab\u012bga un gar\u0161\u012bga uzkoda, kas bag\u0101tin\u0101ta ar ka\u0146epju ziediem. L\u012b\u017eiz\u017e\u0101v\u0113ti anan\u0101su kubi\u0146i saglab\u0101 visas savas uzturv\u0113rt\u012bbas un lielisko gar\u0161u, sniedzot ener\u0123iju un uzturot labu pa\u0161saj\u016btu. \u0160\u012b uzkoda ir lieliska izv\u0113le tiem, kas v\u0113las apvienot vesel\u012bgu uzturu ar inovat\u012bviem risin\u0101jumiem.<\/p>\n<p>Atkl\u0101jiet \u0161o unik\u0101lo kombin\u0101ciju un izbaudiet dabisk\u0101s priek\u0161roc\u012bbas ar <strong>H PILIENS KANNABITES<\/strong>!<\/p>\n<p>&nbsp;<\/p>\n<p data-start=\"115\" data-end=\"180\"><span data-teams=\"true\">Der\u012bguma termi\u0146\u0161 30.11.2025.<\/span><\/p>\n<p data-start=\"115\" data-end=\"180\"><span data-teams=\"true\">Uzman\u012bbu! Saska\u0146\u0101 ar vald\u012bbas Mazumtirdzniec\u012bbas noteikumu noteikumiem ir at\u013cauts p\u0101rdot p\u0101rtikas produktus, kuru der\u012bguma termi\u0146\u0161 ir beidzies, ja tie ir iepakoti ra\u017eot\u0101ja ori\u0123in\u0101laj\u0101 iepakojum\u0101 un \u0161is iepakojums nav boj\u0101ts vai nav boj\u0101ts.  \u0160\u0101du p\u0101rtiku dr\u012bkst p\u0101rdot ne ilg\u0101k k\u0101 45 dienas p\u0113c p\u0101rtikas minim\u0101l\u0101 der\u012bguma termi\u0146a beig\u0101m. \u0160\u0101 produkta der\u012bguma termi\u0146\u0161 ir 30.11.2025. \u0160o kubi\u0146u var ieg\u0101d\u0101ties l\u012bdz 2026. gada 13. janv\u0101rim.\u00a0<\/span><\/p>","protected":false},"featured_media":32426,"comment_status":"open","ping_status":"closed","template":"","meta":{"_acf_changed":false},"product_brand":[425],"product_cat":[60,109,61,298],"product_tag":[],"class_list":{"0":"post-31481","1":"product","2":"type-product","3":"status-publish","4":"has-post-thumbnail","6":"product_brand-h-drop","7":"product_cat-mitybai","8":"product_cat-cbd-uzkandziai","9":"product_cat-ramybei","10":"product_cat-sveikas-maistas","12":"first","13":"outofstock","14":"shipping-taxable","15":"purchasable","16":"product-type-simple"},"acf":[],"tiered_pricing_type":"fixed","tiered_pricing_fixed_rules":[],"tiered_pricing_product_settings":{"layout":"default","base_unit_name":{"singular":null,"plural":null},"default_variation":null},"tiered_pricing_minimum_quantity":null,"tiered_pricing_roles_data":[],"tiered_pricing_percentage_rules":[],"_links":{"self":[{"href":"https:\/\/purama.lt\/lv\/wp-json\/wp\/v2\/product\/31481","targetHints":{"allow":["GET"]}}],"collection":[{"href":"https:\/\/purama.lt\/lv\/wp-json\/wp\/v2\/product"}],"about":[{"href":"https:\/\/purama.lt\/lv\/wp-json\/wp\/v2\/types\/product"}],"replies":[{"embeddable":true,"href":"https:\/\/purama.lt\/lv\/wp-json\/wp\/v2\/comments?post=31481"}],"wp:featuredmedia":[{"embeddable":true,"href":"https:\/\/purama.lt\/lv\/wp-json\/wp\/v2\/media\/32426"}],"wp:attachment":[{"href":"https:\/\/purama.lt\/lv\/wp-json\/wp\/v2\/media?parent=31481"}],"wp:term":[{"taxonomy":"product_brand","embeddable":true,"href":"https:\/\/purama.lt\/lv\/wp-json\/wp\/v2\/product_brand?post=31481"},{"taxonomy":"product_cat","embeddable":true,"href":"https:\/\/purama.lt\/lv\/wp-json\/wp\/v2\/product_cat?post=31481"},{"taxonomy":"product_tag","embeddable":true,"href":"https:\/\/purama.lt\/lv\/wp-json\/wp\/v2\/product_tag?post=31481"}],"curies":[{"name":"wp","href":"https:\/\/api.w.org\/{rel}","templated":true}]}}