{"id":31480,"date":"2025-01-13T08:10:58","date_gmt":"2025-01-13T08:10:58","guid":{"rendered":"https:\/\/purama.lt\/produktas\/h-drop-cannabites-liofilizuoti-funkciniai-bananu-kubeliai-su-kanapiu-ziedais\/"},"modified":"2026-02-17T12:16:28","modified_gmt":"2026-02-17T10:16:28","slug":"h-drop-cannabites-liofilizeti-funkcionalie-bananu-kubini-ar-kanepju-ziediem","status":"publish","type":"product","link":"https:\/\/purama.lt\/lv\/produktas\/h-drop-cannabites-liofilizuoti-funkciniai-bananu-kubeliai-su-kanapiu-ziedais\/","title":{"rendered":"H DROP CANNABITES - Limfoliz\u0113tus funkcion\u0101los ban\u0101nu kubi\u0146us ar ka\u0146epju ziediem"},"content":{"rendered":"<p><strong>Sast\u0101vda\u013cas:<\/strong> Liliofiliz\u0113ti ban\u0101ni, ka\u0146epju ziedi, dabisk\u0101s gar\u0161as, citronsk\u0101be, augu e\u013c\u013ca.<\/p>","protected":false},"excerpt":{"rendered":"<p><strong>H PILIENS KANNABITES<\/strong> - Lol\u012bz\u0113 kalt\u0113ti funkcion\u0101lie ban\u0101nu kubi\u0146i ar ka\u0146epju ziediem ir vesel\u012bga un dabiska uzkoda, kas bag\u0101tin\u0101ta ar ka\u0146epju ziediem. R\u016bp\u012bgi liofiliz\u0113tie ban\u0101nu kubi\u0146i saglab\u0101 visas uzturvielas un lielisko gar\u0161u. \u0160\u012b uzkoda ir ide\u0101li piem\u0113rota tiem, kas mekl\u0113 l\u012bdzsvaru starp vesel\u012bbu, dab\u012bgumu un inovat\u012bvu risin\u0101jumu ikdienas ener\u0123ijas ieg\u016b\u0161anai.<\/p>\n<p>Atkl\u0101jiet unik\u0101lo gar\u0161u un priek\u0161roc\u012bbas ar <strong>H PILIENS KANNABITES<\/strong>!<\/p>","protected":false},"featured_media":32427,"comment_status":"open","ping_status":"closed","template":"","meta":{"_acf_changed":false},"product_brand":[425],"product_cat":[109,60,61,298],"product_tag":[],"class_list":{"0":"post-31480","1":"product","2":"type-product","3":"status-publish","4":"has-post-thumbnail","6":"product_brand-h-drop","7":"product_cat-cbd-uzkandziai","8":"product_cat-mitybai","9":"product_cat-ramybei","10":"product_cat-sveikas-maistas","12":"first","13":"outofstock","14":"shipping-taxable","15":"purchasable","16":"product-type-simple"},"acf":[],"tiered_pricing_type":"fixed","tiered_pricing_fixed_rules":[],"tiered_pricing_product_settings":{"layout":"default","base_unit_name":{"singular":null,"plural":null},"default_variation":null},"tiered_pricing_minimum_quantity":null,"tiered_pricing_roles_data":[],"tiered_pricing_percentage_rules":[],"_links":{"self":[{"href":"https:\/\/purama.lt\/lv\/wp-json\/wp\/v2\/product\/31480","targetHints":{"allow":["GET"]}}],"collection":[{"href":"https:\/\/purama.lt\/lv\/wp-json\/wp\/v2\/product"}],"about":[{"href":"https:\/\/purama.lt\/lv\/wp-json\/wp\/v2\/types\/product"}],"replies":[{"embeddable":true,"href":"https:\/\/purama.lt\/lv\/wp-json\/wp\/v2\/comments?post=31480"}],"wp:featuredmedia":[{"embeddable":true,"href":"https:\/\/purama.lt\/lv\/wp-json\/wp\/v2\/media\/32427"}],"wp:attachment":[{"href":"https:\/\/purama.lt\/lv\/wp-json\/wp\/v2\/media?parent=31480"}],"wp:term":[{"taxonomy":"product_brand","embeddable":true,"href":"https:\/\/purama.lt\/lv\/wp-json\/wp\/v2\/product_brand?post=31480"},{"taxonomy":"product_cat","embeddable":true,"href":"https:\/\/purama.lt\/lv\/wp-json\/wp\/v2\/product_cat?post=31480"},{"taxonomy":"product_tag","embeddable":true,"href":"https:\/\/purama.lt\/lv\/wp-json\/wp\/v2\/product_tag?post=31480"}],"curies":[{"name":"wp","href":"https:\/\/api.w.org\/{rel}","templated":true}]}}