{"id":31479,"date":"2025-01-13T08:10:58","date_gmt":"2025-01-13T08:10:58","guid":{"rendered":"https:\/\/purama.lt\/produktas\/h-drop-pilno-spektro-kanapiu-aliejaus-cbd-kapsules-sixty-moments-1500mg\/"},"modified":"2026-04-23T11:55:18","modified_gmt":"2026-04-23T09:55:18","slug":"h-piliens-pilna-spektra-kanepju-ella-cbd-kapsulas-sesdesmit-mirkli-1500mg","status":"publish","type":"product","link":"https:\/\/purama.lt\/lv\/produktas\/h-drop-pilno-spektro-kanapiu-aliejaus-cbd-kapsules-sixty-moments-1500mg\/","title":{"rendered":"H DROP Pilna spektra ka\u0146epju e\u013c\u013ca CBD kapsulas Sixty Moments 1500mg"},"content":{"rendered":"<p><strong>Sast\u0101vda\u013cas:<\/strong> Ka\u0146epju s\u0113klu e\u013c\u013ca, pilna spektra kanabidiols (CBD) - 1500 mg, dab\u012bgie terp\u0113ni, \u017eelat\u012bns (kapsula), nesatur THC.<\/p>","protected":false},"excerpt":{"rendered":"<p><strong>H DROP Pilna spektra CBD ka\u0146epju e\u013c\u013cas kapsulas Sixty Moments<\/strong> <strong>1500 mg<\/strong> - Tas ir \u0113rts un efekt\u012bvs veids, k\u0101 uztur\u0113t \u0137erme\u0146a l\u012bdzsvaru un labsaj\u016btu. \u0160\u012bs kapsulas, kas bag\u0101tin\u0101tas ar pilna spektra kanabidiolu, nodro\u0161ina prec\u012bzu doz\u0113\u0161anu un ilgsto\u0161u iedarb\u012bbu. Izstr\u0101d\u0101tas no augst\u0101k\u0101s kvalit\u0101tes sast\u0101vda\u013c\u0101m, t\u0101s ir ide\u0101li piem\u0113rotas tiem, kas mekl\u0113 dabisku un l\u012bdzsvarotu ikdienas re\u017e\u012bmu.<\/p>\n<p><strong>\"Se\u0161desmit mirk\u013ci\"<\/strong> - J\u016bsu uzticams risin\u0101jums lab\u0101kai labsaj\u016btai un dabiskam l\u012bdzsvaram.<\/p>","protected":false},"featured_media":31491,"comment_status":"open","ping_status":"closed","template":"","meta":{"_acf_changed":false},"product_brand":[425],"product_cat":[110,500,61],"product_tag":[],"class_list":{"0":"post-31479","1":"product","2":"type-product","3":"status-publish","4":"has-post-thumbnail","6":"product_brand-h-drop","7":"product_cat-cbd-kapsules","8":"product_cat-outlet","9":"product_cat-ramybei","11":"first","12":"instock","13":"sale","14":"shipping-taxable","15":"purchasable","16":"product-type-simple"},"acf":[],"tiered_pricing_type":"fixed","tiered_pricing_fixed_rules":[],"tiered_pricing_product_settings":{"layout":"default","base_unit_name":{"singular":null,"plural":null},"default_variation":null},"tiered_pricing_minimum_quantity":null,"tiered_pricing_roles_data":[],"tiered_pricing_percentage_rules":[],"_links":{"self":[{"href":"https:\/\/purama.lt\/lv\/wp-json\/wp\/v2\/product\/31479","targetHints":{"allow":["GET"]}}],"collection":[{"href":"https:\/\/purama.lt\/lv\/wp-json\/wp\/v2\/product"}],"about":[{"href":"https:\/\/purama.lt\/lv\/wp-json\/wp\/v2\/types\/product"}],"replies":[{"embeddable":true,"href":"https:\/\/purama.lt\/lv\/wp-json\/wp\/v2\/comments?post=31479"}],"wp:featuredmedia":[{"embeddable":true,"href":"https:\/\/purama.lt\/lv\/wp-json\/wp\/v2\/media\/31491"}],"wp:attachment":[{"href":"https:\/\/purama.lt\/lv\/wp-json\/wp\/v2\/media?parent=31479"}],"wp:term":[{"taxonomy":"product_brand","embeddable":true,"href":"https:\/\/purama.lt\/lv\/wp-json\/wp\/v2\/product_brand?post=31479"},{"taxonomy":"product_cat","embeddable":true,"href":"https:\/\/purama.lt\/lv\/wp-json\/wp\/v2\/product_cat?post=31479"},{"taxonomy":"product_tag","embeddable":true,"href":"https:\/\/purama.lt\/lv\/wp-json\/wp\/v2\/product_tag?post=31479"}],"curies":[{"name":"wp","href":"https:\/\/api.w.org\/{rel}","templated":true}]}}