{"id":31432,"date":"2025-01-11T10:40:16","date_gmt":"2025-01-11T10:40:16","guid":{"rendered":"https:\/\/purama.lt\/produktas\/h-drop-pilno-spektro-cbd-aliejus-5-joys-of-spring\/"},"modified":"2026-03-19T16:37:20","modified_gmt":"2026-03-19T14:37:20","slug":"h-piliens-pilna-spektra-cbd-ella-5-pavasara-prieki","status":"publish","type":"product","link":"https:\/\/purama.lt\/lv\/produktas\/h-drop-pilno-spektro-cbd-aliejus-5-joys-of-spring\/","title":{"rendered":"H DROP Pilna spektra CBD e\u013c\u013ca 5% Pavasara prieki"},"content":{"rendered":"<p><strong>Sast\u0101vda\u013cas:<\/strong> Ka\u0146epju s\u0113klu e\u013c\u013ca, pilna spektra kanabidiols (CBD) - 5%, dab\u012bgi terp\u0113ni, bez THC.<\/p>","protected":false},"excerpt":{"rendered":"<p><strong>H DROP Pilna spektra CBD e\u013c\u013ca 5% Pavasara prieki<\/strong> - sabiedrotais j\u016bsu ikdienas harmonijai un labsaj\u016btai. \u0160\u012b e\u013c\u013ca, kas bag\u0101tin\u0101ta ar pilna spektra kanabino\u012bdiem, pal\u012bdz uztur\u0113t organisma dabisko l\u012bdzsvaru un mieru. Katrs piliens atspogu\u013co visaugst\u0101ko kvalit\u0101ti, kas r\u016bp\u012bgi rad\u012bta, lai padar\u012btu j\u016bsu dienu viegl\u0101ku un harmonisk\u0101ku.<\/p>\n<p>Atkl\u0101jiet dabisku risin\u0101jumu savai labsaj\u016btai un r\u016bp\u0113jieties par sevi ar <strong>\"Pavasara prieki\"<\/strong>.<\/p>","protected":false},"featured_media":31452,"comment_status":"open","ping_status":"closed","template":"","meta":{"_acf_changed":false},"product_brand":[425],"product_cat":[77,500,61],"product_tag":[],"class_list":{"0":"post-31432","1":"product","2":"type-product","3":"status-publish","4":"has-post-thumbnail","6":"product_brand-h-drop","7":"product_cat-cbd-aliejai","8":"product_cat-outlet","9":"product_cat-ramybei","11":"first","12":"instock","13":"sale","14":"shipping-taxable","15":"purchasable","16":"product-type-simple"},"acf":[],"tiered_pricing_type":"fixed","tiered_pricing_fixed_rules":[],"tiered_pricing_product_settings":{"layout":"default","base_unit_name":{"singular":null,"plural":null},"default_variation":null},"tiered_pricing_minimum_quantity":null,"tiered_pricing_roles_data":[],"tiered_pricing_percentage_rules":[],"_links":{"self":[{"href":"https:\/\/purama.lt\/lv\/wp-json\/wp\/v2\/product\/31432","targetHints":{"allow":["GET"]}}],"collection":[{"href":"https:\/\/purama.lt\/lv\/wp-json\/wp\/v2\/product"}],"about":[{"href":"https:\/\/purama.lt\/lv\/wp-json\/wp\/v2\/types\/product"}],"replies":[{"embeddable":true,"href":"https:\/\/purama.lt\/lv\/wp-json\/wp\/v2\/comments?post=31432"}],"wp:featuredmedia":[{"embeddable":true,"href":"https:\/\/purama.lt\/lv\/wp-json\/wp\/v2\/media\/31452"}],"wp:attachment":[{"href":"https:\/\/purama.lt\/lv\/wp-json\/wp\/v2\/media?parent=31432"}],"wp:term":[{"taxonomy":"product_brand","embeddable":true,"href":"https:\/\/purama.lt\/lv\/wp-json\/wp\/v2\/product_brand?post=31432"},{"taxonomy":"product_cat","embeddable":true,"href":"https:\/\/purama.lt\/lv\/wp-json\/wp\/v2\/product_cat?post=31432"},{"taxonomy":"product_tag","embeddable":true,"href":"https:\/\/purama.lt\/lv\/wp-json\/wp\/v2\/product_tag?post=31432"}],"curies":[{"name":"wp","href":"https:\/\/api.w.org\/{rel}","templated":true}]}}