{"id":31413,"date":"2025-01-10T19:11:57","date_gmt":"2025-01-10T19:11:57","guid":{"rendered":"https:\/\/purama.lt\/produktas\/canabaid-plataus-spektro-cbd-kanapiu-aliejus-3000mg\/"},"modified":"2026-03-19T16:43:01","modified_gmt":"2026-03-19T14:43:01","slug":"kanabaid-plasa-spektra-cbd-kanepju-ella-3000mg","status":"publish","type":"product","link":"https:\/\/purama.lt\/lv\/produktas\/canabaid-plataus-spektro-cbd-kanapiu-aliejus-3000mg\/","title":{"rendered":"CANABAID pla\u0161a spektra CBD ka\u0146epju e\u013c\u013ca 3000mg"},"content":{"rendered":"<p><strong>Sast\u0101vda\u013cas:<\/strong> Ka\u0146epju s\u0113klu e\u013c\u013ca, pla\u0161a spektra kanabidiols (CBD) - 3000 mg, dab\u012bgi terp\u0113ni, bez THC.<\/p>","protected":false},"excerpt":{"rendered":"<p><strong>CANABAID<\/strong> Pla\u0161a spektra CBD ka\u0146epju e\u013c\u013ca 3000mg ir \u012bpa\u0161i stipra, augstas kvalit\u0101tes ka\u0146epju e\u013c\u013ca, kas paredz\u0113ta ikdienas labsaj\u016btas atbalstam. Pla\u0161a spektra kanabino\u012bdi nodro\u0161ina visaptvero\u0161u iedarb\u012bbu, un CO2 ekstrakcijas metode garant\u0113 dab\u012bgumu un efektivit\u0101ti.<\/p>\n<p>Ide\u0101la izv\u0113le tiem, kas mekl\u0113 augst\u0101k\u0101s kvalit\u0101tes risin\u0101jumu labsaj\u016btai un dabiskam l\u012bdzsvaram.<\/p>","protected":false},"featured_media":31425,"comment_status":"open","ping_status":"closed","template":"","meta":{"_acf_changed":false},"product_brand":[415],"product_cat":[61,77,500],"product_tag":[],"class_list":{"0":"post-31413","1":"product","2":"type-product","3":"status-publish","4":"has-post-thumbnail","6":"product_brand-canabaid","7":"product_cat-ramybei","8":"product_cat-cbd-aliejai","9":"product_cat-outlet","11":"first","12":"instock","13":"sale","14":"shipping-taxable","15":"purchasable","16":"product-type-simple"},"acf":[],"tiered_pricing_type":"fixed","tiered_pricing_fixed_rules":[],"tiered_pricing_product_settings":{"layout":"default","base_unit_name":{"singular":null,"plural":null},"default_variation":null},"tiered_pricing_minimum_quantity":null,"tiered_pricing_roles_data":[],"tiered_pricing_percentage_rules":[],"_links":{"self":[{"href":"https:\/\/purama.lt\/lv\/wp-json\/wp\/v2\/product\/31413","targetHints":{"allow":["GET"]}}],"collection":[{"href":"https:\/\/purama.lt\/lv\/wp-json\/wp\/v2\/product"}],"about":[{"href":"https:\/\/purama.lt\/lv\/wp-json\/wp\/v2\/types\/product"}],"replies":[{"embeddable":true,"href":"https:\/\/purama.lt\/lv\/wp-json\/wp\/v2\/comments?post=31413"}],"wp:featuredmedia":[{"embeddable":true,"href":"https:\/\/purama.lt\/lv\/wp-json\/wp\/v2\/media\/31425"}],"wp:attachment":[{"href":"https:\/\/purama.lt\/lv\/wp-json\/wp\/v2\/media?parent=31413"}],"wp:term":[{"taxonomy":"product_brand","embeddable":true,"href":"https:\/\/purama.lt\/lv\/wp-json\/wp\/v2\/product_brand?post=31413"},{"taxonomy":"product_cat","embeddable":true,"href":"https:\/\/purama.lt\/lv\/wp-json\/wp\/v2\/product_cat?post=31413"},{"taxonomy":"product_tag","embeddable":true,"href":"https:\/\/purama.lt\/lv\/wp-json\/wp\/v2\/product_tag?post=31413"}],"curies":[{"name":"wp","href":"https:\/\/api.w.org\/{rel}","templated":true}]}}