{"id":31370,"date":"2025-01-10T12:09:36","date_gmt":"2025-01-10T12:09:36","guid":{"rendered":"https:\/\/purama.lt\/produktas\/kojines-splash-pink-sporcks\/"},"modified":"2026-04-03T10:31:05","modified_gmt":"2026-04-03T08:31:05","slug":"kojines-splash-roza-sporta-bikses","status":"publish","type":"product","link":"https:\/\/purama.lt\/lv\/produktas\/kojines-splash-pink-sporcks\/","title":{"rendered":"SPORCKS Splash Pink sporta ze\u0137es"},"content":{"rendered":"<p>Vai mekl\u0113jat vair\u0101k? Apskatiet visu <a href=\"\/lv\/produktu-etiketes\/sporcks\/\">Sporcks sortimentu<\/a>.<\/p>","protected":false},"excerpt":{"rendered":"<p><span lang=\"en-US\"><strong>SPORCKS Splash Pink<\/strong> \u2013 Viegl\u0101k\u0101s, elpojo\u0161\u0101s un \u0113rt\u0101k\u0101s skrie\u0161anas ze\u0137es vis\u0101 kolekcij\u0101. Pap\u0113dis un purngali ir izgatavoti no COOLMAX\u00ae frot\u0113 auduma, kas samazina triecienu ietekmi un nodro\u0161ina liel\u0101ku komfortu un elpojam\u012bbu. Pasarg\u0101 un pal\u012bdz nov\u0113rst tulznu veido\u0161anos.<\/span><\/p>\n<p><span lang=\"en-US\"><b>IEZ\u012aMES:<\/b><\/span><\/p>\n<ul>\n<li><span lang=\"en-US\">100% ra\u017eots Sp\u0101nij\u0101.<\/span><\/li>\n<li><span lang=\"en-US\">Izgatavots no Coolmax\u00ae un neilona.<\/span><\/li>\n<li><span lang=\"en-US\">Elast\u012bgs un elast\u012bgs, piem\u0113rots \u012bsiem p\u0101rejas posmiem.<\/span><\/li>\n<li><span lang=\"en-US\">Efekt\u012bvi iztvaiko mitrumu un \u0101tri \u017e\u016bst.<\/span><\/li>\n<\/ul>\n<p>&nbsp;<\/p>","protected":false},"featured_media":31374,"comment_status":"open","ping_status":"closed","template":"","meta":{"_acf_changed":false},"product_brand":[246],"product_cat":[98,57,102],"product_tag":[],"class_list":{"0":"post-31370","1":"product","2":"type-product","3":"status-publish","4":"has-post-thumbnail","6":"product_brand-sporcks","7":"product_cat-sportui","8":"product_cat-akcijos","9":"product_cat-kojines","11":"first","12":"instock","13":"sale","14":"shipping-taxable","15":"purchasable","16":"product-type-variable","17":"has-default-attributes"},"acf":[],"tiered_pricing_type":"fixed","tiered_pricing_fixed_rules":[],"tiered_pricing_product_settings":{"layout":"default","base_unit_name":{"singular":null,"plural":null},"default_variation":null},"tiered_pricing_minimum_quantity":null,"tiered_pricing_roles_data":[],"tiered_pricing_percentage_rules":[],"_links":{"self":[{"href":"https:\/\/purama.lt\/lv\/wp-json\/wp\/v2\/product\/31370","targetHints":{"allow":["GET"]}}],"collection":[{"href":"https:\/\/purama.lt\/lv\/wp-json\/wp\/v2\/product"}],"about":[{"href":"https:\/\/purama.lt\/lv\/wp-json\/wp\/v2\/types\/product"}],"replies":[{"embeddable":true,"href":"https:\/\/purama.lt\/lv\/wp-json\/wp\/v2\/comments?post=31370"}],"wp:featuredmedia":[{"embeddable":true,"href":"https:\/\/purama.lt\/lv\/wp-json\/wp\/v2\/media\/31374"}],"wp:attachment":[{"href":"https:\/\/purama.lt\/lv\/wp-json\/wp\/v2\/media?parent=31370"}],"wp:term":[{"taxonomy":"product_brand","embeddable":true,"href":"https:\/\/purama.lt\/lv\/wp-json\/wp\/v2\/product_brand?post=31370"},{"taxonomy":"product_cat","embeddable":true,"href":"https:\/\/purama.lt\/lv\/wp-json\/wp\/v2\/product_cat?post=31370"},{"taxonomy":"product_tag","embeddable":true,"href":"https:\/\/purama.lt\/lv\/wp-json\/wp\/v2\/product_tag?post=31370"}],"curies":[{"name":"wp","href":"https:\/\/api.w.org\/{rel}","templated":true}]}}