{"id":31367,"date":"2025-01-10T12:09:36","date_gmt":"2025-01-10T12:09:36","guid":{"rendered":"https:\/\/purama.lt\/produktas\/kojines-keep-going-yellow-sporcks-2\/"},"modified":"2026-04-30T10:12:57","modified_gmt":"2026-04-30T08:12:57","slug":"kojines-saglabat-iet-dzelteno-sporcks-2","status":"publish","type":"product","link":"https:\/\/purama.lt\/lv\/produktas\/kojines-keep-going-yellow-sporcks-2\/","title":{"rendered":"SPORCKS Keep Going Yellow sporta ze\u0137es"},"content":{"rendered":"<p>Vai mekl\u0113jat vair\u0101k? Apskatiet visu <a href=\"\/lv\/produktu-etiketes\/sporcks\/\">Sporcks sortimentu<\/a>.<\/p>","protected":false},"excerpt":{"rendered":"<p><span style=\"font-family: @Arial Unicode MS, serif;\"><span style=\"font-size: medium;\"><span lang=\"en-US\"><strong>SPORCKS Turpini Dzelteno<\/strong> \u2013 Skr\u0113jiena ze\u0137es ar liel\u0101ku atbalstu pot\u012btes un p\u0113das metat\u0101rsu zon\u0101. T\u0101s nodro\u0161ina vid\u0113ju kompresijas l\u012bmeni, kas uzlabo asinsriti un mazina iekaisumu gar\u0101ku skr\u0113jienu laik\u0101. Pap\u0113\u017ea un pirkstu zonas ir izgatavotas no COOLMAX\u00ae frot\u0113 auduma, kas samazina triecienu ietekmi un nodro\u0161ina liel\u0101ku komfortu un elpojam\u012bbu. T\u0101s ar\u012b pal\u012bdz nov\u0113rst tulznu veido\u0161anos.<\/span><\/span><\/span><\/p>\n<p><span style=\"font-family: @Arial Unicode MS, serif;\"><span style=\"font-size: medium;\"><span lang=\"en-US\"><b>IEZ\u012aMES:<\/b><\/span><\/span><\/span><\/p>\n<ul>\n<li><span style=\"font-family: @Arial Unicode MS, serif;\"><span style=\"font-size: medium;\"><span lang=\"en-US\">100% ra\u017eots Sp\u0101nij\u0101.<\/span><\/span><\/span><\/li>\n<li><span style=\"font-family: @Arial Unicode MS, serif;\"><span style=\"font-size: medium;\"><span lang=\"en-US\">Sast\u0101vs: Coolmax\u00ae un neilons.<\/span><\/span><\/span><\/li>\n<li><span style=\"font-family: @Arial Unicode MS, serif;\"><span style=\"font-size: medium;\"><span lang=\"en-US\">Elpojo\u0161s siets, kas optimiz\u0113 \u0101das siltuma regul\u0101ciju.<\/span><\/span><\/span><\/li>\n<li><span style=\"font-family: @Arial Unicode MS, serif;\"><span style=\"font-size: medium;\"><span lang=\"en-US\">Efekt\u012bvi uzs\u016bc mitrumu un \u0101tri \u017e\u016bst.<\/span><\/span><\/span><\/li>\n<li><span style=\"font-family: @Arial Unicode MS, serif;\"><span style=\"font-size: medium;\"><span lang=\"en-US\">\u012apa\u0161i m\u012bksts piesk\u0101riens.<\/span><\/span><\/span><\/li>\n<\/ul>\n<p>&nbsp;<\/p>","protected":false},"featured_media":31385,"comment_status":"open","ping_status":"closed","template":"","meta":{"_acf_changed":false},"product_brand":[246],"product_cat":[98,57,102],"product_tag":[],"class_list":{"0":"post-31367","1":"product","2":"type-product","3":"status-publish","4":"has-post-thumbnail","6":"product_brand-sporcks","7":"product_cat-sportui","8":"product_cat-akcijos","9":"product_cat-kojines","11":"first","12":"instock","13":"sale","14":"shipping-taxable","15":"purchasable","16":"product-type-variable"},"acf":[],"tiered_pricing_type":"fixed","tiered_pricing_fixed_rules":[],"tiered_pricing_product_settings":{"layout":"default","base_unit_name":{"singular":null,"plural":null},"default_variation":null},"tiered_pricing_minimum_quantity":null,"tiered_pricing_roles_data":[],"tiered_pricing_percentage_rules":[],"_links":{"self":[{"href":"https:\/\/purama.lt\/lv\/wp-json\/wp\/v2\/product\/31367","targetHints":{"allow":["GET"]}}],"collection":[{"href":"https:\/\/purama.lt\/lv\/wp-json\/wp\/v2\/product"}],"about":[{"href":"https:\/\/purama.lt\/lv\/wp-json\/wp\/v2\/types\/product"}],"replies":[{"embeddable":true,"href":"https:\/\/purama.lt\/lv\/wp-json\/wp\/v2\/comments?post=31367"}],"wp:featuredmedia":[{"embeddable":true,"href":"https:\/\/purama.lt\/lv\/wp-json\/wp\/v2\/media\/31385"}],"wp:attachment":[{"href":"https:\/\/purama.lt\/lv\/wp-json\/wp\/v2\/media?parent=31367"}],"wp:term":[{"taxonomy":"product_brand","embeddable":true,"href":"https:\/\/purama.lt\/lv\/wp-json\/wp\/v2\/product_brand?post=31367"},{"taxonomy":"product_cat","embeddable":true,"href":"https:\/\/purama.lt\/lv\/wp-json\/wp\/v2\/product_cat?post=31367"},{"taxonomy":"product_tag","embeddable":true,"href":"https:\/\/purama.lt\/lv\/wp-json\/wp\/v2\/product_tag?post=31367"}],"curies":[{"name":"wp","href":"https:\/\/api.w.org\/{rel}","templated":true}]}}