{"id":31364,"date":"2025-01-10T12:09:36","date_gmt":"2025-01-10T12:09:36","guid":{"rendered":"https:\/\/purama.lt\/produktas\/kojines-eye-pink-sporcks\/"},"modified":"2026-04-16T07:08:22","modified_gmt":"2026-04-16T05:08:22","slug":"kojines-acu-roza-sporcks","status":"publish","type":"product","link":"https:\/\/purama.lt\/lv\/produktas\/kojines-eye-pink-sporcks\/","title":{"rendered":"SPORCKS Eye Pink sporta ze\u0137es"},"content":{"rendered":"<p>Vai mekl\u0113jat vair\u0101k? Apskatiet visu <a href=\"\/lv\/produktu-etiketes\/sporcks\/\">Sporcks sortimentu<\/a>.<\/p>","protected":false},"excerpt":{"rendered":"<p><span style=\"font-family: @Arial Unicode MS, serif;\"><span style=\"font-size: medium;\"><span lang=\"en-US\"><strong>SPORCKS Eye Pink<\/strong> &#8211; B\u0117gimo kojin\u0117s, suteikian\u010dios didesn\u012f palaikym\u0105 kulk\u0161nies ir metatarsalin\u0117se srityse. Jos turi vidutin\u012f suspaudimo lyg\u012f, kuris gerina kraujotak\u0105 ir ma\u017eina u\u017edegim\u0105 ilgesni\u0173 b\u0117gim\u0173 metu. Kulnas ir pir\u0161tai pagaminti i\u0161 COOLMAX\u00ae frotinio audinio, kuris suma\u017eina sm\u016bgi\u0173 poveik\u012f ir suteikia didesn\u012f komforto bei kv\u0117pavimo poj\u016bt\u012f. Jos taip pat apsaugo ir padeda i\u0161vengti p\u016bsli\u0173 atsiradimo.<\/span><\/span><\/span><\/p>\n<p><span style=\"font-family: @Arial Unicode MS, serif;\"><span style=\"font-size: medium;\"><span lang=\"en-US\"><b>IEZ\u012aMES:<\/b><\/span><\/span><\/span><\/p>\n<ul>\n<li><span style=\"font-family: @Arial Unicode MS, serif;\"><span style=\"font-size: medium;\"><span lang=\"en-US\">100% ra\u017eots Sp\u0101nij\u0101.<\/span><\/span><\/span><\/li>\n<li><span style=\"font-family: @Arial Unicode MS, serif;\"><span style=\"font-size: medium;\"><span lang=\"en-US\">Sast\u0101vs: Coolmax\u00ae un neilons.<\/span><\/span><\/span><\/li>\n<li><span style=\"font-family: @Arial Unicode MS, serif;\"><span style=\"font-size: medium;\"><span lang=\"en-US\">Elpojo\u0161s siets, kas optimiz\u0113 \u0101das siltuma regul\u0101ciju.<\/span><\/span><\/span><\/li>\n<li><span style=\"font-family: @Arial Unicode MS, serif;\"><span style=\"font-size: medium;\"><span lang=\"en-US\">Efekt\u012bvi uzs\u016bc mitrumu un \u0101tri \u017e\u016bst.<\/span><\/span><\/span><\/li>\n<li><span style=\"font-family: @Arial Unicode MS, serif;\"><span style=\"font-size: medium;\"><span lang=\"en-US\">\u012apa\u0161i m\u012bksts piesk\u0101riens.<\/span><\/span><\/span><\/li>\n<\/ul>\n<p>&nbsp;<\/p>","protected":false},"featured_media":31379,"comment_status":"open","ping_status":"closed","template":"","meta":{"_acf_changed":false},"product_brand":[246],"product_cat":[98,57,102],"product_tag":[],"class_list":{"0":"post-31364","1":"product","2":"type-product","3":"status-publish","4":"has-post-thumbnail","6":"product_brand-sporcks","7":"product_cat-sportui","8":"product_cat-akcijos","9":"product_cat-kojines","11":"first","12":"instock","13":"sale","14":"shipping-taxable","15":"purchasable","16":"product-type-variable"},"acf":[],"tiered_pricing_type":"fixed","tiered_pricing_fixed_rules":[],"tiered_pricing_product_settings":{"layout":"default","base_unit_name":{"singular":null,"plural":null},"default_variation":null},"tiered_pricing_minimum_quantity":null,"tiered_pricing_roles_data":[],"tiered_pricing_percentage_rules":[],"_links":{"self":[{"href":"https:\/\/purama.lt\/lv\/wp-json\/wp\/v2\/product\/31364","targetHints":{"allow":["GET"]}}],"collection":[{"href":"https:\/\/purama.lt\/lv\/wp-json\/wp\/v2\/product"}],"about":[{"href":"https:\/\/purama.lt\/lv\/wp-json\/wp\/v2\/types\/product"}],"replies":[{"embeddable":true,"href":"https:\/\/purama.lt\/lv\/wp-json\/wp\/v2\/comments?post=31364"}],"wp:featuredmedia":[{"embeddable":true,"href":"https:\/\/purama.lt\/lv\/wp-json\/wp\/v2\/media\/31379"}],"wp:attachment":[{"href":"https:\/\/purama.lt\/lv\/wp-json\/wp\/v2\/media?parent=31364"}],"wp:term":[{"taxonomy":"product_brand","embeddable":true,"href":"https:\/\/purama.lt\/lv\/wp-json\/wp\/v2\/product_brand?post=31364"},{"taxonomy":"product_cat","embeddable":true,"href":"https:\/\/purama.lt\/lv\/wp-json\/wp\/v2\/product_cat?post=31364"},{"taxonomy":"product_tag","embeddable":true,"href":"https:\/\/purama.lt\/lv\/wp-json\/wp\/v2\/product_tag?post=31364"}],"curies":[{"name":"wp","href":"https:\/\/api.w.org\/{rel}","templated":true}]}}