{"id":46628,"date":"2026-03-10T14:20:01","date_gmt":"2026-03-10T12:20:01","guid":{"rendered":"https:\/\/purama.lt\/?page_id=46628"},"modified":"2026-04-08T15:48:29","modified_gmt":"2026-04-08T13:48:29","slug":"precu-piegade","status":"publish","type":"page","link":"https:\/\/purama.lt\/lv\/prekiu-pristatymas\/","title":{"rendered":"Pre\u010du pieg\u0101de"},"content":{"rendered":"<p>M\u0113s pieg\u0101d\u0101jam uz Lietuvu, Latviju, Igauniju, Somiju un cit\u0101m Eiropas valst\u012bm. Parastie pieg\u0101des termi\u0146i ir nor\u0101d\u012bti zem\u0101k, bet, ja produkta lap\u0101 ir nor\u0101d\u012bta cita inform\u0101cija, tiek piem\u0113rots produkta lap\u0101 nor\u0101d\u012btais termi\u0146\u0161.<\/p>\n\n\n\n<p>Prec\u012bza pieg\u0101des cena un pieejamie pieg\u0101des veidi vienm\u0113r tiek nor\u0101d\u012bti pas\u016bt\u012b\u0161anas laik\u0101 atkar\u012bb\u0101 no j\u016bsu izv\u0113l\u0113t\u0101s valsts un adreses.<\/p>\n\n\n\n<h2 class=\"wp-block-heading\">Lietuva<\/h2>\n\n\n\n<p><strong>Pieg\u0101des laiks:<\/strong> 1-2 darba dienas, ja vien produkta lap\u0101 nav nor\u0101d\u012bts cit\u0101di.<\/p>\n\n\n\n<ul class=\"wp-block-list\">\n<li><strong>LP Express pasta noda\u013ca<\/strong> - 1,99 \u20ac | bezmaksas no 30 \u20ac<\/li>\n\n\n\n<li><strong>LP Express kurjers<\/strong> - 3,49 \u20ac | bez maksas no 30 \u20ac<\/li>\n\n\n\n<li><strong>Venipakas pasta noda\u013ca<\/strong> - 2,49 \u20ac | bez maksas no 35 \u20ac<\/li>\n\n\n\n<li><strong>Venipak kurjers<\/strong> - 3,49 \u20ac | bez maksas no 35 \u20ac<\/li>\n\n\n\n<li><strong>Omniva pasta noda\u013ca<\/strong> \u2013 3,49 \u20ac | bez maksas no 70 \u20ac<\/li>\n\n\n\n<li><strong>Omniva kurjers<\/strong> - 4,99 \u20ac | bezmaksas no 50 \u20ac<\/li>\n\n\n\n<li><strong>SmartPosti pasta noda\u013ca<\/strong> - 2,99 \u20ac | bezmaksas no 50 \u20ac<\/li>\n<\/ul>\n\n\n\n<h2 class=\"wp-block-heading\">Latvija<\/h2>\n\n\n\n<p><strong>Pieg\u0101des laiks:<\/strong> 2-3 darba dienas, ja vien produkta lap\u0101 nav nor\u0101d\u012bts cit\u0101di.<\/p>\n\n\n\n<ul class=\"wp-block-list\">\n<li><strong>Venipak iepakojumi<\/strong> - 2,99 \u20ac | bezmaksas no 30 \u20ac<\/li>\n\n\n\n<li><strong>Unisend pakomates<\/strong> - 2,99 \u20ac | bezmaksas no 30 \u20ac<\/li>\n\n\n\n<li><strong>Omniva pakom\u0101ti<\/strong> \u2013 3,99 \u20ac | bez maksas no 70 \u20ac<\/li>\n\n\n\n<li><strong>Venipak kurjers<\/strong> - 5,99 \u20ac | bez maksas no 39 \u20ac<\/li>\n\n\n\n<li><strong>SmartPosti pacomats<\/strong> - 4,99 \u20ac | bezmaksas no 50 \u20ac<\/li>\n<\/ul>\n\n\n\n<h2 class=\"wp-block-heading\">Igaunija<\/h2>\n\n\n\n<p><strong>Pieg\u0101des laiks:<\/strong> 2-3 darba dienas, ja vien produkta lap\u0101 nav nor\u0101d\u012bts cit\u0101di.<\/p>\n\n\n\n<ul class=\"wp-block-list\">\n<li><strong>Venipak iepakojums<\/strong> - 3,99 \u20ac | bezmaksas no 30 \u20ac<\/li>\n\n\n\n<li><strong>Unisend pakiautomaat<\/strong> - 2,99 \u20ac | bezmaksas no 30 \u20ac<\/li>\n\n\n\n<li><strong>Omniva pakete<\/strong> \u2013 3,99 \u20ac | bez maksas no 70 \u20ac<\/li>\n\n\n\n<li><strong>Venipak kuller<\/strong> - 7,99 \u20ac | bez maksas no 39 \u20ac<\/li>\n\n\n\n<li><strong>SmartPosti pakete<\/strong> - 4,99 \u20ac | bezmaksas no 50 \u20ac<\/li>\n<\/ul>\n\n\n\n<h2 class=\"wp-block-heading\">Somija<\/h2>\n\n\n\n<p><strong>Pieg\u0101des laiks:<\/strong> 3-4 darba dienas, ja vien produkta lap\u0101 nav nor\u0101d\u012bts cit\u0101di.<\/p>\n\n\n\n<ul class=\"wp-block-list\">\n<li><strong>Posti pakettiautomaatti<\/strong> - 9,99 \u20ac | bez maksas no 50 \u20ac<\/li>\n<\/ul>\n\n\n\n<h2 class=\"wp-block-heading\">Citas Eiropas valstis<\/h2>\n\n\n\n<p>M\u0113s s\u016bt\u0101m ar kurjerpastu uz atsevi\u0161\u0137\u0101m Eiropas valst\u012bm.<\/p>\n\n\n\n<p><strong>Pieg\u0101des laiks:<\/strong> l\u012bdz 7 darba dien\u0101m.<\/p>\n\n\n\n<p><strong>Pieg\u0101des izmaksas:<\/strong> 19,99 \u20ac<\/p>\n\n\n\n<p>\u0160\u012b pieg\u0101des metode attiecas uz izv\u0113l\u0113taj\u0101m Eiropas valst\u012bm atbilsto\u0161i pieg\u0101des zonai. Prec\u012bza pieg\u0101des iesp\u0113ja vienm\u0113r tiek par\u0101d\u012bta izrakst\u012b\u0161an\u0101s laik\u0101, pamatojoties uz ievad\u012bto valsti un adresi.<\/p>\n\n\n\n<h2 class=\"wp-block-heading\">Svar\u012bga inform\u0101cija<\/h2>\n\n\n\n<ul class=\"wp-block-list\">\n<li>Ja produkta lap\u0101 ir nor\u0101d\u012bts cits pieg\u0101des datums, tiks piem\u0113rots \u0161is datums.<\/li>\n\n\n\n<li>Pas\u016bt\u012bjuma sagatavo\u0161anas un pieg\u0101des laiks var at\u0161\u0137irties izp\u0101rdo\u0161anu, br\u012bvdienu laik\u0101 vai p\u0101rvad\u0101t\u0101ju sastr\u0113gumu d\u0113\u013c.<\/li>\n\n\n\n<li>Prec\u012bza gal\u012bg\u0101 pieg\u0101des cena vienm\u0113r ir redzama pie kases pirms apmaksas.<\/li>\n\n\n\n<li>Ja jums ir k\u0101di jaut\u0101jumi par pieg\u0101di, l\u016bdzu, sazinieties ar mums, izmantojot m\u016bsu kontaktu lapu.<\/li>\n<\/ul>","protected":false},"excerpt":{"rendered":"<p>Pristatome \u012f Lietuv\u0105, Latvij\u0105, Estij\u0105, Suomij\u0105 ir kitas Europos \u0161alis. \u012eprasti pristatymo terminai nurodyti \u017eemiau, ta\u010diau jei produkto puslapyje pateikta kita informacija, taikomas b\u016btent produkto puslapyje nurodytas terminas. Tiksli pristatymo kaina ir galimi pristatymo b\u016bdai visada pateikiami atsiskaitymo metu pagal pasirinkt\u0105 \u0161al\u012f ir adres\u0105. Lietuva Pristatymo terminas: 1\u20132 darbo dienos, jei produkto puslapyje nenurodyta kitaip. [&hellip;]<\/p>\n","protected":false},"author":38,"featured_media":0,"parent":0,"menu_order":0,"comment_status":"closed","ping_status":"closed","template":"template-fullwidth.php","meta":{"_acf_changed":false,"footnotes":""},"class_list":["post-46628","page","type-page","status-publish","hentry"],"acf":[],"_links":{"self":[{"href":"https:\/\/purama.lt\/lv\/wp-json\/wp\/v2\/pages\/46628","targetHints":{"allow":["GET"]}}],"collection":[{"href":"https:\/\/purama.lt\/lv\/wp-json\/wp\/v2\/pages"}],"about":[{"href":"https:\/\/purama.lt\/lv\/wp-json\/wp\/v2\/types\/page"}],"author":[{"embeddable":true,"href":"https:\/\/purama.lt\/lv\/wp-json\/wp\/v2\/users\/38"}],"replies":[{"embeddable":true,"href":"https:\/\/purama.lt\/lv\/wp-json\/wp\/v2\/comments?post=46628"}],"version-history":[{"count":0,"href":"https:\/\/purama.lt\/lv\/wp-json\/wp\/v2\/pages\/46628\/revisions"}],"wp:attachment":[{"href":"https:\/\/purama.lt\/lv\/wp-json\/wp\/v2\/media?parent=46628"}],"curies":[{"name":"wp","href":"https:\/\/api.w.org\/{rel}","templated":true}]}}