{"id":3,"date":"2024-11-23T16:56:56","date_gmt":"2024-11-23T16:56:56","guid":{"rendered":"https:\/\/purama.lt\/?page_id=3"},"modified":"2026-01-02T11:57:37","modified_gmt":"2026-01-02T09:57:37","slug":"privatuma-politika","status":"publish","type":"page","link":"https:\/\/purama.lt\/lv\/privatumo-politika\/","title":{"rendered":"Konfidencialit\u0101tes politika"},"content":{"rendered":"<p><strong>P\u0113d\u0113jo reizi atjaunin\u0101ts:<\/strong> 2025-01-02<\/p>\n\n\n\n<p>Uz\u0146\u0113mum\u0101 Purama m\u0113s augstu v\u0113rt\u0113jam j\u016bsu uztic\u012bbu un esam ap\u0146\u0113mu\u0161ies aizsarg\u0101t j\u016bsu personas datu konfidencialit\u0101ti. \u0160\u012b politika izskaidro, k\u0101 m\u0113s v\u0101cam, izmantojam un aizsarg\u0101jam j\u016bsu inform\u0101ciju saska\u0146\u0101 ar Visp\u0101r\u012bgo datu aizsardz\u012bbas regulu (GDPR).<\/p>\n\n\n\n<h2 class=\"wp-block-heading\">1. Datu p\u0101rzinis<\/h2>\n\n\n\n<p>Par j\u016bsu personas datu apstr\u0101di \u0161aj\u0101 tie\u0161saistes veikal\u0101 ir atbild\u012bgas \u0161\u0101das personas:<\/p>\n\n\n\n<ul class=\"wp-block-list\">\n<li><strong>Juridisk\u0101 persona:<\/strong> UAB \"\u017dalias la\u0161as\"<\/li>\n\n\n\n<li><strong>Uz\u0146\u0113muma kods:<\/strong> 305855084<\/li>\n\n\n\n<li><strong>PVN maks\u0101t\u0101ja numurs:<\/strong> LT100014337119<\/li>\n\n\n\n<li><strong>Re\u0123istr\u0101cijas adrese:<\/strong> \u0160altini\u0173 g. 5-12, Vi\u013c\u0146a, Lietuva<\/li>\n\n\n\n<li><strong>E-pasts par datu jaut\u0101jumiem:<\/strong> info@purama.lt<\/li>\n\n\n\n<li><strong>T\u0101lrunis:<\/strong> +370 6086 2531<\/li>\n<\/ul>\n\n\n\n<h2 class=\"wp-block-heading\">2. K\u0101dus datus m\u0113s v\u0101cam un k\u0101p\u0113c?<\/h2>\n\n\n\n<p>M\u0113s apkopojam tikai tos datus, kas ir nepiecie\u0161ami, lai var\u0113tu netrauc\u0113ti izpild\u012bt pas\u016bt\u012bjumus un nodro\u0161in\u0101t j\u016bsu p\u0101rl\u016bko\u0161anas kvalit\u0101ti:<\/p>\n\n\n\n<ul class=\"wp-block-list\">\n<li><strong>S\u012bk\u0101ka inform\u0101cija par pirkumu:<\/strong> V\u0101rds, uzv\u0101rds, pieg\u0101des adrese, t\u0101lru\u0146a numurs un e-pasta adrese. Tas ir nepiecie\u0161ams r\u0113\u0137ina izrakst\u012b\u0161anai un pieg\u0101dei (izmantojot LP EXPRESS, VENIPAK, OMNIVA, SPARTPOST vai citus kurjerus).<\/li>\n\n\n\n<li><strong>Maks\u0101juma inform\u0101cija:<\/strong> M\u0113s neglab\u0101jam j\u016bsu bankas kartes inform\u0101ciju. Maks\u0101jumi tiek apstr\u0101d\u0101ti, izmantojot dro\u0161us partnerus (Montonio, Stripe, Google pay un Apple pay, k\u0101 ar\u012b bankas p\u0101rskait\u012bjumus).<\/li>\n\n\n\n<li><strong>P\u0101rl\u016bko\u0161anas dati (s\u012bkfaili):<\/strong> Inform\u0101cija par j\u016bsu t\u012bmek\u013ca vietnes p\u0101rl\u016bko\u0161anas v\u0113sturi, IP adresi, ier\u012bces veidu. Tas pal\u012bdz mums uzlabot t\u012bmek\u013ca vietnes darb\u012bbu un ar j\u016bsu piekri\u0161anu r\u0101d\u012bt atbilsto\u0161as rekl\u0101mas.<\/li>\n<\/ul>\n\n\n\n<h2 class=\"wp-block-heading\">3. Datu nodo\u0161ana tre\u0161\u0101m person\u0101m<\/h2>\n\n\n\n<p>J\u016bsu datus m\u0113s kop\u012bgojam tikai ar uzticamiem partneriem, kas pal\u012bdz mums m\u016bsu uz\u0146\u0113m\u0113jdarb\u012bb\u0101:<\/p>\n\n\n\n<ol start=\"1\" class=\"wp-block-list\">\n<li><strong>Lo\u0123istikas uz\u0146\u0113mumi:<\/strong> (LP EXPRESS, VENIPAK, OMNIVA, SMARTPOST) - tikai pieg\u0101dei nepiecie\u0161amie dati.<\/li>\n\n\n\n<li><strong>Maks\u0101jumu iest\u0101des:<\/strong> - par maks\u0101jumu.<\/li>\n\n\n\n<li><strong>M\u0101rketinga un anal\u012bzes r\u012bki:<\/strong> (Google Analytics, Meta Pixel) - tikai personaliz\u0113ti dati datpl\u016bsmas anal\u012bzei (ja esat devis savu piekri\u0161anu s\u012bkfailu josl\u0101).<\/li>\n<\/ol>\n\n\n\n<p>M\u0113s nekad nep\u0101rdodam j\u016bsu datus tre\u0161\u0101m pus\u0113m.<\/p>\n\n\n\n<h2 class=\"wp-block-heading\">4. J\u016bsu ties\u012bbas<\/h2>\n\n\n\n<p>Saska\u0146\u0101 ar VDAR regulu jums ir ties\u012bbas:<\/p>\n\n\n\n<ul class=\"wp-block-list\">\n<li>Sa\u0146emt inform\u0101ciju par savu datu apstr\u0101di.<\/li>\n\n\n\n<li>Pieprasiet labot nepareizos datus.<\/li>\n\n\n\n<li>piepras\u012bt datu dz\u0113\u0161anu (\u201eties\u012bbas tikt aizmirstam\u201c), ja tie vairs nav nepiecie\u0161ami l\u012bguma izpildei.<\/li>\n\n\n\n<li>iebilst pret apstr\u0101di m\u0101rketinga nol\u016bkos.<\/li>\n<\/ul>\n\n\n\n<p>Lai izmantotu \u0161\u012bs ties\u012bbas, l\u016bdzu, sazinieties ar mums pa t\u0101lruni <strong>info@purama.lt<\/strong>.<\/p>\n\n\n\n<h2 class=\"wp-block-heading\">5. S\u012bkfaili (S\u012bkfaili)<\/h2>\n\n\n\n<p>M\u016bsu vietn\u0113 tiek izmantotas s\u012bkdatnes, lai nodro\u0161in\u0101tu iepirkumu groza darb\u012bbu un atcer\u0113tos j\u016bsu iestat\u012bjumus. Pirmo reizi apmekl\u0113jot t\u012bmek\u013ca vietni, j\u016bs varat izv\u0113l\u0113ties, kuras papildu (anal\u012btisk\u0101s\/m\u0101rketinga) s\u012bkdatnes at\u013caut. Savu izv\u0113li jebkur\u0101 laik\u0101 varat main\u012bt p\u0101rl\u016bkprogrammas iestat\u012bjumos.<\/p>\n\n\n\n<script type=\"application\/ld+json\">{\n    \"@context\": \"https:\\\/\\\/schema.org\",\n    \"@type\": \"PrivacyPolicy\",\n    \"name\": \"Privatumo politika\",\n    \"url\": \"https:\\\/\\\/purama.lt\\\/privatumo-politika\\\/\",\n    \"publisher\": {\n        \"@type\": \"Organization\",\n        \"name\": \"UAB \\u017dalias la\\u0161as\",\n        \"legalName\": \"UAB \\u017dalias la\\u0161as\",\n        \"logo\": \"https:\\\/\\\/purama.lt\\\/wp-content\\\/uploads\\\/2024\\\/11\\\/fileCUsersPcDownloadsPurama_Brandmark_Green__4_.svg__3_-removebg-preview-removebg-preview-1.png\"\n    },\n    \"datePublished\": \"2024-01-01\",\n    \"dateModified\": \"2025-01-02\"\n}<\/script>","protected":false},"excerpt":{"rendered":"<p>Paskutin\u012f kart\u0105 atnaujinta: 2025-01-02 Mes, \u201ePurama\u201c, vertiname j\u016bs\u0173 pasitik\u0117jim\u0105 ir esame \u012fsipareigoj\u0119 saugoti j\u016bs\u0173 asmens duomen\u0173 privatum\u0105. \u0160i politika paai\u0161kina, kaip renkame, naudojame ir saugome j\u016bs\u0173 informacij\u0105, vadovaudamiesi Bendruoju duomen\u0173 apsaugos reglamentu (BDAR). 1. Duomen\u0173 valdytojas U\u017e j\u016bs\u0173 asmens duomen\u0173 tvarkym\u0105 \u0161ioje internetin\u0117je parduotuv\u0117je atsako: 2. Kokius duomenis renkame ir kod\u0117l? Mes renkame tik tuos [&hellip;]<\/p>\n","protected":false},"author":38,"featured_media":0,"parent":0,"menu_order":0,"comment_status":"closed","ping_status":"open","template":"template-fullwidth.php","meta":{"_acf_changed":false,"footnotes":""},"class_list":["post-3","page","type-page","status-publish","hentry"],"acf":[],"_links":{"self":[{"href":"https:\/\/purama.lt\/lv\/wp-json\/wp\/v2\/pages\/3","targetHints":{"allow":["GET"]}}],"collection":[{"href":"https:\/\/purama.lt\/lv\/wp-json\/wp\/v2\/pages"}],"about":[{"href":"https:\/\/purama.lt\/lv\/wp-json\/wp\/v2\/types\/page"}],"author":[{"embeddable":true,"href":"https:\/\/purama.lt\/lv\/wp-json\/wp\/v2\/users\/38"}],"replies":[{"embeddable":true,"href":"https:\/\/purama.lt\/lv\/wp-json\/wp\/v2\/comments?post=3"}],"version-history":[{"count":0,"href":"https:\/\/purama.lt\/lv\/wp-json\/wp\/v2\/pages\/3\/revisions"}],"wp:attachment":[{"href":"https:\/\/purama.lt\/lv\/wp-json\/wp\/v2\/media?parent=3"}],"curies":[{"name":"wp","href":"https:\/\/api.w.org\/{rel}","templated":true}]}}