{"id":11,"date":"2024-11-23T16:59:24","date_gmt":"2024-11-23T16:59:24","guid":{"rendered":"https:\/\/purama.lt\/?page_id=11"},"modified":"2026-03-16T14:35:31","modified_gmt":"2026-03-16T12:35:31","slug":"noteikumi","status":"publish","type":"page","link":"https:\/\/purama.lt\/lv\/taisykles\/","title":{"rendered":"Iepirkuma noteikumi"},"content":{"rendered":"<div data-elementor-type=\"wp-page\" data-elementor-id=\"11\" class=\"elementor elementor-11\" data-elementor-post-type=\"page\">\n\t\t\t\t<div class=\"elementor-element elementor-element-9b164ed e-flex e-con-boxed e-con e-parent\" data-id=\"9b164ed\" data-element_type=\"container\" data-e-type=\"container\">\n\t\t\t\t\t<div class=\"e-con-inner\">\n\t\t\t\t<div class=\"elementor-element elementor-element-2a4ce87 elementor-widget elementor-widget-heading\" data-id=\"2a4ce87\" data-element_type=\"widget\" data-e-type=\"widget\" data-widget_type=\"heading.default\">\n\t\t\t\t\t<h1 class=\"elementor-heading-title elementor-size-default\">Iepirkuma noteikumi<\/h1>\t\t\t\t<\/div>\n\t\t\t\t\t<\/div>\n\t\t\t\t<\/div>\n\t\t<div class=\"elementor-element elementor-element-3cbe9fc5 e-flex e-con-boxed e-con e-parent\" data-id=\"3cbe9fc5\" data-element_type=\"container\" data-e-type=\"container\">\n\t\t\t\t\t<div class=\"e-con-inner\">\n\t\t\t\t<div class=\"elementor-element elementor-element-76f6ceb7 elementor-widget elementor-widget-text-editor\" data-id=\"76f6ceb7\" data-element_type=\"widget\" data-e-type=\"widget\" data-widget_type=\"text-editor.default\">\n\t\t\t\t\t\t\t\t\t<p><strong>P\u0113d\u0113jo reizi atjaunin\u0101ts:<\/strong> 2025-03-13<\/p>\n<p><!-- \/wp:paragraph --><!-- wp:heading --><\/p>\n<h2 class=\"wp-block-heading\">1. Visp\u0101r\u012bgi noteikumi un P\u0101rdev\u0113js<\/h2>\n<p><!-- \/wp:heading --><!-- wp:paragraph --><\/p>\n<p><strong>Iepirkuma noteikumi<\/strong> nosaka pirk\u0161anas, apmaksas un atgrie\u0161anas k\u0101rt\u012bbu Purama e-veikal\u0101.<\/p>\n<p><strong>P\u0101rdev\u0113js un pre\u010du pieg\u0101d\u0101t\u0101js:<\/strong><\/p>\n<p><!-- \/wp:paragraph --><!-- wp:list --><\/p>\n<ul class=\"wp-block-list\">\n<li style=\"list-style-type: none;\">\n<ul class=\"wp-block-list\"><!-- wp:list-item --><\/ul>\n<\/li>\n<\/ul>\n<p><strong>UAB \"\u017dalias la\u0161as\"<\/strong><\/p>\n<p><!-- \/wp:list-item --><!-- wp:list-item --><\/p>\n<p>Uz\u0146\u0113muma kods: 305855084<br \/>PVN kods: LT100014337119<br \/>Re\u0123istr\u0101cijas adrese: \u0160altini\u0173 g. 5-12, Vi\u013c\u0146a<br \/><strong>Uz\u0146\u0113muma adrese (noliktava):<\/strong> Juozapavi\u010diaus g. 6A, Vi\u013c\u0146a<\/p>\n<p><!-- \/wp:list-item --><!-- wp:list-item --><\/p>\n<p><!-- \/wp:list-item --><!-- wp:list-item --><\/p>\n<p><!-- \/wp:list-item --><!-- wp:list-item --><\/p>\n<p><!-- \/wp:list-item --><\/p>\n<p><!-- \/wp:list --><!-- wp:heading --><\/p>\n<h2 class=\"wp-block-heading\">2. Pas\u016bt\u012b\u0161ana un pieg\u0101de<\/h2>\n<p><!-- \/wp:heading --><!-- wp:paragraph --><\/p>\n<p data-path-to-node=\"1\"><b data-path-to-node=\"1\" data-index-in-node=\"0\">Pieg\u0101des inform\u0101cija<\/b><\/p>\n<p data-path-to-node=\"2,0,0\"><b data-path-to-node=\"2,0,0\" data-index-in-node=\"0\">Pieg\u0101des laiki:<\/b><\/p>\n<p><b data-path-to-node=\"2,0,1,0,0\" data-index-in-node=\"0\">Lietuva:<\/b> 1-2 darba dienas.<br \/><b data-path-to-node=\"2,0,1,1,0\" data-index-in-node=\"0\">Latvija un Igaunija:<\/b> 2-3 darba dienas.<br \/><b data-path-to-node=\"2,0,1,2,0\" data-index-in-node=\"0\">Somija:<\/b> 3-4 darba dienas.<\/p>\n<p><span data-path-to-node=\"2,1,0\" data-index-in-node=\"0\"><b>Bezmaksas pieg\u0101de:<\/b><\/span><\/p>\n<p><b data-path-to-node=\"2,1,1,0,0\" data-index-in-node=\"0\">Lietuva:<\/b> no 30 \u20ac (LP Express), citos gad\u012bjumos no 35 \u20ac vai 50 \u20ac.<br \/><b data-path-to-node=\"2,1,1,1,0\" data-index-in-node=\"0\">Latvija un Igaunija:<\/b> no 30 \u20ac (Venipak\/Unisend), citur no 39 \u20ac vai 50 \u20ac.<br \/><b data-path-to-node=\"2,1,1,2,0\" data-index-in-node=\"0\">Somija:<\/b> no 50 \u20ac (pasta noda\u013c\u0101s).<br \/><b data-path-to-node=\"2,2,0\" data-index-in-node=\"0\"><\/b><\/p>\n<p><b data-path-to-node=\"2,2,0\" data-index-in-node=\"0\">Pieg\u0101des metodes:<\/b> LP Express, Venipak, Omniva, SmartPost, Unisend un Posti (ar kurjerpastu vai pasta noda\u013c\u0101s).<br \/><b data-path-to-node=\"2,3,0\" data-index-in-node=\"0\">Cena:<\/b> Prec\u012bza cena tiek apr\u0113\u0137in\u0101ta iepirkumu groz\u0101 p\u0113c valsts un pieg\u0101des veida izv\u0113les.<\/p>\n<p data-path-to-node=\"3\">Lai uzzin\u0101tu vair\u0101k par cen\u0101m un metod\u0113m, noklik\u0161\u0137iniet \u0161eit: <a class=\"ng-star-inserted\" href=\"https:\/\/purama.lt\/lv\/precu-piegade\/\" target=\"_blank\" rel=\"noopener\" data-hveid=\"0\" data-ved=\"0CAAQ_4QMahcKEwjZxPmjt5yTAxUAAAAAHQAAAAAQTg\">Pre\u010du pieg\u0101de<\/a><\/p>\n<ul class=\"wp-block-list\"><!-- \/wp:list-item --><\/ul>\n<h2 data-path-to-node=\"17\">3. Pas\u016bt\u012b\u0161ana un apmaksa<\/h2>\n<p data-path-to-node=\"18\">M\u0113s v\u0113lamies, lai iepirk\u0161an\u0101s b\u016btu p\u0113c iesp\u0113jas vienk\u0101r\u0161\u0101ka. Kad b\u016bsiet veicis pas\u016bt\u012bjumu, sa\u0146emsiet apstiprin\u0101juma e-pastu.<\/p>\n<h3 data-path-to-node=\"19\">3.1. Maks\u0101jumu metodes<\/h3>\n<p data-path-to-node=\"20\">Par prec\u0113m varat nor\u0113\u0137in\u0101ties, izmantojot \u0161\u0101das dro\u0161as metodes:<\/p>\n<p data-path-to-node=\"21,0,0\"><b data-path-to-node=\"21,0,0\" data-index-in-node=\"0\">Elektronisk\u0101 banku darb\u012bba<\/b> (Visas bankas valst\u012b, Revolut, maks\u0101jumus administr\u0113 Montonio).<br \/><b data-path-to-node=\"21,1,0\" data-index-in-node=\"0\">Bankas p\u0101rskait\u012bjums<\/b> (par iepriek\u0161\u0113jo r\u0113\u0137inu).<br \/><strong>Bankas karte<\/strong> (VISA, MASTERCARD)<br \/><strong>Google pay \/ Apple pay<\/strong><\/p>\n<p><!-- \/wp:list --><!-- wp:heading --><\/p>\n<h2 class=\"wp-block-heading\">4. Atgrie\u0161anas noteikumi (14 dienu garantija)<\/h2>\n<p><!-- \/wp:heading --><!-- wp:paragraph --><\/p>\n<p>Pirc\u0113jam ir ties\u012bbas atk\u0101pties no Pirkuma l\u012bguma laik\u0101. <strong>14 dienas<\/strong> p\u0113c pre\u010du sa\u0146em\u0161anas, iev\u0113rojot \u0161\u0101dus nosac\u012bjumus:<\/p>\n<p><!-- \/wp:paragraph --><!-- wp:heading {\"level\":3} --><\/p>\n<h3 class=\"wp-block-heading\">4.1. P\u0101rtikas piedevas un kosm\u0113tika<\/h3>\n<p><!-- \/wp:heading --><!-- wp:paragraph --><\/p>\n<p>Vesel\u012bbas un higi\u0113nas apsv\u0113rumu d\u0113\u013c, <strong>uztura bag\u0101tin\u0101t\u0101ji<\/strong> un <strong>kosm\u0113tikas l\u012bdzek\u013ci<\/strong> var atmaks\u0101t <strong>TIC<\/strong> ja:<\/p>\n<p><!-- \/wp:paragraph --><!-- wp:list {\"ordered\":true,\"start\":1} --><\/p>\n<ol class=\"wp-block-list\" start=\"1\">\n<li style=\"list-style-type: none;\">\n<ol class=\"wp-block-list\" start=\"1\"><!-- wp:list-item --><\/ol>\n<\/li>\n<\/ol>\n<ol class=\"wp-block-list\" start=\"1\">\n<li style=\"list-style-type: none;\">\n<ol class=\"wp-block-list\" start=\"1\">\n<li>Iepakojums ir pabeigts <strong>neskarts un neatv\u0113rts<\/strong> (aizsargpl\u0113ve nav no\u0146emta).<\/li>\n<\/ol>\n<\/li>\n<\/ol>\n<p><!-- \/wp:list-item --><!-- wp:list-item --><\/p>\n<ol class=\"wp-block-list\" start=\"1\">\n<li style=\"list-style-type: none;\">\n<ol class=\"wp-block-list\" start=\"1\">\n<li>Produkts nav lietots vai test\u0113ts.<\/li>\n<\/ol>\n<\/li>\n<\/ol>\n<p><!-- \/wp:list-item --><\/p>\n<p><!-- \/wp:list --><!-- wp:heading {\"level\":3} --><\/p>\n<h3 class=\"wp-block-heading\">4.2. Elektronisk\u0101s ier\u012bces<\/h3>\n<p><!-- \/wp:heading --><!-- wp:paragraph --><\/p>\n<p>Iztur\u012bgas ier\u012bces (piem\u0113ram, mas\u0101\u017eas apar\u0101tus, skait\u012bt\u0101jus, citas elektronisk\u0101s ier\u012bces) var atdot, ja t\u0101s nav lietotas, ir ori\u0123in\u0101laj\u0101 iepakojum\u0101 un nav zaud\u0113ju\u0161as s\u0101kotn\u0113jo izskatu.<\/p>\n<p><!-- \/wp:paragraph --><!-- wp:heading {\"level\":3} --><\/p>\n<h3 class=\"wp-block-heading\">4.3. Atgrie\u0161anas proced\u016bra<\/h3>\n<p><!-- \/wp:heading --><!-- wp:paragraph --><\/p>\n<p>Preces atgrie\u0161ana:<\/p>\n<p><!-- \/wp:paragraph --><!-- wp:list {\"ordered\":true,\"start\":1} --><\/p>\n<ol class=\"wp-block-list\" start=\"1\">\n<li style=\"list-style-type: none;\">\n<ol class=\"wp-block-list\" start=\"1\"><!-- wp:list-item --><\/ol>\n<\/li>\n<\/ol>\n<ol class=\"wp-block-list\" start=\"1\">\n<li style=\"list-style-type: none;\">\n<ol class=\"wp-block-list\" start=\"1\">\n<li>S\u016btiet mums e-pastu <strong>info@purama.lt<\/strong>, nor\u0101dot savu pas\u016bt\u012bjuma numuru.<\/li>\n<\/ol>\n<\/li>\n<\/ol>\n<p><!-- \/wp:list-item --><!-- wp:list-item --><\/p>\n<ol class=\"wp-block-list\" start=\"1\">\n<li style=\"list-style-type: none;\">\n<ol class=\"wp-block-list\" start=\"1\">\n<li>Dro\u0161i iesai\u0146ojiet preces.<\/li>\n<\/ol>\n<\/li>\n<\/ol>\n<p><!-- \/wp:list-item --><!-- wp:list-item --><\/p>\n<ol class=\"wp-block-list\" start=\"1\">\n<li style=\"list-style-type: none;\">\n<ol class=\"wp-block-list\" start=\"1\">\n<li>Nos\u016btiet tos uz \u0161\u0101du adresi: <strong>UAB \u201e\u017dalias la\u0161as\u201c, Juozapavi\u010diaus g. 6A, LT-09310 Vilnius<\/strong>.<\/li>\n<\/ol>\n<\/li>\n<\/ol>\n<p><!-- \/wp:list-item --><\/p>\n<p><!-- \/wp:list --><!-- wp:paragraph --><\/p>\n<p><em>Piez\u012bme: Kvalitat\u012bvu pre\u010du atgrie\u0161anas izmaksas sedz Pirc\u0113js. <\/em><\/p>\n<p><!-- \/wp:paragraph --><!-- wp:heading --><\/p>\n<h2 class=\"wp-block-heading\">5. Atbild\u012bba un kvalit\u0101te<\/h2>\n<p><!-- \/wp:heading --><!-- wp:paragraph --><\/p>\n<p>Visi Purama p\u0101rdotie produkti ir ori\u0123in\u0101li, ieg\u016bti tie\u0161i no ra\u017eot\u0101jiem un atbilst ES un Lietuvas ties\u012bbu aktiem. Ja esat sa\u0146\u0113mis boj\u0101tu vai boj\u0101tu produktu, l\u016bdzu, nekav\u0113joties sazinieties ar mums, lai sa\u0146emtu bezmaksas nomai\u0146u vai naudas atmaksu.<\/p>\n<p><!-- \/wp:paragraph --><!-- wp:paragraph --><\/p>\n<p><strong>Uz elektroniskaj\u0101m prec\u0113m attiecas likum\u0101 noteikt\u0101 2 gadu garantija (saska\u0146\u0101 ar Lietuvas Republikas Civilkodeksu un ES ties\u012bbu aktiem).<\/strong> <br \/><strong>Garantija ir sp\u0113k\u0101 neeso\u0161a:<\/strong> Ja boj\u0101jums radies meh\u0101nisku boj\u0101jumu d\u0113\u013c (piem\u0113ram, ier\u012bce ir nokritusi), t\u0101 ir pak\u013cauta mitruma iedarb\u012bbai vai tiek lietota, neiev\u0113rojot nor\u0101d\u012bjumus. <br \/><b data-path-to-node=\"3,1,0\" data-index-in-node=\"0\">Dabiskais nolietojums:<\/b> Akumulatora vai citu ier\u012bces nolietojamo da\u013cu jaudas samazin\u0101\u0161an\u0101s intens\u012bvas lieto\u0161anas d\u0113\u013c netiek uzskat\u012bta par ra\u017eo\u0161anas defektu.<\/p>\n<p><!-- \/wp:paragraph --><!-- wp:heading --><\/p>\n<h2 class=\"wp-block-heading\">6. Str\u012bdu iz\u0161\u0137ir\u0161ana<\/h2>\n<p><!-- \/wp:heading --><!-- wp:paragraph --><\/p>\n<p>Visas domstarp\u012bbas risina sarunu ce\u013c\u0101. Ja neizdodas vienoties, pirc\u0113jam ir ties\u012bbas v\u0113rsties Valsts pat\u0113r\u0113t\u0101ju ties\u012bbu aizsardz\u012bbas dienest\u0101. <a href=\"https:\/\/vvtat.lrv.lt\/lt\/\" target=\"_blank\" rel=\"noreferrer noopener\" data-type=\"link\" data-id=\"https:\/\/vvtat.lrv.lt\/lt\/\">VVTAT<\/a>\u00a0vai izmantot Eiropas Savien\u012bbas elektronisko str\u012bdu iz\u0161\u0137ir\u0161anas sist\u0113mu. <a href=\"https:\/\/consumer-redress.ec.europa.eu\/index_en\" target=\"_blank\" rel=\"noreferrer noopener\" data-type=\"link\" data-id=\"https:\/\/consumer-redress.ec.europa.eu\/index_en\">EEK platforma<\/a>.<\/p>\n<p><!-- \/wp:paragraph --><\/p>\t\t\t\t\t\t\t\t<\/div>\n\t\t\t\t<div class=\"elementor-element elementor-element-470349c elementor-widget elementor-widget-heading\" data-id=\"470349c\" data-element_type=\"widget\" data-e-type=\"widget\" data-widget_type=\"heading.default\">\n\t\t\t\t\t<h3 class=\"elementor-heading-title elementor-size-default\">Bie\u017e\u0101k uzdotie jaut\u0101jumi par pirk\u0161anu un atgrie\u0161anu<\/h3>\t\t\t\t<\/div>\n\t\t\t\t\t<\/div>\n\t\t\t\t<\/div>\n\t\t<div class=\"elementor-element elementor-element-3da639d e-flex e-con-boxed e-con e-parent\" data-id=\"3da639d\" data-element_type=\"container\" data-e-type=\"container\">\n\t\t\t\t\t<div class=\"e-con-inner\">\n\t\t\t\t<div class=\"elementor-element elementor-element-ea87118 elementor-widget elementor-widget-n-accordion\" data-id=\"ea87118\" data-element_type=\"widget\" data-e-type=\"widget\" data-settings=\"{&quot;default_state&quot;:&quot;expanded&quot;,&quot;max_items_expended&quot;:&quot;one&quot;,&quot;n_accordion_animation_duration&quot;:{&quot;unit&quot;:&quot;ms&quot;,&quot;size&quot;:400,&quot;sizes&quot;:[]}}\" data-widget_type=\"nested-accordion.default\">\n\t\t\t\t\t\t\t<div class=\"e-n-accordion\" aria-label=\"Akordeons. Atveriet saites ar Enter vai Space, aizveriet ar Escape un p\u0101rvietojieties ar bulttausti\u0146iem.\">\n\t\t\t\t\t\t<details id=\"e-n-accordion-item-2450\" class=\"e-n-accordion-item\" open>\n\t\t\t\t<summary class=\"e-n-accordion-item-title\" data-accordion-index=\"1\" tabindex=\"0\" aria-expanded=\"true\" aria-controls=\"e-n-accordion-item-2450\" >\n\t\t\t\t\t<span class='e-n-accordion-item-title-header'><div class=\"e-n-accordion-item-title-text\"> Cik ilgs ir pieg\u0101des laiks? <\/div><\/span>\n\t\t\t\t\t\t\t<span class='e-n-accordion-item-title-icon'>\n\t\t\t<span class='e-opened' ><svg aria-hidden=\"true\" class=\"e-font-icon-svg e-fas-minus\" viewbox=\"0 0 448 512\" xmlns=\"http:\/\/www.w3.org\/2000\/svg\"><path d=\"M416 208H32c-17.67 0-32 14.33-32 32v32c0 17.67 14.33 32 32 32h384c17.67 0 32-14.33 32-32v-32c0-17.67-14.33-32-32-32z\"><\/path><\/svg><\/span>\n\t\t\t<span class='e-closed'><svg aria-hidden=\"true\" class=\"e-font-icon-svg e-fas-plus\" viewbox=\"0 0 448 512\" xmlns=\"http:\/\/www.w3.org\/2000\/svg\"><path d=\"M416 208H272V64c0-17.67-14.33-32-32-32h-32c-17.67 0-32 14.33-32 32v144H32c-17.67 0-32 14.33-32 32v32c0 17.67 14.33 32 32 32h144v144c0 17.67 14.33 32 32 32h32c17.67 0 32-14.33 32-32V304h144c17.67 0 32-14.33 32-32v-32c0-17.67-14.33-32-32-32z\"><\/path><\/svg><\/span>\n\t\t<\/span>\n\n\t\t\t\t\t\t<\/summary>\n\t\t\t\t<div role=\"region\" aria-labelledby=\"e-n-accordion-item-2450\" class=\"elementor-element elementor-element-beee88d e-con-full e-flex e-con e-child\" data-id=\"beee88d\" data-element_type=\"container\" data-e-type=\"container\">\n\t\t\t\t<div class=\"elementor-element elementor-element-7079c06 elementor-widget elementor-widget-text-editor\" data-id=\"7079c06\" data-element_type=\"widget\" data-e-type=\"widget\" data-widget_type=\"text-editor.default\">\n\t\t\t\t\t\t\t\t\t<p>Lietuv\u0101 m\u0113s pieg\u0101d\u0101jam j\u016bsu preces, izmantojot <b data-path-to-node=\"2\" data-index-in-node=\"33\">1-2 darba dienas<\/b>, Latvij\u0101 un Igaunij\u0101 - vair\u0101k nek\u0101 <b data-path-to-node=\"2\" data-index-in-node=\"79\">2-3 darba dienas<\/b>, bet Somij\u0101 pieg\u0101de aiz\u0146em k\u0101du laiku. <b data-path-to-node=\"2\" data-index-in-node=\"130\">3-4 darba dienas<\/b>.<\/p>\t\t\t\t\t\t\t\t<\/div>\n\t\t\t\t<\/div>\n\t\t\t\t\t<\/details>\n\t\t\t\t\t\t<details id=\"e-n-accordion-item-2451\" class=\"e-n-accordion-item\" >\n\t\t\t\t<summary class=\"e-n-accordion-item-title\" data-accordion-index=\"2\" tabindex=\"-1\" aria-expanded=\"false\" aria-controls=\"e-n-accordion-item-2451\" >\n\t\t\t\t\t<span class='e-n-accordion-item-title-header'><div class=\"e-n-accordion-item-title-text\"> Cik maks\u0101 pieg\u0101de? <\/div><\/span>\n\t\t\t\t\t\t\t<span class='e-n-accordion-item-title-icon'>\n\t\t\t<span class='e-opened' ><svg aria-hidden=\"true\" class=\"e-font-icon-svg e-fas-minus\" viewbox=\"0 0 448 512\" xmlns=\"http:\/\/www.w3.org\/2000\/svg\"><path d=\"M416 208H32c-17.67 0-32 14.33-32 32v32c0 17.67 14.33 32 32 32h384c17.67 0 32-14.33 32-32v-32c0-17.67-14.33-32-32-32z\"><\/path><\/svg><\/span>\n\t\t\t<span class='e-closed'><svg aria-hidden=\"true\" class=\"e-font-icon-svg e-fas-plus\" viewbox=\"0 0 448 512\" xmlns=\"http:\/\/www.w3.org\/2000\/svg\"><path d=\"M416 208H272V64c0-17.67-14.33-32-32-32h-32c-17.67 0-32 14.33-32 32v144H32c-17.67 0-32 14.33-32 32v32c0 17.67 14.33 32 32 32h144v144c0 17.67 14.33 32 32 32h32c17.67 0 32-14.33 32-32V304h144c17.67 0 32-14.33 32-32v-32c0-17.67-14.33-32-32-32z\"><\/path><\/svg><\/span>\n\t\t<\/span>\n\n\t\t\t\t\t\t<\/summary>\n\t\t\t\t<div role=\"region\" aria-labelledby=\"e-n-accordion-item-2451\" class=\"elementor-element elementor-element-89f58bb e-con-full e-flex e-con e-child\" data-id=\"89f58bb\" data-element_type=\"container\" data-e-type=\"container\">\n\t\t\t\t<div class=\"elementor-element elementor-element-c916144 elementor-widget elementor-widget-text-editor\" data-id=\"c916144\" data-element_type=\"widget\" data-e-type=\"widget\" data-widget_type=\"text-editor.default\">\n\t\t\t\t\t\t\t\t\t<p>Lietuv\u0101 m\u0113s pieg\u0101d\u0101jam j\u016bsu preces, izmantojot <b data-path-to-node=\"0\" data-index-in-node=\"32\">2-3 d. d.<\/b>, Latvij\u0101 un Igaunij\u0101 - vair\u0101k nek\u0101 <b data-path-to-node=\"0\" data-index-in-node=\"71\">2-3 d. d.<\/b> (bez maksas, s\u0101kot no 30 \u20ac), un Somij\u0101 - izmantojot <b data-path-to-node=\"0\" data-index-in-node=\"121\">3-4 d. d.<\/b> (bez maksas, s\u0101kot no \u20ac 50). Maz\u0101kiem pas\u016bt\u012bjumiem tiek piem\u0113rota standarta maksa, kuru redz\u0113siet izrakst\u012b\u0161an\u0101s log\u0101.<\/p>\t\t\t\t\t\t\t\t<\/div>\n\t\t\t\t<\/div>\n\t\t\t\t\t<\/details>\n\t\t\t\t\t\t<details id=\"e-n-accordion-item-2452\" class=\"e-n-accordion-item\" >\n\t\t\t\t<summary class=\"e-n-accordion-item-title\" data-accordion-index=\"3\" tabindex=\"-1\" aria-expanded=\"false\" aria-controls=\"e-n-accordion-item-2452\" >\n\t\t\t\t\t<span class='e-n-accordion-item-title-header'><div class=\"e-n-accordion-item-title-text\"> Vai es varu atgriezt uztura bag\u0101tin\u0101t\u0101jus? <\/div><\/span>\n\t\t\t\t\t\t\t<span class='e-n-accordion-item-title-icon'>\n\t\t\t<span class='e-opened' ><svg aria-hidden=\"true\" class=\"e-font-icon-svg e-fas-minus\" viewbox=\"0 0 448 512\" xmlns=\"http:\/\/www.w3.org\/2000\/svg\"><path d=\"M416 208H32c-17.67 0-32 14.33-32 32v32c0 17.67 14.33 32 32 32h384c17.67 0 32-14.33 32-32v-32c0-17.67-14.33-32-32-32z\"><\/path><\/svg><\/span>\n\t\t\t<span class='e-closed'><svg aria-hidden=\"true\" class=\"e-font-icon-svg e-fas-plus\" viewbox=\"0 0 448 512\" xmlns=\"http:\/\/www.w3.org\/2000\/svg\"><path d=\"M416 208H272V64c0-17.67-14.33-32-32-32h-32c-17.67 0-32 14.33-32 32v144H32c-17.67 0-32 14.33-32 32v32c0 17.67 14.33 32 32 32h144v144c0 17.67 14.33 32 32 32h32c17.67 0 32-14.33 32-32V304h144c17.67 0 32-14.33 32-32v-32c0-17.67-14.33-32-32-32z\"><\/path><\/svg><\/span>\n\t\t<\/span>\n\n\t\t\t\t\t\t<\/summary>\n\t\t\t\t<div role=\"region\" aria-labelledby=\"e-n-accordion-item-2452\" class=\"elementor-element elementor-element-eb59abb e-con-full e-flex e-con e-child\" data-id=\"eb59abb\" data-element_type=\"container\" data-e-type=\"container\">\n\t\t\t\t<div class=\"elementor-element elementor-element-7ee0de4 elementor-widget elementor-widget-text-editor\" data-id=\"7ee0de4\" data-element_type=\"widget\" data-e-type=\"widget\" data-widget_type=\"text-editor.default\">\n\t\t\t\t\t\t\t\t\t<p>P\u0101rtikas piedevas un kosm\u0113tiku var atgriezt tikai tad, ja iepakojums ir piln\u012bgi neskarts, neatv\u0113rt\u0101 veid\u0101 un aizsargpl\u0113ve nav nopl\u0113sta.<\/p>\t\t\t\t\t\t\t\t<\/div>\n\t\t\t\t<\/div>\n\t\t\t\t\t<\/details>\n\t\t\t\t\t\t<details id=\"e-n-accordion-item-2453\" class=\"e-n-accordion-item\" >\n\t\t\t\t<summary class=\"e-n-accordion-item-title\" data-accordion-index=\"4\" tabindex=\"-1\" aria-expanded=\"false\" aria-controls=\"e-n-accordion-item-2453\" >\n\t\t\t\t\t<span class='e-n-accordion-item-title-header'><div class=\"e-n-accordion-item-title-text\"> Kas maks\u0101 par pre\u010du atgrie\u0161anu? <\/div><\/span>\n\t\t\t\t\t\t\t<span class='e-n-accordion-item-title-icon'>\n\t\t\t<span class='e-opened' ><svg aria-hidden=\"true\" class=\"e-font-icon-svg e-fas-minus\" viewbox=\"0 0 448 512\" xmlns=\"http:\/\/www.w3.org\/2000\/svg\"><path d=\"M416 208H32c-17.67 0-32 14.33-32 32v32c0 17.67 14.33 32 32 32h384c17.67 0 32-14.33 32-32v-32c0-17.67-14.33-32-32-32z\"><\/path><\/svg><\/span>\n\t\t\t<span class='e-closed'><svg aria-hidden=\"true\" class=\"e-font-icon-svg e-fas-plus\" viewbox=\"0 0 448 512\" xmlns=\"http:\/\/www.w3.org\/2000\/svg\"><path d=\"M416 208H272V64c0-17.67-14.33-32-32-32h-32c-17.67 0-32 14.33-32 32v144H32c-17.67 0-32 14.33-32 32v32c0 17.67 14.33 32 32 32h144v144c0 17.67 14.33 32 32 32h32c17.67 0 32-14.33 32-32V304h144c17.67 0 32-14.33 32-32v-32c0-17.67-14.33-32-32-32z\"><\/path><\/svg><\/span>\n\t\t<\/span>\n\n\t\t\t\t\t\t<\/summary>\n\t\t\t\t<div role=\"region\" aria-labelledby=\"e-n-accordion-item-2453\" class=\"elementor-element elementor-element-a025544 e-flex e-con-boxed e-con e-child\" data-id=\"a025544\" data-element_type=\"container\" data-e-type=\"container\">\n\t\t\t\t\t<div class=\"e-con-inner\">\n\t\t\t\t<div class=\"elementor-element elementor-element-968d6a7 elementor-widget elementor-widget-text-editor\" data-id=\"968d6a7\" data-element_type=\"widget\" data-e-type=\"widget\" data-widget_type=\"text-editor.default\">\n\t\t\t\t\t\t\t\t\t<p>Kvalitat\u012bvu pre\u010du atgrie\u0161anas izmaksas sedz pirc\u0113js. Ja preces ir boj\u0101tas vai nekvalitat\u012bvas, Purama sedz pre\u010du atgrie\u0161anas izmaksas.<\/p>\t\t\t\t\t\t\t\t<\/div>\n\t\t\t\t\t<\/div>\n\t\t\t\t<\/div>\n\t\t\t\t\t<\/details>\n\t\t\t\t\t\t<details id=\"e-n-accordion-item-2454\" class=\"e-n-accordion-item\" >\n\t\t\t\t<summary class=\"e-n-accordion-item-title\" data-accordion-index=\"5\" tabindex=\"-1\" aria-expanded=\"false\" aria-controls=\"e-n-accordion-item-2454\" >\n\t\t\t\t\t<span class='e-n-accordion-item-title-header'><div class=\"e-n-accordion-item-title-text\"> Kur s\u016bt\u012bt atpaka\u013c s\u016bt\u012bt\u0101s preces? <\/div><\/span>\n\t\t\t\t\t\t\t<span class='e-n-accordion-item-title-icon'>\n\t\t\t<span class='e-opened' ><svg aria-hidden=\"true\" class=\"e-font-icon-svg e-fas-minus\" viewbox=\"0 0 448 512\" xmlns=\"http:\/\/www.w3.org\/2000\/svg\"><path d=\"M416 208H32c-17.67 0-32 14.33-32 32v32c0 17.67 14.33 32 32 32h384c17.67 0 32-14.33 32-32v-32c0-17.67-14.33-32-32-32z\"><\/path><\/svg><\/span>\n\t\t\t<span class='e-closed'><svg aria-hidden=\"true\" class=\"e-font-icon-svg e-fas-plus\" viewbox=\"0 0 448 512\" xmlns=\"http:\/\/www.w3.org\/2000\/svg\"><path d=\"M416 208H272V64c0-17.67-14.33-32-32-32h-32c-17.67 0-32 14.33-32 32v144H32c-17.67 0-32 14.33-32 32v32c0 17.67 14.33 32 32 32h144v144c0 17.67 14.33 32 32 32h32c17.67 0 32-14.33 32-32V304h144c17.67 0 32-14.33 32-32v-32c0-17.67-14.33-32-32-32z\"><\/path><\/svg><\/span>\n\t\t<\/span>\n\n\t\t\t\t\t\t<\/summary>\n\t\t\t\t<div role=\"region\" aria-labelledby=\"e-n-accordion-item-2454\" class=\"elementor-element elementor-element-ee537e6 e-flex e-con-boxed e-con e-child\" data-id=\"ee537e6\" data-element_type=\"container\" data-e-type=\"container\">\n\t\t\t\t\t<div class=\"e-con-inner\">\n\t\t\t\t<div class=\"elementor-element elementor-element-6702ac1 elementor-widget elementor-widget-text-editor\" data-id=\"6702ac1\" data-element_type=\"widget\" data-e-type=\"widget\" data-widget_type=\"text-editor.default\">\n\t\t\t\t\t\t\t\t\t<p data-path-to-node=\"3,0\"><b data-path-to-node=\"3,0\" data-index-in-node=\"0\">L\u016bdzu, vispirms inform\u0113jiet m\u016bs pa e-pastu <a class=\"ng-star-inserted\" href=\"mailto:info@purama.lt\" target=\"_blank\" rel=\"noopener\" data-hveid=\"0\" data-ved=\"0CAAQ_4QMahgKEwiwocnuw-yRAxUAAAAAHQAAAAAQgg0\">info@purama.lt<\/a><\/b> nor\u0101diet savu pas\u016bt\u012bjuma numuru.<\/p>\n<p data-path-to-node=\"3,1\">Kad esat pabeidzis \u0161o darb\u012bbu, dro\u0161i iepakojiet preces un nos\u016btiet t\u0101s uz \u0161\u0101du adresi: <b data-path-to-node=\"3,1\" data-index-in-node=\"71\">UAB \u201e\u017dalias la\u0161as\u201c, Juozapavi\u010diaus g. 6A, LT-09310 Vilnius.<\/b><\/p>\t\t\t\t\t\t\t\t<\/div>\n\t\t\t\t\t<\/div>\n\t\t\t\t<\/div>\n\t\t\t\t\t<\/details>\n\t\t\t\t\t<\/div>\n\t\t\t\t\t\t<\/div>\n\t\t\t\t\t<\/div>\n\t\t\t\t<\/div>\n\t\t\t\t<\/div>","protected":false},"excerpt":{"rendered":"<p>Pirkimo taisykl\u0117s Paskutin\u012f kart\u0105 atnaujinta: 2025-03-13 1. Bendrosios nuostatos ir Pardav\u0117jas Pirkimo taisykl\u0117s nustato pirkimo, apmok\u0117jimo ir gr\u0105\u017einimo tvark\u0105 el. parduotuv\u0117je Purama. Pardav\u0117jas ir preki\u0173 tiek\u0117jas: UAB \u201e\u017dalias la\u0161as\u201c \u012emon\u0117s kodas: 305855084PVM kodas: LT100014337119Registracijos adresas: \u0160altini\u0173 g. 5-12, VilniusVeiklos adresas (Sand\u0117lis): Juozapavi\u010diaus g. 6A, Vilnius 2. Preki\u0173 u\u017esakymas ir pristatymas Pristatymo informacija Pristatymo terminai: Lietuvoje: [&hellip;]<\/p>\n","protected":false},"author":38,"featured_media":0,"parent":0,"menu_order":0,"comment_status":"closed","ping_status":"closed","template":"template-fullwidth.php","meta":{"_acf_changed":false,"footnotes":""},"class_list":["post-11","page","type-page","status-publish","hentry"],"acf":[],"_links":{"self":[{"href":"https:\/\/purama.lt\/lv\/wp-json\/wp\/v2\/pages\/11","targetHints":{"allow":["GET"]}}],"collection":[{"href":"https:\/\/purama.lt\/lv\/wp-json\/wp\/v2\/pages"}],"about":[{"href":"https:\/\/purama.lt\/lv\/wp-json\/wp\/v2\/types\/page"}],"author":[{"embeddable":true,"href":"https:\/\/purama.lt\/lv\/wp-json\/wp\/v2\/users\/38"}],"replies":[{"embeddable":true,"href":"https:\/\/purama.lt\/lv\/wp-json\/wp\/v2\/comments?post=11"}],"version-history":[{"count":0,"href":"https:\/\/purama.lt\/lv\/wp-json\/wp\/v2\/pages\/11\/revisions"}],"wp:attachment":[{"href":"https:\/\/purama.lt\/lv\/wp-json\/wp\/v2\/media?parent=11"}],"curies":[{"name":"wp","href":"https:\/\/api.w.org\/{rel}","templated":true}]}}