{"id":8681,"date":"2024-12-23T12:13:53","date_gmt":"2024-12-23T12:13:53","guid":{"rendered":"https:\/\/purama.lt\/product\/terapine-veido-kaklo-ir-dekolte-zonos-kauke-liroma-led\/"},"modified":"2025-10-06T09:53:05","modified_gmt":"2025-10-06T07:53:05","slug":"terapeuttinen-kasvonaamio-kaulan-ja-dekolteen-alueelle-liroma-ledi","status":"publish","type":"product","link":"https:\/\/purama.lt\/fi\/produktas\/terapine-veido-kaklo-ir-dekolte-zonos-kauke-liroma-led\/","title":{"rendered":"Terapeuttinen naamio kasvojen, kaulan ja dekolteen alueelle LIROMA\u00ae LED"},"content":{"rendered":"<p><strong>7 v\u00e4rivalohoitotilaa:<\/strong><\/p>\n\n\n\n<p>\u2714\ufe0f <strong>Punainen valo<\/strong> - stimuloi kollageenin tuotantoa, tasoittaa ihon rakennetta ja v\u00e4hent\u00e4\u00e4 ryppyj\u00e4.<br>\u2714\ufe0f <strong>Sininen ja syaani valo<\/strong> - v\u00e4hent\u00e4\u00e4 aknea, rauhoittaa \u00e4rsytyst\u00e4<br>\u2714\ufe0f <strong>Vihre\u00e4 valo<\/strong> - v\u00e4hent\u00e4\u00e4 ihon punoitusta<br>\u2714\ufe0f <strong>Keltainen valo<\/strong> - parantaa verenkiertoa ja kirkastaa ihoa.<br>\u2714\ufe0f <strong>Violetti valo<\/strong> - nopeuttaa ihon paranemisprosesseja<br>\u2714\ufe0f <strong>Valkoinen valo<\/strong> - parantaa ihon kimmoisuutta ja nuorentaa ihoa<br>\u2714\ufe0f <strong>L\u00e4hi-infrapuna (850 nm)<\/strong> - tunkeutuu syv\u00e4lle ihoon v\u00e4hent\u00e4\u00e4kseen tulehdusta ja edist\u00e4\u00e4kseen uudistumista.<\/p>\n\n\n\n<p><strong>Setti sis\u00e4lt\u00e4\u00e4:<\/strong><\/p>\n\n\n\n<p>\u2714\ufe0f USB-B-latauskaapeli<br>\u2714\ufe0f Silmiensuojaimet<br>\u2714\ufe0f S\u00e4\u00e4dett\u00e4v\u00e4 tarrakiinnitys<br>\u2714\ufe0f Kaukos\u00e4\u00e4din<br>\u2714\ufe0f K\u00e4ytt\u00f6ohjeet<\/p>","protected":false},"excerpt":{"rendered":"<p data-start=\"158\" data-end=\"218\"><strong>Terapeuttinen naamio kasvojen, kaulan ja dekolteen alueelle LIROMA\u00ae LED<\/strong>.  Tutustu jokap\u00e4iv\u00e4isen ihonhoidon vallankumoukseen <strong data-start=\"271\" data-end=\"301\">LIROMA\u00ae LED-hoitonaamarit<\/strong> - moderniin teknologiaan perustuva innovaatio, joka on suunniteltu kaikille ihotyypeille. T\u00e4ss\u00e4 kehittyneess\u00e4 naamiossa yhdistyv\u00e4t <strong data-start=\"399\" data-end=\"433\">jopa 7 eri valotilaa<\/strong>hoitaa tehokkaasti monenlaisia iho-ongelmia ryppyist\u00e4 ja pigmentaatiosta akneen ja tulehduksiin.<strong> LIROMA\u00ae LED<\/strong> Naamaria on mukava k\u00e4ytt\u00e4\u00e4 kotona sek\u00e4 p\u00e4ivitt\u00e4isiss\u00e4 teht\u00e4viss\u00e4 ett\u00e4 levossa. S\u00e4\u00e4dett\u00e4v\u00e4 tarrakiinnitys takaa hyv\u00e4n istuvuuden, ja kaukos\u00e4\u00e4timell\u00e4 on helppo valita haluttu valohoitotila ja nauttia ammattimaisesta ihonhoidosta.<\/p>\n<p><strong data-start=\"158\" data-end=\"200\">Miksi valita LIROMA\u00ae LED-maski? <\/strong>\u2714\ufe0f Vahvistetut vaikutukset ihoon<br data-start=\"231\" data-end=\"234\" \/>\u2714\ufe0f Luonnollinen ja kivuton hoito<br data-start=\"270\" data-end=\"273\" \/>\u2714\ufe0f P\u00e4ivitt\u00e4inen ihonhoito kotona<br data-start=\"307\" data-end=\"310\" \/>\u2714\ufe0f Terveempi ja vaaleampi iho<\/p>","protected":false},"featured_media":8730,"comment_status":"open","ping_status":"closed","template":"","meta":{"_acf_changed":false},"product_brand":[],"product_cat":[282,288,96,283],"product_tag":[],"class_list":{"0":"post-8681","1":"product","2":"type-product","3":"status-publish","4":"has-post-thumbnail","6":"product_cat-longevity-prietaisai","7":"product_cat-grozio-ir-odos-prieziura","8":"product_cat-led-terapija","9":"product_cat-sveikatingumo-prietaisai","11":"first","12":"instock","13":"shipping-taxable","14":"purchasable","15":"product-type-simple"},"acf":[],"tiered_pricing_type":"fixed","tiered_pricing_fixed_rules":[],"tiered_pricing_product_settings":{"layout":"default","base_unit_name":{"singular":null,"plural":null},"default_variation":null},"tiered_pricing_minimum_quantity":null,"tiered_pricing_roles_data":[],"tiered_pricing_percentage_rules":[],"_links":{"self":[{"href":"https:\/\/purama.lt\/fi\/wp-json\/wp\/v2\/product\/8681","targetHints":{"allow":["GET"]}}],"collection":[{"href":"https:\/\/purama.lt\/fi\/wp-json\/wp\/v2\/product"}],"about":[{"href":"https:\/\/purama.lt\/fi\/wp-json\/wp\/v2\/types\/product"}],"replies":[{"embeddable":true,"href":"https:\/\/purama.lt\/fi\/wp-json\/wp\/v2\/comments?post=8681"}],"wp:featuredmedia":[{"embeddable":true,"href":"https:\/\/purama.lt\/fi\/wp-json\/wp\/v2\/media\/8730"}],"wp:attachment":[{"href":"https:\/\/purama.lt\/fi\/wp-json\/wp\/v2\/media?parent=8681"}],"wp:term":[{"taxonomy":"product_brand","embeddable":true,"href":"https:\/\/purama.lt\/fi\/wp-json\/wp\/v2\/product_brand?post=8681"},{"taxonomy":"product_cat","embeddable":true,"href":"https:\/\/purama.lt\/fi\/wp-json\/wp\/v2\/product_cat?post=8681"},{"taxonomy":"product_tag","embeddable":true,"href":"https:\/\/purama.lt\/fi\/wp-json\/wp\/v2\/product_tag?post=8681"}],"curies":[{"name":"wp","href":"https:\/\/api.w.org\/{rel}","templated":true}]}}