{"id":8678,"date":"2024-12-23T12:13:52","date_gmt":"2024-12-23T12:13:52","guid":{"rendered":"https:\/\/purama.lt\/product\/raudonosios-sviesos-terapijos-nugaros-dirzas-liroma-shield\/"},"modified":"2026-01-13T17:34:07","modified_gmt":"2026-01-13T15:34:07","slug":"punainen-valohoito-selkavyo-liroma-kilpi","status":"publish","type":"product","link":"https:\/\/purama.lt\/fi\/produktas\/raudonosios-sviesos-terapijos-nugaros-dirzas-liroma-shield\/","title":{"rendered":"LIROMA\u00ae SHIELD Punainen valohoito selk\u00e4vy\u00f6"},"content":{"rendered":"<p><strong>Punaisen valohoidon hy\u00f6dyt:<\/strong><\/p>\n\n\n\n<p>\u2714\ufe0f Lievitt\u00e4\u00e4 kroonista ja akuuttia selk\u00e4kipua.<br>\u2714\ufe0f Edist\u00e4\u00e4 kudosten paranemista ja uudistumista<br>\u2714\ufe0f V\u00e4hent\u00e4\u00e4 lihasj\u00e4nnityst\u00e4 ja v\u00e4symyst\u00e4.<br>\u2714\ufe0f Parantaa ihon kuntoa ja kimmoisuutta.<br>\u2714\ufe0f Parantaa yleist\u00e4 hyvinvointia ja liikkumismukavuutta.<\/p>\n\n\n\n<p><strong>Liroma SHIELD<\/strong> - on ratkaisu niille, jotka haluavat v\u00e4hent\u00e4\u00e4 kipua, parantaa terveytt\u00e4 ja tuntea olonsa vapaaksi ja mukavaksi joka p\u00e4iv\u00e4. Pid\u00e4 itsest\u00e4si huolta innovatiivisella tavalla - nauti valohoidon hy\u00f6dyist\u00e4 miss\u00e4 ja milloin tahansa!<\/p>","protected":false},"excerpt":{"rendered":"<p>L\u00f6yd\u00e4 kivuton el\u00e4m\u00e4 <strong data-start=\"141\" data-end=\"158\">Liroma SHIELD<\/strong> - kehittynyt, kannettava selk\u00e4vy\u00f6, joka yhdist\u00e4\u00e4 <strong data-start=\"209\" data-end=\"229\">punainen valo<\/strong> ja <strong data-start=\"233\" data-end=\"270\">infrapunahoito<\/strong>. T\u00e4m\u00e4 innovatiivinen ratkaisu auttaa v\u00e4hent\u00e4m\u00e4\u00e4n <strong data-start=\"315\" data-end=\"345\">selk\u00e4- ja lihaskipu<\/strong>, parantaa <strong data-start=\"354\" data-end=\"368\">verenkierto<\/strong> ja kiihdytt\u00e4\u00e4 <strong data-start=\"381\" data-end=\"405\">kudoksen uudistuminen<\/strong>. <strong data-start=\"409\" data-end=\"433\">Nelj\u00e4 aallonpituutta<\/strong> ja <strong data-start=\"437\" data-end=\"465\">Quattro LED-tekniikka<\/strong> vakuuttaa <strong data-start=\"476\" data-end=\"499\">voimakas mutta lempe\u00e4<\/strong> vaikutus, o <strong data-start=\"511\" data-end=\"533\">ladattava akku<\/strong> voit nauttia hoidosta jopa <strong data-start=\"564\" data-end=\"580\">1,5 tuntia<\/strong> miss\u00e4 tahansa, milloin tahansa. <strong data-start=\"604\" data-end=\"621\">Liroma SHIELD<\/strong> - kevyt, joustava ja mukava ratkaisu terveemp\u00e4\u00e4n ja aktiivisempaan el\u00e4m\u00e4\u00e4n.<\/p>\n<p data-start=\"1468\" data-end=\"1505\"><strong>Miksi valita Liroma SHIELD?<br \/><\/strong>\u2714\ufe0f Kivunlievitys ilman l\u00e4\u00e4kkeit\u00e4 - luonnollista apua kehollesi<br data-start=\"1571\" data-end=\"1574\" \/>\u2714\ufe0f Nopeuttaa toipumista stressin, loukkaantumisen tai jokap\u00e4iv\u00e4isen rasituksen j\u00e4lkeen.<br data-start=\"1644\" data-end=\"1647\" \/>\u2714\ufe0f V\u00e4hent\u00e4\u00e4 tulehdusta ja parantaa verenkiertoa.<br data-start=\"1694\" data-end=\"1697\" \/>\u2714\ufe0f Parempi ihon, kudosten ja nivelten terveys.<br data-start=\"1747\" data-end=\"1750\" \/>\u2714\ufe0f Liikkuvuutta ja mukavuutta p\u00e4ivitt\u00e4iseen rutiiniin.<\/p>\n<p>&nbsp;<\/p>","protected":false},"featured_media":8738,"comment_status":"open","ping_status":"closed","template":"","meta":{"_acf_changed":false},"product_brand":[],"product_cat":[96,282,283],"product_tag":[],"class_list":{"0":"post-8678","1":"product","2":"type-product","3":"status-publish","4":"has-post-thumbnail","6":"product_cat-led-terapija","7":"product_cat-longevity-prietaisai","8":"product_cat-sveikatingumo-prietaisai","10":"first","11":"instock","12":"shipping-taxable","13":"purchasable","14":"product-type-simple"},"acf":[],"tiered_pricing_type":"fixed","tiered_pricing_fixed_rules":[],"tiered_pricing_product_settings":{"layout":"default","base_unit_name":{"singular":null,"plural":null},"default_variation":null},"tiered_pricing_minimum_quantity":null,"tiered_pricing_roles_data":[],"tiered_pricing_percentage_rules":[],"_links":{"self":[{"href":"https:\/\/purama.lt\/fi\/wp-json\/wp\/v2\/product\/8678","targetHints":{"allow":["GET"]}}],"collection":[{"href":"https:\/\/purama.lt\/fi\/wp-json\/wp\/v2\/product"}],"about":[{"href":"https:\/\/purama.lt\/fi\/wp-json\/wp\/v2\/types\/product"}],"replies":[{"embeddable":true,"href":"https:\/\/purama.lt\/fi\/wp-json\/wp\/v2\/comments?post=8678"}],"wp:featuredmedia":[{"embeddable":true,"href":"https:\/\/purama.lt\/fi\/wp-json\/wp\/v2\/media\/8738"}],"wp:attachment":[{"href":"https:\/\/purama.lt\/fi\/wp-json\/wp\/v2\/media?parent=8678"}],"wp:term":[{"taxonomy":"product_brand","embeddable":true,"href":"https:\/\/purama.lt\/fi\/wp-json\/wp\/v2\/product_brand?post=8678"},{"taxonomy":"product_cat","embeddable":true,"href":"https:\/\/purama.lt\/fi\/wp-json\/wp\/v2\/product_cat?post=8678"},{"taxonomy":"product_tag","embeddable":true,"href":"https:\/\/purama.lt\/fi\/wp-json\/wp\/v2\/product_tag?post=8678"}],"curies":[{"name":"wp","href":"https:\/\/api.w.org\/{rel}","templated":true}]}}