{"id":8489,"date":"2024-12-12T19:57:31","date_gmt":"2024-12-12T19:57:31","guid":{"rendered":"https:\/\/purama.lt\/?post_type=product&#038;p=8489"},"modified":"2026-03-31T09:27:54","modified_gmt":"2026-03-31T07:27:54","slug":"harmonista-51-cbd-cbg-oljy","status":"publish","type":"product","link":"https:\/\/purama.lt\/fi\/produktas\/harmonista-51-cbd-cbg-aliejus\/","title":{"rendered":"Harmonista 5,1 % CBD +CBG \u00f6ljy"},"content":{"rendered":"<p><span style=\"color: #20201e;font-family: inherit;font-size: 16px\"><span lang=\"lt-LT\">Riitt\u00e4m\u00e4t\u00f6n lepo, stressi ja ahdistus ovat yleisi\u00e4 nykyaikaisessa el\u00e4m\u00e4ss\u00e4. Aloita polkusi harmoniaan CBG-kannabinoideilla vahvistetulla CBD-\u00f6ljyll\u00e4.\u00a0<\/span><\/span><\/p>\n<p><span style=\"color: #20201e;font-family: inherit;font-size: 16px\"><span lang=\"lt-LT\">CBG (kannabigeroli) on l\u00e4heist\u00e4 sukua CBD:lle ja muille kannabiksessa esiintyville ei-psykoaktiivisille kannabinoideille. Se toimii yhdess\u00e4 CBD:n kanssa tehostaen mahdollisia hy\u00f6tyj\u00e4 luomalla \"anturage-vaikutuksen\". Yhdess\u00e4 n\u00e4m\u00e4 kannabinoidit ovat synergisess\u00e4 vuorovaikutuksessa toistensa kanssa ja vaikuttavat elimist\u00f6\u00f6n voimakkaammin.<\/span><\/span><\/p>\n<ul>\n<li>\n<p class=\"western\" lang=\"lt-LT\"><span style=\"font-family: inherit;font-size: 16px\"><span style=\"color: #20201e\">\u200b\u200b\u200b\u200b\u200b\u200b<\/span><b>CBD + CBG - PARANNETTU KAAVA<\/b><span style=\"color: #20201e\">. CBG yhdistettyn\u00e4 CBD:hen aktivoi ja tehostaa sen vaikutuksia.<\/span><\/span><\/p>\n<\/li>\n<li>\n<p class=\"western\" lang=\"lt-LT\"><span style=\"font-family: inherit;font-size: 16px\"><b>LEMPE\u00c4 JA MIELLYTT\u00c4V\u00c4<\/b><span style=\"color: #20201e\">. MCT-kookos\u00f6ljyll\u00e4, ei lis\u00e4ttyj\u00e4 terpeenej\u00e4.<\/span><\/span><\/p>\n<\/li>\n<li>\n<p class=\"western\" lang=\"lt-LT\"><span style=\"font-family: inherit;font-size: 16px\"><b>TESTATTU RIIPPUMATTOMASSA LABORATORIOSSA<\/b><span style=\"color: #20201e\">. Taattu kannabinoidipitoisuus - riippumattoman, EU:n sertifioiman laboratorion on tarkistanut jokaisen er\u00e4n koostumuksen.<\/span><\/span><\/p>\n<\/li>\n<\/ul>\n<p><span style=\"font-family: inherit;font-size: 16px\"><span lang=\"lt-LT\"><b>Kulutus<\/b><\/span><span style=\"color: #20201e\"><span lang=\"lt-LT\">Ota muutama tippa 2 kertaa p\u00e4iv\u00e4ss\u00e4. CBD:n p\u00e4ivitt\u00e4inen annos riippuu monista tekij\u00f6ist\u00e4, kuten kehon kunnosta, halutuista vaikutuksista ja tuotteen pitoisuudesta (%). K\u00e4yt\u00e4 puhtaana, levit\u00e4 halutulle kehon alueelle. Lis\u00e4\u00e4 v\u00e4hitellen tippojen m\u00e4\u00e4r\u00e4\u00e4 tarpeen mukaan. Mit\u00e4 korkeampi CBD:n pitoisuus tuotteessa on, sit\u00e4 v\u00e4hemm\u00e4n tippoja suositellaan. <\/span><\/span><\/span><\/p>\n<p><span style=\"color: #20201e\"><strong>Ainesosat:<\/strong> Cannabis Sativa -uute, MCT-\u00f6ljy (kapryyli\/kapriinitriglyseridit), 5,1%-kannabidioli (CBD) ja kannabigeroli (CBG), v\u00e4h\u00e4iset kannabinoidit (CBN, CBDV), ei THC.<\/span><\/p>\n<p><strong>M\u00e4\u00e4r\u00e4:<\/strong>\u00a010ml<\/p>\n<p><b>Alkuper\u00e4maa:<\/b>\u00a0Alankomaat<\/p>\n<h6><strong>\u00a0<\/strong><\/h6>","protected":false},"excerpt":{"rendered":"<p><strong>Harmonist 5,1% CBD + CBG<\/strong> \u00f6ljy on tasapainoinen kannabis\u00f6ljy, joka on suunniteltu tukemaan p\u00e4ivitt\u00e4ist\u00e4 hyvinvointia. T\u00e4ss\u00e4 \u00f6ljyss\u00e4 yhdistyv\u00e4t kaksi aktiivista ainesosaa - <strong>CBD (kannabidioli) ja CBG (kannabigeroli).<\/strong>jotka toimivat synergisesti yhdess\u00e4 v\u00e4hent\u00e4\u00e4kseen stressi\u00e4, yll\u00e4pit\u00e4\u00e4kseen tasapainoa ja edist\u00e4\u00e4kseen yleist\u00e4 rentoutumista. Laajakirjoinen koostumus tarkoittaa, ett\u00e4 \u00f6ljy sis\u00e4lt\u00e4\u00e4 my\u00f6s muita v\u00e4h\u00e4isi\u00e4 kannabinoideja, kuten seuraavat <strong>CBN ja CBDV<\/strong>, mutta ei sis\u00e4ll\u00e4 psykoaktiivista ainetta THC:t\u00e4. \u00d6ljyn korkea puhtaus ja laatu varmistetaan CO2-uutolla. Ihanteellinen aloitteleville k\u00e4ytt\u00e4jille ja p\u00e4ivitt\u00e4iseen k\u00e4ytt\u00f6\u00f6n.<\/p>","protected":false},"featured_media":8498,"comment_status":"closed","ping_status":"closed","template":"","meta":{"_acf_changed":false},"product_brand":[426],"product_cat":[77,500,61],"product_tag":[],"class_list":{"0":"post-8489","1":"product","2":"type-product","3":"status-publish","4":"has-post-thumbnail","6":"product_brand-harmonista","7":"product_cat-cbd-aliejai","8":"product_cat-outlet","9":"product_cat-ramybei","11":"first","12":"instock","13":"sale","14":"shipping-taxable","15":"purchasable","16":"product-type-simple"},"acf":[],"tiered_pricing_type":"fixed","tiered_pricing_fixed_rules":[],"tiered_pricing_product_settings":{"layout":"default","base_unit_name":{"singular":null,"plural":null},"default_variation":null},"tiered_pricing_minimum_quantity":null,"tiered_pricing_roles_data":[],"tiered_pricing_percentage_rules":[],"_links":{"self":[{"href":"https:\/\/purama.lt\/fi\/wp-json\/wp\/v2\/product\/8489","targetHints":{"allow":["GET"]}}],"collection":[{"href":"https:\/\/purama.lt\/fi\/wp-json\/wp\/v2\/product"}],"about":[{"href":"https:\/\/purama.lt\/fi\/wp-json\/wp\/v2\/types\/product"}],"replies":[{"embeddable":true,"href":"https:\/\/purama.lt\/fi\/wp-json\/wp\/v2\/comments?post=8489"}],"wp:featuredmedia":[{"embeddable":true,"href":"https:\/\/purama.lt\/fi\/wp-json\/wp\/v2\/media\/8498"}],"wp:attachment":[{"href":"https:\/\/purama.lt\/fi\/wp-json\/wp\/v2\/media?parent=8489"}],"wp:term":[{"taxonomy":"product_brand","embeddable":true,"href":"https:\/\/purama.lt\/fi\/wp-json\/wp\/v2\/product_brand?post=8489"},{"taxonomy":"product_cat","embeddable":true,"href":"https:\/\/purama.lt\/fi\/wp-json\/wp\/v2\/product_cat?post=8489"},{"taxonomy":"product_tag","embeddable":true,"href":"https:\/\/purama.lt\/fi\/wp-json\/wp\/v2\/product_tag?post=8489"}],"curies":[{"name":"wp","href":"https:\/\/api.w.org\/{rel}","templated":true}]}}